{"id":1009,"date":"2021-12-28T08:45:49","date_gmt":"2021-12-28T07:45:49","guid":{"rendered":"https:\/\/icon.kiobus.org\/edu\/edicion2023\/?page_id=1009"},"modified":"2023-05-05T08:33:15","modified_gmt":"2023-05-05T06:33:15","slug":"inscripcion","status":"publish","type":"page","link":"https:\/\/icon.kiobus.org\/edu\/edicion2023\/inscripcion\/","title":{"rendered":"Inscripci\u00f3n"},"content":{"rendered":"<p>[et_pb_section fb_built=\u00bb1&#8243; fullwidth=\u00bbon\u00bb _builder_version=\u00bb4.14.6&#8243; sticky_position=\u00bbtop\u00bb collapsed=\u00bbon\u00bb global_colors_info=\u00bb{}\u00bb][et_pb_fullwidth_menu active_link_color=\u00bb#e02b20&#8243; dropdown_menu_line_color=\u00bb#e02b20&#8243; disabled_on=\u00bbon|on|off\u00bb _builder_version=\u00bb4.14.6&#8243; menu_font=\u00bb||||||||\u00bb menu_text_color=\u00bb#000000&#8243; menu_font_size=\u00bb17px\u00bb global_colors_info=\u00bb{}\u00bb][\/et_pb_fullwidth_menu][\/et_pb_section][et_pb_section fb_built=\u00bb1&#8243; _builder_version=\u00bb4.14.6&#8243; background_color=\u00bb#ED5550&#8243; custom_padding=\u00bb0px|0px|0px|0px|false|false\u00bb global_colors_info=\u00bb{}\u00bb][et_pb_row _builder_version=\u00bb3.25&#8243; global_colors_info=\u00bb{}\u00bb][et_pb_column type=\u00bb4_4&#8243; _builder_version=\u00bb3.25&#8243; custom_padding=\u00bb|||\u00bb global_colors_info=\u00bb{}\u00bb custom_padding__hover=\u00bb|||\u00bb][et_pb_text _builder_version=\u00bb4.14.6&#8243; text_font=\u00bb||||||||\u00bb header_font=\u00bb||||||||\u00bb header_text_align=\u00bbcenter\u00bb header_text_color=\u00bb#FFFFFF\u00bb global_colors_info=\u00bb{}\u00bb]<\/p>\n<h1 style=\"text-align: center;\">INSCRIPCI\u00d3N<\/h1>\n<p>[\/et_pb_text][\/et_pb_column][\/et_pb_row][\/et_pb_section][et_pb_section fb_built=\u00bb1&#8243; _builder_version=\u00bb4.14.6&#8243; custom_margin=\u00bb0px||||false|false\u00bb custom_padding=\u00bb0px||19px||false|false\u00bb global_colors_info=\u00bb{}\u00bb][et_pb_row _builder_version=\u00bb4.14.6&#8243; custom_margin=\u00bb1px||||false|false\u00bb custom_padding=\u00bb0px||0px||false|false\u00bb global_colors_info=\u00bb{}\u00bb][et_pb_column type=\u00bb4_4&#8243; _builder_version=\u00bb4.0.11&#8243; global_colors_info=\u00bb{}\u00bb][et_pb_cta button_text=\u00bbClics\u00bb _builder_version=\u00bb4.14.6&#8243; _module_preset=\u00bbdefault\u00bb background_color=\u00bb#ED5550&#8243; custom_padding=\u00bb27px|17px|0px|17px|false|false\u00bb global_colors_info=\u00bb{}\u00bb]<\/p>\n<h4>La inscripci\u00f3n al Congreso (pago de matr\u00edcula) es obligatoria para todos los\/las autores\/as que presenten cualquier tipo y modalidad de aportaci\u00f3n.<\/h4>\n<p>[\/et_pb_cta][et_pb_button button_url=\u00bb@ET-DC@eyJkeW5hbWljIjp0cnVlLCJjb250ZW50IjoicG9zdF9saW5rX3VybF9wYWdlIiwic2V0dGluZ3MiOnsicG9zdF9pZCI6IjMzNjIifX0=@\u00bb button_text=\u00bbACCEDA E INSCR\u00cdBASE DESDE AQU\u00cd\u00bb button_alignment=\u00bbcenter\u00bb _builder_version=\u00bb4.14.6&#8243; _dynamic_attributes=\u00bbbutton_url\u00bb _module_preset=\u00bbdefault\u00bb global_colors_info=\u00bb{}\u00bb][\/et_pb_button][et_pb_text _builder_version=\u00bb4.14.6&#8243; hover_enabled=\u00bb0&#8243; inline_fonts=\u00bbAllan\u00bb global_colors_info=\u00bb{}\u00bb sticky_enabled=\u00bb0&#8243;]<\/p>\n<p style=\"text-align: left; padding-left: 80px;\"><span><strong>TARIFAS:<\/strong><\/span><\/p>\n<table style=\"height: 542px; border-color: rgba(0, 0, 0, 0.6); width: 963px; margin-left: auto; margin-right: auto;\" width=\"963\" height=\"187\">\n<tbody>\n<tr style=\"height: 47px;\">\n<td style=\"border-color: rgba(0, 0, 0, 0.6); width: 315.341px; height: 47px; text-align: left;\">\n<p><strong>Modalidad de participaci\u00f3n <\/strong><\/p>\n<p><strong>(<a href=\"https:\/\/icon.kiobus.org\/edu\/edicion2023\/modalidades\/\">+ info sobre modalidades<\/a>)<\/strong><\/p>\n<\/td>\n<td style=\"border-color: rgba(0, 0, 0, 0.6); width: 313.111px; height: 47px;\"><strong>Inscripci\u00f3n reducida hasta el<\/strong> <strong><span>30\/04\/2023<\/span><\/strong><\/td>\n<td style=\"border-color: rgba(0, 0, 0, 0.6); width: 314.034px; height: 47px;\"><strong>Inscripci\u00f3n ordinaria (del 01\/05<span>\/2023 al 10\/05\/2023)<\/span><\/strong><\/td>\n<\/tr>\n<tr style=\"height: 95px;\">\n<td style=\"border-color: rgba(0, 0, 0, 0.6); width: 315.341px; height: 95px;\">\n<p>Inscripci\u00f3n B2<\/p>\n<p>&nbsp;<\/p>\n<\/td>\n<td style=\"border-color: rgba(0, 0, 0, 0.6); width: 313.111px; height: 95px;\">150 \u20ac (virtual); 175 \u20ac (presencial)<\/td>\n<td style=\"border-color: rgba(0, 0, 0, 0.6); width: 314.034px; height: 95px;\">190 \u20ac (virtual); 215 \u20ac (presencial)<\/td>\n<\/tr>\n<tr style=\"height: 95px;\">\n<td style=\"border-color: rgba(0, 0, 0, 0.6); width: 315.341px; height: 95px;\">\n<p>Inscripci\u00f3n B1<\/p>\n<p>&nbsp;<\/p>\n<\/td>\n<td style=\"border-color: rgba(0, 0, 0, 0.6); width: 313.111px; height: 95px;\">100 \u20ac (virtual); 125 \u20ac (presencial)<\/td>\n<td style=\"border-color: rgba(0, 0, 0, 0.6); width: 314.034px; height: 95px;\">140 \u20ac (virtual); 165 \u20ac (presencial)<\/td>\n<\/tr>\n<tr style=\"height: 119px;\">\n<td style=\"border-color: rgba(0, 0, 0, 0.6); width: 315.341px; height: 119px;\">\n<p>Inscripci\u00f3n P<\/p>\n<p>(ponencia invitada I+D+i: presentaci\u00f3n de proyectos, resultados de investigaci\u00f3n y de transferencia)<\/p>\n<\/td>\n<td style=\"border-color: rgba(0, 0, 0, 0.6); width: 313.111px; height: 119px;\">300 \u20ac<\/td>\n<td style=\"border-color: rgba(0, 0, 0, 0.6); width: 314.034px; height: 119px;\">400 \u20ac<\/td>\n<\/tr>\n<tr style=\"height: 23px;\">\n<td style=\"border-color: rgba(0, 0, 0, 0.6); width: 315.341px; height: 23px;\">Inscripci\u00f3n A<\/td>\n<td style=\"border-color: rgba(0, 0, 0, 0.6); width: 313.111px; height: 23px;\">70 \u20ac (virtual); 95 \u20ac (presencial)<\/td>\n<td style=\"border-color: rgba(0, 0, 0, 0.6); width: 314.034px; height: 23px;\">110 \u20ac (virtual); 135 \u20ac (presencial)<\/td>\n<\/tr>\n<tr style=\"height: 23px;\">\n<td style=\"border-color: rgba(0, 0, 0, 0.6); width: 315.341px; height: 23px;\">\u00a0Inscripci\u00f3n\u00a0 solo Asistencia<\/td>\n<td style=\"border-color: rgba(0, 0, 0, 0.6); width: 313.111px; height: 23px;\">60 \u20ac (virtual); 85 \u20ac (presencial)<\/td>\n<td style=\"border-color: rgba(0, 0, 0, 0.6); width: 314.034px; height: 23px;\">90 \u20ac (virtual); 115 \u20ac (presencial)<\/td>\n<\/tr>\n<tr style=\"height: 23px;\">\n<td style=\"border-color: rgba(0, 0, 0, 0.6); width: 315.341px; height: 23px;\">\u00a0Inscripci\u00f3n Extra (de trabajo completo)<\/td>\n<td style=\"border-color: rgba(0, 0, 0, 0.6); width: 313.111px; height: 23px;\">100 \u20ac\/env\u00edo extra<\/td>\n<td style=\"border-color: rgba(0, 0, 0, 0.6); width: 314.034px; height: 23px;\">110 \u20ac\/env\u00edo extra<\/td>\n<\/tr>\n<tr style=\"height: 47px;\">\n<td style=\"border-color: rgba(0, 0, 0, 0.6); width: 315.341px; height: 47px;\">Inscripci\u00f3n Estudiantes<\/td>\n<td style=\"border-color: rgba(0, 0, 0, 0.6); width: 313.111px; height: 47px;\">120 \u20ac (con acreditaci\u00f3n de matr\u00edcula como estudiante en el curso 2022-23)<\/td>\n<td style=\"border-color: rgba(0, 0, 0, 0.6); width: 314.034px; height: 47px;\">130 \u20ac (con acreditaci\u00f3n de matr\u00edcula como estudiante en el curso 2022-23)<\/td>\n<\/tr>\n<tr style=\"height: 23px;\">\n<td style=\"border-color: rgba(0, 0, 0, 0.6); width: 315.341px; height: 23px;\">Inscripciones UA-cr\u00e9ditos ECTS (<a href=\"https:\/\/cvnet.cpd.ua.es\/preinsua\/estudio.aspx?codest=GH76&amp;idioma=es\" target=\"_blank\" rel=\"noopener\">enlace<\/a>)<\/td>\n<td style=\"border-color: rgba(0, 0, 0, 0.6); width: 313.111px; height: 23px;\">150 \u20ac<\/td>\n<td style=\"border-color: rgba(0, 0, 0, 0.6); width: 314.034px; height: 23px;\">150 \u20ac<\/td>\n<\/tr>\n<tr>\n<td style=\"border-color: rgba(0, 0, 0, 0.6); width: 315.341px;\">Inscripciones acompa\u00f1antes<\/td>\n<td style=\"border-color: rgba(0, 0, 0, 0.6); width: 313.111px;\">30 \u20ac<\/td>\n<td style=\"border-color: rgba(0, 0, 0, 0.6); width: 314.034px;\">30 \u20ac<\/td>\n<\/tr>\n<\/tbody>\n<\/table>\n<p>[\/et_pb_text][\/et_pb_column][\/et_pb_row][et_pb_row _builder_version=\u00bb4.14.6&#8243; _module_preset=\u00bbdefault\u00bb global_colors_info=\u00bb{}\u00bb][et_pb_column type=\u00bb4_4&#8243; _builder_version=\u00bb4.14.6&#8243; _module_preset=\u00bbdefault\u00bb global_colors_info=\u00bb{}\u00bb][et_pb_accordion _builder_version=\u00bb4.14.6&#8243; _module_preset=\u00bbdefault\u00bb global_colors_info=\u00bb{}\u00bb][et_pb_accordion_item title=\u00bbCUESTIONES IMPORTANTES A TENER EN CUENTA A LA HORA DE REALIZAR EL PAGO DE LA MATR\u00cdCULA:\u00bb open=\u00bbon\u00bb _builder_version=\u00bb4.14.6&#8243; _module_preset=\u00bbdefault\u00bb global_colors_info=\u00bb{}\u00bb]<\/p>\n<ol>\n<li><strong>El proceso de matr\u00edcula se realiza desde el apartado \u00abMi cuenta\u00bb del men\u00fa superior. Cuando entre, acceda a la pesta\u00f1a \u00abMatr\u00edcula\u00bb.<\/strong><\/li>\n<li>Todas las personas que consten como autores\/as deben abonar la matr\u00edcula correspondiente.\u00a0<\/li>\n<li>El\u00a0importe\u00a0transferido de la matr\u00edcula deber\u00e1 ser\u00a0\u00edntegro seg\u00fan tarifas; cualquier comisi\u00f3n bancaria o impuesto ser\u00e1 asumido por el inscrito.<\/li>\n<li>Se pueden realizar transferencias:\n<ul>\n<li>De forma individual todos los coautores\/as, o<\/li>\n<li>Una persona realiza la inscripci\u00f3n con el importe total de varias matr\u00edculas. En este caso, se deber\u00e1 indicar los nombres completos de todas las personas en el proceso del pago (apartado \u00abobservaciones\u00bb del formulario correspondiente).<\/li>\n<\/ul>\n<\/li>\n<li>La matr\u00edcula deber\u00e1 abonarse a trav\u00e9s de los siguientes medios: por transferencia bancaria o por Paypal.<\/li>\n<li>Si desea un presupuesto previo al pago de matr\u00edcula, podr\u00e1 generarlo desde el apartado \u00abMi cuenta\u00bb del men\u00fa superior. Cuando entre, acceda a pesta\u00f1a \u00abCrear presupuestos\u00bb.<\/li>\n<li>En caso de ser un grupo de participantes, con casu\u00edsticas propias, puede dirigirse por email a <a href=\"mailto:icon.congress@ua.es\">icon.congress@ua.es<\/a> para ver su matr\u00edcula especial.<\/li>\n<\/ol>\n<p>[\/et_pb_accordion_item][\/et_pb_accordion][et_pb_accordion _builder_version=\u00bb4.14.6&#8243; _module_preset=\u00bbdefault\u00bb global_colors_info=\u00bb{}\u00bb][et_pb_accordion_item title=\u00bbSOBRE FACTURAS&#8230;\u00bb open=\u00bbon\u00bb _builder_version=\u00bb4.14.6&#8243; _module_preset=\u00bbdefault\u00bb global_colors_info=\u00bb{}\u00bb]<\/p>\n<ul>\n<li>Para <strong>solicitar una factura<\/strong>, acceda a \u00abMi cuenta\u00bb, apartado \u00abPresupuestos\/Facturas\u00bb.<\/li>\n<li>Cualquier persona puede socilitar factura de su inscripci\u00f3n.<\/li>\n<li>Aseg\u00farese de que antes de la factura no necesita un presupuesto (especialmente para instituciones universitarias). Tambi\u00e9n se aconseja que haga previamente un presupuesto para mostrar los datos a su instituci\u00f3n y le confirmen los datos.<\/li>\n<li>Una vez solicitada una factura, no podr\u00e1 modificarse ninguno de los datos enviados, ni la factura que se haya generado. Es necesario, pues, que se informe correctamente contactando con su Universidad, centro de trabajo, entidad, etc., de los datos que necesita que se incluyen en la factura. EN CASO DE SOLICITAR CAMBIOS EN UNA FACTURA, SE ABONAR\u00c1N 30 EUROS POR GASTOS DE GESTI\u00d3N.<\/li>\n<li><a href=\"mailto:icon.congress@ua.es\"><\/a><\/li>\n<\/ul>\n<p>[\/et_pb_accordion_item][\/et_pb_accordion][et_pb_accordion _builder_version=\u00bb4.14.6&#8243; _module_preset=\u00bbdefault\u00bb global_colors_info=\u00bb{}\u00bb][et_pb_accordion_item title=\u00bbPOL\u00cdTICA DE CANCELACI\u00d3N:\u00bb open=\u00bbon\u00bb _builder_version=\u00bb4.14.6&#8243; _module_preset=\u00bbdefault\u00bb global_colors_info=\u00bb{}\u00bb]<\/p>\n<ul>\n<li><span>Si usted desea cancelar su inscripci\u00f3n, por favor p\u00f3ngase en contacto con el Comit\u00e9 organizador (icon.congress@ua.es<\/span><span>) antes del d\u00eda 15 de mayo. Despu\u00e9s de esta fecha no podr\u00e1n realizarse devoluciones. <\/span><\/li>\n<li><span>En caso de haber solicitado factura, no se podr\u00e1 solicitar cancelaci\u00f3n, aunque se solicite antes del 15 de mayo.<\/span><\/li>\n<\/ul>\n<p>[\/et_pb_accordion_item][\/et_pb_accordion][\/et_pb_column][\/et_pb_row][\/et_pb_section]<\/p>\n","protected":false},"excerpt":{"rendered":"<p>INSCRIPCI\u00d3NLa inscripci\u00f3n al Congreso (pago de matr\u00edcula) es obligatoria para todos los\/las autores\/as que presenten cualquier tipo y modalidad de aportaci\u00f3n.TARIFAS: Modalidad de participaci\u00f3n (+ info sobre modalidades) Inscripci\u00f3n reducida hasta el 30\/04\/2023 Inscripci\u00f3n ordinaria (del 01\/05\/2023 al 10\/05\/2023) Inscripci\u00f3n B2 &nbsp; 150 \u20ac (virtual); 175 \u20ac (presencial) 190 \u20ac (virtual); 215 \u20ac (presencial) Inscripci\u00f3n [&hellip;]<\/p>\n","protected":false},"author":1,"featured_media":0,"parent":0,"menu_order":0,"comment_status":"closed","ping_status":"closed","template":"","meta":{"_et_pb_use_builder":"on","_et_pb_old_content":"","_et_gb_content_width":"","_mc_calendar":[]},"_links":{"self":[{"href":"https:\/\/icon.kiobus.org\/edu\/edicion2023\/wp-json\/wp\/v2\/pages\/1009"}],"collection":[{"href":"https:\/\/icon.kiobus.org\/edu\/edicion2023\/wp-json\/wp\/v2\/pages"}],"about":[{"href":"https:\/\/icon.kiobus.org\/edu\/edicion2023\/wp-json\/wp\/v2\/types\/page"}],"author":[{"embeddable":true,"href":"https:\/\/icon.kiobus.org\/edu\/edicion2023\/wp-json\/wp\/v2\/users\/1"}],"replies":[{"embeddable":true,"href":"https:\/\/icon.kiobus.org\/edu\/edicion2023\/wp-json\/wp\/v2\/comments?post=1009"}],"version-history":[{"count":147,"href":"https:\/\/icon.kiobus.org\/edu\/edicion2023\/wp-json\/wp\/v2\/pages\/1009\/revisions"}],"predecessor-version":[{"id":5943,"href":"https:\/\/icon.kiobus.org\/edu\/edicion2023\/wp-json\/wp\/v2\/pages\/1009\/revisions\/5943"}],"wp:attachment":[{"href":"https:\/\/icon.kiobus.org\/edu\/edicion2023\/wp-json\/wp\/v2\/media?parent=1009"}],"curies":[{"name":"wp","href":"https:\/\/api.w.org\/{rel}","templated":true}]}}