{"id":2742,"date":"2022-01-14T16:49:16","date_gmt":"2022-01-14T15:49:16","guid":{"rendered":"https:\/\/icon.kiobus.org\/edu\/edicion2023\/?page_id=2742"},"modified":"2022-11-09T13:38:40","modified_gmt":"2022-11-09T12:38:40","slug":"politica-cookies","status":"publish","type":"page","link":"https:\/\/icon.kiobus.org\/edu\/edicion2023\/politica-cookies\/","title":{"rendered":"Pol\u00edtica cookies"},"content":{"rendered":"<p>[et_pb_section fb_built=\u00bb1&#8243; fullwidth=\u00bbon\u00bb disabled_on=\u00bbon|on|off\u00bb _builder_version=\u00bb4.0.11&#8243; collapsed=\u00bbon\u00bb global_colors_info=\u00bb{}\u00bb][et_pb_fullwidth_menu active_link_color=\u00bb#e02b20&#8243; dropdown_menu_line_color=\u00bb#e02b20&#8243; _builder_version=\u00bb4.0.11&#8243; menu_font=\u00bb||||||||\u00bb menu_text_color=\u00bb#000000&#8243; menu_font_size=\u00bb17px\u00bb global_colors_info=\u00bb{}\u00bb][\/et_pb_fullwidth_menu][\/et_pb_section][et_pb_section fb_built=\u00bb1&#8243; _builder_version=\u00bb4.14.6&#8243; background_color=\u00bb#ED5550&#8243; custom_padding=\u00bb0px|0px|0px|0px|false|false\u00bb global_colors_info=\u00bb{}\u00bb][et_pb_row _builder_version=\u00bb3.25&#8243; global_colors_info=\u00bb{}\u00bb][et_pb_column type=\u00bb4_4&#8243; _builder_version=\u00bb3.25&#8243; custom_padding=\u00bb|||\u00bb global_colors_info=\u00bb{}\u00bb custom_padding__hover=\u00bb|||\u00bb][et_pb_text _builder_version=\u00bb4.0.11&#8243; text_font=\u00bb||||||||\u00bb header_font=\u00bb||||||||\u00bb header_text_align=\u00bbcenter\u00bb header_text_color=\u00bb#FFFFFF\u00bb global_colors_info=\u00bb{}\u00bb]<\/p>\n<h1 style=\"text-align: center;\">POL\u00cdTICA DE COOKIES<\/h1>\n<p>[\/et_pb_text][\/et_pb_column][\/et_pb_row][\/et_pb_section][et_pb_section fb_built=\u00bb1&#8243; _builder_version=\u00bb4.14.6&#8243; custom_padding=\u00bb0px||||false|false\u00bb hover_enabled=\u00bb0&#8243; collapsed=\u00bbon\u00bb global_colors_info=\u00bb{}\u00bb custom_margin=\u00bb0px||||false|false\u00bb sticky_enabled=\u00bb0&#8243;][et_pb_row _builder_version=\u00bb4.0.11&#8243; global_colors_info=\u00bb{}\u00bb][et_pb_column type=\u00bb4_4&#8243; _builder_version=\u00bb4.0.11&#8243; global_colors_info=\u00bb{}\u00bb][et_pb_text _builder_version=\u00bb4.0.11&#8243; global_colors_info=\u00bb{}\u00bb]<\/p>\n<h1><strong>Pol\u00edtica de cookies<\/strong><\/h1>\n<p><strong><\/strong><\/p>\n<p>Con la finalidad de agilizar el servicio ofrecido, identificando con la m\u00e1xima celeridad a cada usuario, le informamos que este sitio web [ DOMINIO ] utilizar\u00e1 cookies. Las cookies son datos que se almacenan en el disco duro del ordenador y que sirven para agilizar y optimizar el funcionamiento del servidor y del servicio. Todo usuario puede modificar o rechazar una cookie. En este \u00faltimo caso, advertimos que la rapidez y calidad del servicio puede disminuir. En este sentido, todas las notificaciones que realicemos al usuario se considerar\u00e1n v\u00e1lidamente efectuadas, si se han realizado empleando los datos y medios anteriormente se\u00f1alados. A estos efectos, el usuario manifiesta que todos los datos facilitados son ciertos, exactos, correctos y veraces, comprometi\u00e9ndose a comunicarnos todos los cambios, novedades y modificaciones futuras relativos a los datos de notificaci\u00f3n.<br \/> Puedes elegir que tu ordenador te avise cada vez que se env\u00eda una cookie o desactivar todas las cookies. Lo puedes hacer a trav\u00e9s de las configuraciones de tu navegador. Cada navegador es algo diferente, consulta en el men\u00fa Ayuda para aprender la forma correcta de modificar tus cookies.<br \/> Utilizamos cookies de terceros.<br \/> Si desea restringir o desactivar el uso de cookies se puede realizar a trav\u00e9s de su navegador de Internet. A continuaci\u00f3n<br \/> se proporcionan enlaces a consejos sobre c\u00f3mo hacer esto para los navegadores de Internet m\u00e1s populares.<\/p>\n<p style=\"padding-left: 30px;\"><strong>Explorador de Internet:<\/strong> https:\/\/windows.microsoft.com\/en-GB\/windows7\/Block-enable-or-allow-cookies<\/p>\n<p style=\"padding-left: 30px;\"><strong>Google Chrome:<\/strong> https:\/\/support.google.com\/chrome\/bin\/answer.py?hl=en-GB&amp;answer=95647&amp;p=cpn_cookies<\/p>\n<p style=\"padding-left: 30px;\"><strong>Mozilla Firefox:<\/strong> https:\/\/support.mozilla.org\/en-US\/kb\/Blocking%20cookies<\/p>\n<p style=\"padding-left: 30px;\"><strong>Apple Safari:<\/strong> https:\/\/docs.info.apple.com\/article.html?artnum=32467<\/p>\n<p>Para obtener informaci\u00f3n sobre c\u00f3mo hacer esto en el navegador de su dispositivo m\u00f3vil tendr\u00e1 que consultar el manual de su tel\u00e9fono.<br \/> Uso de plugins sociales en el contexto de las redes sociales:<\/p>\n<p style=\"padding-left: 30px;\"><strong>Twitter<\/strong><br \/> La p\u00e1gina web de [ EMPRESA ] utiliza Plugins sociales (\u201cPlugins\u201d) de la red social Twitter, que es gestionada<br \/> desde los EE.UU. por Twitter Inc., 1355 Market Street, Suite 900, San Francisco, CA 94103, EE.UU. (\u201cTwitter\u201d). Los Plugins est\u00e1n identificados con el logotipo de Twitter, o con el s\u00edmbolo \u201cTweet\u201d.<br \/> Cuando acceden a alguna de nuestras p\u00e1ginas web que contienen dichos Plugins, estos est\u00e1n inicialmente desactivados.<br \/> Los plugins s\u00f3lo se activan cuando Vds. hacen clic en el icono correspondiente. Al hacer esta activaci\u00f3n se crea una conexi\u00f3n a Twitter y en ese momento Vds. dan su consentimiento para transmitir datos a Twitter. Al iniciar una sesi\u00f3n en Twitter, dicha red social puede gestionar la visita que realizan a su cuenta personal en Twitter. Cuando pulsan el bot\u00f3n correspondiente, la informaci\u00f3n en cuesti\u00f3n se transmite desde su navegador directamente a Twitter y es all\u00ed donde se almacena.<br \/> Por favor, inf\u00f3rmense sobre la pol\u00edtica de privacidad de Twitter para conocer la finalidad y el \u00e1mbito de la recopilaci\u00f3n de datos, su posterior procesamiento, y la utilizaci\u00f3n de dichos datos por parte de Twitter, as\u00ed como sus derechos al respecto y las posibilidades de configuraci\u00f3n para proteger su privacidad.<\/p>\n<p>[\/et_pb_text][\/et_pb_column][\/et_pb_row][\/et_pb_section]<\/p>\n","protected":false},"excerpt":{"rendered":"<p>POL\u00cdTICA DE COOKIESPol\u00edtica de cookies Con la finalidad de agilizar el servicio ofrecido, identificando con la m\u00e1xima celeridad a cada usuario, le informamos que este sitio web [ DOMINIO ] utilizar\u00e1 cookies. Las cookies son datos que se almacenan en el disco duro del ordenador y que sirven para agilizar y optimizar el funcionamiento del [&hellip;]<\/p>\n","protected":false},"author":1,"featured_media":0,"parent":0,"menu_order":0,"comment_status":"closed","ping_status":"closed","template":"","meta":{"_et_pb_use_builder":"on","_et_pb_old_content":"","_et_gb_content_width":"","_mc_calendar":[]},"_links":{"self":[{"href":"https:\/\/icon.kiobus.org\/edu\/edicion2023\/wp-json\/wp\/v2\/pages\/2742"}],"collection":[{"href":"https:\/\/icon.kiobus.org\/edu\/edicion2023\/wp-json\/wp\/v2\/pages"}],"about":[{"href":"https:\/\/icon.kiobus.org\/edu\/edicion2023\/wp-json\/wp\/v2\/types\/page"}],"author":[{"embeddable":true,"href":"https:\/\/icon.kiobus.org\/edu\/edicion2023\/wp-json\/wp\/v2\/users\/1"}],"replies":[{"embeddable":true,"href":"https:\/\/icon.kiobus.org\/edu\/edicion2023\/wp-json\/wp\/v2\/comments?post=2742"}],"version-history":[{"count":9,"href":"https:\/\/icon.kiobus.org\/edu\/edicion2023\/wp-json\/wp\/v2\/pages\/2742\/revisions"}],"predecessor-version":[{"id":3754,"href":"https:\/\/icon.kiobus.org\/edu\/edicion2023\/wp-json\/wp\/v2\/pages\/2742\/revisions\/3754"}],"wp:attachment":[{"href":"https:\/\/icon.kiobus.org\/edu\/edicion2023\/wp-json\/wp\/v2\/media?parent=2742"}],"curies":[{"name":"wp","href":"https:\/\/api.w.org\/{rel}","templated":true}]}}