{"id":4077,"date":"2022-12-22T08:31:45","date_gmt":"2022-12-22T07:31:45","guid":{"rendered":"https:\/\/icon.kiobus.org\/edu\/edicion2023\/?page_id=4077"},"modified":"2023-05-30T06:46:50","modified_gmt":"2023-05-30T04:46:50","slug":"normas-de-publicacion-2","status":"publish","type":"page","link":"https:\/\/icon.kiobus.org\/edu\/edicion2023\/normas-de-publicacion-2\/","title":{"rendered":"Normas de publicaci\u00f3n 2"},"content":{"rendered":"<p>[et_pb_section fb_built=\u00bb1&#8243; fullwidth=\u00bbon\u00bb _builder_version=\u00bb3.22&#8243; custom_margin=\u00bb-81px||\u00bb collapsed=\u00bbon\u00bb global_colors_info=\u00bb{}\u00bb][et_pb_fullwidth_menu active_link_color=\u00bb#e02b20&#8243; dropdown_menu_line_color=\u00bb#e02b20&#8243; _builder_version=\u00bb4.0.11&#8243; menu_font=\u00bb||||||||\u00bb menu_text_color=\u00bb#000000&#8243; menu_font_size=\u00bb17px\u00bb global_colors_info=\u00bb{}\u00bb][\/et_pb_fullwidth_menu][\/et_pb_section][et_pb_section fb_built=\u00bb1&#8243; admin_label=\u00bbSecci\u00f3n PUBLICACIONES\u00bb _builder_version=\u00bb4.14.6&#8243; background_color=\u00bb#ED5550&#8243; custom_padding=\u00bb0|0px|0|0px|false|false\u00bb collapsed=\u00bboff\u00bb global_colors_info=\u00bb{}\u00bb][et_pb_row _builder_version=\u00bb3.25&#8243; global_colors_info=\u00bb{}\u00bb][et_pb_column type=\u00bb4_4&#8243; _builder_version=\u00bb3.25&#8243; custom_padding=\u00bb|||\u00bb global_colors_info=\u00bb{}\u00bb custom_padding__hover=\u00bb|||\u00bb][et_pb_text _builder_version=\u00bb4.14.6&#8243; text_font=\u00bb||||||||\u00bb header_font=\u00bb||||||||\u00bb header_text_align=\u00bbcenter\u00bb header_text_color=\u00bb#FFFFFF\u00bb global_colors_info=\u00bb{}\u00bb]<\/p>\n<h1 style=\"text-align: center;\">NORMAS DE PUBLICACI\u00d3N FASE 2<\/h1>\n<p>[\/et_pb_text][\/et_pb_column][\/et_pb_row][\/et_pb_section][et_pb_section fb_built=\u00bb1&#8243; _builder_version=\u00bb4.14.6&#8243; custom_margin=\u00bb1px||||false|false\u00bb custom_padding=\u00bb0px||||false|false\u00bb collapsed=\u00bboff\u00bb global_colors_info=\u00bb{}\u00bb][et_pb_row column_structure=\u00bb1_2,1_2&#8243; _builder_version=\u00bb4.14.6&#8243; _module_preset=\u00bbdefault\u00bb global_colors_info=\u00bb{}\u00bb][et_pb_column type=\u00bb1_2&#8243; _builder_version=\u00bb4.14.6&#8243; _module_preset=\u00bbdefault\u00bb global_colors_info=\u00bb{}\u00bb][et_pb_button button_url=\u00bb#normas-revistas\u00bb button_text=\u00bbNormas para revistas\u00bb button_alignment=\u00bbright\u00bb _builder_version=\u00bb4.14.6&#8243; _module_preset=\u00bbdefault\u00bb custom_button=\u00bbon\u00bb button_text_color=\u00bb#FFFFFF\u00bb button_bg_color=\u00bb#ED5550&#8243; button_border_color=\u00bb#ED5550&#8243; button_border_radius=\u00bb10px\u00bb button_font=\u00bb|600|||||||\u00bb button_icon_color=\u00bb#FFFFFF\u00bb global_colors_info=\u00bb{}\u00bb][\/et_pb_button][\/et_pb_column][et_pb_column type=\u00bb1_2&#8243; _builder_version=\u00bb4.14.6&#8243; _module_preset=\u00bbdefault\u00bb global_colors_info=\u00bb{}\u00bb][et_pb_button button_url=\u00bb#normas-capitulos\u00bb button_text=\u00bbNormas para libros de cap\u00edtulos\u00bb button_alignment=\u00bbleft\u00bb _builder_version=\u00bb4.14.6&#8243; _module_preset=\u00bbdefault\u00bb custom_button=\u00bbon\u00bb button_text_color=\u00bb#FFFFFF\u00bb button_bg_color=\u00bb#ED5550&#8243; button_border_color=\u00bb#ED5550&#8243; button_border_radius=\u00bb10px\u00bb button_font=\u00bb|600|||||||\u00bb button_icon_color=\u00bb#FFFFFF\u00bb global_colors_info=\u00bb{}\u00bb][\/et_pb_button][\/et_pb_column][\/et_pb_row][et_pb_row _builder_version=\u00bb4.14.6&#8243; _module_preset=\u00bbdefault\u00bb background_color=\u00bb#ED5550&#8243; custom_padding=\u00bb0px||0px||false|false\u00bb global_colors_info=\u00bb{}\u00bb][et_pb_column type=\u00bb4_4&#8243; _builder_version=\u00bb4.14.6&#8243; _module_preset=\u00bbdefault\u00bb global_colors_info=\u00bb{}\u00bb][et_pb_code _builder_version=\u00bb4.14.6&#8243; _module_preset=\u00bbdefault\u00bb global_colors_info=\u00bb{}\u00bb]<a name=\"normas-revistas\"><\/a>[\/et_pb_code][et_pb_cta title=\u00bbNormas para revistas:\u00bb button_text=\u00bbClics\u00bb _builder_version=\u00bb4.14.6&#8243; _module_preset=\u00bbdefault\u00bb background_color=\u00bb#ED5550&#8243; min_height=\u00bb24px\u00bb custom_margin=\u00bb0px||0px||false|false\u00bb custom_padding=\u00bb0px||0px||false|false\u00bb global_colors_info=\u00bb{}\u00bb][\/et_pb_cta][\/et_pb_column][\/et_pb_row][et_pb_row _builder_version=\u00bb4.14.6&#8243; _module_preset=\u00bbdefault\u00bb global_colors_info=\u00bb{}\u00bb][et_pb_column type=\u00bb4_4&#8243; _builder_version=\u00bb4.14.6&#8243; _module_preset=\u00bbdefault\u00bb global_colors_info=\u00bb{}\u00bb][et_pb_text _builder_version=\u00bb4.14.6&#8243; _module_preset=\u00bbdefault\u00bb global_colors_info=\u00bb{}\u00bb]<\/p>\n<p>Si desea remitir su texto completo a una revista, debe:<\/p>\n<p>&#8211; Notificarlo al Comit\u00e9 Organizador (de esta manera podremos controlar que se le haga descuento en las tasas, en su caso) a trav\u00e9s del cuestionario que se encuentra en \u00abMi cuenta\u00bb (apartado men\u00fa superior).<\/p>\n<p>&#8211; Enviar en el plazo indicado seg\u00fan el apartado \u00abFechas clave\u00bb el manuscrito a la revista.<\/p>\n<p>&#8211; Seguir las normas de\u00a0 la revista accediendo a la misma desde los enlaces de \u00ab<a href=\"https:\/\/icon.kiobus.org\/edu\/edicion2023\/publicaciones\/\" target=\"_blank\" rel=\"noopener\">Publicaciones<\/a>\u00ab. Es importante que acceda al env\u00edo desde estos enlaces ya que as\u00ed va directamente al monogr\u00e1fico en cuesti\u00f3n. De otra forma, estar\u00e1 enviando el manuscrito a la revista, pero a otros monogr\u00e1ficos sin descuento.<\/p>\n<p>&#8211; Es importante hacer constar que es responsabilidad del autor\/autores que el art\u00edculo tenga la calidad suficiente como para ser remitido a las revistas en cuesti\u00f3n. El Comit\u00e9 Organizador no se hace responsable de env\u00edos de manuscritos que no tengan dicha calidad y, por tanto, sean rechazados de inmediato.<\/p>\n<p>&#8211; En el caso de la revista NAER, <span>el Comit\u00e9 Organizador se pondr\u00e1 en contacto con los autores de los manuscritos seleccionados (de los remitidos como cap\u00edtulos), en su caso, durante el proceso de evaluaci\u00f3n de los trabajos enviados en la fase 2.<\/span><\/p>\n<p><span><strong>Nota importante<\/strong>: existe la posibilidad de que un trabajo completo se remita a una revista y, en caso de que se rechace el manuscrito, este pueda enviarse como cap\u00edtulo para uno de los libros a publicar. La \u00fanica condici\u00f3n es que se cumpla la fecha l\u00edmite para el env\u00edo en esta fase 2: 5 de junio. Para ello, es necesario que el manuscrito se remita a la revista antes del d\u00eda 4 de mayo con el fin de que haya suficiente tiempo para todo el proceso indicado (las revistas en un mes informan del resultado) y, como se ha indicado, si se rechaza, que haya tiempo suficiente para cumplir la fecha l\u00edmite para enviar el texto como cap\u00edtulo.<\/span><\/p>\n<p>[\/et_pb_text][\/et_pb_column][\/et_pb_row][et_pb_row column_structure=\u00bb1_2,1_2&#8243; _builder_version=\u00bb4.14.6&#8243; _module_preset=\u00bbdefault\u00bb global_colors_info=\u00bb{}\u00bb][et_pb_column type=\u00bb1_2&#8243; _builder_version=\u00bb4.14.6&#8243; _module_preset=\u00bbdefault\u00bb global_colors_info=\u00bb{}\u00bb][et_pb_testimonial author=\u00bbEducation Sciences\u00bb portrait_url=\u00bbhttps:\/\/icon.kiobus.org\/edu\/edicion2023\/wp-content\/uploads\/2022\/01\/Education-Sciences.jpg\u00bb _builder_version=\u00bb4.14.6&#8243; _module_preset=\u00bbdefault\u00bb global_colors_info=\u00bb{}\u00bb]<\/p>\n<p><a href=\"https:\/\/www.mdpi.com\/journal\/education\/instructions\" rel=\"attachment noopener wp-att-4820\" target=\"_blank\">Normas de edici\u00f3n<\/a><\/p>\n<p>[\/et_pb_testimonial][\/et_pb_column][et_pb_column type=\u00bb1_2&#8243; _builder_version=\u00bb4.14.6&#8243; _module_preset=\u00bbdefault\u00bb global_colors_info=\u00bb{}\u00bb][et_pb_testimonial author=\u00bbSustainability\u00bb portrait_url=\u00bbhttps:\/\/icon.kiobus.org\/edu\/edicion2023\/wp-content\/uploads\/2022\/01\/Sustainability.jpg\u00bb _builder_version=\u00bb4.14.6&#8243; _module_preset=\u00bbdefault\u00bb global_colors_info=\u00bb{}\u00bb]<\/p>\n<p><a href=\"https:\/\/www.mdpi.com\/journal\/sustainability\/instructions\" rel=\"attachment noopener wp-att-5085\" target=\"_blank\"><span>Normas de edici\u00f3n<\/span><\/a><\/p>\n<p>[\/et_pb_testimonial][\/et_pb_column][\/et_pb_row][et_pb_row column_structure=\u00bb1_2,1_2&#8243; _builder_version=\u00bb4.14.6&#8243; _module_preset=\u00bbdefault\u00bb global_colors_info=\u00bb{}\u00bb][et_pb_column type=\u00bb1_2&#8243; _builder_version=\u00bb4.14.6&#8243; _module_preset=\u00bbdefault\u00bb global_colors_info=\u00bb{}\u00bb][et_pb_testimonial author=\u00bbLanguages\u00bb portrait_url=\u00bbhttps:\/\/icon.kiobus.org\/edu\/edicion2023\/wp-content\/uploads\/2022\/01\/Languajes.jpg\u00bb _builder_version=\u00bb4.14.6&#8243; _module_preset=\u00bbdefault\u00bb global_colors_info=\u00bb{}\u00bb]<\/p>\n<p><a href=\"https:\/\/www.mdpi.com\/journal\/languages\/instructions\" rel=\"attachment noopener wp-att-4820\" target=\"_blank\">Normas de edici\u00f3n<\/a><\/p>\n<p>[\/et_pb_testimonial][\/et_pb_column][et_pb_column type=\u00bb1_2&#8243; _builder_version=\u00bb4.14.6&#8243; _module_preset=\u00bbdefault\u00bb global_colors_info=\u00bb{}\u00bb][et_pb_testimonial author=\u00bbSustainability\u00bb portrait_url=\u00bbhttps:\/\/icon.kiobus.org\/edu\/edicion2023\/wp-content\/uploads\/2022\/01\/Religions.jpg\u00bb _builder_version=\u00bb4.14.6&#8243; _module_preset=\u00bbdefault\u00bb global_colors_info=\u00bb{}\u00bb]<\/p>\n<p><a href=\"https:\/\/www.mdpi.com\/journal\/religions\/instructions\" rel=\"attachment noopener wp-att-5085\" target=\"_blank\"><span>Normas de edici\u00f3n<\/span><\/a><\/p>\n<p>[\/et_pb_testimonial][\/et_pb_column][\/et_pb_row][et_pb_row column_structure=\u00bb1_2,1_2&#8243; _builder_version=\u00bb4.14.6&#8243; _module_preset=\u00bbdefault\u00bb global_colors_info=\u00bb{}\u00bb][et_pb_column type=\u00bb1_2&#8243; _builder_version=\u00bb4.14.6&#8243; _module_preset=\u00bbdefault\u00bb global_colors_info=\u00bb{}\u00bb][et_pb_text _builder_version=\u00bb4.14.6&#8243; _module_preset=\u00bbdefault\u00bb custom_margin=\u00bb|-535px||||\u00bb global_colors_info=\u00bb{}\u00bb]<\/p>\n<p><strong>Journal of New Approaches in Educational Research:\u00a0<\/strong><\/p>\n<ul>\n<li>NOTA: publicaci\u00f3n restringida a<span>\u00a0<\/span><em>selected papers<\/em>. No ser\u00e1n, pues, los autores quienes decidan seleccionar esta revista.<span>\u00a0<\/span><em>S<\/em>er\u00e1 el Comit\u00e9 Cient\u00edfico y Comit\u00e9 Organizador quienes indiquen a los respectivos autores de los cap\u00edtulos de libros que se consideren, por su calidad, adecuados para ello, si quieren optar a remitir sus trabajos a esta revista. Para ello, el Comit\u00e9 Organizador se pondr\u00e1 en contacto con dichos autores durante el proceso de evaluaci\u00f3n de los trabajos enviados en la fase 2 (matr\u00edcula B2).<\/li>\n<\/ul>\n<p>[\/et_pb_text][\/et_pb_column][et_pb_column type=\u00bb1_2&#8243; _builder_version=\u00bb4.14.6&#8243; _module_preset=\u00bbdefault\u00bb global_colors_info=\u00bb{}\u00bb][\/et_pb_column][\/et_pb_row][et_pb_row _builder_version=\u00bb4.14.6&#8243; global_colors_info=\u00bb{}\u00bb][et_pb_column type=\u00bb4_4&#8243; _builder_version=\u00bb4.0.11&#8243; global_colors_info=\u00bb{}\u00bb][et_pb_code _builder_version=\u00bb4.14.6&#8243; _module_preset=\u00bbdefault\u00bb global_colors_info=\u00bb{}\u00bb]<a name=\"normas-capitulos\"><\/a>[\/et_pb_code][et_pb_cta title=\u00bbNormas para libros de cap\u00edtulos:\u00bb button_text=\u00bbClics\u00bb _builder_version=\u00bb4.14.6&#8243; _module_preset=\u00bbdefault\u00bb background_color=\u00bb#ED5550&#8243; custom_margin=\u00bb0px||0px||false|false\u00bb custom_padding=\u00bb||0px||false|false\u00bb global_colors_info=\u00bb{}\u00bb][\/et_pb_cta][et_pb_text _builder_version=\u00bb4.14.6&#8243; global_colors_info=\u00bb{}\u00bb]<\/p>\n<p><span>Todos los manuscritos deben cumplir las siguientes normas generales, independientemente de la editorial elegida:<\/span><\/p>\n<ol>\n<li style=\"text-align: justify;\"><span>Los <strong>trabajos completos<\/strong> (env\u00edos de la fase 2) <strong>se env\u00edan de forma<\/strong> <strong>voluntaria<\/strong> por parte de los participantes (los env\u00edos de la fase 1 s\u00ed deben enviarlos todos los participantes).<br \/><\/span><span>\u00a0<\/span><\/li>\n<li style=\"text-align: justify;\"><strong>En esta fase 2, un autor solo puede constar en un solo trabajo completo<\/strong>. Por tanto, si consta como autor\/a en 2 aportaciones en la fase 1, deber\u00e1 elegir un \u00fanico texto completo donde constar como autor\/a en la fase 2. Para facilitar esto, se permite que, en caso de coautor\u00edas, la agrupaci\u00f3n de autores de una aportaci\u00f3n de la fase 1 pueda variar respecto a la aportaci\u00f3n de la fase 2. Son aportaciones diferentes, por lo que no hay ning\u00fan problema en ello.<\/li>\n<li>Un autor\/a puede puede pagar <strong>matr\u00edculas extra<\/strong> para poder publicar m\u00e1s de un texto completo. Por cada matr\u00edcula extra se podr\u00e1 publicar un texto completo extra. La matr\u00edcula extra se abona por persona.<br \/><span>\u00a0<\/span><\/li>\n<li style=\"text-align: justify;\">El t\u00edtulo de la aportaci\u00f3n de la fase 2 debe ser ligeramente diferente respecto al t\u00edtulo de la aportaci\u00f3n de la fase 1.<br \/><span>\u00a0<\/span><\/li>\n<li style=\"text-align: justify;\"><strong>Extensi\u00f3n<\/strong>: el trabajo tendr\u00e1 una extensi\u00f3n entre 4.000 y 6.000 palabras (este c\u00f3mputo incluye todo el texto del documento: t\u00edtulo, autores, texto, tablas, gr\u00e1ficas y bibliograf\u00eda) y deber\u00e1 tener tambi\u00e9n entre 8 y 15 p\u00e1ginas.<br \/><span>\u00a0<\/span><\/li>\n<li style=\"text-align: justify;\"><strong>Plantilla<\/strong>: el manuscrito deber\u00e1 seguir OBLIGATORIAMENTE la plantilla correspondiente a cada editorial.<br \/><span>\u00a0<\/span><\/li>\n<li style=\"text-align: justify;\"><strong>Idioma<\/strong>: el idioma depender\u00e1 de la editorial:\n<ol>\n<li>Aula Magna-McGrawHill, Dykinson, Octaedro y Tirant Lo Blanch: en espa\u00f1ol, catal\u00e1n\u00a0o ingl\u00e9s.<\/li>\n<li>Peter Lang, IGI Global y revistas: en ingl\u00e9s.<\/li>\n<\/ol>\n<\/li>\n<\/ol>\n<p style=\"padding-left: 40px;\">La correcci\u00f3n ortogr\u00e1fica y gramatical, as\u00ed como la redacci\u00f3n, se deber\u00e1 cuidar al m\u00e1ximo. Se devolver\u00e1n los manuscritos que no cumplan este requisito.<br \/><span>\u00a0<\/span><\/p>\n<ol>\n<li style=\"text-align: justify;\"><strong>Estructura<\/strong>: el\u00a0texto<strong>\u00a0<\/strong>tendr\u00e1, al menos, los siguientes apartados o secciones:<br \/>\n<blockquote style=\"margin: 0 0 0 40px; border: none; padding: 0px;\">\n<p>&#8211; Si es un trabajo de investigaci\u00f3n emp\u00edrica, deber\u00e1 tener, al menos: introducci\u00f3n, objetivos, m\u00e9todo (dise\u00f1o de la investigaci\u00f3n (con los instrumentos utilizados), participantes, procedimiento), resultados, discusi\u00f3n y\/o conclusiones, y referencias bibliogr\u00e1ficas.<br \/>&#8211; Si es un trabajo sobre una experiencia educativa implementada, deber\u00e1 tener, al menos: introducci\u00f3n, objetivos, m\u00e9todo (dise\u00f1o de la investigaci\u00f3n (con los instrumentos de evaluaci\u00f3n de la experiencia utilizados), participantes, descripci\u00f3n de la experiencia), resultados de la evaluaci\u00f3n de la experiencia, discusi\u00f3n y\/o conclusiones, y referencias bibliogr\u00e1ficas.\u00a0Se aceptar\u00e1n \u00fanicamente trabajos de calidad que aporten experiencias innovadoras.<br \/>&#8211; Si es un trabajo de revisi\u00f3n sistem\u00e1tica, deber\u00e1 tener: introducci\u00f3n, m\u00e9todo (estrategias de b\u00fasqueda, criterios de inclusi\u00f3n y exclusi\u00f3n, procedimiento), resultados, discusi\u00f3n y\/o conclusiones, y referencias bibliogr\u00e1ficas. Se aconseja seguir las normas de la declaraci\u00f3n PRISMA (<em><span class=\"elsevierStyleItalic\">Preferred Reporting Items for Systematic reviews and Meta-Analyses<\/span><\/em><span>) o similar<\/span>.<br \/>&#8211; Si es un trabajo de reflexi\u00f3n te\u00f3rica, deber\u00e1 tener, al menos: introducci\u00f3n, desarrollo del tema dividido en apartados, conclusiones y referencias bibliogr\u00e1ficas. Se aceptar\u00e1n \u00fanicamente trabajos de calidad que aporten nuevos conocimientos actualizados.<br \/><span>\u00a0<\/span><\/p>\n<\/blockquote>\n<\/li>\n<li style=\"text-align: justify;\"><strong>Formato de archivo<\/strong>: los trabajos se enviar\u00e1n en un archivo con formato de Microsoft Word (2010 o superior) y <strong>no<\/strong> en <strong>PDF<\/strong>.<br \/><span>\u00a0<\/span><\/li>\n<li style=\"text-align: justify;\">Adem\u00e1s de estas normas de edici\u00f3n generales,<strong> se deber\u00e1n cumplir<\/strong> las siguientes\u00a0<strong>normas de edici\u00f3n y plantillas espec\u00edficas<\/strong> de cada editorial:<\/li>\n<\/ol>\n<p>[\/et_pb_text][\/et_pb_column][\/et_pb_row][et_pb_row column_structure=\u00bb1_2,1_2&#8243; _builder_version=\u00bb4.14.6&#8243; _module_preset=\u00bbdefault\u00bb global_colors_info=\u00bb{}\u00bb][et_pb_column type=\u00bb1_2&#8243; _builder_version=\u00bb4.14.6&#8243; _module_preset=\u00bbdefault\u00bb global_colors_info=\u00bb{}\u00bb][et_pb_testimonial author=\u00bbAula Magna-McGrawHill\u00bb portrait_url=\u00bbhttps:\/\/icon.kiobus.org\/edu\/edicion2023\/wp-content\/uploads\/2021\/11\/0002_aulamagna.jpg\u00bb _builder_version=\u00bb4.14.6&#8243; _module_preset=\u00bbdefault\u00bb hover_enabled=\u00bb0&#8243; global_colors_info=\u00bb{}\u00bb sticky_enabled=\u00bb0&#8243;]<\/p>\n<p><a href=\"https:\/\/icon.kiobus.org\/edu\/edicion2023\/wp-content\/uploads\/2023\/03\/Octaedro-Aula-Magna-Tirant.docx\" rel=\"attachment wp-att-4815\">Plantilla a utilizar<\/a><\/p>\n<p><a href=\"https:\/\/icon.kiobus.org\/edu\/edicion2023\/wp-content\/uploads\/2023\/05\/Normas-Dykinson-Oct-Aula-Tirant.pdf\" rel=\"attachment noopener wp-att-4820\" target=\"_blank\">Normas de edici\u00f3n<\/a><\/p>\n<p>[\/et_pb_testimonial][\/et_pb_column][et_pb_column type=\u00bb1_2&#8243; _builder_version=\u00bb4.14.6&#8243; _module_preset=\u00bbdefault\u00bb global_colors_info=\u00bb{}\u00bb][et_pb_testimonial author=\u00bbIGI Global\u00bb portrait_url=\u00bbhttps:\/\/icon.kiobus.org\/edu\/edicion2023\/wp-content\/uploads\/2021\/11\/0000_igiglobal.jpg\u00bb _builder_version=\u00bb4.14.6&#8243; _module_preset=\u00bbdefault\u00bb global_colors_info=\u00bb{}\u00bb]<\/p>\n<p><a href=\"https:\/\/icon.kiobus.org\/edu\/edicion2023\/wp-content\/uploads\/2023\/04\/IGI-Global.docx\" rel=\"attachment noopener wp-att-5085\" target=\"_blank\"><span>Plantilla a utilizar (incluye normas de edici\u00f3n)<\/span><\/a><\/p>\n<p>[\/et_pb_testimonial][\/et_pb_column][\/et_pb_row][et_pb_row column_structure=\u00bb1_2,1_2&#8243; _builder_version=\u00bb4.14.6&#8243; _module_preset=\u00bbdefault\u00bb global_colors_info=\u00bb{}\u00bb][et_pb_column type=\u00bb1_2&#8243; _builder_version=\u00bb4.14.6&#8243; _module_preset=\u00bbdefault\u00bb global_colors_info=\u00bb{}\u00bb][et_pb_testimonial author=\u00bbOctaedro\u00bb portrait_url=\u00bbhttps:\/\/icon.kiobus.org\/edu\/edicion2023\/wp-content\/uploads\/2021\/11\/0007_octaedro.jpg\u00bb _builder_version=\u00bb4.14.6&#8243; _module_preset=\u00bbdefault\u00bb hover_enabled=\u00bb0&#8243; global_colors_info=\u00bb{}\u00bb sticky_enabled=\u00bb0&#8243;]<\/p>\n<p><a href=\"https:\/\/icon.kiobus.org\/edu\/edicion2023\/wp-content\/uploads\/2023\/03\/Octaedro-Aula-Magna-Tirant.docx\" rel=\"attachment wp-att-4815\">Plantilla a utilizar<\/a><\/p>\n<p><a href=\"https:\/\/icon.kiobus.org\/edu\/edicion2023\/wp-content\/uploads\/2023\/05\/Normas-Dykinson-Oct-Aula-Tirant.pdf\" rel=\"attachment noopener wp-att-4820\" target=\"_blank\">Normas de edici\u00f3n<\/a><\/p>\n<p>[\/et_pb_testimonial][\/et_pb_column][et_pb_column type=\u00bb1_2&#8243; _builder_version=\u00bb4.14.6&#8243; _module_preset=\u00bbdefault\u00bb global_colors_info=\u00bb{}\u00bb][et_pb_testimonial author=\u00bbPeter Lang\u00bb portrait_url=\u00bbhttps:\/\/icon.kiobus.org\/edu\/edicion2023\/wp-content\/uploads\/2021\/11\/0006_peterlang.jpg\u00bb _builder_version=\u00bb4.14.6&#8243; _module_preset=\u00bbdefault\u00bb global_colors_info=\u00bb{}\u00bb]<\/p>\n<p><a href=\"https:\/\/icon.kiobus.org\/edu\/edicion2023\/wp-content\/uploads\/2023\/03\/Peter_Lang-Plantilla.docx\" rel=\"attachment noopener wp-att-4813\" target=\"_blank\">Plantilla a utilizar (incluye normas de edici\u00f3n)<\/a><\/p>\n<p>[\/et_pb_testimonial][\/et_pb_column][\/et_pb_row][et_pb_row column_structure=\u00bb1_2,1_2&#8243; _builder_version=\u00bb4.14.6&#8243; _module_preset=\u00bbdefault\u00bb global_colors_info=\u00bb{}\u00bb][et_pb_column type=\u00bb1_2&#8243; _builder_version=\u00bb4.14.6&#8243; _module_preset=\u00bbdefault\u00bb global_colors_info=\u00bb{}\u00bb][et_pb_testimonial author=\u00bbTirant Lo Blanch\u00bb portrait_url=\u00bbhttps:\/\/icon.kiobus.org\/edu\/edicion2023\/wp-content\/uploads\/2021\/11\/0004_tirantloblanc.jpg\u00bb _builder_version=\u00bb4.14.6&#8243; _module_preset=\u00bbdefault\u00bb hover_enabled=\u00bb0&#8243; global_colors_info=\u00bb{}\u00bb sticky_enabled=\u00bb0&#8243;]<\/p>\n<p><a href=\"https:\/\/icon.kiobus.org\/edu\/edicion2023\/wp-content\/uploads\/2023\/03\/Octaedro-Aula-Magna-Tirant.docx\" rel=\"attachment wp-att-4815\">Plantilla a utilizar<\/a><\/p>\n<p><a href=\"https:\/\/icon.kiobus.org\/edu\/edicion2023\/wp-content\/uploads\/2023\/05\/Normas-Dykinson-Oct-Aula-Tirant.pdf\" rel=\"attachment noopener wp-att-4820\" target=\"_blank\">Normas de edici\u00f3n<\/a><\/p>\n<p>[\/et_pb_testimonial][\/et_pb_column][et_pb_column type=\u00bb1_2&#8243; _builder_version=\u00bb4.14.6&#8243; _module_preset=\u00bbdefault\u00bb global_colors_info=\u00bb{}\u00bb][et_pb_testimonial author=\u00bbDykinson\u00bb portrait_url=\u00bbhttps:\/\/icon.kiobus.org\/edu\/edicion2023\/wp-content\/uploads\/2021\/11\/0001_dykinson.jpg\u00bb _builder_version=\u00bb4.14.6&#8243; _module_preset=\u00bbdefault\u00bb hover_enabled=\u00bb0&#8243; global_colors_info=\u00bb{}\u00bb sticky_enabled=\u00bb0&#8243;]<\/p>\n<p><a href=\"https:\/\/icon.kiobus.org\/edu\/edicion2023\/wp-content\/uploads\/2023\/04\/Dykinson.docx\" rel=\"attachment noopener wp-att-5077\" target=\"_blank\">Plantilla a utilizar<\/a><\/p>\n<p><a href=\"https:\/\/icon.kiobus.org\/edu\/edicion2023\/wp-content\/uploads\/2023\/05\/Normas-Dykinson-Oct-Aula-Tirant.pdf\" rel=\"attachment noopener wp-att-5079\" target=\"_blank\">Normas de edici\u00f3n<\/a><\/p>\n<p>[\/et_pb_testimonial][\/et_pb_column][\/et_pb_row][et_pb_row _builder_version=\u00bb4.0.11&#8243; global_colors_info=\u00bb{}\u00bb][et_pb_column type=\u00bb4_4&#8243; _builder_version=\u00bb4.0.11&#8243; global_colors_info=\u00bb{}\u00bb][et_pb_text _builder_version=\u00bb4.14.6&#8243; global_colors_info=\u00bb{}\u00bb]<\/p>\n<p><strong>NOTAS IMPORTANTES:<\/strong><span>\u00a0<\/span><\/p>\n<ol>\n<li>Los trabajos son evaluados por un <em><strong>double blind peer process<\/strong>.\u00a0<\/em>Esto significa que la selecci\u00f3n de la editorial no asegura <em>per se<\/em> la publicaci\u00f3n en dicho libro. Se deber\u00e1n cuidar todas las normas de edici\u00f3n y calidad, as\u00ed como las indicaciones para subsanar aspectos editoriales. El autor se compromete a realizar los cambios solicitados, en su caso, como resultado del <em>double blind peer process,<\/em>\u00a0para poder ser publicado.<\/li>\n<li>Ni la organizaci\u00f3n del Congreso y ni el Comit\u00e9 Cient\u00edfico se hacen responsables de los contenidos incluidos en los textos, tanto res\u00famenes ampliados como trabajos completos; ni garantizan la veracidad, originalidad y fiabilidad de los trabajos presentados. La responsabilidad del contenido es exclusiva de sus autores, que deber\u00e1n responder ante acusaciones de plagio o cualquier problema derivado de sus trabajos.<\/li>\n<li>Los autores\/as, al remitir sus trabajos, ceden todos los derechos sobre el texto de dichos trabajos a este Congreso, que podr\u00e1 publicarlos a trav\u00e9s de las ediciones derivadas del Congreso. As\u00ed pues, los autores otorgan autorizaci\u00f3n al Comit\u00e9 Organizador para publicar, reproducir, distribuir, mostrar, as\u00ed como tambi\u00e9n almacenar sus textos en l\u00ednea o formato impreso y en dispositivos electr\u00f3nicos.<\/li>\n<li><strong>Aspectos \u00e9ticos.<\/strong> ICON tiene como objetivo, en su conjunto, asegurar el cumplimiento de los est\u00e1ndares \u00e9ticos en la investigaci\u00f3n cient\u00edfica en el campo de la educaci\u00f3n. Por ello:\n<ul>\n<li>Mantiene un compromiso \u00e9tico con la comunidad acad\u00e9mica y la sociedad en general, inspirado en los acuerdos internacionales tomados del <a href=\"https:\/\/publicationethics.org\/\" target=\"_blank\" rel=\"noopener\">Comit\u00e9 de \u00c9tica de Publicaciones<\/a> (COPE). Los autores deber\u00e1n tener en cuenta las indicaciones de dicho Comit\u00e9.<\/li>\n<li>Las propuestas de trabajos deben ser originales (tolerancia cero al plagio), de car\u00e1cter cient\u00edfico o profesional. No pueden ser trabajos ya publicados o presentados previamente o simult\u00e1neamente en otro congreso. En el caso de que se detecte alguno de estos casos, los trabajos ser\u00e1n rechazados y no habr\u00e1 derecho de devoluci\u00f3n del pago de la matr\u00edcula.<\/li>\n<\/ul>\n<\/li>\n<\/ol>\n<p>[\/et_pb_text][\/et_pb_column][\/et_pb_row][\/et_pb_section]<\/p>\n","protected":false},"excerpt":{"rendered":"<p>NORMAS DE PUBLICACI\u00d3N FASE 2Si desea remitir su texto completo a una revista, debe: &#8211; Notificarlo al Comit\u00e9 Organizador (de esta manera podremos controlar que se le haga descuento en las tasas, en su caso) a trav\u00e9s del cuestionario que se encuentra en \u00abMi cuenta\u00bb (apartado men\u00fa superior). &#8211; Enviar en el plazo indicado seg\u00fan [&hellip;]<\/p>\n","protected":false},"author":1,"featured_media":0,"parent":0,"menu_order":0,"comment_status":"closed","ping_status":"closed","template":"","meta":{"_et_pb_use_builder":"on","_et_pb_old_content":"","_et_gb_content_width":"","_mc_calendar":[]},"_links":{"self":[{"href":"https:\/\/icon.kiobus.org\/edu\/edicion2023\/wp-json\/wp\/v2\/pages\/4077"}],"collection":[{"href":"https:\/\/icon.kiobus.org\/edu\/edicion2023\/wp-json\/wp\/v2\/pages"}],"about":[{"href":"https:\/\/icon.kiobus.org\/edu\/edicion2023\/wp-json\/wp\/v2\/types\/page"}],"author":[{"embeddable":true,"href":"https:\/\/icon.kiobus.org\/edu\/edicion2023\/wp-json\/wp\/v2\/users\/1"}],"replies":[{"embeddable":true,"href":"https:\/\/icon.kiobus.org\/edu\/edicion2023\/wp-json\/wp\/v2\/comments?post=4077"}],"version-history":[{"count":69,"href":"https:\/\/icon.kiobus.org\/edu\/edicion2023\/wp-json\/wp\/v2\/pages\/4077\/revisions"}],"predecessor-version":[{"id":6109,"href":"https:\/\/icon.kiobus.org\/edu\/edicion2023\/wp-json\/wp\/v2\/pages\/4077\/revisions\/6109"}],"wp:attachment":[{"href":"https:\/\/icon.kiobus.org\/edu\/edicion2023\/wp-json\/wp\/v2\/media?parent=4077"}],"curies":[{"name":"wp","href":"https:\/\/api.w.org\/{rel}","templated":true}]}}