{"id":567,"date":"2021-11-04T12:24:27","date_gmt":"2021-11-04T11:24:27","guid":{"rendered":"https:\/\/icon.kiobus.org\/edu\/edicion2023\/?page_id=567"},"modified":"2023-04-13T19:00:00","modified_gmt":"2023-04-13T17:00:00","slug":"simposios-invitado","status":"publish","type":"page","link":"https:\/\/icon.kiobus.org\/edu\/edicion2023\/simposios-invitado\/","title":{"rendered":"Simposio invitado"},"content":{"rendered":"<p>[et_pb_section fb_built=\u00bb1&#8243; fullwidth=\u00bbon\u00bb _builder_version=\u00bb4.14.6&#8243; collapsed=\u00bbon\u00bb global_colors_info=\u00bb{}\u00bb][et_pb_fullwidth_menu active_link_color=\u00bb#e02b20&#8243; dropdown_menu_line_color=\u00bb#e02b20&#8243; _builder_version=\u00bb4.0.11&#8243; menu_font=\u00bb||||||||\u00bb menu_text_color=\u00bb#000000&#8243; menu_font_size=\u00bb17px\u00bb global_colors_info=\u00bb{}\u00bb][\/et_pb_fullwidth_menu][\/et_pb_section][et_pb_section fb_built=\u00bb1&#8243; admin_label=\u00bbSecci\u00f3n SIMPOSIOS\u00bb _builder_version=\u00bb4.14.6&#8243; background_color=\u00bb#9e1d11&#8243; custom_padding=\u00bb0|0px|0|0px|false|false\u00bb collapsed=\u00bbon\u00bb global_colors_info=\u00bb{}\u00bb][et_pb_row _builder_version=\u00bb3.25&#8243; global_colors_info=\u00bb{}\u00bb][et_pb_column type=\u00bb4_4&#8243; _builder_version=\u00bb3.25&#8243; custom_padding=\u00bb|||\u00bb global_colors_info=\u00bb{}\u00bb custom_padding__hover=\u00bb|||\u00bb][et_pb_text _builder_version=\u00bb4.14.6&#8243; text_font=\u00bb||||||||\u00bb header_font=\u00bb||||||||\u00bb header_text_align=\u00bbcenter\u00bb header_text_color=\u00bb#FFFFFF\u00bb global_colors_info=\u00bb{}\u00bb]<\/p>\n<h1 style=\"text-align: center;\">SIMPOSIOS INVITADOS<\/h1>\n<p>[\/et_pb_text][\/et_pb_column][\/et_pb_row][\/et_pb_section][et_pb_section fb_built=\u00bb1&#8243; _builder_version=\u00bb3.22&#8243; collapsed=\u00bbon\u00bb global_colors_info=\u00bb{}\u00bb][et_pb_row _builder_version=\u00bb4.0.11&#8243; global_colors_info=\u00bb{}\u00bb][et_pb_column type=\u00bb4_4&#8243; _builder_version=\u00bb4.0.11&#8243; global_colors_info=\u00bb{}\u00bb][et_pb_text _builder_version=\u00bb4.14.6&#8243; global_colors_info=\u00bb{}\u00bb]<\/p>\n<p><span>ICON-edu incluye la posibilidad de celebrar <strong>\u00absimposios invitados\u00bb<\/strong>. Esta posibilidad est\u00e1 abierta a <strong>cualquier grupo de participantes<\/strong> interesados en ello.\u00a0<\/span><\/p>\n<ul><\/ul>\n<p>[\/et_pb_text][\/et_pb_column][\/et_pb_row][et_pb_row _builder_version=\u00bb4.14.6&#8243; _module_preset=\u00bbdefault\u00bb global_colors_info=\u00bb{}\u00bb][et_pb_column type=\u00bb4_4&#8243; _builder_version=\u00bb4.14.6&#8243; _module_preset=\u00bbdefault\u00bb global_colors_info=\u00bb{}\u00bb][et_pb_text _builder_version=\u00bb4.14.6&#8243; _module_preset=\u00bbdefault\u00bb hover_enabled=\u00bb0&#8243; global_colors_info=\u00bb{}\u00bb sticky_enabled=\u00bb0&#8243;]<\/p>\n<p><strong>PASOS A SEGUIR:<\/strong><\/p>\n<ol>\n<li>El coordinador\/a remite un email a <a href=\"mailto:icon.congress@ua.es\">icon.congress@ua.es<\/a> solicitando un simposio invitado. Indicar\u00e1 en el asunto \u00absolicitud de simposio\u00bb y en el cuerpo del mensaje: t\u00edtulo del simposio, una breve descripci\u00f3n (entre 60 y 80 palabras), nombre apellidos y breve curr\u00edculum (en torno a 70 palabras). El Comit\u00e9 Organizador responder\u00e1 en un plazo de 2 d\u00edas la aceptaci\u00f3n o no de dicho simposio.<\/li>\n<li><span>Una vez aceptado, desde la secci\u00f3n \u00ab<a href=\"https:\/\/icon.kiobus.org\/edu\/edicion2023\/proceso-de-envio\/\" target=\"_blank\" rel=\"noopener\">Proceso de env\u00edo<\/a>\u00bb se realiza todo el proceso de env\u00edo:<\/span>\n<ul>\n<li><span>Paso 1: fase 1 para los participantes y para los coordinadores:<\/span>\n<ul>\n<li>Cada participante env\u00eda su propia aportaci\u00f3n en esta fase 1 desde la secci\u00f3n \u00abMi cuenta\u00bb y notifica al coordinador\/a el n\u00ba de identificaci\u00f3n de su aportaci\u00f3n.<\/li>\n<li>El\/la coordinador\/a debe cumplimentar el formulario \u00abFase 1. Coord. Simposio\u00bb que est\u00e1 tambi\u00e9n en la secci\u00f3n \u00abMi cuenta\u00bb.<\/li>\n<\/ul>\n<\/li>\n<li><span>Paso 2: pago de matr\u00edcula por parte de cada participante o coordinador\/a.<\/span><\/li>\n<li><span>Paso 3: env\u00edo del material para el congreso.<\/span><\/li>\n<li><span>Paso 4: fase 2 si alg\u00fan participante desea remitir el texto completo.<\/span><\/li>\n<\/ul>\n<\/li>\n<\/ol>\n<p>[\/et_pb_text][\/et_pb_column][\/et_pb_row][et_pb_row _builder_version=\u00bb4.0.11&#8243; global_colors_info=\u00bb{}\u00bb][et_pb_column type=\u00bb4_4&#8243; _builder_version=\u00bb4.0.11&#8243; global_colors_info=\u00bb{}\u00bb][et_pb_text _builder_version=\u00bb4.14.6&#8243; global_colors_info=\u00bb{}\u00bb]<\/p>\n<p><strong>NOTAS:<\/strong><\/p>\n<ol>\n<li><span>Si el simposio se presenta de forma virtual, se deber\u00e1 remitir al Comit\u00e9 organizador un v\u00eddeo previamente grabado por parte de los participantes. Si se presenta de forma presencial, deber\u00e1n estar presentes todos los participantes.<\/span><\/li>\n<li><span>La duraci\u00f3n de un simposio no podr\u00e1 exceder los 30 minutos (tanto virtual como presencial).<\/span><\/li>\n<li><span>Cada simposio est\u00e1 compuesto por un compendio de entre 4 y 5 aportaciones. <\/span><\/li>\n<li><span>Cada aportaci\u00f3n puede estar presentada por una o varias personas.<\/span><\/li>\n<li>Cada simposio lo conformar\u00e1n entre 5 y 10 personas, incluido el coordinador\/a.<span><\/span><\/li>\n<li>El coordinador\/la coordinadora ser\u00e1 quien moderar\u00e1 el simposio.<\/li>\n<li><span>Para el env\u00edo y el pago de matr\u00edcula, una aportaci\u00f3n de un simposio sigue las normas de una comunicaci\u00f3n oral.<\/span><\/li>\n<li>Los simposios invitados son sesiones tem\u00e1ticas que pueden agregar valor a ICON-edu a partir de presentaciones que inviten a la generaci\u00f3n, reflexi\u00f3n, innovaci\u00f3n, investigaci\u00f3n y transferencia de conocimiento en torno a las tem\u00e1ticas del Congreso.<\/li>\n<li>Los simposios pueden estar referidos a: proyectos, temas te\u00f3ricos, presentaci\u00f3n de publicaciones, experiencias innovadoras, etc. El n\u00ba de participantes del simposio ser\u00e1 entre 4 y 8, incluido el coordinador\/a. Cada aportaci\u00f3n se rige por las mismas normas que una comunicaci\u00f3n oral.<\/li>\n<\/ol>\n<p>[\/et_pb_text][\/et_pb_column][\/et_pb_row][et_pb_row _builder_version=\u00bb4.0.11&#8243; global_colors_info=\u00bb{}\u00bb][et_pb_column type=\u00bb4_4&#8243; _builder_version=\u00bb4.0.11&#8243; global_colors_info=\u00bb{}\u00bb][et_pb_text _builder_version=\u00bb4.14.6&#8243; global_colors_info=\u00bb{}\u00bb]<\/p>\n<p><strong>FUNCI\u00d3N DEL COORDINADOR\/A:<\/strong><\/p>\n<ol>\n<li><span>Una persona ejercer\u00e1 de coordinador\/a y el resto ser\u00e1n participantes (el\/la coordinador\/a tambi\u00e9n puede exponer su aportaci\u00f3n).<\/span><\/li>\n<li><span>El\/la coordinador\/a gestionar\u00e1 todo lo concerniente al simposio y ser\u00e1 la \u00fanica persona de contacto con el Comit\u00e9 organizador.\u00a0<\/span><\/li>\n<li>Es el\/la coordinador\/a quien deber\u00e1 comunicar a los participantes de su simposio toda la informaci\u00f3n recibida desde el Congreso. La organizaci\u00f3n no se hace responsable de que no se sigan las indicaciones y normativa (fechas, informaci\u00f3n, etc.). Si no se hace, se dar\u00e1 de baja el simposio.<\/li>\n<\/ol>\n<p>[\/et_pb_text][\/et_pb_column][\/et_pb_row][et_pb_row _builder_version=\u00bb4.0.11&#8243; global_colors_info=\u00bb{}\u00bb][et_pb_column type=\u00bb4_4&#8243; _builder_version=\u00bb4.0.11&#8243; global_colors_info=\u00bb{}\u00bb][et_pb_text _builder_version=\u00bb4.14.6&#8243; min_height=\u00bb254.6px\u00bb custom_padding=\u00bb||62px|||\u00bb global_colors_info=\u00bb{}\u00bb]<\/p>\n<p><strong>INSCRIPCI\u00d3N Y MATR\u00cdCULA:<\/strong><\/p>\n<ol>\n<li><span>Si un simposio es aceptado, todos los autores deben inscribirse y pagar la correspondiente matr\u00edcula seg\u00fan la normativa general.\u00a0<\/span><\/li>\n<li>Todos los participantes del simposio (incluido el coordinador\/a) tendr\u00e1n un perfil general como participantes de comunicaci\u00f3n oral de ICON-edu: modalidad A, B1 o B2 (seg\u00fan lo que deseen). Ello significa que se regir\u00e1n por la normativa general de ICON-edu (importe de matr\u00edcula, n\u00ba m\u00e1ximo de aportaciones, publicaciones, etc.).<\/li>\n<li>Es imprescindible tener formalizado el pago de matr\u00edcula en el Congreso de TODOS los participantes en el simposio para ser aceptado finalmente.<\/li>\n<li>Si alg\u00fan autor no se formaliza su matr\u00edcula en tiempo y forma, no podr\u00e1 realizarse el simposio. En ese caso, los trabajos de los autores que s\u00ed se hayan inscrito pasar\u00e1n autom\u00e1ticamente a comunicaciones orales.<\/li>\n<\/ol>\n<p><strong>PUBLICACI\u00d3N: <\/strong><\/p>\n<p>Los trabajos de cada simposio (env\u00edos fase 1) ser\u00e1n publicados en el Libro de Actas en la prestigiosa editorial Octaedro indexada en SPI Q1 en una secci\u00f3n exclusiva que tendr\u00e1 el t\u00edtulo del simposio.<\/p>\n<p>Adem\u00e1s, y ya de forma independiente, el\/la autor\/es de cada trabajo podr\u00e1n presentar el texto completo para ser publicado. En este caso, la normativa es la general para trabajos completos (env\u00edos fase 2).<\/p>\n<p>[\/et_pb_text][\/et_pb_column][\/et_pb_row][\/et_pb_section]<\/p>\n","protected":false},"excerpt":{"rendered":"<p>SIMPOSIOS INVITADOSICON-edu incluye la posibilidad de celebrar \u00absimposios invitados\u00bb. Esta posibilidad est\u00e1 abierta a cualquier grupo de participantes interesados en ello.\u00a0 PASOS A SEGUIR: El coordinador\/a remite un email a icon.congress@ua.es solicitando un simposio invitado. Indicar\u00e1 en el asunto \u00absolicitud de simposio\u00bb y en el cuerpo del mensaje: t\u00edtulo del simposio, una breve descripci\u00f3n (entre [&hellip;]<\/p>\n","protected":false},"author":1,"featured_media":0,"parent":0,"menu_order":0,"comment_status":"closed","ping_status":"closed","template":"","meta":{"_et_pb_use_builder":"on","_et_pb_old_content":"","_et_gb_content_width":"","_mc_calendar":[]},"_links":{"self":[{"href":"https:\/\/icon.kiobus.org\/edu\/edicion2023\/wp-json\/wp\/v2\/pages\/567"}],"collection":[{"href":"https:\/\/icon.kiobus.org\/edu\/edicion2023\/wp-json\/wp\/v2\/pages"}],"about":[{"href":"https:\/\/icon.kiobus.org\/edu\/edicion2023\/wp-json\/wp\/v2\/types\/page"}],"author":[{"embeddable":true,"href":"https:\/\/icon.kiobus.org\/edu\/edicion2023\/wp-json\/wp\/v2\/users\/1"}],"replies":[{"embeddable":true,"href":"https:\/\/icon.kiobus.org\/edu\/edicion2023\/wp-json\/wp\/v2\/comments?post=567"}],"version-history":[{"count":80,"href":"https:\/\/icon.kiobus.org\/edu\/edicion2023\/wp-json\/wp\/v2\/pages\/567\/revisions"}],"predecessor-version":[{"id":5149,"href":"https:\/\/icon.kiobus.org\/edu\/edicion2023\/wp-json\/wp\/v2\/pages\/567\/revisions\/5149"}],"wp:attachment":[{"href":"https:\/\/icon.kiobus.org\/edu\/edicion2023\/wp-json\/wp\/v2\/media?parent=567"}],"curies":[{"name":"wp","href":"https:\/\/api.w.org\/{rel}","templated":true}]}}