{"id":582,"date":"2021-11-04T13:05:53","date_gmt":"2021-11-04T12:05:53","guid":{"rendered":"https:\/\/icon.kiobus.org\/edu\/edicion2023\/?page_id=582"},"modified":"2023-06-09T10:20:15","modified_gmt":"2023-06-09T08:20:15","slug":"comites","status":"publish","type":"page","link":"https:\/\/icon.kiobus.org\/edu\/edicion2023\/comites\/","title":{"rendered":"Comit\u00e9s"},"content":{"rendered":"<p>[et_pb_section fb_built=\u00bb1&#8243; fullwidth=\u00bbon\u00bb disabled_on=\u00bbon|on|off\u00bb _builder_version=\u00bb4.14.6&#8243; sticky_position=\u00bbtop\u00bb collapsed=\u00bboff\u00bb global_colors_info=\u00bb{}\u00bb][et_pb_fullwidth_menu active_link_color=\u00bb#e02b20&#8243; dropdown_menu_line_color=\u00bb#e02b20&#8243; _builder_version=\u00bb4.0.11&#8243; menu_font=\u00bb||||||||\u00bb menu_text_color=\u00bb#000000&#8243; menu_font_size=\u00bb17px\u00bb global_colors_info=\u00bb{}\u00bb][\/et_pb_fullwidth_menu][\/et_pb_section][et_pb_section fb_built=\u00bb1&#8243; admin_label=\u00bbSecci\u00f3n COMITE CIENTIFICO\u00bb _builder_version=\u00bb4.14.6&#8243; background_color=\u00bb#ED5550&#8243; custom_padding=\u00bb0|0px|0|0px|false|false\u00bb collapsed=\u00bbon\u00bb global_colors_info=\u00bb{}\u00bb][et_pb_row _builder_version=\u00bb3.25&#8243; global_colors_info=\u00bb{}\u00bb][et_pb_column type=\u00bb4_4&#8243; _builder_version=\u00bb3.25&#8243; custom_padding=\u00bb|||\u00bb global_colors_info=\u00bb{}\u00bb custom_padding__hover=\u00bb|||\u00bb][et_pb_text _builder_version=\u00bb4.14.6&#8243; text_font=\u00bb||||||||\u00bb header_font=\u00bb||||||||\u00bb header_text_align=\u00bbcenter\u00bb header_text_color=\u00bb#FFFFFF\u00bb global_colors_info=\u00bb{}\u00bb]<\/p>\n<h1 style=\"text-align: center;\">COMIT\u00c9S<\/h1>\n<p>[\/et_pb_text][\/et_pb_column][\/et_pb_row][\/et_pb_section][et_pb_section fb_built=\u00bb1&#8243; _builder_version=\u00bb4.14.6&#8243; custom_margin=\u00bb0px||||false|false\u00bb custom_padding=\u00bb0px||||false|false\u00bb collapsed=\u00bboff\u00bb global_colors_info=\u00bb{}\u00bb][et_pb_row _builder_version=\u00bb4.0.11&#8243; global_colors_info=\u00bb{}\u00bb][et_pb_column type=\u00bb4_4&#8243; _builder_version=\u00bb4.0.11&#8243; global_colors_info=\u00bb{}\u00bb][et_pb_tabs _builder_version=\u00bb4.14.6&#8243; _module_preset=\u00bbdefault\u00bb tab_font_size=\u00bb18px\u00bb global_colors_info=\u00bb{}\u00bb][et_pb_tab title=\u00bbComit\u00e9 Internacional de Direcci\u00f3n y Organizaci\u00f3n\u00bb _builder_version=\u00bb4.14.6&#8243; _module_preset=\u00bbdefault\u00bb global_colors_info=\u00bb{}\u00bb]<\/p>\n<p>Profa. Dra. Rosabel Roig Vila, \u00a0Universidad de Alicante (Presidenta)<\/p>\n<p>Prof. Dr. Jordi M. Antol\u00ed Mart\u00ednez, Universidad de Alicante (Secretario)<\/p>\n<p>Prof. Dr. Dr. Vicent Martines P\u00e9rez,\u00a0 Universidad de Alicante<\/p>\n<p>Prof. Dr. Antonio Cortijo, University of California at Santa Barbara<\/p>\n<p>Profa. Dra. Carolina Flores Lueg, Universidad del B\u00edo-B\u00edo<\/p>\n<p><span>Prof. Dr. Alexander L\u00f3pez Padr\u00f3n, Universidad T\u00e9cnica de Manab\u00ed<\/span><\/p>\n<p>Prof. Dr. Santiago Mengual Andr\u00e9s, Universitat de Val\u00e8ncia<\/p>\n<p>Prof. Dr. Fabrizio Manuel Sirignano, Universit\u00e0 degli Studi Suor Orsola Benincasa<\/p>\n<p><span>Profa. Dra. Chelo Vargas-Sierra, IULMA, Universidad de Alicante<\/span><\/p>\n<p>[\/et_pb_tab][\/et_pb_tabs][et_pb_tabs _builder_version=\u00bb4.14.6&#8243; _module_preset=\u00bbdefault\u00bb tab_font_size=\u00bb18px\u00bb global_colors_info=\u00bb{}\u00bb][et_pb_tab title=\u00bbComit\u00e9 Internacional de Honor\u00bb _builder_version=\u00bb4.14.6&#8243; _module_preset=\u00bbdefault\u00bb global_colors_info=\u00bb{}\u00bb]<\/p>\n<p>Profa. Dra. Amparo Navarro Faure, Rectora de la Universidad de Alicante<\/p>\n<p>Prof. Dr. Antonio Bascones Mart\u00ednez, Presidente de la Real Academia de Doctores de Espa\u00f1a<\/p>\n<p><span>Prof. Dr. Santiago Quiroz Fern\u00e1ndez<\/span>, Rector de la Universidad T\u00e9cnica de Manab\u00ed<\/p>\n<p>Prof. Dr. L\u00e1szl\u00f3 Borhy, Rector de la E\u00f6tv\u00f6s Lor\u00e1nd University<\/p>\n<p>Prof. Dr. Lucio d\u2019Alessandro, Rector de la Universit\u00e0 degli Studi Suor Orsola Benincasa<\/p>\n<p>Prof. Dr. Massimiliano Fiorucci, Rector de la Universit\u00e0 degli Studi Roma Tre<\/p>\n<p>Prof. Dr. Matteo Lorito, Rector de la Universit\u00e0 degli Studi di Napoli Federico II<\/p>\n<p>Prof. Dr. Benito Uma\u00f1a Hermosilla, Rector de la Universidad del B\u00edo-B\u00edo<\/p>\n<p>Prof. Dr. Nelson Z\u00e1rate S\u00e1nchez, Rector de la Universidad Tecnol\u00f3gica de El Salvador<\/p>\n<p>Prof. Dr. Jos\u00e9 M\u00aa Esteve Faubel, Decano de la Facultad de Educaci\u00f3n de la Universidad de Alicante<\/p>\n<p>[\/et_pb_tab][\/et_pb_tabs][et_pb_tabs _builder_version=\u00bb4.14.6&#8243; _module_preset=\u00bbdefault\u00bb tab_font_size=\u00bb18px\u00bb global_colors_info=\u00bb{}\u00bb][et_pb_tab title=\u00bbComit\u00e9 Internacional Cient\u00edfico\u00bb _builder_version=\u00bb4.14.6&#8243; _module_preset=\u00bbdefault\u00bb global_colors_info=\u00bb{}\u00bb]<\/p>\n<p>Profa. Dra.\u00a0 Oana-Dana Bala\u0219, Universitatea din Bucure\u0219ti<\/p>\n<p>Prof. Dr. Enric Bou, Universit\u00e0 Ca\u2019Foscari Venezia<\/p>\n<p>Profa. Dra. Carmen Gloria Burgos Videla, Universidad de Atacama<\/p>\n<p>Profa. Dra. Esther Chiner Sanz, Universidad de Alicante<\/p>\n<p>Prof. Dr. Bal\u00e1zs D\u00e9ri, E\u00f6tv\u00f6s Lor\u00e1nd University<\/p>\n<p>Prof. Dr. Nicolau Dols, Universitat de les Illes Balears, IEC-SF<\/p>\n<p>Prof. Dr. K\u00e1lm\u00e1n Faluba, E\u00f6tv\u00f6s Lor\u00e1nd University, IEC-SF<\/p>\n<p>Profa. Dra. <span>Marisol Fern\u00e1ndez Cueli, Universidad de Oviedo<\/span><\/p>\n<p>Prof. Dr. Enric Mallorqui-Ruscalleda, Indiana University-Purdue University (Indianapolis)<\/p>\n<p>Profa. Dra. Gladys Merma Molina, Universidad de Alicante<\/p>\n<p>Prof. Dr. Marian Preda, Universitatea din Bucure\u0219ti<\/p>\n<p>Prof. Dr. Hans-Ingo Radatz, Otto-Friedrich-Universit\u00e4t Bamberg<\/p>\n<p>Profa. Dra. Yanira Mesalina Ramirez Cruz, Universidad Tecnol\u00f3gica de El Salvador<\/p>\n<p>Prof. Dr. Fernando Sarracino, Universit\u00e0 degli Studi Suor Orsola Benincasa<\/p>\n<p>Profa. Dra. Rozalya Sasor, Jagiellonian University in Kr\u00e1kow<\/p>\n<p>Prof. Dr. Diego Xavier Sierra Pazmi\u00f1o, Universidad Central de Ecuador<\/p>\n<p>Profa. Dra. Lourdes Villalustre Mart\u00ednez, Universidad de Oviedo<\/p>\n<p>&nbsp;<\/p>\n<p>&nbsp;<\/p>\n<p>[\/et_pb_tab][\/et_pb_tabs][et_pb_tabs _builder_version=\u00bb4.14.6&#8243; _module_preset=\u00bbdefault\u00bb tab_font_size=\u00bb18px\u00bb hover_enabled=\u00bb0&#8243; global_colors_info=\u00bb{}\u00bb sticky_enabled=\u00bb0&#8243;][et_pb_tab title=\u00bbMiembros del Comit\u00e9 Organizador\u00bb _builder_version=\u00bb4.14.6&#8243; _module_preset=\u00bbdefault\u00bb hover_enabled=\u00bb0&#8243; global_colors_info=\u00bb{}\u00bb sticky_enabled=\u00bb0&#8243;]<\/p>\n<p>Prof. Dr. Juan Francisco \u00c1lvarez Herrero,\u00a0Universidad de Alicante<\/p>\n<p>Profa. Dra. Mar\u00eda Pilar Aparicio Flores,\u00a0Universidad de Alicante<\/p>\n<p>Profa. Dra. Esther Chiner Sanz, Universidad de Alicante<\/p>\n<p>Profa. Ver\u00f3nica Chust P\u00e9rez, Universidad de Alicante<\/p>\n<p>Profa. Dra. Mar\u00eda Teresa del Olmo Ib\u00e1\u00f1ez, Universidad de Alicante<\/p>\n<p>Profa. Dra.\u00a0Rosa Pilar Esteve Faubel,\u00a0Universidad de Alicante<\/p>\n<p>Profa. Dra. Aitana Fern\u00e1ndez Sogorb, Universidad de Alicante<\/p>\n<p>Prof. Dr. Diego Gavil\u00e1n Mart\u00edn,\u00a0Universidad de Alicante<\/p>\n<p>Prof. Dr. Marcos G\u00f3mez Puerta, Universidad de Alicante<\/p>\n<p><span>Profa. Rosabel Mart\u00ednez Roig, Universidad de Alicante<\/span><\/p>\n<p><span>Profa. Dra. Copelia Mateo Guill\u00e9n, Universidad de Alicante<\/span><\/p>\n<p><span>Prof. Dr. Delf\u00edn Ortega S\u00e1nchez, Universidad de Burgos<\/span><\/p>\n<p><span>Profa. Dra. M\u00aa Luisa Rico G\u00f3mez, Universidad de Alicante<\/span><\/p>\n<p><span>Profa. Dra. Elena S\u00e1nchez L\u00f3pez, Universidad de Alicante<\/span><\/p>\n<p>Prof. Dr. Iv\u00e1n S\u00e1nchez L\u00f3pez, Universidad de Alicante<\/p>\n<p>Prof. Dra. Mayra Urrea Solano,\u00a0Universidad de Alicante<\/p>\n<p>Profa. Dra. Marisol Villarrubia Z\u00fa\u00f1iga, Universidad de Alicante<\/p>\n<p>[\/et_pb_tab][\/et_pb_tabs][\/et_pb_column][\/et_pb_row][\/et_pb_section]<\/p>\n","protected":false},"excerpt":{"rendered":"<p>COMIT\u00c9SProfa. Dra. Rosabel Roig Vila, \u00a0Universidad de Alicante (Presidenta) Prof. Dr. Jordi M. Antol\u00ed Mart\u00ednez, Universidad de Alicante (Secretario) Prof. Dr. Dr. Vicent Martines P\u00e9rez,\u00a0 Universidad de Alicante Prof. Dr. Antonio Cortijo, University of California at Santa Barbara Profa. Dra. Carolina Flores Lueg, Universidad del B\u00edo-B\u00edo Prof. Dr. Alexander L\u00f3pez Padr\u00f3n, Universidad T\u00e9cnica de Manab\u00ed [&hellip;]<\/p>\n","protected":false},"author":1,"featured_media":0,"parent":0,"menu_order":0,"comment_status":"closed","ping_status":"closed","template":"","meta":{"_et_pb_use_builder":"on","_et_pb_old_content":"","_et_gb_content_width":"","_mc_calendar":[]},"_links":{"self":[{"href":"https:\/\/icon.kiobus.org\/edu\/edicion2023\/wp-json\/wp\/v2\/pages\/582"}],"collection":[{"href":"https:\/\/icon.kiobus.org\/edu\/edicion2023\/wp-json\/wp\/v2\/pages"}],"about":[{"href":"https:\/\/icon.kiobus.org\/edu\/edicion2023\/wp-json\/wp\/v2\/types\/page"}],"author":[{"embeddable":true,"href":"https:\/\/icon.kiobus.org\/edu\/edicion2023\/wp-json\/wp\/v2\/users\/1"}],"replies":[{"embeddable":true,"href":"https:\/\/icon.kiobus.org\/edu\/edicion2023\/wp-json\/wp\/v2\/comments?post=582"}],"version-history":[{"count":79,"href":"https:\/\/icon.kiobus.org\/edu\/edicion2023\/wp-json\/wp\/v2\/pages\/582\/revisions"}],"predecessor-version":[{"id":6215,"href":"https:\/\/icon.kiobus.org\/edu\/edicion2023\/wp-json\/wp\/v2\/pages\/582\/revisions\/6215"}],"wp:attachment":[{"href":"https:\/\/icon.kiobus.org\/edu\/edicion2023\/wp-json\/wp\/v2\/media?parent=582"}],"curies":[{"name":"wp","href":"https:\/\/api.w.org\/{rel}","templated":true}]}}