{"id":586,"date":"2021-11-04T13:06:50","date_gmt":"2021-11-04T12:06:50","guid":{"rendered":"https:\/\/icon.kiobus.org\/edu\/edicion2023\/?page_id=586"},"modified":"2023-02-07T16:54:42","modified_gmt":"2023-02-07T15:54:42","slug":"secretaria-y-contacto","status":"publish","type":"page","link":"https:\/\/icon.kiobus.org\/edu\/edicion2023\/secretaria-y-contacto\/","title":{"rendered":"Secretar\u00eda y contacto"},"content":{"rendered":"<p>[et_pb_section fb_built=\u00bb1&#8243; fullwidth=\u00bbon\u00bb disabled_on=\u00bbon|on|off\u00bb _builder_version=\u00bb4.14.6&#8243; sticky_position=\u00bbtop\u00bb collapsed=\u00bbon\u00bb global_colors_info=\u00bb{}\u00bb][et_pb_fullwidth_menu active_link_color=\u00bb#e02b20&#8243; dropdown_menu_line_color=\u00bb#e02b20&#8243; _builder_version=\u00bb4.0.11&#8243; menu_font=\u00bb||||||||\u00bb menu_text_color=\u00bb#000000&#8243; menu_font_size=\u00bb17px\u00bb global_colors_info=\u00bb{}\u00bb][\/et_pb_fullwidth_menu][\/et_pb_section][et_pb_section fb_built=\u00bb1&#8243; admin_label=\u00bbSecci\u00f3n SECRETARIA TECNICA\u00bb _builder_version=\u00bb4.14.6&#8243; background_color=\u00bb#ED5550&#8243; custom_padding=\u00bb0|0px|0|0px|false|false\u00bb collapsed=\u00bboff\u00bb global_colors_info=\u00bb{}\u00bb][et_pb_row _builder_version=\u00bb3.25&#8243; global_colors_info=\u00bb{}\u00bb][et_pb_column type=\u00bb4_4&#8243; _builder_version=\u00bb3.25&#8243; custom_padding=\u00bb|||\u00bb global_colors_info=\u00bb{}\u00bb custom_padding__hover=\u00bb|||\u00bb][et_pb_text _builder_version=\u00bb4.0.11&#8243; text_font=\u00bb||||||||\u00bb header_font=\u00bb||||||||\u00bb header_text_align=\u00bbcenter\u00bb header_text_color=\u00bb#FFFFFF\u00bb global_colors_info=\u00bb{}\u00bb]<\/p>\n<h1 style=\"text-align: center;\">SECRETAR\u00cdA Y CONTACTO<\/h1>\n<p>[\/et_pb_text][\/et_pb_column][\/et_pb_row][\/et_pb_section][et_pb_section fb_built=\u00bb1&#8243; _builder_version=\u00bb4.14.6&#8243; custom_margin=\u00bb0px||||false|false\u00bb custom_padding=\u00bb0px||||false|false\u00bb collapsed=\u00bboff\u00bb global_colors_info=\u00bb{}\u00bb][et_pb_row _builder_version=\u00bb4.0.11&#8243; global_colors_info=\u00bb{}\u00bb][et_pb_column type=\u00bb4_4&#8243; _builder_version=\u00bb4.0.11&#8243; global_colors_info=\u00bb{}\u00bb][et_pb_text _builder_version=\u00bb4.14.6&#8243; global_colors_info=\u00bb{}\u00bb]<\/p>\n<p><span>Si tiene cualquier duda o consulta visite nuestro espacio de <a href=\"https:\/\/icon.kiobus.org\/edu\/edicion2023\/preguntas-frecuentes\/\">PREGUNTAS FRECUENTES (FAQ)<\/a> y, en caso de no resolver su cuesti\u00f3n, p<\/span>uede contactar con nosotros a trav\u00e9s de diversas v\u00edas:<\/p>\n<p>1. Correo electr\u00f3nico: <a href=\"mailto:icon.congress@gmail.com\">icon.congress@gmail.com<\/a><\/p>\n<p>2. F<span>ormulario:<\/span><\/p>\n<p>[\/et_pb_text][et_pb_contact_form email=\u00bbicon.congress@gmail.com\u00bb custom_message=\u00bb%%name%% &#8211; %%email%%||et_pb_line_break_holder||||et_pb_line_break_holder||%%message%%\u00bb _builder_version=\u00bb4.14.6&#8243; _unique_id=\u00bb2ace233f-cc8b-481d-8ba1-a8beb522c28e\u00bb global_colors_info=\u00bb{}\u00bb][et_pb_contact_field field_id=\u00bbName\u00bb field_title=\u00bbNombre\u00bb _builder_version=\u00bb4.14.6&#8243; global_colors_info=\u00bb{}\u00bb button_text_size__hover_enabled=\u00bboff\u00bb button_one_text_size__hover_enabled=\u00bboff\u00bb button_two_text_size__hover_enabled=\u00bboff\u00bb button_text_color__hover_enabled=\u00bboff\u00bb button_one_text_color__hover_enabled=\u00bboff\u00bb button_two_text_color__hover_enabled=\u00bboff\u00bb button_border_width__hover_enabled=\u00bboff\u00bb button_one_border_width__hover_enabled=\u00bboff\u00bb button_two_border_width__hover_enabled=\u00bboff\u00bb button_border_color__hover_enabled=\u00bboff\u00bb button_one_border_color__hover_enabled=\u00bboff\u00bb button_two_border_color__hover_enabled=\u00bboff\u00bb button_border_radius__hover_enabled=\u00bboff\u00bb button_one_border_radius__hover_enabled=\u00bboff\u00bb button_two_border_radius__hover_enabled=\u00bboff\u00bb button_letter_spacing__hover_enabled=\u00bboff\u00bb button_one_letter_spacing__hover_enabled=\u00bboff\u00bb button_two_letter_spacing__hover_enabled=\u00bboff\u00bb button_bg_color__hover_enabled=\u00bboff\u00bb button_one_bg_color__hover_enabled=\u00bboff\u00bb button_two_bg_color__hover_enabled=\u00bboff\u00bb][\/et_pb_contact_field][et_pb_contact_field field_id=\u00bbEmail\u00bb field_title=\u00bbDirecci\u00f3n de correo electr\u00f3nico\u00bb field_type=\u00bbemail\u00bb _builder_version=\u00bb3.16&#8243; global_colors_info=\u00bb{}\u00bb button_text_size__hover_enabled=\u00bboff\u00bb button_one_text_size__hover_enabled=\u00bboff\u00bb button_two_text_size__hover_enabled=\u00bboff\u00bb button_text_color__hover_enabled=\u00bboff\u00bb button_one_text_color__hover_enabled=\u00bboff\u00bb button_two_text_color__hover_enabled=\u00bboff\u00bb button_border_width__hover_enabled=\u00bboff\u00bb button_one_border_width__hover_enabled=\u00bboff\u00bb button_two_border_width__hover_enabled=\u00bboff\u00bb button_border_color__hover_enabled=\u00bboff\u00bb button_one_border_color__hover_enabled=\u00bboff\u00bb button_two_border_color__hover_enabled=\u00bboff\u00bb button_border_radius__hover_enabled=\u00bboff\u00bb button_one_border_radius__hover_enabled=\u00bboff\u00bb button_two_border_radius__hover_enabled=\u00bboff\u00bb button_letter_spacing__hover_enabled=\u00bboff\u00bb button_one_letter_spacing__hover_enabled=\u00bboff\u00bb button_two_letter_spacing__hover_enabled=\u00bboff\u00bb button_bg_color__hover_enabled=\u00bboff\u00bb button_one_bg_color__hover_enabled=\u00bboff\u00bb button_two_bg_color__hover_enabled=\u00bboff\u00bb][\/et_pb_contact_field][et_pb_contact_field field_id=\u00bbMessage\u00bb field_title=\u00bbMensaje\u00bb field_type=\u00bbtext\u00bb fullwidth_field=\u00bbon\u00bb _builder_version=\u00bb4.14.6&#8243; global_colors_info=\u00bb{}\u00bb button_text_size__hover_enabled=\u00bboff\u00bb button_one_text_size__hover_enabled=\u00bboff\u00bb button_two_text_size__hover_enabled=\u00bboff\u00bb button_text_color__hover_enabled=\u00bboff\u00bb button_one_text_color__hover_enabled=\u00bboff\u00bb button_two_text_color__hover_enabled=\u00bboff\u00bb button_border_width__hover_enabled=\u00bboff\u00bb button_one_border_width__hover_enabled=\u00bboff\u00bb button_two_border_width__hover_enabled=\u00bboff\u00bb button_border_color__hover_enabled=\u00bboff\u00bb button_one_border_color__hover_enabled=\u00bboff\u00bb button_two_border_color__hover_enabled=\u00bboff\u00bb button_border_radius__hover_enabled=\u00bboff\u00bb button_one_border_radius__hover_enabled=\u00bboff\u00bb button_two_border_radius__hover_enabled=\u00bboff\u00bb button_letter_spacing__hover_enabled=\u00bboff\u00bb button_one_letter_spacing__hover_enabled=\u00bboff\u00bb button_two_letter_spacing__hover_enabled=\u00bboff\u00bb button_bg_color__hover_enabled=\u00bboff\u00bb button_one_bg_color__hover_enabled=\u00bboff\u00bb button_two_bg_color__hover_enabled=\u00bboff\u00bb][\/et_pb_contact_field][\/et_pb_contact_form][et_pb_text _builder_version=\u00bb4.0.11&#8243; global_colors_info=\u00bb{}\u00bb]<\/p>\n<p style=\"font-size: 10px; line-height: 11px; text-align: justify;\">En base a la Ley Org\u00e1nica de Protecci\u00f3n de Datos Espa\u00f1ola 15\/1999 del 13\/12\/1999 y del Reglamento de Protecci\u00f3n de Datos U.E.2016\/679 le comunicamos que su direcci\u00f3n de correo electr\u00f3nico forma parte de nuestro fichero automatizado al objeto de prestarle los servicios e informaciones solicitadas. Le informamos que el responsable del tratamiento es GRUPO KIOBUS S.L., E16912909, con domicilio en CALLE OLIVER, 37 DESPACHO 6, 03802, ALCOY, ALICANTE, ESPA\u00d1A, U.E. Usted tiene derecho a acceder, rectificar y suprimir los datos, as\u00ed como otros derechos como se explica en la informaci\u00f3n adicional. Puede consultar la informaci\u00f3n adicional y detallada sobre Protecci\u00f3n de Datos en nuestra p\u00e1gina web: KIOBUS.COM. Si no desea en el futuro seguir recibiendo informaci\u00f3n puede darse de baja notificando al siguiente e-mail KIOBUS@KIOBUS.COM o en la direcci\u00f3n postal en CALLE OLIVER, 37 DESPACHO 6, 03802, ALCOY, ALICANTE.<\/p>\n<p style=\"font-size: 10px; line-height: 10px; text-align: justify;\">Este mensaje y sus anexos pueden contener informaci\u00f3n confidencial y\/o con derecho legal. Est\u00e1 dirigido \u00fanicamente a la persona\/s o entidad\/es rese\u00f1adas como \u00fanico destinatario autorizado. Si este mensaje le hubiera llegado por error, no deber\u00e1 copiarlo ni divulgar su contenido. Por favor elim\u00ednelo sin revisarlo ni reenviarlo y notif\u00edquelo inmediatamente al remitente. Gracias por su colaboraci\u00f3n.<\/p>\n<p>[\/et_pb_text][\/et_pb_column][\/et_pb_row][et_pb_row column_structure=\u00bb1_2,1_2&#8243; _builder_version=\u00bb4.14.6&#8243; global_colors_info=\u00bb{}\u00bb][et_pb_column type=\u00bb1_2&#8243; _builder_version=\u00bb4.14.6&#8243; global_colors_info=\u00bb{}\u00bb][et_pb_text _builder_version=\u00bb4.14.6&#8243; hover_enabled=\u00bb0&#8243; global_colors_info=\u00bb{}\u00bb sticky_enabled=\u00bb0&#8243;]<\/p>\n<p><span>Durante los d\u00edas del Congreso, la Secretar\u00eda estar\u00e1 ubicada en:<br \/>\u00a0<\/span><\/p>\n<h3 style=\"padding-left: 40px;\"><span>Planta Baja de la Facultad de Educaci\u00f3n<\/span><\/h3>\n<h4 style=\"padding-left: 40px;\"><span>Universidad de Alicante<\/span><\/h4>\n<p style=\"padding-left: 40px;\"><span><\/span><span>Campus Sant Vicent del Raspeig<br \/><\/span><span>C\/ Aeroplano, S\/N<br \/><\/span><span>03690- Sant Vicent del Raspeig<\/span><\/p>\n<p>[\/et_pb_text][\/et_pb_column][et_pb_column type=\u00bb1_2&#8243; _builder_version=\u00bb4.14.6&#8243; _module_preset=\u00bbdefault\u00bb global_colors_info=\u00bb{}\u00bb][et_pb_image src=\u00bbhttps:\/\/icon.kiobus.org\/edu\/edicion2023\/wp-content\/uploads\/2023\/02\/facultad-educacion.png\u00bb title_text=\u00bbfacultad-educacion\u00bb align=\u00bbcenter\u00bb _builder_version=\u00bb4.14.6&#8243; _module_preset=\u00bbdefault\u00bb custom_margin=\u00bb0px|0px|0px|0px|false|false\u00bb custom_padding=\u00bb0px|0px|0px|0px|false|false\u00bb hover_enabled=\u00bb0&#8243; global_colors_info=\u00bb{}\u00bb sticky_enabled=\u00bb0&#8243;][\/et_pb_image][\/et_pb_column][\/et_pb_row][\/et_pb_section]<\/p>\n","protected":false},"excerpt":{"rendered":"<p>SECRETAR\u00cdA Y CONTACTOSi tiene cualquier duda o consulta visite nuestro espacio de PREGUNTAS FRECUENTES (FAQ) y, en caso de no resolver su cuesti\u00f3n, puede contactar con nosotros a trav\u00e9s de diversas v\u00edas: 1. Correo electr\u00f3nico: icon.congress@gmail.com 2. Formulario:En base a la Ley Org\u00e1nica de Protecci\u00f3n de Datos Espa\u00f1ola 15\/1999 del 13\/12\/1999 y del Reglamento de [&hellip;]<\/p>\n","protected":false},"author":1,"featured_media":0,"parent":0,"menu_order":0,"comment_status":"closed","ping_status":"closed","template":"","meta":{"_et_pb_use_builder":"on","_et_pb_old_content":"","_et_gb_content_width":"","_mc_calendar":[]},"_links":{"self":[{"href":"https:\/\/icon.kiobus.org\/edu\/edicion2023\/wp-json\/wp\/v2\/pages\/586"}],"collection":[{"href":"https:\/\/icon.kiobus.org\/edu\/edicion2023\/wp-json\/wp\/v2\/pages"}],"about":[{"href":"https:\/\/icon.kiobus.org\/edu\/edicion2023\/wp-json\/wp\/v2\/types\/page"}],"author":[{"embeddable":true,"href":"https:\/\/icon.kiobus.org\/edu\/edicion2023\/wp-json\/wp\/v2\/users\/1"}],"replies":[{"embeddable":true,"href":"https:\/\/icon.kiobus.org\/edu\/edicion2023\/wp-json\/wp\/v2\/comments?post=586"}],"version-history":[{"count":35,"href":"https:\/\/icon.kiobus.org\/edu\/edicion2023\/wp-json\/wp\/v2\/pages\/586\/revisions"}],"predecessor-version":[{"id":4539,"href":"https:\/\/icon.kiobus.org\/edu\/edicion2023\/wp-json\/wp\/v2\/pages\/586\/revisions\/4539"}],"wp:attachment":[{"href":"https:\/\/icon.kiobus.org\/edu\/edicion2023\/wp-json\/wp\/v2\/media?parent=586"}],"curies":[{"name":"wp","href":"https:\/\/api.w.org\/{rel}","templated":true}]}}