{"id":638,"date":"2021-11-04T13:58:09","date_gmt":"2021-11-04T12:58:09","guid":{"rendered":"https:\/\/icon.kiobus.org\/edu\/edicion2023\/?page_id=638"},"modified":"2023-04-22T07:33:01","modified_gmt":"2023-04-22T05:33:01","slug":"preguntas-frecuentes","status":"publish","type":"page","link":"https:\/\/icon.kiobus.org\/edu\/edicion2023\/preguntas-frecuentes\/","title":{"rendered":"Preguntas frecuentes"},"content":{"rendered":"<p>[et_pb_section fb_built=\u00bb1&#8243; fullwidth=\u00bbon\u00bb disabled_on=\u00bbon|on|off\u00bb _builder_version=\u00bb4.14.6&#8243; sticky_position=\u00bbtop\u00bb collapsed=\u00bbon\u00bb global_colors_info=\u00bb{}\u00bb][et_pb_fullwidth_menu active_link_color=\u00bb#e02b20&#8243; dropdown_menu_line_color=\u00bb#e02b20&#8243; _builder_version=\u00bb4.0.11&#8243; menu_font=\u00bb||||||||\u00bb menu_text_color=\u00bb#000000&#8243; menu_font_size=\u00bb17px\u00bb global_colors_info=\u00bb{}\u00bb][\/et_pb_fullwidth_menu][\/et_pb_section][et_pb_section fb_built=\u00bb1&#8243; admin_label=\u00bbSecci\u00f3n COMITE CIENTIFICO\u00bb _builder_version=\u00bb4.14.6&#8243; background_color=\u00bb#ED5550&#8243; custom_padding=\u00bb0|0px|0|0px|false|false\u00bb collapsed=\u00bbon\u00bb global_colors_info=\u00bb{}\u00bb][et_pb_row _builder_version=\u00bb3.25&#8243; global_colors_info=\u00bb{}\u00bb][et_pb_column type=\u00bb4_4&#8243; _builder_version=\u00bb3.25&#8243; custom_padding=\u00bb|||\u00bb global_colors_info=\u00bb{}\u00bb custom_padding__hover=\u00bb|||\u00bb][et_pb_text _builder_version=\u00bb4.0.11&#8243; text_font=\u00bb||||||||\u00bb header_font=\u00bb||||||||\u00bb header_text_align=\u00bbcenter\u00bb header_text_color=\u00bb#FFFFFF\u00bb global_colors_info=\u00bb{}\u00bb]<\/p>\n<h1 style=\"text-align: center;\">PREGUNTAS FRECUENTES<\/h1>\n<p>[\/et_pb_text][\/et_pb_column][\/et_pb_row][\/et_pb_section][et_pb_section fb_built=\u00bb1&#8243; _builder_version=\u00bb3.22&#8243; custom_padding=\u00bb26px|||||\u00bb collapsed=\u00bboff\u00bb global_colors_info=\u00bb{}\u00bb][et_pb_row _builder_version=\u00bb4.0.11&#8243; custom_padding=\u00bb24px|0px|25.4667px|0px|false|false\u00bb global_colors_info=\u00bb{}\u00bb][et_pb_column type=\u00bb4_4&#8243; _builder_version=\u00bb3.25&#8243; custom_padding=\u00bb|||\u00bb global_colors_info=\u00bb{}\u00bb custom_padding__hover=\u00bb|||\u00bb][et_pb_accordion closed_toggle_text_color=\u00bb#ffffff\u00bb closed_toggle_background_color=\u00bb#ED5550&#8243; icon_color=\u00bb#ffffff\u00bb use_icon_font_size=\u00bbon\u00bb icon_font_size=\u00bb18px\u00bb _builder_version=\u00bb4.14.6&#8243; hover_transition_duration=\u00bb100ms\u00bb hover_transition_speed_curve=\u00bblinear\u00bb hover_enabled=\u00bb0&#8243; border_color_all=\u00bb#ED5550&#8243; global_colors_info=\u00bb{}\u00bb sticky_enabled=\u00bb0&#8243;][et_pb_accordion_item title=\u00bb \u00bfTodos los autores de una aportaci\u00f3n deben inscribirse como matriculados en el congreso?\u00bb open=\u00bbon\u00bb _builder_version=\u00bb4.14.6&#8243; global_colors_info=\u00bb{}\u00bb]<\/p>\n<p><span>S\u00ed, todos deber\u00e1n estar inscritos. Los importes de las matr\u00edculas est\u00e1n muy ajustados.<\/span><\/p>\n<p><span>Por tanto, en caso de autor\u00eda m\u00faltiple, deber\u00e1n formalizar la matr\u00edcula todos las autoras o los autores y abonar la cuant\u00eda correspondiente seg\u00fan cada caso.<\/span><\/p>\n<p>[\/et_pb_accordion_item][et_pb_accordion_item title=\u00bb\u00bfCu\u00e1ntas aportaciones se pueden enviar?\u00bb _builder_version=\u00bb4.14.6&#8243; global_colors_info=\u00bb{}\u00bb open=\u00bboff\u00bb]<\/p>\n<p>Un autor puede enviar hasta <strong>dos<\/strong> aportaciones en la <strong>fase 1<\/strong>. Puede tener, pues, dos aportaciones en el Libro de Actas y dos certificados de presentaci\u00f3n de comunicaci\u00f3n oral\/p\u00f3ster\/ponencia en simposio invitado\/ponencia invitada.<\/p>\n<p>Si, adem\u00e1s, quiere remitir texto completo (env\u00edos <strong>fase 2<\/strong>), solo se podr\u00e1 enviar <strong>una<\/strong> aportaci\u00f3n en esta fase 2. Con ello, podr\u00e1 tener un cap\u00edtulo de libro o un art\u00edculo de revista (deber\u00e1 cambiar ligeramente el t\u00edtulo para que no sea el mismo que la aportaci\u00f3n de la fase 1 de la cual presenta texto completo).<\/p>\n<p>Para remitir <strong>m\u00e1s de un texto completo en la fase 2<\/strong> deber\u00e1 abonar la <strong>matr\u00edcula extra<\/strong>. Si abona, pues, una matr\u00edcula extra, podr\u00e1 tener dos cap\u00edtulos de libro\/art\u00edculos.<\/p>\n<p>[\/et_pb_accordion_item][et_pb_accordion_item title=\u00bb\u00bfEn cu\u00e1ntos cap\u00edtulos de libro que superen la revisi\u00f3n puede aparecer cada autor o autora?\u00bb _builder_version=\u00bb4.14.6&#8243; global_colors_info=\u00bb{}\u00bb open=\u00bboff\u00bb]<\/p>\n<p><span>Un autor o autora s\u00f3lo puede aparecer en un cap\u00edtulo de libro.\u00a0<\/span><\/p>\n<p><span>Ahora bien, un participante puede a\u00f1adir inscripciones extra para poder remitir de forma extra otros cap\u00edtulos de libro o art\u00edculos de revista.<\/span><\/p>\n<p>[\/et_pb_accordion_item][et_pb_accordion_item title=\u00bbSi una revista rechaza un trabajo completo de la fase 2, \u00bfpodr\u00eda enviarse este manuscrito como cap\u00edtulo de libro a una editorial?\u00bb _builder_version=\u00bb4.14.6&#8243; _module_preset=\u00bbdefault\u00bb global_colors_info=\u00bb{}\u00bb open=\u00bboff\u00bb]<\/p>\n<p><span>Existe la posibilidad de que un trabajo completo se remita a una revista y, en caso de que se rechace el manuscrito, este pueda enviarse como cap\u00edtulo para uno de los libros a publicar. <\/span><\/p>\n<p><span>La \u00fanica condici\u00f3n es que se cumpla la fecha l\u00edmite para el env\u00edo en esta fase 2 (en ICON-edu 2023 es el 5 de junio). Para ello, ser\u00e1 necesario que el manuscrito se remita a la revista antes del d\u00eda 4 de mayo, con el fin de que haya suficiente tiempo para todo el proceso indicado (las revistas en un mes informan del resultado final de evaluaci\u00f3n) y, como se ha indicado, si se rechaza el manuscrito, que haya tiempo suficiente para cumplir la fecha l\u00edmite y enviar el texto como cap\u00edtulo.<\/span><\/p>\n<p><span>Ser\u00e1 necesario, por supuesto, que el manuscrito cumpla las normas de edici\u00f3n de la editorial del libro y se utilice la plantilla correspondiente.<\/span><\/p>\n<p>[\/et_pb_accordion_item][et_pb_accordion_item title=\u00bb\u00bfSe puede enviar la propuesta inicial, y en caso de ser aceptada, apuntarse posteriormente al congreso, o es necesario estar apuntado primero para poder presentar la propuesta inicial?\u00bb _builder_version=\u00bb4.14.6&#8243; global_colors_info=\u00bb{}\u00bb open=\u00bboff\u00bb]<\/p>\n<p><span>Se puede enviar la propuesta inicial y, en caso de ser aceptada, apuntarse posteriormente, pero siempre respetando las fechas clave.<\/span><\/p>\n<p>[\/et_pb_accordion_item][et_pb_accordion_item title=\u00bbTras enviar una aportaci\u00f3n inicial en la fase 1, \u00bfcu\u00e1ndo se recibir\u00e1 la respuesta sobre la aceptaci\u00f3n o no de la aportaci\u00f3n?\u00bb _builder_version=\u00bb4.14.6&#8243; global_colors_info=\u00bb{}\u00bb open=\u00bboff\u00bb]<\/p>\n<p>Hasta el d\u00eda anterior de que finalice el plazo temprano de matr\u00edcula.<\/p>\n<p>[\/et_pb_accordion_item][et_pb_accordion_item title=\u00bb\u00bfC\u00f3mo puedo comunicar alguna incidencia durante la celebraci\u00f3n del congreso?\u00bb _builder_version=\u00bb4.14.6&#8243; global_colors_info=\u00bb{}\u00bb open=\u00bboff\u00bb]<\/p>\n<p><span>Si quiere contactar con nosotros antes, durante y despu\u00e9s de la celebraci\u00f3n del congreso, utilice los datos del apartado <a href=\"https:\/\/icon.kiobus.org\/edu\/edicion2023\/secretaria-y-contacto\/\">Contacto<\/a>.<\/span><\/p>\n<p>[\/et_pb_accordion_item][et_pb_accordion_item title=\u00bbSi solo quiero participar con una comunicaci\u00f3n, p\u00f3ster, simposio completo o ponencia invitada, \u00bfdebo enviar un trabajo completo?\u00bb _builder_version=\u00bb4.14.6&#8243; global_colors_info=\u00bb{}\u00bb open=\u00bboff\u00bb]<\/p>\n<p>Para participar con una aportaci\u00f3n, solo debe enviar un texto que tenga entre 500 y 600 palabras. Puede enviar en total dos aportaciones. Todas las aportaciones aceptadas (env\u00edos fase 1) se publican en el Libro de Actas editado por la Editorial Octaedro (Q1 y n\u00ba 1 en el r\u00e1nking SPI 2022).<\/p>\n<p>No es obligatorio enviar texto completo (env\u00edos fase 2). Enviar un texto completo (entre 4.500 y 6000 palabras), pues, es voluntario.<\/p>\n<p>[\/et_pb_accordion_item][et_pb_accordion_item title=\u00bb\u00bfEn el v\u00eddeo que se graba como opci\u00f3n debe aparecer el rostro del autor\/es?\u00bb _builder_version=\u00bb4.14.6&#8243; global_colors_info=\u00bb{}\u00bb open=\u00bboff\u00bb]<\/p>\n<p>No es obligatorio. Puede enviar un v\u00eddeo donde solo se escuche su voz en off y se vea la presentaci\u00f3n de diapositivas que haya preparado.<\/p>\n<p>[\/et_pb_accordion_item][et_pb_accordion_item title=\u00bb\u00bfEn qu\u00e9 idiomas puedo enviar una aportaci\u00f3n?\u00bb _builder_version=\u00bb4.14.6&#8243; hover_enabled=\u00bb0&#8243; global_colors_info=\u00bb{}\u00bb open=\u00bboff\u00bb sticky_enabled=\u00bb0&#8243;]<\/p>\n<ul>\n<li>Se podr\u00e1n presentar trabajos (env\u00edos<span>\u00a0fase 1<\/span>) en espa\u00f1ol, catal\u00e1n, ingl\u00e9s, italiano, portugu\u00e9s, alem\u00e1n y franc\u00e9s.<\/li>\n<li>En el caso de las publicaciones de los trabajos completos (env\u00edos voluntarios en la fase 2), el idioma depender\u00e1 de la editorial:\n<ul>\n<li>Aula Magna-McGrawHill, Dykinson, Octaedro y Tirant Lo Blanch: en espa\u00f1ol, catal\u00e1n o ingl\u00e9s.<\/li>\n<li>Peter Lang, IGI Global y revistas: en ingl\u00e9s.<\/li>\n<\/ul>\n<\/li>\n<li>El autor\/autores deber\u00e1n remitir el texto en el idioma correspondiente y asegurarse de que el texto haya sido traducido\/revisado correctamente.<\/li>\n<\/ul>\n<p>&nbsp;<\/p>\n<p>[\/et_pb_accordion_item][et_pb_accordion_item title=\u00bbSi quiero enviar un cap\u00edtulo o art\u00edculo de revista extra, \u00bfpreviamente debo haber presentado un resumen (fase 1)?\u00bb _builder_version=\u00bb4.14.6&#8243; _module_preset=\u00bbdefault\u00bb global_colors_info=\u00bb{}\u00bb open=\u00bboff\u00bb]<\/p>\n<div><span>Cuando env\u00eda una aportaci\u00f3n como cap\u00edtulo extra no es necesario remitir previamente un resumen en la fase 1. Debe enviar directamente el <\/span>texto completo y realizar el pago de matr\u00edcula en esta modalidad en la fecha l\u00edmite de inscripci\u00f3n (v\u00e9ase fechas clave).<\/div>\n<p>[\/et_pb_accordion_item][\/et_pb_accordion][\/et_pb_column][\/et_pb_row][\/et_pb_section]<\/p>\n","protected":false},"excerpt":{"rendered":"<p>PREGUNTAS FRECUENTESS\u00ed, todos deber\u00e1n estar inscritos. Los importes de las matr\u00edculas est\u00e1n muy ajustados. Por tanto, en caso de autor\u00eda m\u00faltiple, deber\u00e1n formalizar la matr\u00edcula todos las autoras o los autores y abonar la cuant\u00eda correspondiente seg\u00fan cada caso.Un autor puede enviar hasta dos aportaciones en la fase 1. Puede tener, pues, dos aportaciones en [&hellip;]<\/p>\n","protected":false},"author":1,"featured_media":0,"parent":0,"menu_order":0,"comment_status":"closed","ping_status":"closed","template":"","meta":{"_et_pb_use_builder":"on","_et_pb_old_content":"","_et_gb_content_width":"","_mc_calendar":[]},"_links":{"self":[{"href":"https:\/\/icon.kiobus.org\/edu\/edicion2023\/wp-json\/wp\/v2\/pages\/638"}],"collection":[{"href":"https:\/\/icon.kiobus.org\/edu\/edicion2023\/wp-json\/wp\/v2\/pages"}],"about":[{"href":"https:\/\/icon.kiobus.org\/edu\/edicion2023\/wp-json\/wp\/v2\/types\/page"}],"author":[{"embeddable":true,"href":"https:\/\/icon.kiobus.org\/edu\/edicion2023\/wp-json\/wp\/v2\/users\/1"}],"replies":[{"embeddable":true,"href":"https:\/\/icon.kiobus.org\/edu\/edicion2023\/wp-json\/wp\/v2\/comments?post=638"}],"version-history":[{"count":39,"href":"https:\/\/icon.kiobus.org\/edu\/edicion2023\/wp-json\/wp\/v2\/pages\/638\/revisions"}],"predecessor-version":[{"id":5349,"href":"https:\/\/icon.kiobus.org\/edu\/edicion2023\/wp-json\/wp\/v2\/pages\/638\/revisions\/5349"}],"wp:attachment":[{"href":"https:\/\/icon.kiobus.org\/edu\/edicion2023\/wp-json\/wp\/v2\/media?parent=638"}],"curies":[{"name":"wp","href":"https:\/\/api.w.org\/{rel}","templated":true}]}}