{"id":704,"date":"2021-11-07T10:29:56","date_gmt":"2021-11-07T09:29:56","guid":{"rendered":"https:\/\/icon.kiobus.org\/edu\/edicion2023\/?page_id=704"},"modified":"2023-05-05T07:00:36","modified_gmt":"2023-05-05T05:00:36","slug":"presentaciones","status":"publish","type":"page","link":"https:\/\/icon.kiobus.org\/edu\/edicion2023\/presentaciones\/","title":{"rendered":"Presentaciones"},"content":{"rendered":"<p>[et_pb_section fb_built=\u00bb1&#8243; fullwidth=\u00bbon\u00bb _builder_version=\u00bb3.22&#8243; custom_margin=\u00bb-81px||\u00bb collapsed=\u00bbon\u00bb global_colors_info=\u00bb{}\u00bb][et_pb_fullwidth_menu active_link_color=\u00bb#e02b20&#8243; dropdown_menu_line_color=\u00bb#e02b20&#8243; _builder_version=\u00bb4.0.11&#8243; menu_font=\u00bb||||||||\u00bb menu_text_color=\u00bb#000000&#8243; menu_font_size=\u00bb17px\u00bb global_colors_info=\u00bb{}\u00bb][\/et_pb_fullwidth_menu][\/et_pb_section][et_pb_section fb_built=\u00bb1&#8243; admin_label=\u00bbSecci\u00f3n CONTRIBUCIONES\u00bb _builder_version=\u00bb4.14.6&#8243; background_color=\u00bb#ED5550&#8243; custom_padding=\u00bb0|0px|0|0px|false|false\u00bb collapsed=\u00bbon\u00bb global_colors_info=\u00bb{}\u00bb][et_pb_row _builder_version=\u00bb3.25&#8243; global_colors_info=\u00bb{}\u00bb][et_pb_column type=\u00bb4_4&#8243; _builder_version=\u00bb3.25&#8243; custom_padding=\u00bb|||\u00bb global_colors_info=\u00bb{}\u00bb custom_padding__hover=\u00bb|||\u00bb][et_pb_text _builder_version=\u00bb4.14.6&#8243; text_font=\u00bb||||||||\u00bb header_font=\u00bb||||||||\u00bb header_text_align=\u00bbcenter\u00bb header_text_color=\u00bb#FFFFFF\u00bb global_colors_info=\u00bb{}\u00bb]<\/p>\n<h1 style=\"text-align: center;\">PRESENTACI\u00d3N EN EL CONGRESO<\/h1>\n<p>[\/et_pb_text][\/et_pb_column][\/et_pb_row][\/et_pb_section][et_pb_section fb_built=\u00bb1&#8243; _builder_version=\u00bb3.22&#8243; custom_padding=\u00bb30px|||||\u00bb collapsed=\u00bbon\u00bb global_colors_info=\u00bb{}\u00bb][et_pb_row _builder_version=\u00bb4.0.11&#8243; global_colors_info=\u00bb{}\u00bb][et_pb_column type=\u00bb4_4&#8243; _builder_version=\u00bb4.0.11&#8243; global_colors_info=\u00bb{}\u00bb][et_pb_text _builder_version=\u00bb4.14.6&#8243; global_colors_info=\u00bb{}\u00bb]<\/p>\n<ul>\n<li>El autor de contacto debe remitir el archivo de la presentaci\u00f3n <strong>con anterioridad a la celebraci\u00f3n del congreso <\/strong>y en las <a href=\"https:\/\/icon.kiobus.org\/edu\/edicion2023\/fechas-clave\/\" target=\"_blank\" rel=\"noopener\">fechas clave<\/a> indicadas.<\/li>\n<li>Esto debe hacerse para cualquier modalidad (presencial o virtual) y para cualquier aportaci\u00f3n (ponencia invitada I+D+i, simposio invitado, comunicaci\u00f3n o p\u00f3ster).<\/li>\n<li>Ser\u00e1 la Organizaci\u00f3n del congreso quien, una vez recibido el archivo, lo insertar\u00e1 en la plataforma o en los ordenadores de las salas donde se celebrar\u00e1 el Congreso.<\/li>\n<\/ul>\n<p>[\/et_pb_text][\/et_pb_column][\/et_pb_row][et_pb_row _builder_version=\u00bb4.0.11&#8243; global_colors_info=\u00bb{}\u00bb][et_pb_column type=\u00bb4_4&#8243; _builder_version=\u00bb4.0.11&#8243; global_colors_info=\u00bb{}\u00bb][et_pb_cta button_text=\u00bbClics\u00bb _builder_version=\u00bb4.14.6&#8243; background_color=\u00bb#ED5550&#8243; custom_padding=\u00bb||0px||false|false\u00bb global_colors_info=\u00bb{}\u00bb]<\/p>\n<h4>A continuaci\u00f3n se indican los detalles para los participantes seg\u00fan los tipos de aportaciones que tengan:<\/h4>\n<p>[\/et_pb_cta][et_pb_tabs _builder_version=\u00bb4.14.6&#8243; hover_enabled=\u00bb0&#8243; global_colors_info=\u00bb{}\u00bb sticky_enabled=\u00bb0&#8243;][et_pb_tab title=\u00bbCOMUNICACI\u00d3N, SIMPOSIO INVITADO, PONENCIA INVITADA I+D+i\u00bb _builder_version=\u00bb4.14.6&#8243; hover_enabled=\u00bb0&#8243; global_colors_info=\u00bb{}\u00bb sticky_enabled=\u00bb0&#8243;]<\/p>\n<h3 style=\"text-align: center;\">En todos los casos, <a href=\"https:\/\/icon.kiobus.org\/edu\/edicion2023\/wp-content\/uploads\/2023\/03\/Presentacion-ICON-edu-1.pptx\" rel=\"attachment wp-att-4888\">esta es la plantilla a utilizar (haga clic para descarga)<\/a><\/h3>\n<p><span style=\"color: #800000;\"><strong><span style=\"font-size: 16px;\">SI ES PRESENTACI\u00d3N PRESENCIAL:<\/span><\/strong><\/span><\/p>\n<p style=\"text-align: left;\"><strong><span style=\"font-size: 16px;\">El autor de contacto debe enviar <\/span><\/strong><strong style=\"font-size: 16px;\"><span><strong><span style=\"font-size: 16px;\">una <\/span>\u00abpresentaci\u00f3n de diapositivas\u00bb en formato pdf<span style=\"font-size: 16px;\">.\u00a0<\/span><\/strong><\/span><\/strong><\/p>\n<ul>\n<li><span>La duraci\u00f3n de una aportaci\u00f3n <\/span><strong>no debe exceder de 7 minutos<\/strong><span> (comunicaci\u00f3n oral, cada una de las intervenciones en un simposio o ponencia invitada) y se recomienda que exponga un \u00fanico coautor\/a.<\/span><\/li>\n<li>Se deber\u00e1 elaborar una presentaci\u00f3n de diapositivas utilizando, por ejemplo, \u00abPowerPopint\u00bb o \u00abPresentaciones de Google\u00bb. Una vez elaborada la presentaci\u00f3n, se pasar\u00e1 a formato pdf (por ello, no habr\u00e1 que incluir efectos en las diapositivas). Este archivo debe remitirse seg\u00fan las fechas clave.<\/li>\n<li>No se admiten otros formatos ni enlaces. Debe ser un archivo en pdf.<\/li>\n<li>Esta presentaci\u00f3n estar\u00e1 disponible en el ordenador que la organizaci\u00f3n ponga a disposici\u00f3n del autor o autora el d\u00eda de su exposici\u00f3n. No se podr\u00e1n utilizar, pues, dispositivos tecnol\u00f3gicos personales para proyectar la presentaci\u00f3n, ni presentaciones diferentes a la remitida.<\/li>\n<li>De forma excepcional puede utilizarse otra plantilla, pero obligatoriamente en la primera diapositiva deber\u00e1 aparecer citado el texto: \u00abICON-edu 2023, <strong>\u00a0<em>International Congress: Education and Knowledge\u00bb.<\/em><\/strong><\/li>\n<li><strong>Para enviar su material<\/strong> de presentaci\u00f3n debe acceder a <a href=\"https:\/\/icon.kiobus.org\/edu\/edicion2023\/mi-cuenta\/\" target=\"_blank\" rel=\"noopener\">\u00abMi cuenta\u00bb <\/a>en el men\u00fa superior y cumplimentar el formulario \u00abEnv\u00edo Material\u00bb.<\/li>\n<\/ul>\n<p>&nbsp;<\/p>\n<p><span style=\"color: #800000;\"><strong><span style=\"font-size: 16px;\">SI ES PRESENTACI\u00d3N VIRTUAL:<\/span><\/strong><\/span><\/p>\n<p><span style=\"font-size: 16px;\">Hay <\/span><strong style=\"font-size: 16px;\">3 opciones<\/strong><span style=\"font-size: 16px;\"> posibles respecto al formato del material a enviar:\u00a0\u00a0<\/span><\/p>\n<p><span><strong><span style=\"font-size: 16px;\">OPCI\u00d3N 1: <\/span><strong style=\"font-size: 16px;\">Presentaci\u00f3n a trav\u00e9s de una \u00abpresentaci\u00f3n de diapositivas\u00bb en formato pdf<\/strong><span style=\"font-size: 16px;\">.<\/span><\/strong><\/span><\/p>\n<ul>\n<li><span style=\"font-size: 16px;\">Esta opci\u00f3n es id\u00e9ntica a la anterior (presencial), es decir, enviar una presentaci\u00f3n de diapositivas en pdf (sin sonido, por supuesto). Debe haber <strong>como m\u00e1ximo 15 diapositivas.<\/strong><\/span><\/li>\n<\/ul>\n<p><span><strong><\/strong><\/span><\/p>\n<p><span><strong>OPCI\u00d3N 2: Presentaci\u00f3n a trav\u00e9s de un v\u00eddeo previamente grabado<\/strong> <\/span><\/p>\n<ul>\n<li><span>El v\u00eddeo puede contar con apoyo o no de una presentaci\u00f3n de diapositivas (en caso de presentaci\u00f3n de diapositivas, puede verse el rostro del ponente o solo la voz). <\/span><\/li>\n<li>La duraci\u00f3n del v\u00eddeo <strong>no debe sobrepasar los 7 minutos<\/strong> (para ponencias invitadas I+D+i y comunicaciones orales).<\/li>\n<li>Por ejemplo, puede utilizarse la opci\u00f3n que tiene PowerPoint para grabar una presentaci\u00f3n de diapositivas.<\/li>\n<li><strong>En caso de simposio<\/strong>, la duraci\u00f3n del v\u00eddeo no debe superar los 30 minutos. Debe ser un \u00fanico v\u00eddeo donde se expongan todas las intervenciones del simposio. As\u00ed pues, todas las intervenciones de un simposio se enviar\u00e1n en un \u00fanico archivo de v\u00eddeo.<\/li>\n<li>Es <strong>IMPORTANTE<\/strong> que vea los requisitos que debe tener el v\u00eddeo antes de grabarlo. En la parte inferior de esta p\u00e1gina web puede ver los detalles (tambi\u00e9n podr\u00e1 ver orientaciones para la grabaci\u00f3n).<\/li>\n<\/ul>\n<p><strong style=\"font-size: 16px;\"><\/strong><\/p>\n<p><strong style=\"font-size: 16px;\">OPCI\u00d3N 3: Presentaci\u00f3n de la comunicaci\u00f3n con el trabajo completo (texto de la fase 2)<\/strong><span style=\"font-size: 16px;\">. <\/span><\/p>\n<ul>\n<li><span style=\"font-size: 16px;\">Esta forma de presentaci\u00f3n est\u00e1 restringida a aquellos casos en los que se opta por enviar texto en la fase 2 y, adem\u00e1s, los autores del texto enviado en la fase 1 coinciden con los autores del texto enviado en la fase 2. <\/span><\/li>\n<li>Este texto completo se enviar\u00e1 como material para su presentaci\u00f3n en el congreso y tambi\u00e9n se enviar\u00e1 como se indica en \u00abProceso de env\u00edo\u00bb\/fase 2 (v\u00e9anse las <a href=\"https:\/\/icon.kiobus.org\/edu\/edicion2023\/normas-de-publicacion-2\/\" target=\"_blank\" rel=\"noopener\">normas de publicaci\u00f3n de la fase 2<\/a>) .<\/li>\n<\/ul>\n<p><span><\/span><\/p>\n<p><span style=\"font-size: 16px;\">EN TODOS LOS CASOS, <strong>para enviar su material<\/strong> de presentaci\u00f3n debe acceder a <a href=\"https:\/\/icon.kiobus.org\/edu\/edicion2023\/mi-cuenta\/\" target=\"_blank\" rel=\"noopener\">\u00abMi cuenta\u00bb <\/a>en el men\u00fa superior y cumplimentar el formulario \u00abEnv\u00edo Material\u00bb.<\/span><\/p>\n<p>[\/et_pb_tab][et_pb_tab title=\u00bbP\u00d3STER\u00bb _builder_version=\u00bb4.14.6&#8243; hover_enabled=\u00bb0&#8243; global_colors_info=\u00bb{}\u00bb sticky_enabled=\u00bb0&#8243;]<\/p>\n<h3 style=\"text-align: center;\">En todos los casos, <a href=\"https:\/\/icon.kiobus.org\/edu\/edicion2023\/wp-content\/uploads\/2023\/03\/Poster-ICON-edu-1.pptx\" rel=\"attachment wp-att-4890\">esta es la plantilla a utilizar (haga clic para descarga)<\/a><\/h3>\n<ul>\n<li>Si participa en <strong>modalidad virtual<\/strong>, se remitir\u00e1 el p\u00f3ster con un archivo en pdf.<\/li>\n<li>Si participa en <strong>modalidad presencial<\/strong>, se debe presentar el p\u00f3ster impreso, en un tama\u00f1o A3<span> (29,7 x 42 cm) el primer d\u00eda del congreso en la mesa de credenciales antes de que empiece la primera sesi\u00f3n.<\/span><\/li>\n<li>De forma excepcional puede utilizarse otra plantilla, pero, obligatoriamente, en la parte superior dcha. deber\u00e1 aparecer citado el texto: \u00abICON-edu 2023, <strong>\u00a0<em>International Congress: Education and Knowledge\u00bb.<\/em><\/strong><\/li>\n<\/ul>\n<p>[\/et_pb_tab][\/et_pb_tabs][\/et_pb_column][\/et_pb_row][et_pb_row _builder_version=\u00bb4.0.11&#8243; global_colors_info=\u00bb{}\u00bb][et_pb_column type=\u00bb4_4&#8243; _builder_version=\u00bb4.0.11&#8243; global_colors_info=\u00bb{}\u00bb][et_pb_cta button_text=\u00bbClics\u00bb _builder_version=\u00bb4.14.6&#8243; background_color=\u00bb#ED5550&#8243; custom_padding=\u00bb||0px||false|false\u00bb global_colors_info=\u00bb{}\u00bb]<\/p>\n<h4 style=\"text-align: center;\">Si va a enviar un v\u00eddeo, le orientamos en este proceso:<\/h4>\n<p>[\/et_pb_cta][et_pb_tabs _builder_version=\u00bb4.14.6&#8243; global_colors_info=\u00bb{}\u00bb][et_pb_tab title=\u00bb1. Preparar la presentaci\u00f3n \u00bb _builder_version=\u00bb4.14.6&#8243; global_colors_info=\u00bb{}\u00bb]<\/p>\n<p>Una opci\u00f3n sencilla es preparar una presentaci\u00f3n de diapositivas (con PowerPoint, Googledrive, Prezi, etc.) que usar\u00e1 a la hora de grabar el v\u00eddeo. Podr\u00e1 apoyarse en ella para su narraci\u00f3n.<\/p>\n<p>E<span>n la primera diapositiva deber\u00e1 aparecer citado el texto: \u00abICON-edu 2023, <strong>\u00a0<em>International Congress: Education and Knowledge\u00bb<\/em><\/strong><\/span><strong><\/strong><\/p>\n<p>Tambi\u00e9n puede optar por no usar presentaci\u00f3n de diapositivas. En ese caso, deber\u00e1 preparar su narraci\u00f3n para la exposici\u00f3n oral.<\/p>\n<p><span>Sea cual sea la opci\u00f3n, la presentaci\u00f3n deber\u00e1 estructurarse de forma clara.\u00a0<\/span><\/p>\n<p>[\/et_pb_tab][et_pb_tab title=\u00bb2. Grabar el v\u00eddeo\u00bb _builder_version=\u00bb4.14.6&#8243; global_colors_info=\u00bb{}\u00bb]<\/p>\n<p><b>Condiciones t\u00e9cnicas\u00a0<\/b>a tener en cuenta:<span><\/span><\/p>\n<ul>\n<li>Tiempo total del v\u00eddeo: si es comunicaci\u00f3n, entre 5\u2032 y 7\u2032 (de 5 a 7 minutos); si es simposio, hasta 30 minutos.<\/li>\n<li>En el v\u00eddeo puede aparecer el rostro del autor\/es o solo la voz en off.\u00a0<span>Se recomienda que s\u00ed se vea el rostro ya que es m\u00e1s motivadora la explicaci\u00f3n.<\/span><\/li>\n<li>Formato del v\u00eddeo: MP4 (MPEG-4); en el caso de comunicaciones, el archivo no debe \u00abpesar\u00bb m\u00e1s de 200 Mb.<\/li>\n<\/ul>\n<p>Para grabar el v\u00eddeo se recomiendan las siguientes<span>\u00a0<\/span><strong>opciones<\/strong>:<\/p>\n<p><span>a) Usar GoogleMeet para grabar el v\u00eddeo\u00a0con una cuenta de gmail (la persona que graba debe tener cuenta gmail de Google\u00a0Workspace o de instituci\u00f3n educativa). Solo tendr\u00e1 que compartir pantalla para que se vea la presentaci\u00f3n de diapositivas que ha preparado y grabar la sesi\u00f3n.\u00a0 Cuando acabe la narraci\u00f3n,\u00a0 pare de grabar\u00a0y autom\u00e1ticamente se subir\u00e1 el archivo a GoogleDrive pasados unos minutos.\u00a0<\/span><\/p>\n<p><span>b) Usar la opci\u00f3n que tiene PowerPoint de \u00abgrabar v\u00eddeo\u00bb. Una vez grabado el archivo, lo guardaremos en nuestro ordenador y pasaremos al siguiente paso.<\/span><\/p>\n<p>c)\u00a0<span>Tambi\u00e9n puede\u00a0<\/span><span>grabarse el v\u00eddeo con otra aplicaci\u00f3n web como ODS, Screencast, etc. Lo que importa es que, teniendo en cuenta las condiciones t\u00e9cnicas indicadas para el v\u00eddeo, al final debe estar subido y compartido en GoogleDrive.<\/span><\/p>\n<p>[\/et_pb_tab][et_pb_tab title=\u00bb3. Subir el v\u00eddeo a GoogleDrive\u00bb _builder_version=\u00bb4.14.6&#8243; global_colors_info=\u00bb{}\u00bb]<\/p>\n<p><span>Finalmente el v\u00eddeo debe subirse a GoogleDrive desde una cuenta de gmail y marcar \u00abcompartir para cualquiera que tenga el enlace\u00bb.\u00a0<\/span><\/p>\n<p>[\/et_pb_tab][et_pb_tab title=\u00bb4. Enviar el enlace\u00bb _builder_version=\u00bb4.14.6&#8243; global_colors_info=\u00bb{}\u00bb]<\/p>\n<p>Enviar el enlace a trav\u00e9s del formulario en \u00abMi cuenta\u00bb que hemos habilitado para ello (formulario \u00abenv\u00edo material\u00bb).<span><\/span><\/p>\n<p>[\/et_pb_tab][\/et_pb_tabs][\/et_pb_column][\/et_pb_row][et_pb_row _builder_version=\u00bb4.0.11&#8243; global_colors_info=\u00bb{}\u00bb][et_pb_column type=\u00bb4_4&#8243; _builder_version=\u00bb4.0.11&#8243; global_colors_info=\u00bb{}\u00bb][et_pb_cta button_text=\u00bbClics\u00bb _builder_version=\u00bb4.14.6&#8243; background_color=\u00bb#ED5550&#8243; custom_padding=\u00bb||0px||false|false\u00bb global_colors_info=\u00bb{}\u00bb]<\/p>\n<p>Los autores\/as, al remitir sus presentaciones en cualquier modalidad, ceden los derechos sobre los mismos a este Congreso, que podr\u00e1 publicarlas y reproducirlas a trav\u00e9s de la plataforma del Congreso o en las salas presenciales. As\u00ed pues, los autores otorgan permiso a los organizadores del Congreso para publicar, reproducir, distribuir, mostrar y almacenar sus materiales de forma virtual o presencial.<\/p>\n<p>[\/et_pb_cta][\/et_pb_column][\/et_pb_row][\/et_pb_section]<\/p>\n","protected":false},"excerpt":{"rendered":"<p>PRESENTACI\u00d3N EN EL CONGRESO El autor de contacto debe remitir el archivo de la presentaci\u00f3n con anterioridad a la celebraci\u00f3n del congreso y en las fechas clave indicadas. Esto debe hacerse para cualquier modalidad (presencial o virtual) y para cualquier aportaci\u00f3n (ponencia invitada I+D+i, simposio invitado, comunicaci\u00f3n o p\u00f3ster). Ser\u00e1 la Organizaci\u00f3n del congreso quien, [&hellip;]<\/p>\n","protected":false},"author":1,"featured_media":0,"parent":0,"menu_order":0,"comment_status":"closed","ping_status":"closed","template":"","meta":{"_et_pb_use_builder":"on","_et_pb_old_content":"","_et_gb_content_width":"","_mc_calendar":[]},"_links":{"self":[{"href":"https:\/\/icon.kiobus.org\/edu\/edicion2023\/wp-json\/wp\/v2\/pages\/704"}],"collection":[{"href":"https:\/\/icon.kiobus.org\/edu\/edicion2023\/wp-json\/wp\/v2\/pages"}],"about":[{"href":"https:\/\/icon.kiobus.org\/edu\/edicion2023\/wp-json\/wp\/v2\/types\/page"}],"author":[{"embeddable":true,"href":"https:\/\/icon.kiobus.org\/edu\/edicion2023\/wp-json\/wp\/v2\/users\/1"}],"replies":[{"embeddable":true,"href":"https:\/\/icon.kiobus.org\/edu\/edicion2023\/wp-json\/wp\/v2\/comments?post=704"}],"version-history":[{"count":127,"href":"https:\/\/icon.kiobus.org\/edu\/edicion2023\/wp-json\/wp\/v2\/pages\/704\/revisions"}],"predecessor-version":[{"id":5941,"href":"https:\/\/icon.kiobus.org\/edu\/edicion2023\/wp-json\/wp\/v2\/pages\/704\/revisions\/5941"}],"wp:attachment":[{"href":"https:\/\/icon.kiobus.org\/edu\/edicion2023\/wp-json\/wp\/v2\/media?parent=704"}],"curies":[{"name":"wp","href":"https:\/\/api.w.org\/{rel}","templated":true}]}}