{"id":907,"date":"2021-11-10T11:07:55","date_gmt":"2021-11-10T10:07:55","guid":{"rendered":"https:\/\/icon.kiobus.org\/edu\/edicion2023\/?page_id=907"},"modified":"2023-04-02T06:52:24","modified_gmt":"2023-04-02T04:52:24","slug":"certificacion","status":"publish","type":"page","link":"https:\/\/icon.kiobus.org\/edu\/edicion2023\/certificacion\/","title":{"rendered":"Certificaci\u00f3n"},"content":{"rendered":"<p>[et_pb_section fb_built=\u00bb1&#8243; fullwidth=\u00bbon\u00bb _builder_version=\u00bb4.14.6&#8243; collapsed=\u00bbon\u00bb global_colors_info=\u00bb{}\u00bb][et_pb_fullwidth_menu active_link_color=\u00bb#e02b20&#8243; dropdown_menu_line_color=\u00bb#e02b20&#8243; disabled_on=\u00bbon|on|off\u00bb _builder_version=\u00bb4.14.6&#8243; menu_font=\u00bb||||||||\u00bb menu_text_color=\u00bb#000000&#8243; menu_font_size=\u00bb17px\u00bb sticky_position=\u00bbtop\u00bb global_colors_info=\u00bb{}\u00bb][\/et_pb_fullwidth_menu][\/et_pb_section][et_pb_section fb_built=\u00bb1&#8243; admin_label=\u00bbSecci\u00f3n COMITE CIENTIFICO\u00bb _builder_version=\u00bb4.14.6&#8243; background_color=\u00bb#ED5550&#8243; custom_padding=\u00bb0|0px|0|0px|false|false\u00bb collapsed=\u00bbon\u00bb global_colors_info=\u00bb{}\u00bb][et_pb_row _builder_version=\u00bb3.25&#8243; global_colors_info=\u00bb{}\u00bb][et_pb_column type=\u00bb4_4&#8243; _builder_version=\u00bb3.25&#8243; custom_padding=\u00bb|||\u00bb global_colors_info=\u00bb{}\u00bb custom_padding__hover=\u00bb|||\u00bb][et_pb_text _builder_version=\u00bb4.0.11&#8243; text_font=\u00bb||||||||\u00bb header_font=\u00bb||||||||\u00bb header_text_align=\u00bbcenter\u00bb header_text_color=\u00bb#FFFFFF\u00bb global_colors_info=\u00bb{}\u00bb]<\/p>\n<h1 style=\"text-align: center;\">CERTIFICACI\u00d3N<\/h1>\n<p>[\/et_pb_text][\/et_pb_column][\/et_pb_row][\/et_pb_section][et_pb_section fb_built=\u00bb1&#8243; _builder_version=\u00bb4.14.6&#8243; custom_margin=\u00bb0px||0px||false|false\u00bb custom_padding=\u00bb0px||0px||false|false\u00bb collapsed=\u00bboff\u00bb global_colors_info=\u00bb{}\u00bb][et_pb_row _builder_version=\u00bb4.0.11&#8243; global_colors_info=\u00bb{}\u00bb][et_pb_column type=\u00bb4_4&#8243; _builder_version=\u00bb4.0.11&#8243; global_colors_info=\u00bb{}\u00bb][et_pb_text _builder_version=\u00bb4.14.6&#8243; hover_enabled=\u00bb0&#8243; global_colors_info=\u00bb{}\u00bb sticky_enabled=\u00bb0&#8243;]<\/p>\n<h4>CARACTER\u00cdSTICAS DE LAS CERTIFICACIONES:<strong><\/strong><\/h4>\n<ol>\n<li style=\"list-style-type: none;\">\n<ol>\n<li>El t\u00edtulo del Congreso que constar\u00e1 en el certificado es<strong> \u00abII International Congress: Education and Knowledge\u00bb, formato presencial y online<\/strong>.<\/li>\n<li>El idioma predeterminado del certificado ser\u00e1 espa\u00f1ol, pero podr\u00e1 solicitarse en ingl\u00e9s o catal\u00e1n.<\/li>\n<\/ol>\n<\/li>\n<\/ol>\n<h4><strong><\/strong><\/h4>\n<h4><strong><\/strong><\/h4>\n<h4><strong>TIPOS DE CERTIFICACIONES:<\/strong><\/h4>\n<p>Desde ICON-huma 2023<span>\u00a0<\/span><strong>se podr\u00e1n obtener los siguientes tipos de certificaciones<\/strong>, las cuales ser\u00e1n emitidas por el Comit\u00e9 Organizador, siempre que la persona est\u00e9 inscrita y haya pagado la matr\u00edcula:<\/p>\n<p><strong>1. Certificado de asistencia<\/strong>:<\/p>\n<p>Se expedir\u00e1 certificaci\u00f3n de asistencia de 30 horas para cada participante<em>.<\/em><\/p>\n<p>Este certificado se otorgar\u00e1 a todos los participantes, siempre que se cumpla el siguiente <strong>requisito<\/strong>: haber pagado el importe de la matr\u00edcula en tiempo y forma.<\/p>\n<p>&nbsp;<\/p>\n<p class=\"aviso\"><strong>2. Certificado de presentaci\u00f3n de comunicaci\u00f3n oral, p\u00f3ster, simposio invitado o ponencia invitada I+D+i<\/strong>:<\/p>\n<p>Se expedir\u00e1 certificaci\u00f3n de forma individual a cada uno de los autores.<\/p>\n<p><span>En el caso de <strong>simposio invitado<\/strong>, la certificaci\u00f3n que se emitir\u00e1 ser\u00e1 de autor de la ponencia X dentro del simposio invitado X o de coordinador en el simposio invitado X, seg\u00fan el caso.<\/span><\/p>\n<p><span>En el caso de<strong> ponencia invitada I+D+i<\/strong>, la certificaci\u00f3n que se emitir\u00e1 ser\u00e1 de autor de la ponencia invitada X. Se expedir\u00e1 certificado individual a cada coautor\/a.<\/span><\/p>\n<p>Estos certificados se otorgar\u00e1n siempre que se cumplan los siguientes <strong>requisitos<\/strong>:<\/p>\n<ol>\n<li style=\"list-style-type: none;\">\n<ol>\n<li>Haber pagado\u00a0todos los autores\/as el importe de la matr\u00edcula en tiempo y forma.<\/li>\n<li>Haber cumplido todos los pasos del <a href=\"https:\/\/icon.kiobus.org\/edu\/edicion2023\/proceso-de-envio\/\">proceso de env\u00edo<\/a> en tiempo y forma.<\/li>\n<li>En caso de participaci\u00f3n online, responder en el foro de la plataforma del congreso a las preguntas e intervenciones del resto de participantes a la aportaci\u00f3n presentada.<\/li>\n<li>En caso de participaci\u00f3n presencial, remitir el material para la presentaci\u00f3n en tiempo y forma, as\u00ed como presentar la aportaci\u00f3n en el horario y sala asignados (puede hacerlo un \u00fanico autor\/a).<\/li>\n<\/ol>\n<\/li>\n<\/ol>\n<p><strong>3. Otros certificados:<\/strong><\/p>\n<p>Si se requiere, se podr\u00e1 emitir por parte del Comit\u00e9 Organizador certificado de aceptaci\u00f3n de comunicaci\u00f3n oral\/p\u00f3ster\/simposio invitado\/ponencia invitada I+D+i y de aceptaci\u00f3n de cap\u00edtulo de libro.<\/p>\n<p>&nbsp;<\/p>\n<h4><strong>CU\u00c1NDO Y D\u00d3NDE OBTENER LAS CERTIFICACIONES:<\/strong><\/h4>\n<ol>\n<li style=\"list-style-type: none;\">\n<ol>\n<li>El acceso a las certificaciones de ICON-edu 2023 se encontrar\u00e1 disponible al finalizar el congreso y revisados los requisitos de los participantes. En el momento que est\u00e9 activo este acceso, se avisar\u00e1 por e-mail a los participantes y podr\u00e1n descargarse los certificados correspondientes desde la plataforma del congreso.<\/li>\n<li>Es responsabilidad de todos los participantes que se cumplan todos los requisitos. En caso de no cumplirse todos los requisitos, no se tendr\u00e1 derecho a obtener certificados y estos no se expedir\u00e1n.<\/li>\n<li>Los datos que cada participante incluya en el formulario de inscripci\u00f3n ser\u00e1n los que figuren en los certificados.\u00a0No se realizar\u00e1n cambios que impliquen modificaciones en el nombre, t\u00edtulo de la aportaci\u00f3n o n\u00famero y orden de autores.<\/li>\n<li>Habr\u00e1 un plazo m\u00e1ximo de quince d\u00edas desde la\u00a0 comunicaci\u00f3n por e-mail de la obtenci\u00f3n de los certificados. A partir de esa fecha ya no podr\u00e1 obtenerse ning\u00fan certificado.<\/li>\n<\/ol>\n<\/li>\n<\/ol>\n<p>[\/et_pb_text][\/et_pb_column][\/et_pb_row][\/et_pb_section]<\/p>\n","protected":false},"excerpt":{"rendered":"<p>CERTIFICACI\u00d3NCARACTER\u00cdSTICAS DE LAS CERTIFICACIONES: El t\u00edtulo del Congreso que constar\u00e1 en el certificado es \u00abII International Congress: Education and Knowledge\u00bb, formato presencial y online. El idioma predeterminado del certificado ser\u00e1 espa\u00f1ol, pero podr\u00e1 solicitarse en ingl\u00e9s o catal\u00e1n. TIPOS DE CERTIFICACIONES: Desde ICON-huma 2023\u00a0se podr\u00e1n obtener los siguientes tipos de certificaciones, las cuales ser\u00e1n emitidas [&hellip;]<\/p>\n","protected":false},"author":1,"featured_media":0,"parent":0,"menu_order":0,"comment_status":"closed","ping_status":"closed","template":"","meta":{"_et_pb_use_builder":"on","_et_pb_old_content":"","_et_gb_content_width":"","_mc_calendar":[]},"_links":{"self":[{"href":"https:\/\/icon.kiobus.org\/edu\/edicion2023\/wp-json\/wp\/v2\/pages\/907"}],"collection":[{"href":"https:\/\/icon.kiobus.org\/edu\/edicion2023\/wp-json\/wp\/v2\/pages"}],"about":[{"href":"https:\/\/icon.kiobus.org\/edu\/edicion2023\/wp-json\/wp\/v2\/types\/page"}],"author":[{"embeddable":true,"href":"https:\/\/icon.kiobus.org\/edu\/edicion2023\/wp-json\/wp\/v2\/users\/1"}],"replies":[{"embeddable":true,"href":"https:\/\/icon.kiobus.org\/edu\/edicion2023\/wp-json\/wp\/v2\/comments?post=907"}],"version-history":[{"count":60,"href":"https:\/\/icon.kiobus.org\/edu\/edicion2023\/wp-json\/wp\/v2\/pages\/907\/revisions"}],"predecessor-version":[{"id":4935,"href":"https:\/\/icon.kiobus.org\/edu\/edicion2023\/wp-json\/wp\/v2\/pages\/907\/revisions\/4935"}],"wp:attachment":[{"href":"https:\/\/icon.kiobus.org\/edu\/edicion2023\/wp-json\/wp\/v2\/media?parent=907"}],"curies":[{"name":"wp","href":"https:\/\/api.w.org\/{rel}","templated":true}]}}