{"id":4578,"date":"2023-02-17T07:28:28","date_gmt":"2023-02-17T06:28:28","guid":{"rendered":"https:\/\/icon.kiobus.org\/edu\/edicion2024\/?page_id=4578"},"modified":"2024-01-17T10:55:14","modified_gmt":"2024-01-17T09:55:14","slug":"ponencias-invitadas","status":"publish","type":"page","link":"https:\/\/icon.kiobus.org\/edu\/edicion2024\/ponencias-invitadas\/","title":{"rendered":"Ponencias invitadas"},"content":{"rendered":"<p>[et_pb_section fb_built=\u00bb1&#8243; _builder_version=\u00bb4.23.3&#8243; custom_margin=\u00bb0px||||false|false\u00bb custom_padding=\u00bb0px||||false|false\u00bb collapsed=\u00bboff\u00bb global_colors_info=\u00bb{}\u00bb][et_pb_row _builder_version=\u00bb4.23.3&#8243; custom_margin=\u00bb0px||||false|false\u00bb custom_padding=\u00bb0px||||false|false\u00bb global_colors_info=\u00bb{}\u00bb][et_pb_column type=\u00bb4_4&#8243; _builder_version=\u00bb4.16&#8243; global_colors_info=\u00bb{}\u00bb][et_pb_text _builder_version=\u00bb4.23.3&#8243; custom_margin=\u00bb0px||||false|false\u00bb custom_padding=\u00bb0px||||false|false\u00bb global_colors_info=\u00bb{}\u00bb]<\/p>\n<p style=\"text-align: justify;\"><span>ICON-edu incluye la posibilidad de celebrar presentaciones vinculadas a I+D+i (difusi\u00f3n y transferencia). Esta posibilidad est\u00e1 abierta a <strong>cualquier participante<\/strong> interesado en ello.\u00a0<\/span><\/p>\n<p style=\"text-align: justify;\">Estas presentaciones pueden estar referidas a: proyectos (iniciados, en curso o finalizados), presentaci\u00f3n de publicaciones (ya finalizadas o en curso), actividades de transferencia del conocimiento, propuesta de proyectos (captaci\u00f3n de socios), presentaci\u00f3n de resultados de investigaci\u00f3n (libros, monogr\u00e1ficos de revistas\/libros, webs, productos, exposiciones, etc.), etc.<\/p>\n<p style=\"text-align: justify;\">Se certifican como \u00ab<strong>ponencias invitadas<\/strong>\u00bb al tratarse de aportaciones vinculadas directamente a la innovaci\u00f3n, investigaci\u00f3n y transferencia de conocimiento en torno a las tem\u00e1ticas del Congreso y cuyo valor acad\u00e9mico est\u00e1 vinculado a acciones I+D+i (proyectos, publicaciones o actividades de transferencia).<\/p>\n<ul style=\"text-align: justify;\"><\/ul>\n<p>[\/et_pb_text][\/et_pb_column][\/et_pb_row][et_pb_row _builder_version=\u00bb4.16&#8243; _module_preset=\u00bbdefault\u00bb global_colors_info=\u00bb{}\u00bb][et_pb_column type=\u00bb4_4&#8243; _builder_version=\u00bb4.16&#8243; _module_preset=\u00bbdefault\u00bb global_colors_info=\u00bb{}\u00bb][et_pb_text _builder_version=\u00bb4.23.3&#8243; _module_preset=\u00bbdefault\u00bb global_colors_info=\u00bb{}\u00bb]<\/p>\n<h3 style=\"text-align: justify;\">PASOS A SEGUIR:<\/h3>\n<ol>\n<li style=\"text-align: justify;\">El env\u00edo de la aportaci\u00f3n sigue los mismos pasos que una comunicaci\u00f3n oral, es decir:\n<ol>\n<li>Fase 1 con un resumen ampliado (500-600 palabras). Se debe acceder a \u00abMi cuenta\u00bb y remitir el cuestionario fase 1 (marcar \u00abPonencia I+D+i).<\/li>\n<li>Fase 2 (optativa) con un texto ampliado.<\/li>\n<\/ol>\n<\/li>\n<li style=\"text-align: justify;\"><span>Tras la evaluaci\u00f3n de la fase 1 (double blind peer review) se notificar\u00e1 al autor de contacto la aceptaci\u00f3n o no de la aportaci\u00f3n.<\/span><\/li>\n<li>La presentaci\u00f3n de la ponencia se realizar\u00e1 en una de las sesiones espec\u00edficas para ello (\u00abSesi\u00f3n de ponencias I+D+i\u00bb):\n<ol>\n<li style=\"text-align: justify;\">Cada ponencia no exceder\u00e1 los 10 minutos de presentaci\u00f3n (independientemente del n\u00ba de coautores).<\/li>\n<li style=\"text-align: justify;\">Puede elegirse participaci\u00f3n presencial o modalidad online.<\/li>\n<li style=\"text-align: justify;\">La certificaci\u00f3n se entregar\u00e1 a todos los autores\/as que firmen la aportaci\u00f3n y hayan abonado la matr\u00edcula correspondiente (modalidad P).<\/li>\n<\/ol>\n<\/li>\n<\/ol>\n<p>[\/et_pb_text][\/et_pb_column][\/et_pb_row][et_pb_row _builder_version=\u00bb4.16&#8243; global_colors_info=\u00bb{}\u00bb][et_pb_column type=\u00bb4_4&#8243; _builder_version=\u00bb4.16&#8243; global_colors_info=\u00bb{}\u00bb][et_pb_text _builder_version=\u00bb4.23.3&#8243; min_height=\u00bb254.6px\u00bb custom_padding=\u00bb||62px|||\u00bb hover_enabled=\u00bb0&#8243; global_colors_info=\u00bb{}\u00bb sticky_enabled=\u00bb0&#8243;]<\/p>\n<h3 style=\"text-align: justify;\">INSCRIPCI\u00d3N Y MATR\u00cdCULA:<\/h3>\n<ol style=\"text-align: justify;\">\n<li><span>Para el env\u00edo y el pago de matr\u00edcula, una aportaci\u00f3n de ponencia invitada I+D+i sigue las normas de una comunicaci\u00f3n oral.<\/span><\/li>\n<li><span>Si una aportaci\u00f3n de ponencia invitada I+D+i es aceptada, todos los autores deben inscribirse y pagar la correspondiente matr\u00edcula seg\u00fan la normativa general.\u00a0<\/span><\/li>\n<li>Una aportaci\u00f3n puede presentarse en autor\u00eda \u00fanica o coautor\u00eda (en este caso, uno de los autores es el autor\/a de contacto). Todos los autores se regir\u00e1n por la normativa general de ICON-edu (importe de matr\u00edcula, n\u00ba m\u00e1ximo de aportaciones, publicaciones, etc.).<\/li>\n<li>Es imprescindible tener formalizado el pago de matr\u00edcula en el Congreso de TODOS los autores para ser aceptada la aportaci\u00f3n.<\/li>\n<li>Si alg\u00fan autor no formaliza su matr\u00edcula en tiempo y forma, no podr\u00e1 realizarse la presentaci\u00f3n. En ese caso, los trabajos de los autores que s\u00ed se hayan inscrito pasar\u00e1n autom\u00e1ticamente a comunicaciones orales.<\/li>\n<\/ol>\n<p>&nbsp;<\/p>\n<h3 style=\"text-align: justify;\">PRESENTACI\u00d3N EN EL CONGRESO:<\/h3>\n<ol style=\"text-align: justify;\">\n<li><span>Si se opta por presentaci\u00f3n virtual, se deber\u00e1 remitir al Comit\u00e9 organizador un v\u00eddeo previamente grabado por parte de los participantes. <\/span><\/li>\n<li><span>Si se presenta de forma presencial, podr\u00e1 ser un \u00fanico autor quien presente.<br \/><\/span><\/li>\n<\/ol>\n<p><span><\/span><\/p>\n<h3 style=\"text-align: justify;\">PUBLICACI\u00d3N:<\/h3>\n<p style=\"text-align: justify;\">Las aportaciones (env\u00edos fase 1) ser\u00e1n publicados en el Libro de Actas en la prestigiosa editorial Octaedro indexada en SPI Q1 en una secci\u00f3n exclusiva.<\/p>\n<p style=\"text-align: justify;\">Adem\u00e1s, se podr\u00e1 presentar el texto completo para ser publicado. En este caso, la normativa es la general para trabajos completos (env\u00edos fase 2) y teniendo, adem\u00e1s, unas condiciones especiales: en caso de elegir libro, <strong>se puede elegir cualquiera de los libros<\/strong> editados con las aportaciones de la modalidad B2 (<strong>Aranzadi, Aula Magna-McGrawHill, Dykinson, IGI Global, Octaedro, o Tirant lo Blanch) o bien publicar en un libro con no m\u00e1s de 20 cap\u00edtulos en una de las editoriales anteriores (editorial seleccionada por el Comit\u00e9 Organizador).<\/strong><\/p>\n<p style=\"text-align: justify;\">[\/et_pb_text][\/et_pb_column][\/et_pb_row][\/et_pb_section]<\/p>\n","protected":false},"excerpt":{"rendered":"<p>ICON-edu incluye la posibilidad de celebrar presentaciones vinculadas a I+D+i (difusi\u00f3n y transferencia). Esta posibilidad est\u00e1 abierta a cualquier participante interesado en ello.\u00a0 Estas presentaciones pueden estar referidas a: proyectos (iniciados, en curso o finalizados), presentaci\u00f3n de publicaciones (ya finalizadas o en curso), actividades de transferencia del conocimiento, propuesta de proyectos (captaci\u00f3n de socios), presentaci\u00f3n [&hellip;]<\/p>\n","protected":false},"author":1,"featured_media":0,"parent":0,"menu_order":0,"comment_status":"closed","ping_status":"closed","template":"","meta":{"_et_pb_use_builder":"on","_et_pb_old_content":"","_et_gb_content_width":"","footnotes":"","_mc_calendar":[]},"_links":{"self":[{"href":"https:\/\/icon.kiobus.org\/edu\/edicion2024\/wp-json\/wp\/v2\/pages\/4578"}],"collection":[{"href":"https:\/\/icon.kiobus.org\/edu\/edicion2024\/wp-json\/wp\/v2\/pages"}],"about":[{"href":"https:\/\/icon.kiobus.org\/edu\/edicion2024\/wp-json\/wp\/v2\/types\/page"}],"author":[{"embeddable":true,"href":"https:\/\/icon.kiobus.org\/edu\/edicion2024\/wp-json\/wp\/v2\/users\/1"}],"replies":[{"embeddable":true,"href":"https:\/\/icon.kiobus.org\/edu\/edicion2024\/wp-json\/wp\/v2\/comments?post=4578"}],"version-history":[{"count":13,"href":"https:\/\/icon.kiobus.org\/edu\/edicion2024\/wp-json\/wp\/v2\/pages\/4578\/revisions"}],"predecessor-version":[{"id":6696,"href":"https:\/\/icon.kiobus.org\/edu\/edicion2024\/wp-json\/wp\/v2\/pages\/4578\/revisions\/6696"}],"wp:attachment":[{"href":"https:\/\/icon.kiobus.org\/edu\/edicion2024\/wp-json\/wp\/v2\/media?parent=4578"}],"curies":[{"name":"wp","href":"https:\/\/api.w.org\/{rel}","templated":true}]}}