{"id":638,"date":"2021-11-04T13:58:09","date_gmt":"2021-11-04T12:58:09","guid":{"rendered":"https:\/\/icon.kiobus.org\/edu\/edicion2024\/?page_id=638"},"modified":"2024-04-14T05:41:06","modified_gmt":"2024-04-14T03:41:06","slug":"preguntas-frecuentes","status":"publish","type":"page","link":"https:\/\/icon.kiobus.org\/edu\/edicion2024\/preguntas-frecuentes\/","title":{"rendered":"Preguntas frecuentes"},"content":{"rendered":"<p>[et_pb_section fb_built=\u00bb1&#8243; _builder_version=\u00bb4.16&#8243; custom_padding=\u00bb26px|||||\u00bb collapsed=\u00bboff\u00bb global_colors_info=\u00bb{}\u00bb][et_pb_row _builder_version=\u00bb4.16&#8243; custom_padding=\u00bb24px|0px|25.4667px|0px|false|false\u00bb global_colors_info=\u00bb{}\u00bb][et_pb_column type=\u00bb4_4&#8243; _builder_version=\u00bb4.16&#8243; custom_padding=\u00bb|||\u00bb global_colors_info=\u00bb{}\u00bb custom_padding__hover=\u00bb|||\u00bb][et_pb_accordion closed_toggle_text_color=\u00bb#ffffff\u00bb closed_toggle_background_color=\u00bb#ED5550&#8243; icon_color=\u00bb#ffffff\u00bb use_icon_font_size=\u00bbon\u00bb icon_font_size=\u00bb18px\u00bb _builder_version=\u00bb4.23.3&#8243; hover_transition_duration=\u00bb100ms\u00bb hover_transition_speed_curve=\u00bblinear\u00bb hover_enabled=\u00bb0&#8243; border_color_all=\u00bb#ED5550&#8243; global_colors_info=\u00bb{}\u00bb sticky_enabled=\u00bb0&#8243;][et_pb_accordion_item title=\u00bbDe forma resumida, \u00bfc\u00f3mo es el procedimiento para participar en ICON-edu?\u00bb open=\u00bbon\u00bb _builder_version=\u00bb4.23.3&#8243; _module_preset=\u00bbdefault\u00bb global_colors_info=\u00bb{}\u00bb]<\/p>\n<p>Est\u00e1 todo muy detallado sobre c\u00f3mo participar en el apartado \u00abProceso de env\u00edo\u00bb: <a href=\"tenemos%20todo muy detallado de qu\u00e9 hay que hacer en la web: https:\/\/icon.kiobus.org\/edu\/edicion2024\/proceso-de-envio\/  De forma resumida es: - Fase 1 (obligatoria): texto de 500-600 palabras. - Presentaci\u00f3n de diapositivas (solo presentaci\u00f3n o con v\u00eddeo generado con las diapositivas) (obligatorio): esto es para presentarse en la plataforma del congreso. Solo deben enviar esto; nosotros subimos las presentaciones a la plataforma y ustedes deben contestar en el foro las preguntas. No hay una presentaci\u00f3n en una fecha concreta. - Fase 2 (voluntaria): texto completo escrito para cap\u00edtulo de libro o art\u00edculo de revista.Les aconsejamos la publicaci\u00f3n de cap\u00edtulo en Octaedro o Dykinson. Son Q1 en SPI y son las ediciones que antes se publican.\">https:\/\/icon.kiobus.org\/edu\/edicion2024\/proceso-de-envio\/<\/a><\/p>\n<p><strong>De forma resumida<\/strong> ser\u00eda:<\/p>\n<ul>\n<li><strong>Fase 1<\/strong> (obligatoria): elaborar texto de 500-600 palabras.<\/li>\n<li><strong>Matricularse<\/strong> todos los coautores (obligatorio).<\/li>\n<li><strong>Presentaci\u00f3n<\/strong> en el congreso (obligatorio): se debe elaborar una presentaci\u00f3n de diapositivas\/v\u00eddeo\/texto. Se remite este archivo y la Organizaci\u00f3n lo sube a la plataforma del congreso.\n<ul>\n<li>Si es participaci\u00f3n online: los autores solo deben contestar en el foro las preguntas. No hay, pues, una presentaci\u00f3n en una fecha concreta ni conexiones s\u00edncronas obligatorias.<\/li>\n<li>Si es participaci\u00f3n presencial: un autor\/a debe exponer seg\u00fan cronograma de sesiones.<\/li>\n<\/ul>\n<\/li>\n<li><strong>Fase 2<\/strong> (voluntaria): texto completo escrito para cap\u00edtulo de libro o art\u00edculo de revista.<\/li>\n<\/ul>\n<p>[\/et_pb_accordion_item][et_pb_accordion_item title=\u00bb \u00bfTodos los autores de una aportaci\u00f3n deben inscribirse como matriculados en el congreso?\u00bb _builder_version=\u00bb4.16&#8243; global_colors_info=\u00bb{}\u00bb open=\u00bboff\u00bb]<\/p>\n<p><span>S\u00ed, todos deber\u00e1n estar inscritos. Los importes de las matr\u00edculas est\u00e1n muy ajustados.<\/span><\/p>\n<p><span>Por tanto, en caso de autor\u00eda m\u00faltiple, deber\u00e1n formalizar la matr\u00edcula todos las autoras o los autores y abonar la cuant\u00eda correspondiente seg\u00fan cada caso.<\/span><\/p>\n<p>[\/et_pb_accordion_item][et_pb_accordion_item title=\u00bb\u00bfCu\u00e1ntas aportaciones se pueden enviar?\u00bb _builder_version=\u00bb4.23.3&#8243; hover_enabled=\u00bb0&#8243; global_colors_info=\u00bb{}\u00bb open=\u00bboff\u00bb sticky_enabled=\u00bb0&#8243;]<\/p>\n<p>Un autor puede enviar hasta <strong>dos<\/strong> aportaciones en la <strong>fase 1<\/strong>. Puede tener, pues, dos aportaciones en el Libro de Actas y dos certificados de presentaci\u00f3n de comunicaci\u00f3n oral\/p\u00f3ster\/ponencia en simposio invitado\/ponencia invitada. En este caso, deber\u00e1 hacer dos presentaciones en el Congreso (en la modalidad que se elija para cada una de ellas: presencial u oral).<\/p>\n<p>Si, adem\u00e1s, quiere remitir texto completo (env\u00edos <strong>fase 2<\/strong>), solo se podr\u00e1 enviar <strong>una<\/strong> aportaci\u00f3n en esta fase 2. Con ello, podr\u00e1 tener un cap\u00edtulo de libro o un art\u00edculo de revista (deber\u00e1 cambiar ligeramente el t\u00edtulo para que no sea el mismo que la aportaci\u00f3n de la fase 1 de la cual presenta texto completo).<\/p>\n<p>Para remitir <strong>m\u00e1s de un texto completo en la fase 2<\/strong> deber\u00e1 abonar la <strong>matr\u00edcula extra<\/strong>. Si abona, pues, una matr\u00edcula extra, podr\u00e1 tener dos cap\u00edtulos de libro\/art\u00edculos.<\/p>\n<p>[\/et_pb_accordion_item][et_pb_accordion_item title=\u00bb\u00bfEn cu\u00e1ntos cap\u00edtulos de libro que superen la revisi\u00f3n puede aparecer cada autor o autora?\u00bb _builder_version=\u00bb4.23.3&#8243; global_colors_info=\u00bb{}\u00bb open=\u00bboff\u00bb]<\/p>\n<p><span>Un autor o autora s\u00f3lo puede aparecer en un cap\u00edtulo de libro.\u00a0<\/span><\/p>\n<p><span>Ahora bien, un participante puede a\u00f1adir inscripciones extra para poder remitir de forma extra otros cap\u00edtulos de libro o art\u00edculos de revista.<\/span><\/p>\n<p>[\/et_pb_accordion_item][et_pb_accordion_item title=\u00bbSi una revista rechaza un trabajo completo de la fase 2, \u00bfpodr\u00eda enviarse este manuscrito como cap\u00edtulo de libro a una editorial?\u00bb _builder_version=\u00bb4.23.3&#8243; _module_preset=\u00bbdefault\u00bb global_colors_info=\u00bb{}\u00bb open=\u00bboff\u00bb]<\/p>\n<p><span>Existe la posibilidad de que un trabajo completo se remita a una revista y, en caso de que se rechace el manuscrito, este pueda enviarse como cap\u00edtulo para uno de los libros a publicar. <\/span><\/p>\n<p><span>La \u00fanica condici\u00f3n es que se cumpla la fecha l\u00edmite para el env\u00edo en esta fase 2. Para ello, ser\u00e1 necesario que el manuscrito se remita a la revista antes del d\u00eda 4 de mayo, con el fin de que haya suficiente tiempo para todo el proceso indicado (las revistas en un mes informan del resultado final de evaluaci\u00f3n) y, como se ha indicado, si se rechaza el manuscrito, que haya tiempo suficiente para cumplir la fecha l\u00edmite y enviar el texto como cap\u00edtulo.<\/span><\/p>\n<p><span>Ser\u00e1 necesario, por supuesto, que el manuscrito cumpla las normas de edici\u00f3n de la editorial del libro y se utilice la plantilla correspondiente.<\/span><\/p>\n<p>[\/et_pb_accordion_item][et_pb_accordion_item title=\u00bb\u00bfSe puede enviar la propuesta inicial, y en caso de ser aceptada, apuntarse posteriormente al congreso, o es necesario estar apuntado primero para poder presentar la propuesta inicial?\u00bb _builder_version=\u00bb4.16&#8243; global_colors_info=\u00bb{}\u00bb open=\u00bboff\u00bb]<\/p>\n<p><span>Se puede enviar la propuesta inicial y, en caso de ser aceptada, apuntarse posteriormente, pero siempre respetando las fechas clave.<\/span><\/p>\n<p>[\/et_pb_accordion_item][et_pb_accordion_item title=\u00bbTras enviar una aportaci\u00f3n inicial en la fase 1, \u00bfcu\u00e1ndo se recibir\u00e1 la respuesta sobre la aceptaci\u00f3n o no de la aportaci\u00f3n?\u00bb _builder_version=\u00bb4.16&#8243; global_colors_info=\u00bb{}\u00bb open=\u00bboff\u00bb]<\/p>\n<p>Hasta el d\u00eda anterior de que finalice el plazo temprano de matr\u00edcula.<\/p>\n<p>[\/et_pb_accordion_item][et_pb_accordion_item title=\u00bb\u00bfC\u00f3mo puedo comunicar alguna incidencia durante la celebraci\u00f3n del congreso?\u00bb _builder_version=\u00bb4.16&#8243; global_colors_info=\u00bb{}\u00bb open=\u00bboff\u00bb]<\/p>\n<p><span>Si quiere contactar con nosotros antes, durante y despu\u00e9s de la celebraci\u00f3n del congreso, utilice los datos del apartado <a href=\"https:\/\/icon.kiobus.org\/edu\/edicion2024\/secretaria-y-contacto\/\">Contacto<\/a>.<\/span><\/p>\n<p>[\/et_pb_accordion_item][et_pb_accordion_item title=\u00bbSi solo quiero participar con una comunicaci\u00f3n, p\u00f3ster, simposio completo o ponencia invitada, \u00bfdebo enviar un trabajo completo?\u00bb _builder_version=\u00bb4.23.3&#8243; hover_enabled=\u00bb0&#8243; global_colors_info=\u00bb{}\u00bb open=\u00bboff\u00bb sticky_enabled=\u00bb0&#8243;]<\/p>\n<p>Para participar con una aportaci\u00f3n, solo debe enviar un texto que tenga entre 500 y 600 palabras. Puede enviar en total dos aportaciones. Todas las aportaciones aceptadas (env\u00edos fase 1) se publican en el Libro de Actas editado por la Editorial Octaedro (Q1 y n\u00ba 1 en el r\u00e1nking SPI 2022).<\/p>\n<p>No es obligatorio enviar texto completo (env\u00edos fase 2). Enviar un texto completo (entre 4.500 y 6000 palabras), pues, es voluntario.<\/p>\n<p>[\/et_pb_accordion_item][et_pb_accordion_item title=\u00bb\u00bfEn el v\u00eddeo que se graba como opci\u00f3n debe aparecer el rostro del autor\/es?\u00bb _builder_version=\u00bb4.16&#8243; global_colors_info=\u00bb{}\u00bb open=\u00bboff\u00bb]<\/p>\n<p>No es obligatorio. Puede enviar un v\u00eddeo donde solo se escuche su voz en off y se vea la presentaci\u00f3n de diapositivas que haya preparado.<\/p>\n<p>[\/et_pb_accordion_item][et_pb_accordion_item title=\u00bb\u00bfEn qu\u00e9 idiomas puedo enviar una aportaci\u00f3n?\u00bb _builder_version=\u00bb4.16&#8243; global_colors_info=\u00bb{}\u00bb open=\u00bboff\u00bb]<\/p>\n<ul>\n<li>Se podr\u00e1n presentar trabajos (env\u00edos<span>\u00a0fase 1<\/span>) en espa\u00f1ol, catal\u00e1n, ingl\u00e9s, italiano, portugu\u00e9s, alem\u00e1n y franc\u00e9s.<\/li>\n<li>En el caso de las publicaciones de los trabajos completos (env\u00edos voluntarios en la fase 2), el idioma depender\u00e1 de la editorial:\n<ul>\n<li>Aula Magna-McGrawHill, Dykinson, Octaedro y Tirant Lo Blanch: en espa\u00f1ol, catal\u00e1n o ingl\u00e9s.<\/li>\n<li>Peter Lang, IGI Global y revistas: en ingl\u00e9s.<\/li>\n<\/ul>\n<\/li>\n<li>El autor\/autores deber\u00e1n remitir el texto en el idioma correspondiente y asegurarse de que el texto haya sido traducido\/revisado correctamente.<\/li>\n<\/ul>\n<p>&nbsp;<\/p>\n<p>[\/et_pb_accordion_item][et_pb_accordion_item title=\u00bbSi quiero enviar un cap\u00edtulo o art\u00edculo de revista extra, \u00bfpreviamente debo haber presentado un resumen (fase 1)?\u00bb _builder_version=\u00bb4.16&#8243; _module_preset=\u00bbdefault\u00bb global_colors_info=\u00bb{}\u00bb open=\u00bboff\u00bb]<\/p>\n<div><span>Cuando env\u00eda una aportaci\u00f3n como cap\u00edtulo extra no es necesario remitir previamente un resumen en la fase 1. Debe enviar directamente el <\/span>texto completo y realizar el pago de matr\u00edcula en esta modalidad en la fecha l\u00edmite de inscripci\u00f3n (v\u00e9ase fechas clave).<\/div>\n<p>[\/et_pb_accordion_item][et_pb_accordion_item title=\u00bb\u00bfUn participante puede elegir la revista que prefiera? Y si la revista rechaza el manuscrito, \u00bfpuede enviarse a otra publicaci\u00f3n?\u00bb _builder_version=\u00bb4.23.3&#8243; _module_preset=\u00bbdefault\u00bb global_colors_info=\u00bb{}\u00bb open=\u00bboff\u00bb]<\/p>\n<div>Cada autor\/autores puede elegir la revista, que desee y el art\u00edculo deber\u00e1 pasar la evaluaci\u00f3n de dicha revista. En este proceso, propio de la revista, la Organizaci\u00f3n del Congreso no tiene ninguna influencia ni tiene ninguna acci\u00f3n; es algo exclusivo de la revista.<\/div>\n<div>De hecho, es el autor quien env\u00eda directamente el manuscrito a la revista; a la Organizaci\u00f3n del Congreso \u00fanicamente debe cumplimentar un formulario comunicando que ha realizado dicho env\u00edo.<\/div>\n<div><\/div>\n<div>En caso de que el art\u00edculo fuera rechazado por la revista, est\u00e1 previsto por parte de la Organizaci\u00f3n del Congreso poder enviar para su evaluaci\u00f3n el manuscrito a uno de los libros en formato digital del Congreso. En este caso, se seguir\u00e1 el proceso de evaluaci\u00f3n correspondiente, pudiendo ser rechazado tambi\u00e9n el texto.<\/div>\n<div>Todo ello est\u00e1 indicado en la web del Congreso (https:\/\/icon.kiobus.org\/edu\/edicion2024\/normas-de-publicacion-fase-2\/): ver \u00ab<span>Nota importante\u00bb.<\/span><\/div>\n<div><\/div>\n<div><span>Respecto a la restricci\u00f3n de env\u00edo de art\u00edculos a una u otra revista por parte de la Organizaci\u00f3n, no la hay, para ninguna revista. Cada autor\/autores s\u00ed tiene la limitaci\u00f3n de poder enviar solo un texto completo\/fase 2.<\/span><\/div>\n<p>[\/et_pb_accordion_item][et_pb_accordion_item title=\u00bb\u00bfQu\u00e9 hacer si solo se quiere participar como asistente o acompa\u00f1ante en ICON-edu?\u00bb _builder_version=\u00bb4.23.3&#8243; _module_preset=\u00bbdefault\u00bb hover_enabled=\u00bb0&#8243; sticky_enabled=\u00bb0&#8243;]<\/p>\n<p>Si una persona quiere participar como asistente o acompa\u00f1ante (son cosas diferentes) \u00fanicamente debe abonar la matr\u00edcula correspondiente en mabos casos. Para ello:<\/p>\n<p>&#8211; En el apartado \u00ab<a href=\"https:\/\/icon.kiobus.org\/edu\/edicion2024\/inscripcion\/\">Inscripci\u00f3n<\/a>\u00bb aparecen los importes correspondientes.<\/p>\n<p>&#8211; Directamente debe acceder al apartado \u00ab<a href=\"https:\/\/icon.kiobus.org\/edu\/edicion2024\/mi-cuenta\/\">Mi cuenta<\/a>\u00ab, pesta\u00f1a \u00abMatr\u00edcula\u00bb y cumplimentar los datos personales, as\u00ed como finalizar el proceso de pago de matr\u00edcula.<\/p>\n<p>Aspectos importantes:<\/p>\n<ul>\n<li>\u00ab<span>Inscripci\u00f3n\u00a0 <strong>solo Asistencia<\/strong>\u00ab. Sirve para participar como asistente y obtener el certificado correspondiente. Puede elegirse modalidad presencial o virtual.<\/span><\/li>\n<\/ul>\n<ul>\n<li style=\"list-style-type: none;\">\n<ul>\n<li><span>No hay posibilidad de presentar publicaciones o aportaciones de comunicaciones, p\u00f3steres o simposios.<\/span><span><\/span><\/li>\n<li><span>S\u00ed tendr\u00e1 acceso al congreso durante los d\u00edas de celebraci\u00f3n:<\/span>\n<ul>\n<li>Si abona la matr\u00edcula de tipo \u00abvirtual\u00bb, podr\u00e1 acceder a la plataforma del congreso online, donde estar\u00e1n todos los contenidos (conferencias plenarias, presentaciones de comunicaciones, p\u00f3steres y simposios, Libro de Abstracts, etc.).<\/li>\n<li>Si abona la matr\u00edcula de tipo \u00abpresencial\u00bb, podr\u00e1 acceder a todo el programa del congreso presencial y tambi\u00e9n a la plataforma del congreso online.<\/li>\n<\/ul>\n<\/li>\n<li><strong>Certificaci\u00f3n<\/strong>: certificado acreditativo de asistencia al Congreso de 30 horas.<\/li>\n<\/ul>\n<\/li>\n<\/ul>\n<ul>\n<li><span>\u00abInscripciones <strong>acompa\u00f1antes<\/strong> (presencial)\u00bb. Esta opci\u00f3n es para personas que quieren acompa\u00f1ar de forma presencial a otra persona durante el congreso. De esta forma, puede acceder a las sesiones y al resto de actividades (coffee breaks, actividades culturales, autob\u00fas, etc.). <\/span>\n<ul>\n<li><span>No puede presentar aportaciones.<\/span><\/li>\n<li><span>No obtiene certificado de asistencia, aunque puede hacerse un justificante simple de haber asistido a una actividad acad\u00e9mica en la Universidad de Alicante.<\/span><\/li>\n<li><span>No tiene acceso a los contenidos del congreso online.<\/span><\/li>\n<\/ul>\n<\/li>\n<\/ul>\n<p>&nbsp;<\/p>\n<p>[\/et_pb_accordion_item][\/et_pb_accordion][\/et_pb_column][\/et_pb_row][\/et_pb_section]<\/p>\n","protected":false},"excerpt":{"rendered":"<p>Est\u00e1 todo muy detallado sobre c\u00f3mo participar en el apartado \u00abProceso de env\u00edo\u00bb: https:\/\/icon.kiobus.org\/edu\/edicion2024\/proceso-de-envio\/ De forma resumida ser\u00eda: Fase 1 (obligatoria): elaborar texto de 500-600 palabras. Matricularse todos los coautores (obligatorio). Presentaci\u00f3n en el congreso (obligatorio): se debe elaborar una presentaci\u00f3n de diapositivas\/v\u00eddeo\/texto. Se remite este archivo y la Organizaci\u00f3n lo sube a la plataforma [&hellip;]<\/p>\n","protected":false},"author":1,"featured_media":0,"parent":0,"menu_order":0,"comment_status":"closed","ping_status":"closed","template":"","meta":{"_et_pb_use_builder":"on","_et_pb_old_content":"","_et_gb_content_width":"","footnotes":"","_mc_calendar":[]},"_links":{"self":[{"href":"https:\/\/icon.kiobus.org\/edu\/edicion2024\/wp-json\/wp\/v2\/pages\/638"}],"collection":[{"href":"https:\/\/icon.kiobus.org\/edu\/edicion2024\/wp-json\/wp\/v2\/pages"}],"about":[{"href":"https:\/\/icon.kiobus.org\/edu\/edicion2024\/wp-json\/wp\/v2\/types\/page"}],"author":[{"embeddable":true,"href":"https:\/\/icon.kiobus.org\/edu\/edicion2024\/wp-json\/wp\/v2\/users\/1"}],"replies":[{"embeddable":true,"href":"https:\/\/icon.kiobus.org\/edu\/edicion2024\/wp-json\/wp\/v2\/comments?post=638"}],"version-history":[{"count":48,"href":"https:\/\/icon.kiobus.org\/edu\/edicion2024\/wp-json\/wp\/v2\/pages\/638\/revisions"}],"predecessor-version":[{"id":7342,"href":"https:\/\/icon.kiobus.org\/edu\/edicion2024\/wp-json\/wp\/v2\/pages\/638\/revisions\/7342"}],"wp:attachment":[{"href":"https:\/\/icon.kiobus.org\/edu\/edicion2024\/wp-json\/wp\/v2\/media?parent=638"}],"curies":[{"name":"wp","href":"https:\/\/api.w.org\/{rel}","templated":true}]}}