{"id":598,"date":"2021-11-04T13:13:08","date_gmt":"2021-11-04T12:13:08","guid":{"rendered":"https:\/\/icon.kiobus.org\/edu\/edicion2025\/?page_id=598"},"modified":"2024-12-31T06:55:36","modified_gmt":"2024-12-31T05:55:36","slug":"normas-de-publicacion","status":"publish","type":"page","link":"https:\/\/icon.kiobus.org\/edu\/edicion2025\/normas-de-publicacion\/","title":{"rendered":"Normas de publicaci\u00f3n"},"content":{"rendered":"<p>[et_pb_section fb_built=\u00bb1&#8243; _builder_version=\u00bb4.23.3&#8243; custom_margin=\u00bb0px||||false|false\u00bb custom_padding=\u00bb0px||||false|false\u00bb collapsed=\u00bboff\u00bb global_colors_info=\u00bb{}\u00bb][et_pb_row _builder_version=\u00bb4.16&#8243; custom_margin=\u00bb0px||||false|false\u00bb custom_padding=\u00bb0px||||false|false\u00bb global_colors_info=\u00bb{}\u00bb][et_pb_column type=\u00bb4_4&#8243; _builder_version=\u00bb4.16&#8243; global_colors_info=\u00bb{}\u00bb][et_pb_cta title=\u00bbInstrucciones generales para presentar aportaciones en la fase 1:\u00bb button_text=\u00bbClics\u00bb _builder_version=\u00bb4.23.3&#8243; background_color=\u00bb#CE171A\u00bb background_enable_mask_style=\u00bbon\u00bb background_mask_style=\u00bbchevrons\u00bb background_mask_size=\u00bbcontain\u00bb background_mask_position=\u00bbcenter_left\u00bb custom_padding=\u00bb27px||0px||false|false\u00bb border_radii=\u00bbon|7px|7px|7px|7px\u00bb box_shadow_style=\u00bbpreset3&#8243; global_colors_info=\u00bb{}\u00bb][\/et_pb_cta][\/et_pb_column][\/et_pb_row][et_pb_row column_structure=\u00bb1_4,3_4&#8243; _builder_version=\u00bb4.23.3&#8243; global_colors_info=\u00bb{}\u00bb][et_pb_column type=\u00bb1_4&#8243; _builder_version=\u00bb4.23.3&#8243; z_index=\u00bb0&#8243; sticky_limit_bottom=\u00bbrow\u00bb global_colors_info=\u00bb{}\u00bb][et_pb_image src=\u00bbhttps:\/\/icon.kiobus.org\/edu\/edicion2025\/wp-content\/uploads\/2021\/11\/0007_octaedro.jpg\u00bb alt=\u00bblogo octaedro\u00bb title_text=\u00bb_0007_octaedro\u00bb align=\u00bbcenter\u00bb _builder_version=\u00bb4.23.3&#8243; _module_preset=\u00bbdefault\u00bb z_index=\u00bb-1&#8243; sticky_position=\u00bbtop\u00bb sticky_offset_top=\u00bb201px\u00bb sticky_limit_bottom=\u00bbrow\u00bb global_colors_info=\u00bb{}\u00bb][\/et_pb_image][\/et_pb_column][et_pb_column type=\u00bb3_4&#8243; _builder_version=\u00bb4.16&#8243; global_colors_info=\u00bb{}\u00bb][et_pb_text _builder_version=\u00bb4.23.3&#8243; width=\u00bb100%\u00bb custom_padding=\u00bb|||0px||\u00bb global_colors_info=\u00bb{}\u00bb]<\/p>\n<h3>NORMAS PARA EL ENV\u00cdO DE APORTACIONES (FASE 1) (para ponencias invitadas I+D+i, aportaciones en los simposios invitados, comunicaciones orales y p\u00f3steres):<\/h3>\n<p>&nbsp;<\/p>\n<ol>\n<li>El texto debe tener <strong>entre 500 y 600 palabras.<\/strong><\/li>\n<li>El texto estar\u00e1 narrado, es decir, escrito en un \u00fanico p\u00e1rrafo (sin apartados):\n<ul>\n<li>Si es un trabajo de investigaci\u00f3n, una experiencia o de revisi\u00f3n bibliogr\u00e1fica\/sistem\u00e1tica, el contenido debe estar narrado y contener informaci\u00f3n sobre los siguientes aspectos (pero no explicitar apartados): introducci\u00f3n, objetivos, m\u00e9todo, resultados y conclusiones.<\/li>\n<li>Si es un trabajo de reflexi\u00f3n o revisi\u00f3n te\u00f3rica, el contenido debe estar narrado y contener informaci\u00f3n sobre los siguientes aspectos (pero no explicitar apartados): introducci\u00f3n, objetivos, desarrollo del tema y conclusiones.<\/li>\n<\/ul>\n<\/li>\n<li>IMPORTANTE: No podr\u00e1 incluirse un apartado final de bibliograf\u00eda. Por tanto, <strong>no podr\u00e1 citarse <span>y\/o parafrasear palabras y\/o texto de otros autores, ni tampoco incluir referencias de autores y a\u00f1o de publicaci\u00f3n.\u00a0<\/span><\/strong><\/li>\n<li>El t\u00edtulo tendr\u00e1 como m\u00e1ximo 25 palabras.<\/li>\n<li>El autor\/a o autor\/a de contacto (en caso de coautor\u00eda) ser\u00e1 quien registrar\u00e1 la aportaci\u00f3n para ser evaluada. En el formulario ser\u00e1 este\/esta quien a\u00f1adir\u00e1 los datos del resto de autores\/as. El resto de autores, pues, no cumplimentan el formulario para el env\u00edo de la fase 1.<\/li>\n<li>Recuerde que un autor podr\u00e1 aparecer como m\u00e1ximo en\u00a0 dos aportaciones de esta fase 1, ya sea de modo individual o en coautor\u00eda. En la fase 2 (cap\u00edtulo o art\u00edculo) solo podr\u00e1 aparecer en 1 aportaci\u00f3n. Habr\u00e1, pues, una posible aportaci\u00f3n que finalizar\u00e1 su proceso con el env\u00edo en esta fase 1.<\/li>\n<li>Si un autor env\u00eda m\u00e1s aportaciones de las posibles, ser\u00e1 motivo de rechazo de todas las aportaciones.<\/li>\n<li>En una aportaci\u00f3n pueden constar hasta 5 autores. De forma excepcional, podr\u00e1 haber m\u00e1s autores\/as (es necesario solicitarlo por email a <a href=\"mailto:icon.congress@ua.es\">icon.congress@ua.es<\/a>).<\/li>\n<li>Se podr\u00e1n presentar trabajos en espa\u00f1ol, catal\u00e1n, ingl\u00e9s, italiano, portugu\u00e9s, alem\u00e1n y franc\u00e9s.<\/li>\n<li>En caso de que se desee incluir la referencia de un proyecto, esta informaci\u00f3n debe integrarse en el texto o bien al final a\u00f1adir una frase del tipo \u00abEste trabajo ha sido elaborado en el marco del proyecto XXXXXXX\u00bb.<\/li>\n<li>Si va a presentar un <strong>simposio<\/strong>, cada aportaci\u00f3n del mismo debe remitirse por esta v\u00eda, pero <a href=\"https:\/\/icon.kiobus.org\/edu\/edicion2025\/simposios-invitado\/\">consulte todos los detalles aqu\u00ed<\/a>.<\/li>\n<li>FORMA DE ENV\u00cdO: deber\u00e1 enviar su aportaci\u00f3n a trav\u00e9s de un formulario en \u00abMi cuenta\u00bb.<\/li>\n<\/ol>\n<p>[\/et_pb_text][\/et_pb_column][\/et_pb_row][et_pb_row _builder_version=\u00bb4.16&#8243; global_colors_info=\u00bb{}\u00bb][et_pb_column type=\u00bb4_4&#8243; _builder_version=\u00bb4.16&#8243; global_colors_info=\u00bb{}\u00bb][et_pb_text _builder_version=\u00bb4.23.3&#8243; hover_enabled=\u00bb0&#8243; global_colors_info=\u00bb{}\u00bb sticky_enabled=\u00bb0&#8243;]<\/p>\n<h3 style=\"text-align: justify;\">NOTAS IMPORTANTES:<\/h3>\n<p style=\"text-align: justify;\"><strong>Notificaci\u00f3n de la evaluaci\u00f3n de las aportaciones (fase 1):<\/strong><\/p>\n<ul style=\"text-align: justify;\">\n<li>Se realiza evaluaci\u00f3n y notificaci\u00f3n continua (en menos de 72 horas recibir\u00e1 la evaluaci\u00f3n).<\/li>\n<li>El Comit\u00e9 Cient\u00edfico y el Comit\u00e9 Organizador gestionar\u00e1n la evaluaci\u00f3n de los env\u00edos de la fase 1. Se notificar\u00e1 por correo electr\u00f3nico el resultado al autor de contacto.<\/li>\n<li>En caso de coautor\u00eda, el autor de contacto ser\u00e1 el responsable de comunicar al resto de autores\/as el resultado.<\/li>\n<li>Cualquier otra comunicaci\u00f3n necesaria se realizar\u00e1 por correo electr\u00f3nico entre la autora o autor de contacto y el Comit\u00e9 Organizador.<\/li>\n<\/ul>\n<p style=\"text-align: justify;\"><strong>Publicaci\u00f3n del Libro de Actas:<\/strong><\/p>\n<ul style=\"text-align: justify;\">\n<li style=\"list-style-type: none;\">\n<ul>\n<li>Se publicar\u00e1 el Libro de Actas en la Editorial Octaedro con todas las aportaciones aceptadas (fase 1).<\/li>\n<li>Este Libro de Actas estar\u00e1 finalizado para la celebraci\u00f3n del Congreso. Se expondr\u00e1 en la plataforma.<\/li>\n<li>A trav\u00e9s del email se le ir\u00e1 informando al autor de contacto de todos los aspectos referidos a esta publicaci\u00f3n.<\/li>\n<\/ul>\n<\/li>\n<\/ul>\n<ol style=\"text-align: justify;\">\n<li>Los trabajos son evaluados por un <em><strong>double blind peer process<\/strong>. <\/em>Se deber\u00e1n cuidar todas las normas de edici\u00f3n y calidad, as\u00ed como las indicaciones para subsanar aspectos editoriales. El autor se compromete a realizar los cambios solicitados, en su caso, como resultado del <em>double blind peer process,<\/em> para poder ser aceptada su aportaci\u00f3n.<\/li>\n<li>Ni la organizaci\u00f3n del Congreso y ni el Comit\u00e9 Cient\u00edfico se hacen responsables de los contenidos incluidos en los textos; ni garantizan la veracidad, originalidad y fiabilidad de los trabajos presentados; ni el uso o no de Inteligencia Artificial (IA). La responsabilidad del contenido es exclusiva de sus autores, que deber\u00e1n responder ante acusaciones de plagio, uso de IA o cualquier problema derivado de sus trabajos.<\/li>\n<li>Los autores\/as, al remitir sus trabajos, ceden todos los derechos sobre el texto de dichos trabajos a este Congreso, que podr\u00e1 publicarlos a trav\u00e9s de las ediciones derivadas del Congreso. As\u00ed pues, los autores otorgan autorizaci\u00f3n al Comit\u00e9 Organizador para publicar, reproducir, distribuir, mostrar, as\u00ed como tambi\u00e9n almacenar sus textos en l\u00ednea o formato impreso y en dispositivos electr\u00f3nicos.<\/li>\n<li><strong>Aspectos \u00e9ticos.<\/strong> ICON tiene como objetivo, en su conjunto, asegurar el cumplimiento de los est\u00e1ndares \u00e9ticos en la investigaci\u00f3n cient\u00edfica en el campo de la educaci\u00f3n. Por ello:\n<ul>\n<li>Mantiene un compromiso \u00e9tico con la comunidad acad\u00e9mica y la sociedad en general, inspirado en los acuerdos internacionales tomados del <a href=\"https:\/\/publicationethics.org\/\" target=\"_blank\" rel=\"noopener\">Comit\u00e9 de \u00c9tica de Publicaciones<\/a> (COPE).<\/li>\n<li>Las propuestas de trabajos deben ser originales (tolerancia cero al plagio), de car\u00e1cter cient\u00edfico o profesional. No pueden ser trabajos ya publicados o presentados previamente o simult\u00e1neamente en otro congreso. En el caso de que se detecte alguno de estos casos, los trabajos ser\u00e1n rechazados y no habr\u00e1 derecho de devoluci\u00f3n del pago de la matr\u00edcula.<\/li>\n<\/ul>\n<\/li>\n<\/ol>\n<p>[\/et_pb_text][\/et_pb_column][\/et_pb_row][\/et_pb_section]<\/p>\n","protected":false},"excerpt":{"rendered":"<p>NORMAS PARA EL ENV\u00cdO DE APORTACIONES (FASE 1) (para ponencias invitadas I+D+i, aportaciones en los simposios invitados, comunicaciones orales y p\u00f3steres): &nbsp; El texto debe tener entre 500 y 600 palabras. El texto estar\u00e1 narrado, es decir, escrito en un \u00fanico p\u00e1rrafo (sin apartados): Si es un trabajo de investigaci\u00f3n, una experiencia o de revisi\u00f3n [&hellip;]<\/p>\n","protected":false},"author":1,"featured_media":0,"parent":0,"menu_order":0,"comment_status":"closed","ping_status":"closed","template":"","meta":{"_et_pb_use_builder":"on","_et_pb_old_content":"","_et_gb_content_width":"","_mc_calendar":[],"footnotes":""},"class_list":["post-598","page","type-page","status-publish","hentry"],"yoast_head":"<!-- This site is optimized with the Yoast SEO plugin v26.8 - https:\/\/yoast.com\/product\/yoast-seo-wordpress\/ -->\n<title>Normas de publicaci\u00f3n - ICON-EDU 2025 - CONGRESO INTERNACIONAL<\/title>\n<meta name=\"robots\" content=\"index, follow, max-snippet:-1, max-image-preview:large, max-video-preview:-1\" \/>\n<link rel=\"canonical\" href=\"https:\/\/icon.kiobus.org\/edu\/edicion2025\/normas-de-publicacion\/\" \/>\n<meta property=\"og:locale\" content=\"es_ES\" \/>\n<meta property=\"og:type\" content=\"article\" \/>\n<meta property=\"og:title\" content=\"Normas de publicaci\u00f3n - ICON-EDU 2025 - CONGRESO INTERNACIONAL\" \/>\n<meta property=\"og:description\" content=\"NORMAS PARA EL ENV\u00cdO DE APORTACIONES (FASE 1) (para ponencias invitadas I+D+i, aportaciones en los simposios invitados, comunicaciones orales y p\u00f3steres): &nbsp; El texto debe tener entre 500 y 600 palabras. El texto estar\u00e1 narrado, es decir, escrito en un \u00fanico p\u00e1rrafo (sin apartados): Si es un trabajo de investigaci\u00f3n, una experiencia o de revisi\u00f3n [&hellip;]\" \/>\n<meta property=\"og:url\" content=\"https:\/\/icon.kiobus.org\/edu\/edicion2025\/normas-de-publicacion\/\" \/>\n<meta property=\"og:site_name\" content=\"ICON-EDU 2025 - CONGRESO INTERNACIONAL\" \/>\n<meta property=\"article:publisher\" content=\"https:\/\/www.facebook.com\/ICON-Congress-100571919228676\" \/>\n<meta property=\"article:modified_time\" content=\"2024-12-31T05:55:36+00:00\" \/>\n<meta property=\"og:image\" content=\"https:\/\/icon.kiobus.org\/edu\/edicion2025\/wp-content\/uploads\/2024\/12\/favicon.png\" \/>\n\t<meta property=\"og:image:width\" content=\"500\" \/>\n\t<meta property=\"og:image:height\" content=\"500\" \/>\n\t<meta property=\"og:image:type\" content=\"image\/png\" \/>\n<meta name=\"twitter:card\" content=\"summary_large_image\" \/>\n<meta name=\"twitter:site\" content=\"@iconcongress\" \/>\n<meta name=\"twitter:label1\" content=\"Tiempo de lectura\" \/>\n\t<meta name=\"twitter:data1\" content=\"6 minutos\" \/>\n<script type=\"application\/ld+json\" class=\"yoast-schema-graph\">{\"@context\":\"https:\/\/schema.org\",\"@graph\":[{\"@type\":\"WebPage\",\"@id\":\"https:\/\/icon.kiobus.org\/edu\/edicion2025\/normas-de-publicacion\/\",\"url\":\"https:\/\/icon.kiobus.org\/edu\/edicion2025\/normas-de-publicacion\/\",\"name\":\"Normas de publicaci\u00f3n - ICON-EDU 2025 - CONGRESO INTERNACIONAL\",\"isPartOf\":{\"@id\":\"https:\/\/icon.kiobus.org\/edu\/edicion2025\/#website\"},\"datePublished\":\"2021-11-04T12:13:08+00:00\",\"dateModified\":\"2024-12-31T05:55:36+00:00\",\"breadcrumb\":{\"@id\":\"https:\/\/icon.kiobus.org\/edu\/edicion2025\/normas-de-publicacion\/#breadcrumb\"},\"inLanguage\":\"es\",\"potentialAction\":[{\"@type\":\"ReadAction\",\"target\":[\"https:\/\/icon.kiobus.org\/edu\/edicion2025\/normas-de-publicacion\/\"]}]},{\"@type\":\"BreadcrumbList\",\"@id\":\"https:\/\/icon.kiobus.org\/edu\/edicion2025\/normas-de-publicacion\/#breadcrumb\",\"itemListElement\":[{\"@type\":\"ListItem\",\"position\":1,\"name\":\"Portada\",\"item\":\"https:\/\/icon.kiobus.org\/edu\/edicion2025\/\"},{\"@type\":\"ListItem\",\"position\":2,\"name\":\"Normas de publicaci\u00f3n\"}]},{\"@type\":\"WebSite\",\"@id\":\"https:\/\/icon.kiobus.org\/edu\/edicion2025\/#website\",\"url\":\"https:\/\/icon.kiobus.org\/edu\/edicion2025\/\",\"name\":\"ICON-EDU 2025 - CONGRESO INTERNACIONAL\",\"description\":\"CONGRESO INTERNACIONAL EDUCACION Y CONOCIMIENTO\",\"publisher\":{\"@id\":\"https:\/\/icon.kiobus.org\/edu\/edicion2025\/#organization\"},\"potentialAction\":[{\"@type\":\"SearchAction\",\"target\":{\"@type\":\"EntryPoint\",\"urlTemplate\":\"https:\/\/icon.kiobus.org\/edu\/edicion2025\/?s={search_term_string}\"},\"query-input\":{\"@type\":\"PropertyValueSpecification\",\"valueRequired\":true,\"valueName\":\"search_term_string\"}}],\"inLanguage\":\"es\"},{\"@type\":\"Organization\",\"@id\":\"https:\/\/icon.kiobus.org\/edu\/edicion2025\/#organization\",\"name\":\"ICON-EDU 2025 - CONGRESO INTERNACIONAL\",\"url\":\"https:\/\/icon.kiobus.org\/edu\/edicion2025\/\",\"logo\":{\"@type\":\"ImageObject\",\"inLanguage\":\"es\",\"@id\":\"https:\/\/icon.kiobus.org\/edu\/edicion2025\/#\/schema\/logo\/image\/\",\"url\":\"https:\/\/icon.kiobus.org\/edu\/wp-content\/uploads\/2024\/12\/favicon.png\",\"contentUrl\":\"https:\/\/icon.kiobus.org\/edu\/wp-content\/uploads\/2024\/12\/favicon.png\",\"width\":500,\"height\":500,\"caption\":\"ICON-EDU 2025 - CONGRESO INTERNACIONAL\"},\"image\":{\"@id\":\"https:\/\/icon.kiobus.org\/edu\/edicion2025\/#\/schema\/logo\/image\/\"},\"sameAs\":[\"https:\/\/www.facebook.com\/ICON-Congress-100571919228676\",\"https:\/\/x.com\/iconcongress\"]}]}<\/script>\n<!-- \/ Yoast SEO plugin. -->","yoast_head_json":{"title":"Normas de publicaci\u00f3n - ICON-EDU 2025 - CONGRESO INTERNACIONAL","robots":{"index":"index","follow":"follow","max-snippet":"max-snippet:-1","max-image-preview":"max-image-preview:large","max-video-preview":"max-video-preview:-1"},"canonical":"https:\/\/icon.kiobus.org\/edu\/edicion2025\/normas-de-publicacion\/","og_locale":"es_ES","og_type":"article","og_title":"Normas de publicaci\u00f3n - ICON-EDU 2025 - CONGRESO INTERNACIONAL","og_description":"NORMAS PARA EL ENV\u00cdO DE APORTACIONES (FASE 1) (para ponencias invitadas I+D+i, aportaciones en los simposios invitados, comunicaciones orales y p\u00f3steres): &nbsp; El texto debe tener entre 500 y 600 palabras. El texto estar\u00e1 narrado, es decir, escrito en un \u00fanico p\u00e1rrafo (sin apartados): Si es un trabajo de investigaci\u00f3n, una experiencia o de revisi\u00f3n [&hellip;]","og_url":"https:\/\/icon.kiobus.org\/edu\/edicion2025\/normas-de-publicacion\/","og_site_name":"ICON-EDU 2025 - CONGRESO INTERNACIONAL","article_publisher":"https:\/\/www.facebook.com\/ICON-Congress-100571919228676","article_modified_time":"2024-12-31T05:55:36+00:00","og_image":[{"width":500,"height":500,"url":"https:\/\/icon.kiobus.org\/edu\/edicion2025\/wp-content\/uploads\/2024\/12\/favicon.png","type":"image\/png"}],"twitter_card":"summary_large_image","twitter_site":"@iconcongress","twitter_misc":{"Tiempo de lectura":"6 minutos"},"schema":{"@context":"https:\/\/schema.org","@graph":[{"@type":"WebPage","@id":"https:\/\/icon.kiobus.org\/edu\/edicion2025\/normas-de-publicacion\/","url":"https:\/\/icon.kiobus.org\/edu\/edicion2025\/normas-de-publicacion\/","name":"Normas de publicaci\u00f3n - ICON-EDU 2025 - CONGRESO INTERNACIONAL","isPartOf":{"@id":"https:\/\/icon.kiobus.org\/edu\/edicion2025\/#website"},"datePublished":"2021-11-04T12:13:08+00:00","dateModified":"2024-12-31T05:55:36+00:00","breadcrumb":{"@id":"https:\/\/icon.kiobus.org\/edu\/edicion2025\/normas-de-publicacion\/#breadcrumb"},"inLanguage":"es","potentialAction":[{"@type":"ReadAction","target":["https:\/\/icon.kiobus.org\/edu\/edicion2025\/normas-de-publicacion\/"]}]},{"@type":"BreadcrumbList","@id":"https:\/\/icon.kiobus.org\/edu\/edicion2025\/normas-de-publicacion\/#breadcrumb","itemListElement":[{"@type":"ListItem","position":1,"name":"Portada","item":"https:\/\/icon.kiobus.org\/edu\/edicion2025\/"},{"@type":"ListItem","position":2,"name":"Normas de publicaci\u00f3n"}]},{"@type":"WebSite","@id":"https:\/\/icon.kiobus.org\/edu\/edicion2025\/#website","url":"https:\/\/icon.kiobus.org\/edu\/edicion2025\/","name":"ICON-EDU 2025 - CONGRESO INTERNACIONAL","description":"CONGRESO INTERNACIONAL EDUCACION Y CONOCIMIENTO","publisher":{"@id":"https:\/\/icon.kiobus.org\/edu\/edicion2025\/#organization"},"potentialAction":[{"@type":"SearchAction","target":{"@type":"EntryPoint","urlTemplate":"https:\/\/icon.kiobus.org\/edu\/edicion2025\/?s={search_term_string}"},"query-input":{"@type":"PropertyValueSpecification","valueRequired":true,"valueName":"search_term_string"}}],"inLanguage":"es"},{"@type":"Organization","@id":"https:\/\/icon.kiobus.org\/edu\/edicion2025\/#organization","name":"ICON-EDU 2025 - CONGRESO INTERNACIONAL","url":"https:\/\/icon.kiobus.org\/edu\/edicion2025\/","logo":{"@type":"ImageObject","inLanguage":"es","@id":"https:\/\/icon.kiobus.org\/edu\/edicion2025\/#\/schema\/logo\/image\/","url":"https:\/\/icon.kiobus.org\/edu\/wp-content\/uploads\/2024\/12\/favicon.png","contentUrl":"https:\/\/icon.kiobus.org\/edu\/wp-content\/uploads\/2024\/12\/favicon.png","width":500,"height":500,"caption":"ICON-EDU 2025 - CONGRESO INTERNACIONAL"},"image":{"@id":"https:\/\/icon.kiobus.org\/edu\/edicion2025\/#\/schema\/logo\/image\/"},"sameAs":["https:\/\/www.facebook.com\/ICON-Congress-100571919228676","https:\/\/x.com\/iconcongress"]}]}},"_links":{"self":[{"href":"https:\/\/icon.kiobus.org\/edu\/edicion2025\/wp-json\/wp\/v2\/pages\/598","targetHints":{"allow":["GET"]}}],"collection":[{"href":"https:\/\/icon.kiobus.org\/edu\/edicion2025\/wp-json\/wp\/v2\/pages"}],"about":[{"href":"https:\/\/icon.kiobus.org\/edu\/edicion2025\/wp-json\/wp\/v2\/types\/page"}],"author":[{"embeddable":true,"href":"https:\/\/icon.kiobus.org\/edu\/edicion2025\/wp-json\/wp\/v2\/users\/1"}],"replies":[{"embeddable":true,"href":"https:\/\/icon.kiobus.org\/edu\/edicion2025\/wp-json\/wp\/v2\/comments?post=598"}],"version-history":[{"count":172,"href":"https:\/\/icon.kiobus.org\/edu\/edicion2025\/wp-json\/wp\/v2\/pages\/598\/revisions"}],"predecessor-version":[{"id":8574,"href":"https:\/\/icon.kiobus.org\/edu\/edicion2025\/wp-json\/wp\/v2\/pages\/598\/revisions\/8574"}],"wp:attachment":[{"href":"https:\/\/icon.kiobus.org\/edu\/edicion2025\/wp-json\/wp\/v2\/media?parent=598"}],"curies":[{"name":"wp","href":"https:\/\/api.w.org\/{rel}","templated":true}]}}