{"id":712,"date":"2021-11-08T11:44:30","date_gmt":"2021-11-08T10:44:30","guid":{"rendered":"https:\/\/icon.kiobus.org\/edu\/edicion2025\/?page_id=712"},"modified":"2025-04-29T09:03:53","modified_gmt":"2025-04-29T07:03:53","slug":"proceso-de-envio","status":"publish","type":"page","link":"https:\/\/icon.kiobus.org\/edu\/edicion2025\/proceso-de-envio\/","title":{"rendered":"Proceso de env\u00edo"},"content":{"rendered":"<p>[et_pb_section fb_built=\u00bb1&#8243; _builder_version=\u00bb4.16&#8243; custom_margin=\u00bb0px||0px||false|false\u00bb custom_padding=\u00bb0px||0px||false|false\u00bb collapsed=\u00bbon\u00bb global_colors_info=\u00bb{}\u00bb][et_pb_row _builder_version=\u00bb4.16&#8243; _module_preset=\u00bbdefault\u00bb global_colors_info=\u00bb{}\u00bb][et_pb_column type=\u00bb4_4&#8243; _builder_version=\u00bb4.16&#8243; _module_preset=\u00bbdefault\u00bb global_colors_info=\u00bb{}\u00bb][et_pb_text _builder_version=\u00bb4.23.3&#8243; _module_preset=\u00bbdefault\u00bb background_color=\u00bb#FFFFFF\u00bb global_colors_info=\u00bb{}\u00bb]<\/p>\n<h3><strong>ATENCI\u00d3N: en esta secci\u00f3n se detallan <span style=\"text-decoration: underline;\">todos<\/span> los pasos a seguir para participar en el Congreso sea cual sea la opci\u00f3n elegida, as\u00ed como las normas para cada contribuci\u00f3n y fase.\u00a0<\/strong><\/h3>\n<p>&nbsp;<\/p>\n<p>[\/et_pb_text][\/et_pb_column][\/et_pb_row][et_pb_row _builder_version=\u00bb4.16&#8243; _module_preset=\u00bbdefault\u00bb global_colors_info=\u00bb{}\u00bb][et_pb_column type=\u00bb4_4&#8243; _builder_version=\u00bb4.16&#8243; _module_preset=\u00bbdefault\u00bb global_colors_info=\u00bb{}\u00bb][et_pb_accordion _builder_version=\u00bb4.23.3&#8243; _module_preset=\u00bbdefault\u00bb hover_enabled=\u00bb0&#8243; global_colors_info=\u00bb{}\u00bb sticky_enabled=\u00bb0&#8243;][et_pb_accordion_item title=\u00bbANTES DE ENVIAR UNA APORTACI\u00d3N&#8230;\u00bb open=\u00bbon\u00bb _builder_version=\u00bb4.16&#8243; _module_preset=\u00bbdefault\u00bb global_colors_info=\u00bb{}\u00bb]<\/p>\n<h3 class=\"textoTituloPagina\"><span style=\"font-size: 15px;\"><strong><span style=\"color: #666666;\">Compruebe:<\/span><\/strong><\/span><\/h3>\n<ul>\n<li><span style=\"font-size: 15px;\">Que ha le\u00eddo <\/span><span style=\"font-size: 15px;\">con detalle toda la informaci\u00f3n que aparece en las secciones de la web del Congreso ya que las <\/span><span style=\"font-size: 15px;\">opciones y combinaciones a realizar por parte de cada autor\/a son m\u00faltiples con el fin de ajustarse a sus preferencias.<\/span><\/li>\n<li>Que tiene en cuenta qu\u00e9 <a href=\"https:\/\/icon.kiobus.org\/edu\/edicion2025\/modalidades\/\">modalidad<\/a> elige: <strong>presencial u online<\/strong>. Ambas <strong>le permiten elegir lo mismo<\/strong> en cuanto a posibles <strong>aportaciones<\/strong> y <strong>publicaciones<\/strong>.<\/li>\n<li>Que tiene claro qu\u00e9 tipo de aportaci\u00f3n quiere realizar: <strong>comunicaci\u00f3n, p\u00f3ster, <a href=\"https:\/\/icon.kiobus.org\/edu\/edicion2025\/simposios-invitado\/\">simposio invitado<\/a> o <a href=\"https:\/\/icon.kiobus.org\/edu\/edicion2025\/ponencias-invitadas\/\">ponencia invitada<\/a>.<\/strong><\/li>\n<li>Que opta por enviar la aportaci\u00f3n de forma individual o en coautor\u00eda. En este \u00faltimo caso, ser\u00e1 solo el autor o autora de contacto quien deber\u00e1 seguir el siguiente proceso de env\u00edo y ser\u00e1 quien se comunicar\u00e1 con la Organizaci\u00f3n y viceversa.<\/li>\n<li><span style=\"font-size: 15px;\">Que tiene en cuenta las <a href=\"https:\/\/icon.kiobus.org\/edu\/edicion2025\/fechas-clave\/\" title=\"fechas\">fechas clave<b>\u00a0<\/b><\/a><\/span><span style=\"font-size: 15px;\">para cada acci\u00f3n, ya que<\/span><span style=\"font-size: 15px;\">\u00a0<\/span><strong style=\"font-size: 15px;\">no es prorrogable ning\u00fan plazo<\/strong><span style=\"font-size: 15px;\">.\u00a0<\/span><\/li>\n<li>Que tiene en cuenta el<a href=\"https:\/\/icon.kiobus.org\/edu\/edicion2025\/inscripcion\/\" target=\"_blank\" rel=\"noopener\"> importe de la inscripci\u00f3n<\/a> correspondiente seg\u00fan la modalidad que elija de participaci\u00f3n y cu\u00e1ndo proceder a su pago.<\/li>\n<\/ul>\n<p>[\/et_pb_accordion_item][et_pb_accordion_item title=\u00bb0. Si va a presentar un Simposio Invitado\u00bb _builder_version=\u00bb4.23.3&#8243; _module_preset=\u00bbdefault\u00bb global_colors_info=\u00bb{}\u00bb open=\u00bboff\u00bb]<\/p>\n<p>Usted, junto a otros\/as colegas, puede presentar un Simposio Invitado.<\/p>\n<h3><a href=\"https:\/\/icon.kiobus.org\/edu\/edicion2025\/simposios-invitados\/\">Normas a seguir<\/a><\/h3>\n<p>[\/et_pb_accordion_item][et_pb_accordion_item title=\u00bb1. ENV\u00cdO DE APORTACIONES (FASE 1): RESUMEN AMPLIADO (500-600 palabras) hasta el 28 de abril (prorrogado por el apag\u00f3n hasta el 1-5-25)\u00bb _builder_version=\u00bb4.23.3&#8243; _module_preset=\u00bbdefault\u00bb hover_enabled=\u00bb0&#8243; global_colors_info=\u00bb{}\u00bb open=\u00bboff\u00bb sticky_enabled=\u00bb0&#8243;]<\/p>\n<div class=\"et_pb_module et_pb_text et_pb_text_3  et_pb_text_align_left et_pb_bg_layout_light\">\n<div class=\"et_pb_text_inner\">\n<p>En esta fase 1 debe redactar un <strong>texto<\/strong> (resumen ampliado) que tenga entre <strong>500-600 palabras<\/strong>. Este texto debe cumplir las siguientes normas:<\/p>\n<h2 style=\"text-align: left;\"><span style=\"text-decoration: underline;\"><a href=\"https:\/\/icon.kiobus.org\/edu\/edicion2025\/normas-de-publicacion\" target=\"_blank\" rel=\"noopener\" title=\"normas\"><strong>1. Acceda desde aqu\u00ed a las normas generales para presentar aportaciones en la fase 1<\/strong><\/a><\/span><\/h2>\n<p><span style=\"text-decoration: underline;\"><strong><\/strong><\/span><\/p>\n<h2 style=\"text-align: left;\"><span><a href=\"https:\/\/icon.kiobus.org\/edu\/edicion2025\/mi-cuenta\/\" target=\"_blank\" rel=\"noopener\"><span style=\"text-decoration: underline;\">2. Env\u00edo de la aportaci\u00f3n (fase 1)<\/span><\/a><\/span><\/h2>\n<\/div>\n<\/div>\n<div class=\"et_pb_module et_pb_text et_pb_text_4  et_pb_text_align_left et_pb_bg_layout_light\">\n<div class=\"et_pb_text_inner\">\n<p>&nbsp;<\/p>\n<\/div>\n<\/div>\n<p>[\/et_pb_accordion_item][et_pb_accordion_item title=\u00bb2. PAGO DE LA MATR\u00cdCULA POR PARTE DE TODOS LOS AUTORES\/AS hasta el 10 de mayo (30 de abril, precio reducido)\u00bb _builder_version=\u00bb4.23.3&#8243; _module_preset=\u00bbdefault\u00bb global_colors_info=\u00bb{}\u00bb open=\u00bboff\u00bb]<\/p>\n<div class=\"et_pb_row et_pb_row_7\">\n<div class=\"et_pb_column et_pb_column_4_4 et_pb_column_7  et_pb_css_mix_blend_mode_passthrough et-last-child\">\n<div class=\"et_pb_module et_pb_text et_pb_text_5  et_pb_text_align_left et_pb_bg_layout_light\">\n<div class=\"et_pb_text_inner\">\n<h2><span style=\"text-decoration: underline;\"><a href=\"https:\/\/icon.kiobus.org\/edu\/edicion2025\/mi-cuenta\/\" target=\"_blank\" rel=\"noopener\">Acceda a \u00abmi cuenta\u00bb para abonar la matr\u00edcula (pagar la inscripci\u00f3n)<\/a><\/span><\/h2>\n<p>Si desea ver los importes de cada tipo de matr\u00edcula, aparecen en el apartado \u00ab<a href=\"https:\/\/icon.kiobus.org\/edu\/edicion2025\/inscripcion\/\">Inscripci\u00f3n<\/a>\u00ab.<\/p>\n<p>Si desea ver con detalle c\u00f3mo abonar la matr\u00edcula, puede ver en el apartado \u00ab<a href=\"https:\/\/icon.kiobus.org\/edu\/edicion2025\/preguntas-frecuentes\/\" target=\"_blank\" rel=\"noopener\">FAQ<\/a>\u00bb la segunda pregunta que aparece: \u00ab\u00bfC\u00f3mo abonar la inscripci\u00f3n (o matr\u00edcula) al congreso?\u00bb<\/p>\n<ul><\/ul>\n<\/div>\n<\/div>\n<\/div>\n<\/div>\n<p>[\/et_pb_accordion_item][et_pb_accordion_item title=\u00bb3. ENV\u00cdO DE LA PRESENTACI\u00d3N PARA LA EXPOSICI\u00d3N EN EL CONGRESO del 1 al 21 de mayo\u00bb _builder_version=\u00bb4.23.3&#8243; _module_preset=\u00bbdefault\u00bb global_colors_info=\u00bb{}\u00bb open=\u00bboff\u00bb]<\/p>\n<div class=\"et_pb_row et_pb_row_10\">\n<div class=\"et_pb_column et_pb_column_4_4 et_pb_column_10  et_pb_css_mix_blend_mode_passthrough et-last-child\">\n<div class=\"et_pb_module et_pb_text et_pb_text_6  et_pb_text_align_left et_pb_bg_layout_light\">\n<div class=\"et_pb_text_inner\">\n<h2><span style=\"text-decoration: underline;\"><a href=\"https:\/\/icon.kiobus.org\/edu\/edicion2025\/presentaciones\/\" target=\"_blank\" rel=\"noopener\" title=\"normas\"><strong>1. Acceda desde aqu\u00ed a las normas generales para preparar su presentaci\u00f3n en el congreso<\/strong><\/a><\/span><\/h2>\n<p><span><strong><\/strong><\/span><\/p>\n<h2><span style=\"text-decoration: underline;\"><a href=\"https:\/\/icon.kiobus.org\/edu\/edicion2025\/mi-cuenta\/\" target=\"_blank\" rel=\"noopener\">2. Env\u00edo del material para su presentaci\u00f3n<\/a><\/span><\/h2>\n<p>&nbsp;<\/p>\n<p><span><\/span><\/p>\n<\/div>\n<\/div>\n<\/div>\n<\/div>\n<p>[\/et_pb_accordion_item][et_pb_accordion_item title=\u00bb4. ENV\u00cdO (VOLUNTARIO) DE UN TEXTO COMPLETO (FASE 2) hasta el 15 de junio\u00bb _builder_version=\u00bb4.23.3&#8243; _module_preset=\u00bbdefault\u00bb global_colors_info=\u00bb{}\u00bb open=\u00bboff\u00bb]<\/p>\n<div class=\"et_pb_row et_pb_row_15\">\n<div class=\"et_pb_column et_pb_column_4_4 et_pb_column_15  et_pb_css_mix_blend_mode_passthrough et-last-child\">\n<div class=\"et_pb_module et_pb_text et_pb_text_8  et_pb_text_align_left et_pb_bg_layout_light\">\n<div class=\"et_pb_text_inner\">\n<ul>\n<li><strong>Recuerde que no es obligatorio el env\u00edo del trabajo completo en esta fase 2.<\/strong><\/li>\n<li>Un participante podr\u00e1 constar en una \u00fanica publicaci\u00f3n. Por tanto, <strong>si ha presentado dos aportaciones en la fase 1, deber\u00e1 elegir una para ello.<\/strong><\/li>\n<li>Si se quiere publicar m\u00e1s de un texto completo en esta fase 2, se deber\u00e1 realizar tantas matr\u00edculas extra como trabajos extra se quieran publicar (tanto art\u00edculos como cap\u00edtulos).<\/li>\n<\/ul>\n<ol>\n<li>\n<h3><a href=\"https:\/\/icon.kiobus.org\/edu\/edicion2025\/normas-de-publicacion-fase-2\" target=\"_blank\" rel=\"noopener\">Acceda desde aqu\u00ed a las normas generales para presentar aportaciones en la fase 2<\/a> (tanto para cap\u00edtulos de libro como art\u00edculos de revista)<\/h3>\n<\/li>\n<li>\n<h3><a href=\"https:\/\/icon.kiobus.org\/edu\/edicion2025\/iniciar-sesion\/?restricted=page\" target=\"_blank\" rel=\"noopener\">Env\u00edo del texto completo para cap\u00edtulo de libro o env\u00edo del formulario sobre el art\u00edculo de revista<\/a>.<\/h3>\n<\/li>\n<\/ol>\n<\/div>\n<\/div>\n<\/div>\n<\/div>\n<div class=\"et_pb_row et_pb_row_17\">\n<div class=\"et_pb_column et_pb_column_4_4 et_pb_column_17  et_pb_css_mix_blend_mode_passthrough et-last-child\">\n<div class=\"et_pb_module et_pb_text et_pb_text_10  et_pb_text_align_left et_pb_bg_layout_light\">\n<div class=\"et_pb_text_inner\">\n<p>&nbsp;<\/p>\n<ul><\/ul>\n<\/div>\n<\/div>\n<\/div>\n<\/div>\n<p>[\/et_pb_accordion_item][\/et_pb_accordion][\/et_pb_column][\/et_pb_row][\/et_pb_section]<\/p>\n","protected":false},"excerpt":{"rendered":"<p>ATENCI\u00d3N: en esta secci\u00f3n se detallan todos los pasos a seguir para participar en el Congreso sea cual sea la opci\u00f3n elegida, as\u00ed como las normas para cada contribuci\u00f3n y fase.\u00a0 &nbsp;Compruebe: Que ha le\u00eddo con detalle toda la informaci\u00f3n que aparece en las secciones de la web del Congreso ya que las opciones y [&hellip;]<\/p>\n","protected":false},"author":1,"featured_media":0,"parent":0,"menu_order":0,"comment_status":"closed","ping_status":"closed","template":"","meta":{"_et_pb_use_builder":"on","_et_pb_old_content":"","_et_gb_content_width":"","_mc_calendar":[],"footnotes":""},"class_list":["post-712","page","type-page","status-publish","hentry"],"yoast_head":"<!-- This site is optimized with the Yoast SEO plugin v26.8 - https:\/\/yoast.com\/product\/yoast-seo-wordpress\/ -->\n<title>Proceso de env\u00edo - ICON-EDU 2025 - CONGRESO INTERNACIONAL<\/title>\n<meta name=\"robots\" content=\"index, follow, max-snippet:-1, max-image-preview:large, max-video-preview:-1\" \/>\n<link rel=\"canonical\" href=\"https:\/\/icon.kiobus.org\/edu\/edicion2025\/proceso-de-envio\/\" \/>\n<meta property=\"og:locale\" content=\"es_ES\" \/>\n<meta property=\"og:type\" content=\"article\" \/>\n<meta property=\"og:title\" content=\"Proceso de env\u00edo - ICON-EDU 2025 - CONGRESO INTERNACIONAL\" \/>\n<meta property=\"og:description\" content=\"ATENCI\u00d3N: en esta secci\u00f3n se detallan todos los pasos a seguir para participar en el Congreso sea cual sea la opci\u00f3n elegida, as\u00ed como las normas para cada contribuci\u00f3n y fase.\u00a0 &nbsp;Compruebe: Que ha le\u00eddo con detalle toda la informaci\u00f3n que aparece en las secciones de la web del Congreso ya que las opciones y [&hellip;]\" \/>\n<meta property=\"og:url\" content=\"https:\/\/icon.kiobus.org\/edu\/edicion2025\/proceso-de-envio\/\" \/>\n<meta property=\"og:site_name\" content=\"ICON-EDU 2025 - CONGRESO INTERNACIONAL\" \/>\n<meta property=\"article:publisher\" content=\"https:\/\/www.facebook.com\/ICON-Congress-100571919228676\" \/>\n<meta property=\"article:modified_time\" content=\"2025-04-29T07:03:53+00:00\" \/>\n<meta property=\"og:image\" content=\"https:\/\/icon.kiobus.org\/edu\/edicion2025\/wp-content\/uploads\/2024\/12\/favicon.png\" \/>\n\t<meta property=\"og:image:width\" content=\"500\" \/>\n\t<meta property=\"og:image:height\" content=\"500\" \/>\n\t<meta property=\"og:image:type\" content=\"image\/png\" \/>\n<meta name=\"twitter:card\" content=\"summary_large_image\" \/>\n<meta name=\"twitter:site\" content=\"@iconcongress\" \/>\n<meta name=\"twitter:label1\" content=\"Tiempo de lectura\" \/>\n\t<meta name=\"twitter:data1\" content=\"4 minutos\" \/>\n<script type=\"application\/ld+json\" class=\"yoast-schema-graph\">{\"@context\":\"https:\/\/schema.org\",\"@graph\":[{\"@type\":\"WebPage\",\"@id\":\"https:\/\/icon.kiobus.org\/edu\/edicion2025\/proceso-de-envio\/\",\"url\":\"https:\/\/icon.kiobus.org\/edu\/edicion2025\/proceso-de-envio\/\",\"name\":\"Proceso de env\u00edo - ICON-EDU 2025 - CONGRESO INTERNACIONAL\",\"isPartOf\":{\"@id\":\"https:\/\/icon.kiobus.org\/edu\/edicion2025\/#website\"},\"datePublished\":\"2021-11-08T10:44:30+00:00\",\"dateModified\":\"2025-04-29T07:03:53+00:00\",\"breadcrumb\":{\"@id\":\"https:\/\/icon.kiobus.org\/edu\/edicion2025\/proceso-de-envio\/#breadcrumb\"},\"inLanguage\":\"es\",\"potentialAction\":[{\"@type\":\"ReadAction\",\"target\":[\"https:\/\/icon.kiobus.org\/edu\/edicion2025\/proceso-de-envio\/\"]}]},{\"@type\":\"BreadcrumbList\",\"@id\":\"https:\/\/icon.kiobus.org\/edu\/edicion2025\/proceso-de-envio\/#breadcrumb\",\"itemListElement\":[{\"@type\":\"ListItem\",\"position\":1,\"name\":\"Portada\",\"item\":\"https:\/\/icon.kiobus.org\/edu\/edicion2025\/\"},{\"@type\":\"ListItem\",\"position\":2,\"name\":\"Proceso de env\u00edo\"}]},{\"@type\":\"WebSite\",\"@id\":\"https:\/\/icon.kiobus.org\/edu\/edicion2025\/#website\",\"url\":\"https:\/\/icon.kiobus.org\/edu\/edicion2025\/\",\"name\":\"ICON-EDU 2025 - CONGRESO INTERNACIONAL\",\"description\":\"CONGRESO INTERNACIONAL EDUCACION Y CONOCIMIENTO\",\"publisher\":{\"@id\":\"https:\/\/icon.kiobus.org\/edu\/edicion2025\/#organization\"},\"potentialAction\":[{\"@type\":\"SearchAction\",\"target\":{\"@type\":\"EntryPoint\",\"urlTemplate\":\"https:\/\/icon.kiobus.org\/edu\/edicion2025\/?s={search_term_string}\"},\"query-input\":{\"@type\":\"PropertyValueSpecification\",\"valueRequired\":true,\"valueName\":\"search_term_string\"}}],\"inLanguage\":\"es\"},{\"@type\":\"Organization\",\"@id\":\"https:\/\/icon.kiobus.org\/edu\/edicion2025\/#organization\",\"name\":\"ICON-EDU 2025 - CONGRESO INTERNACIONAL\",\"url\":\"https:\/\/icon.kiobus.org\/edu\/edicion2025\/\",\"logo\":{\"@type\":\"ImageObject\",\"inLanguage\":\"es\",\"@id\":\"https:\/\/icon.kiobus.org\/edu\/edicion2025\/#\/schema\/logo\/image\/\",\"url\":\"https:\/\/icon.kiobus.org\/edu\/wp-content\/uploads\/2024\/12\/favicon.png\",\"contentUrl\":\"https:\/\/icon.kiobus.org\/edu\/wp-content\/uploads\/2024\/12\/favicon.png\",\"width\":500,\"height\":500,\"caption\":\"ICON-EDU 2025 - CONGRESO INTERNACIONAL\"},\"image\":{\"@id\":\"https:\/\/icon.kiobus.org\/edu\/edicion2025\/#\/schema\/logo\/image\/\"},\"sameAs\":[\"https:\/\/www.facebook.com\/ICON-Congress-100571919228676\",\"https:\/\/x.com\/iconcongress\"]}]}<\/script>\n<!-- \/ Yoast SEO plugin. -->","yoast_head_json":{"title":"Proceso de env\u00edo - ICON-EDU 2025 - CONGRESO INTERNACIONAL","robots":{"index":"index","follow":"follow","max-snippet":"max-snippet:-1","max-image-preview":"max-image-preview:large","max-video-preview":"max-video-preview:-1"},"canonical":"https:\/\/icon.kiobus.org\/edu\/edicion2025\/proceso-de-envio\/","og_locale":"es_ES","og_type":"article","og_title":"Proceso de env\u00edo - ICON-EDU 2025 - CONGRESO INTERNACIONAL","og_description":"ATENCI\u00d3N: en esta secci\u00f3n se detallan todos los pasos a seguir para participar en el Congreso sea cual sea la opci\u00f3n elegida, as\u00ed como las normas para cada contribuci\u00f3n y fase.\u00a0 &nbsp;Compruebe: Que ha le\u00eddo con detalle toda la informaci\u00f3n que aparece en las secciones de la web del Congreso ya que las opciones y [&hellip;]","og_url":"https:\/\/icon.kiobus.org\/edu\/edicion2025\/proceso-de-envio\/","og_site_name":"ICON-EDU 2025 - CONGRESO INTERNACIONAL","article_publisher":"https:\/\/www.facebook.com\/ICON-Congress-100571919228676","article_modified_time":"2025-04-29T07:03:53+00:00","og_image":[{"width":500,"height":500,"url":"https:\/\/icon.kiobus.org\/edu\/edicion2025\/wp-content\/uploads\/2024\/12\/favicon.png","type":"image\/png"}],"twitter_card":"summary_large_image","twitter_site":"@iconcongress","twitter_misc":{"Tiempo de lectura":"4 minutos"},"schema":{"@context":"https:\/\/schema.org","@graph":[{"@type":"WebPage","@id":"https:\/\/icon.kiobus.org\/edu\/edicion2025\/proceso-de-envio\/","url":"https:\/\/icon.kiobus.org\/edu\/edicion2025\/proceso-de-envio\/","name":"Proceso de env\u00edo - ICON-EDU 2025 - CONGRESO INTERNACIONAL","isPartOf":{"@id":"https:\/\/icon.kiobus.org\/edu\/edicion2025\/#website"},"datePublished":"2021-11-08T10:44:30+00:00","dateModified":"2025-04-29T07:03:53+00:00","breadcrumb":{"@id":"https:\/\/icon.kiobus.org\/edu\/edicion2025\/proceso-de-envio\/#breadcrumb"},"inLanguage":"es","potentialAction":[{"@type":"ReadAction","target":["https:\/\/icon.kiobus.org\/edu\/edicion2025\/proceso-de-envio\/"]}]},{"@type":"BreadcrumbList","@id":"https:\/\/icon.kiobus.org\/edu\/edicion2025\/proceso-de-envio\/#breadcrumb","itemListElement":[{"@type":"ListItem","position":1,"name":"Portada","item":"https:\/\/icon.kiobus.org\/edu\/edicion2025\/"},{"@type":"ListItem","position":2,"name":"Proceso de env\u00edo"}]},{"@type":"WebSite","@id":"https:\/\/icon.kiobus.org\/edu\/edicion2025\/#website","url":"https:\/\/icon.kiobus.org\/edu\/edicion2025\/","name":"ICON-EDU 2025 - CONGRESO INTERNACIONAL","description":"CONGRESO INTERNACIONAL EDUCACION Y CONOCIMIENTO","publisher":{"@id":"https:\/\/icon.kiobus.org\/edu\/edicion2025\/#organization"},"potentialAction":[{"@type":"SearchAction","target":{"@type":"EntryPoint","urlTemplate":"https:\/\/icon.kiobus.org\/edu\/edicion2025\/?s={search_term_string}"},"query-input":{"@type":"PropertyValueSpecification","valueRequired":true,"valueName":"search_term_string"}}],"inLanguage":"es"},{"@type":"Organization","@id":"https:\/\/icon.kiobus.org\/edu\/edicion2025\/#organization","name":"ICON-EDU 2025 - CONGRESO INTERNACIONAL","url":"https:\/\/icon.kiobus.org\/edu\/edicion2025\/","logo":{"@type":"ImageObject","inLanguage":"es","@id":"https:\/\/icon.kiobus.org\/edu\/edicion2025\/#\/schema\/logo\/image\/","url":"https:\/\/icon.kiobus.org\/edu\/wp-content\/uploads\/2024\/12\/favicon.png","contentUrl":"https:\/\/icon.kiobus.org\/edu\/wp-content\/uploads\/2024\/12\/favicon.png","width":500,"height":500,"caption":"ICON-EDU 2025 - CONGRESO INTERNACIONAL"},"image":{"@id":"https:\/\/icon.kiobus.org\/edu\/edicion2025\/#\/schema\/logo\/image\/"},"sameAs":["https:\/\/www.facebook.com\/ICON-Congress-100571919228676","https:\/\/x.com\/iconcongress"]}]}},"_links":{"self":[{"href":"https:\/\/icon.kiobus.org\/edu\/edicion2025\/wp-json\/wp\/v2\/pages\/712","targetHints":{"allow":["GET"]}}],"collection":[{"href":"https:\/\/icon.kiobus.org\/edu\/edicion2025\/wp-json\/wp\/v2\/pages"}],"about":[{"href":"https:\/\/icon.kiobus.org\/edu\/edicion2025\/wp-json\/wp\/v2\/types\/page"}],"author":[{"embeddable":true,"href":"https:\/\/icon.kiobus.org\/edu\/edicion2025\/wp-json\/wp\/v2\/users\/1"}],"replies":[{"embeddable":true,"href":"https:\/\/icon.kiobus.org\/edu\/edicion2025\/wp-json\/wp\/v2\/comments?post=712"}],"version-history":[{"count":229,"href":"https:\/\/icon.kiobus.org\/edu\/edicion2025\/wp-json\/wp\/v2\/pages\/712\/revisions"}],"predecessor-version":[{"id":9111,"href":"https:\/\/icon.kiobus.org\/edu\/edicion2025\/wp-json\/wp\/v2\/pages\/712\/revisions\/9111"}],"wp:attachment":[{"href":"https:\/\/icon.kiobus.org\/edu\/edicion2025\/wp-json\/wp\/v2\/media?parent=712"}],"curies":[{"name":"wp","href":"https:\/\/api.w.org\/{rel}","templated":true}]}}