{"id":8678,"date":"2025-01-31T12:43:08","date_gmt":"2025-01-31T11:43:08","guid":{"rendered":"https:\/\/icon.kiobus.org\/edu\/edicion2025\/?page_id=8678"},"modified":"2025-06-18T19:16:00","modified_gmt":"2025-06-18T17:16:00","slug":"postcongreso","status":"publish","type":"page","link":"https:\/\/icon.kiobus.org\/edu\/edicion2025\/postcongreso\/","title":{"rendered":"Postcongreso"},"content":{"rendered":"<p>[et_pb_section fb_built=\u00bb1&#8243; _builder_version=\u00bb4.23.3&#8243; _module_preset=\u00bbdefault\u00bb custom_margin=\u00bb0px||||false|false\u00bb custom_padding=\u00bb0px||||false|false\u00bb global_colors_info=\u00bb{}\u00bb][et_pb_row column_structure=\u00bb1_3,1_3,1_3&#8243; _builder_version=\u00bb4.23.3&#8243; _module_preset=\u00bbdefault\u00bb global_colors_info=\u00bb{}\u00bb][et_pb_column type=\u00bb1_3&#8243; _builder_version=\u00bb4.23.3&#8243; _module_preset=\u00bbdefault\u00bb global_colors_info=\u00bb{}\u00bb][et_pb_button button_url=\u00bb#dossier\u00bb button_text=\u00bbDOSSIER CIENT\u00cdFICO\u00bb button_alignment=\u00bbcenter\u00bb _builder_version=\u00bb4.23.3&#8243; _module_preset=\u00bbdefault\u00bb custom_button=\u00bbon\u00bb button_text_size=\u00bb15px\u00bb button_font=\u00bb|700|||||||\u00bb global_colors_info=\u00bb{}\u00bb][\/et_pb_button][et_pb_button button_url=\u00bb#fotos\u00bb button_text=\u00bbGALERIA DE FOTOGRAF\u00cdAS\u00bb button_alignment=\u00bbcenter\u00bb _builder_version=\u00bb4.23.3&#8243; _module_preset=\u00bbdefault\u00bb custom_button=\u00bbon\u00bb button_text_size=\u00bb15px\u00bb button_font=\u00bb|700|||||||\u00bb global_colors_info=\u00bb{}\u00bb][\/et_pb_button][\/et_pb_column][et_pb_column type=\u00bb1_3&#8243; _builder_version=\u00bb4.23.3&#8243; _module_preset=\u00bbdefault\u00bb global_colors_info=\u00bb{}\u00bb][et_pb_button button_url=\u00bb#presencial\u00bb button_text=\u00bbPROGRAMA PRESENCIAL\u00bb button_alignment=\u00bbcenter\u00bb _builder_version=\u00bb4.23.3&#8243; _module_preset=\u00bbdefault\u00bb custom_button=\u00bbon\u00bb button_text_size=\u00bb15px\u00bb button_font=\u00bb|700|||||||\u00bb global_colors_info=\u00bb{}\u00bb][\/et_pb_button][et_pb_button button_url=\u00bb#prensa\u00bb button_text=\u00bbPRENSA Y COMUNICACI\u00d3N\u00bb button_alignment=\u00bbcenter\u00bb _builder_version=\u00bb4.23.3&#8243; _module_preset=\u00bbdefault\u00bb custom_button=\u00bbon\u00bb button_text_size=\u00bb15px\u00bb button_font=\u00bb|700|||||||\u00bb global_colors_info=\u00bb{}\u00bb][\/et_pb_button][et_pb_button button_url=\u00bb#cartel\u00bb button_text=\u00bbCARTEL\u00bb button_alignment=\u00bbcenter\u00bb _builder_version=\u00bb4.23.3&#8243; _module_preset=\u00bbdefault\u00bb custom_button=\u00bbon\u00bb button_text_size=\u00bb15px\u00bb button_font=\u00bb|700|||||||\u00bb global_colors_info=\u00bb{}\u00bb][\/et_pb_button][\/et_pb_column][et_pb_column type=\u00bb1_3&#8243; _builder_version=\u00bb4.23.3&#8243; _module_preset=\u00bbdefault\u00bb global_colors_info=\u00bb{}\u00bb][et_pb_button button_url=\u00bb#actas\u00bb button_text=\u00bbLIBRO DE ACTAS\u00bb button_alignment=\u00bbcenter\u00bb _builder_version=\u00bb4.23.3&#8243; _module_preset=\u00bbdefault\u00bb custom_button=\u00bbon\u00bb button_text_size=\u00bb15px\u00bb button_font=\u00bb|700|||||||\u00bb global_colors_info=\u00bb{}\u00bb][\/et_pb_button][et_pb_button button_url=\u00bb#youtube\u00bb button_text=\u00bbCANAL YOUTUBE\u00bb button_alignment=\u00bbcenter\u00bb _builder_version=\u00bb4.23.3&#8243; _module_preset=\u00bbdefault\u00bb custom_button=\u00bbon\u00bb button_text_size=\u00bb15px\u00bb button_font=\u00bb|700|||||||\u00bb global_colors_info=\u00bb{}\u00bb][\/et_pb_button][\/et_pb_column][\/et_pb_row][et_pb_row _builder_version=\u00bb4.23.3&#8243; _module_preset=\u00bbdefault\u00bb custom_margin=\u00bb0px||0px||false|false\u00bb custom_padding=\u00bb0px||0px||false|false\u00bb global_colors_info=\u00bb{}\u00bb][et_pb_column type=\u00bb4_4&#8243; _builder_version=\u00bb4.23.3&#8243; _module_preset=\u00bbdefault\u00bb global_colors_info=\u00bb{}\u00bb][et_pb_text _builder_version=\u00bb4.23.3&#8243; _module_preset=\u00bbdefault\u00bb global_colors_info=\u00bb{}\u00bb]<a name=\"dossier\"><\/a>[\/et_pb_text][et_pb_cta title=\u00bbDOSSIER CIENT\u00cdFICO (PROGRAMA COMPLETO)\u00bb _builder_version=\u00bb4.23.3&#8243; _module_preset=\u00bbdefault\u00bb background_color=\u00bb#CE171A\u00bb background_enable_mask_style=\u00bbon\u00bb background_mask_style=\u00bbchevrons\u00bb background_mask_size=\u00bbcontain\u00bb background_mask_position=\u00bbcenter_left\u00bb custom_margin=\u00bb237px||||false|false\u00bb custom_padding=\u00bb27px|17px|0px|17px|false|false\u00bb border_radii=\u00bbon|7px|7px|7px|7px\u00bb box_shadow_style=\u00bbpreset3&#8243; global_colors_info=\u00bb{}\u00bb][\/et_pb_cta][et_pb_text _builder_version=\u00bb4.23.3&#8243; _module_preset=\u00bbdefault\u00bb global_colors_info=\u00bb{}\u00bb]<\/p>\n<p>En este dossier se recogen los aspectos cient\u00edficos de ICON-edu 2025:<\/p>\n<ul>\n<li>Comit\u00e9s<\/li>\n<li>Conferenciantes<\/li>\n<li>Programa de sesiones<\/li>\n<li>Listado de ponencias invitadas I+D+i, simposios invitados, comunicaciones y p\u00f3steres presentados.<\/li>\n<\/ul>\n<p>[\/et_pb_text][et_pb_image src=\u00bbhttps:\/\/icon.kiobus.org\/edu\/edicion2025\/wp-content\/uploads\/2025\/06\/PROGRAMA-ICONedu-2025-11junio.png\u00bb title_text=\u00bbPROGRAMA-ICONedu-2025-11junio\u00bb url=\u00bbhttps:\/\/icon.kiobus.org\/edu\/edicion2025\/wp-content\/uploads\/2025\/06\/PROGRAMA-ICONedu-2025.pdf\u00bb url_new_window=\u00bbon\u00bb align=\u00bbcenter\u00bb _builder_version=\u00bb4.23.3&#8243; _module_preset=\u00bbdefault\u00bb width=\u00bb40%\u00bb module_alignment=\u00bbcenter\u00bb global_colors_info=\u00bb{}\u00bb][\/et_pb_image][et_pb_text _builder_version=\u00bb4.23.3&#8243; _module_preset=\u00bbdefault\u00bb global_colors_info=\u00bb{}\u00bb]<a name=\"presencial\"><\/a>[\/et_pb_text][et_pb_cta title=\u00bbPROGRAMA PRESENCIAL\u00bb _builder_version=\u00bb4.23.3&#8243; _module_preset=\u00bbdefault\u00bb background_color=\u00bb#CE171A\u00bb background_enable_mask_style=\u00bbon\u00bb background_mask_style=\u00bbchevrons\u00bb background_mask_size=\u00bbcontain\u00bb background_mask_position=\u00bbcenter_left\u00bb custom_margin=\u00bb237px||||false|false\u00bb custom_padding=\u00bb27px|17px|0px|17px|false|false\u00bb border_radii=\u00bbon|7px|7px|7px|7px\u00bb box_shadow_style=\u00bbpreset3&#8243; global_colors_info=\u00bb{}\u00bb][\/et_pb_cta][et_pb_text _builder_version=\u00bb4.23.3&#8243; _module_preset=\u00bbdefault\u00bb width=\u00bb90%\u00bb module_alignment=\u00bbcenter\u00bb global_colors_info=\u00bb{}\u00bb]<\/p>\n<p>En este dossier se recoge el programa de mano de ICON-edu 2025 en su modalidad presencial:<\/p>\n<ul>\n<li>Distribuci\u00f3n de presentaciones en las diversas salas y horarios: comunicaciones orales, p\u00f3steres, simposios invitados y ponencias invitadas I+D+i.<\/li>\n<li>Programa de sesiones<\/li>\n<li>Informaci\u00f3n de inter\u00e9s.<\/li>\n<\/ul>\n<p>[\/et_pb_text][et_pb_image src=\u00bbhttps:\/\/icon.kiobus.org\/edu\/edicion2025\/wp-content\/uploads\/2025\/06\/Programa-presencial.png\u00bb title_text=\u00bbPrograma presencial\u00bb url=\u00bbhttps:\/\/icon.kiobus.org\/edu\/edicion2025\/wp-content\/uploads\/2025\/06\/Carpeta_Programa_ICON-edu2025.pdf\u00bb url_new_window=\u00bbon\u00bb align=\u00bbcenter\u00bb _builder_version=\u00bb4.23.3&#8243; _module_preset=\u00bbdefault\u00bb width=\u00bb40%\u00bb module_alignment=\u00bbcenter\u00bb global_colors_info=\u00bb{}\u00bb][\/et_pb_image][et_pb_text _builder_version=\u00bb4.23.3&#8243; _module_preset=\u00bbdefault\u00bb global_colors_info=\u00bb{}\u00bb]<a name=\"actas\"><\/a>[\/et_pb_text][et_pb_cta title=\u00bbLIBRO DE ACTAS\u00bb _builder_version=\u00bb4.23.3&#8243; _module_preset=\u00bbdefault\u00bb background_color=\u00bb#CE171A\u00bb background_enable_mask_style=\u00bbon\u00bb background_mask_style=\u00bbchevrons\u00bb background_mask_size=\u00bbcontain\u00bb background_mask_position=\u00bbcenter_left\u00bb custom_margin=\u00bb237px||||false|false\u00bb custom_padding=\u00bb27px|17px|0px|17px|false|false\u00bb border_radii=\u00bbon|7px|7px|7px|7px\u00bb box_shadow_style=\u00bbpreset3&#8243; global_colors_info=\u00bb{}\u00bb][\/et_pb_cta][et_pb_text _builder_version=\u00bb4.23.3&#8243; _module_preset=\u00bbdefault\u00bb global_colors_info=\u00bb{}\u00bb]<a name=\"fotos\"><\/a>[\/et_pb_text][et_pb_image src=\u00bbhttps:\/\/icon.kiobus.org\/edu\/edicion2025\/wp-content\/uploads\/2025\/06\/banner-1030&#215;427.png\u00bb title_text=\u00bbbanner\u00bb _builder_version=\u00bb4.23.3&#8243; _module_preset=\u00bbdefault\u00bb hover_enabled=\u00bb0&#8243; global_colors_info=\u00bb{}\u00bb url=\u00bbhttps:\/\/octaedro.com\/libro\/actas-proceedings-actes-4th-international-congress-education-and-knowledge\/\u00bb url_new_window=\u00bbon\u00bb sticky_enabled=\u00bb0&#8243;][\/et_pb_image][et_pb_text _builder_version=\u00bb4.23.3&#8243; _module_preset=\u00bbdefault\u00bb global_colors_info=\u00bb{}\u00bb]<\/p>\n<p><a href=\"https:\/\/octaedro.com\/libro\/actas-proceedings-actes-4th-international-congress-education-and-knowledge\/\" target=\"_blank\" rel=\"noopener\">LIBRO DE ACTAS, Editorial Octaedro<\/a><\/p>\n<p>En este libro se recogen las aportaciones de ICON-edu en su edici\u00f3n de 2025 que han sido finalmente aceptadas despu\u00e9s de un riguroso proceso de evaluaci\u00f3n double blind peer review por parte del Comit\u00e9 Cient\u00edfico a partir de los correspondientes criterios de evaluaci\u00f3n.<\/p>\n<p>Dichas aportaciones, clasificadas por l\u00edneas tem\u00e1ticas, versan sobre temas educativos en el seno de las diversas \u00e1reas de conocimiento existentes: Artes y Humanidades, Ciencias, Ciencias de la Salud, Ciencias Sociales y Jur\u00eddicas, e Ingenier\u00eda y Arquitectura.<\/p>\n<p>Asimismo, de forma destacada, se detallan las ponencias invitadas I+D+i, as\u00ed como los simposios invitados.<\/p>\n<p>[\/et_pb_text][et_pb_cta title=\u00bbGALER\u00cdA DE FOTOGRAF\u00cdAS\u00bb _builder_version=\u00bb4.23.3&#8243; _module_preset=\u00bbdefault\u00bb background_color=\u00bb#CE171A\u00bb background_enable_mask_style=\u00bbon\u00bb background_mask_style=\u00bbchevrons\u00bb background_mask_size=\u00bbcontain\u00bb background_mask_position=\u00bbcenter_left\u00bb custom_margin=\u00bb237px||||false|false\u00bb custom_padding=\u00bb27px|17px|0px|17px|false|false\u00bb border_radii=\u00bbon|7px|7px|7px|7px\u00bb box_shadow_style=\u00bbpreset3&#8243; global_colors_info=\u00bb{}\u00bb][\/et_pb_cta][et_pb_image src=\u00bbhttps:\/\/icon.kiobus.org\/edu\/edicion2025\/wp-content\/uploads\/2025\/06\/fotos_icon-25.png\u00bb title_text=\u00bbfotos_icon-25&#8243; url=\u00bbhttps:\/\/photos.app.goo.gl\/RTeW7XrmZ2VGDg3p7&#8243; url_new_window=\u00bbon\u00bb align=\u00bbcenter\u00bb _builder_version=\u00bb4.23.3&#8243; _module_preset=\u00bbdefault\u00bb width=\u00bb70%\u00bb module_alignment=\u00bbcenter\u00bb global_colors_info=\u00bb{}\u00bb][\/et_pb_image][et_pb_blurb image_icon_width=\u00bb57%\u00bb _builder_version=\u00bb4.23.3&#8243; _module_preset=\u00bbdefault\u00bb custom_margin=\u00bb0px||0px||false|false\u00bb custom_padding=\u00bb0px||0px||false|false\u00bb global_colors_info=\u00bb{}\u00bb]<\/p>\n<p>Desde aqu\u00ed puedes ver el \u00e1lbum de fotos de ICON-edu 2025:<\/p>\n<p style=\"text-align: center;\"><a href=\"https:\/\/photos.app.goo.gl\/RTeW7XrmZ2VGDg3p7\" target=\"_blank\" rel=\"noopener\">ENLACE AL \u00c1LBUM<\/a><\/p>\n<p>[\/et_pb_blurb][et_pb_text _builder_version=\u00bb4.23.3&#8243; _module_preset=\u00bbdefault\u00bb global_colors_info=\u00bb{}\u00bb]<a name=\"prensa\"><\/a>[\/et_pb_text][et_pb_cta title=\u00bbPRENSA Y COMUNICACI\u00d3N\u00bb _builder_version=\u00bb4.23.3&#8243; _module_preset=\u00bbdefault\u00bb background_color=\u00bb#CE171A\u00bb background_enable_mask_style=\u00bbon\u00bb background_mask_style=\u00bbchevrons\u00bb background_mask_size=\u00bbcontain\u00bb background_mask_position=\u00bbcenter_left\u00bb custom_margin=\u00bb237px||||false|false\u00bb custom_padding=\u00bb27px|17px|0px|17px|false|false\u00bb border_radii=\u00bbon|7px|7px|7px|7px\u00bb box_shadow_style=\u00bbpreset3&#8243; global_colors_info=\u00bb{}\u00bb][\/et_pb_cta][et_pb_text _builder_version=\u00bb4.23.3&#8243; _module_preset=\u00bbdefault\u00bb global_colors_info=\u00bb{}\u00bb]<a name=\"youtube\"><\/a>[\/et_pb_text][et_pb_image src=\u00bbhttps:\/\/icon.kiobus.org\/edu\/edicion2025\/wp-content\/uploads\/2025\/01\/Captura_SIPED.png\u00bb title_text=\u00bbCaptura_SIPED\u00bb url=\u00bbhttps:\/\/www.siped.it\/call-congresso-icon-edu-2025\/\u00bb url_new_window=\u00bbon\u00bb align=\u00bbcenter\u00bb _builder_version=\u00bb4.23.3&#8243; _module_preset=\u00bbdefault\u00bb module_alignment=\u00bbcenter\u00bb height=\u00bb197px\u00bb global_colors_info=\u00bb{}\u00bb][\/et_pb_image][et_pb_cta title=\u00bbCANAL DE YOUTUBE\u00bb _builder_version=\u00bb4.23.3&#8243; _module_preset=\u00bbdefault\u00bb background_color=\u00bb#CE171A\u00bb background_enable_mask_style=\u00bbon\u00bb background_mask_style=\u00bbchevrons\u00bb background_mask_size=\u00bbcontain\u00bb background_mask_position=\u00bbcenter_left\u00bb custom_margin=\u00bb237px||||false|false\u00bb custom_padding=\u00bb27px|17px|0px|17px|false|false\u00bb border_radii=\u00bbon|7px|7px|7px|7px\u00bb box_shadow_style=\u00bbpreset3&#8243; global_colors_info=\u00bb{}\u00bb][\/et_pb_cta][et_pb_text _builder_version=\u00bb4.23.3&#8243; _module_preset=\u00bbdefault\u00bb global_colors_info=\u00bb{}\u00bb]<a name=\"cartel\"><\/a>[\/et_pb_text][et_pb_image src=\u00bbhttps:\/\/icon.kiobus.org\/edu\/edicion2025\/wp-content\/uploads\/2025\/06\/canal-1030&#215;577.png\u00bb title_text=\u00bbcanal\u00bb _builder_version=\u00bb4.23.3&#8243; _module_preset=\u00bbdefault\u00bb hover_enabled=\u00bb0&#8243; global_colors_info=\u00bb{}\u00bb url=\u00bbhttps:\/\/www.youtube.com\/@iconcongress\u00bb url_new_window=\u00bbon\u00bb sticky_enabled=\u00bb0&#8243;][\/et_pb_image][et_pb_cta title=\u00bbCARTEL\u00bb _builder_version=\u00bb4.23.3&#8243; _module_preset=\u00bbdefault\u00bb background_color=\u00bb#CE171A\u00bb background_enable_mask_style=\u00bbon\u00bb background_mask_style=\u00bbchevrons\u00bb background_mask_size=\u00bbcontain\u00bb background_mask_position=\u00bbcenter_left\u00bb custom_margin=\u00bb237px||||false|false\u00bb custom_padding=\u00bb27px|17px|0px|17px|false|false\u00bb border_radii=\u00bbon|7px|7px|7px|7px\u00bb box_shadow_style=\u00bbpreset3&#8243; global_colors_info=\u00bb{}\u00bb][\/et_pb_cta][et_pb_image src=\u00bbhttps:\/\/icon.kiobus.org\/edu\/edicion2025\/wp-content\/uploads\/2025\/06\/CARTEL-ICON-EDU-2025-pdf.jpg\u00bb title_text=\u00bbCARTEL ICON-EDU 2025&#8243; align=\u00bbcenter\u00bb _builder_version=\u00bb4.23.3&#8243; _module_preset=\u00bbdefault\u00bb width=\u00bb70%\u00bb module_alignment=\u00bbcenter\u00bb global_colors_info=\u00bb{}\u00bb][\/et_pb_image][\/et_pb_column][\/et_pb_row][\/et_pb_section]<\/p>\n","protected":false},"excerpt":{"rendered":"<p>En este dossier se recogen los aspectos cient\u00edficos de ICON-edu 2025: Comit\u00e9s Conferenciantes Programa de sesiones Listado de ponencias invitadas I+D+i, simposios invitados, comunicaciones y p\u00f3steres presentados. En este dossier se recoge el programa de mano de ICON-edu 2025 en su modalidad presencial: Distribuci\u00f3n de presentaciones en las diversas salas y horarios: comunicaciones orales, p\u00f3steres, [&hellip;]<\/p>\n","protected":false},"author":1,"featured_media":0,"parent":0,"menu_order":0,"comment_status":"closed","ping_status":"closed","template":"","meta":{"_et_pb_use_builder":"on","_et_pb_old_content":"","_et_gb_content_width":"","_mc_calendar":[],"footnotes":""},"class_list":["post-8678","page","type-page","status-publish","hentry"],"yoast_head":"<!-- This site is optimized with the Yoast SEO plugin v26.8 - https:\/\/yoast.com\/product\/yoast-seo-wordpress\/ -->\n<title>Postcongreso - ICON-EDU 2025 - CONGRESO INTERNACIONAL<\/title>\n<meta name=\"robots\" content=\"index, follow, max-snippet:-1, max-image-preview:large, max-video-preview:-1\" \/>\n<link rel=\"canonical\" href=\"https:\/\/icon.kiobus.org\/edu\/edicion2025\/postcongreso\/\" \/>\n<meta property=\"og:locale\" content=\"es_ES\" \/>\n<meta property=\"og:type\" content=\"article\" \/>\n<meta property=\"og:title\" content=\"Postcongreso - ICON-EDU 2025 - CONGRESO INTERNACIONAL\" \/>\n<meta property=\"og:description\" content=\"En este dossier se recogen los aspectos cient\u00edficos de ICON-edu 2025: Comit\u00e9s Conferenciantes Programa de sesiones Listado de ponencias invitadas I+D+i, simposios invitados, comunicaciones y p\u00f3steres presentados. En este dossier se recoge el programa de mano de ICON-edu 2025 en su modalidad presencial: Distribuci\u00f3n de presentaciones en las diversas salas y horarios: comunicaciones orales, p\u00f3steres, [&hellip;]\" \/>\n<meta property=\"og:url\" content=\"https:\/\/icon.kiobus.org\/edu\/edicion2025\/postcongreso\/\" \/>\n<meta property=\"og:site_name\" content=\"ICON-EDU 2025 - CONGRESO INTERNACIONAL\" \/>\n<meta property=\"article:publisher\" content=\"https:\/\/www.facebook.com\/ICON-Congress-100571919228676\" \/>\n<meta property=\"article:modified_time\" content=\"2025-06-18T17:16:00+00:00\" \/>\n<meta property=\"og:image\" content=\"https:\/\/icon.kiobus.org\/edu\/edicion2025\/wp-content\/uploads\/2024\/12\/favicon.png\" \/>\n\t<meta property=\"og:image:width\" content=\"500\" \/>\n\t<meta property=\"og:image:height\" content=\"500\" \/>\n\t<meta property=\"og:image:type\" content=\"image\/png\" \/>\n<meta name=\"twitter:card\" content=\"summary_large_image\" \/>\n<meta name=\"twitter:site\" content=\"@iconcongress\" \/>\n<script type=\"application\/ld+json\" class=\"yoast-schema-graph\">{\"@context\":\"https:\/\/schema.org\",\"@graph\":[{\"@type\":\"WebPage\",\"@id\":\"https:\/\/icon.kiobus.org\/edu\/edicion2025\/postcongreso\/\",\"url\":\"https:\/\/icon.kiobus.org\/edu\/edicion2025\/postcongreso\/\",\"name\":\"Postcongreso - ICON-EDU 2025 - CONGRESO INTERNACIONAL\",\"isPartOf\":{\"@id\":\"https:\/\/icon.kiobus.org\/edu\/edicion2025\/#website\"},\"datePublished\":\"2025-01-31T11:43:08+00:00\",\"dateModified\":\"2025-06-18T17:16:00+00:00\",\"breadcrumb\":{\"@id\":\"https:\/\/icon.kiobus.org\/edu\/edicion2025\/postcongreso\/#breadcrumb\"},\"inLanguage\":\"es\",\"potentialAction\":[{\"@type\":\"ReadAction\",\"target\":[\"https:\/\/icon.kiobus.org\/edu\/edicion2025\/postcongreso\/\"]}]},{\"@type\":\"BreadcrumbList\",\"@id\":\"https:\/\/icon.kiobus.org\/edu\/edicion2025\/postcongreso\/#breadcrumb\",\"itemListElement\":[{\"@type\":\"ListItem\",\"position\":1,\"name\":\"Portada\",\"item\":\"https:\/\/icon.kiobus.org\/edu\/edicion2025\/\"},{\"@type\":\"ListItem\",\"position\":2,\"name\":\"Postcongreso\"}]},{\"@type\":\"WebSite\",\"@id\":\"https:\/\/icon.kiobus.org\/edu\/edicion2025\/#website\",\"url\":\"https:\/\/icon.kiobus.org\/edu\/edicion2025\/\",\"name\":\"ICON-EDU 2025 - CONGRESO INTERNACIONAL\",\"description\":\"CONGRESO INTERNACIONAL EDUCACION Y CONOCIMIENTO\",\"publisher\":{\"@id\":\"https:\/\/icon.kiobus.org\/edu\/edicion2025\/#organization\"},\"potentialAction\":[{\"@type\":\"SearchAction\",\"target\":{\"@type\":\"EntryPoint\",\"urlTemplate\":\"https:\/\/icon.kiobus.org\/edu\/edicion2025\/?s={search_term_string}\"},\"query-input\":{\"@type\":\"PropertyValueSpecification\",\"valueRequired\":true,\"valueName\":\"search_term_string\"}}],\"inLanguage\":\"es\"},{\"@type\":\"Organization\",\"@id\":\"https:\/\/icon.kiobus.org\/edu\/edicion2025\/#organization\",\"name\":\"ICON-EDU 2025 - CONGRESO INTERNACIONAL\",\"url\":\"https:\/\/icon.kiobus.org\/edu\/edicion2025\/\",\"logo\":{\"@type\":\"ImageObject\",\"inLanguage\":\"es\",\"@id\":\"https:\/\/icon.kiobus.org\/edu\/edicion2025\/#\/schema\/logo\/image\/\",\"url\":\"https:\/\/icon.kiobus.org\/edu\/wp-content\/uploads\/2024\/12\/favicon.png\",\"contentUrl\":\"https:\/\/icon.kiobus.org\/edu\/wp-content\/uploads\/2024\/12\/favicon.png\",\"width\":500,\"height\":500,\"caption\":\"ICON-EDU 2025 - CONGRESO INTERNACIONAL\"},\"image\":{\"@id\":\"https:\/\/icon.kiobus.org\/edu\/edicion2025\/#\/schema\/logo\/image\/\"},\"sameAs\":[\"https:\/\/www.facebook.com\/ICON-Congress-100571919228676\",\"https:\/\/x.com\/iconcongress\"]}]}<\/script>\n<!-- \/ Yoast SEO plugin. -->","yoast_head_json":{"title":"Postcongreso - ICON-EDU 2025 - CONGRESO INTERNACIONAL","robots":{"index":"index","follow":"follow","max-snippet":"max-snippet:-1","max-image-preview":"max-image-preview:large","max-video-preview":"max-video-preview:-1"},"canonical":"https:\/\/icon.kiobus.org\/edu\/edicion2025\/postcongreso\/","og_locale":"es_ES","og_type":"article","og_title":"Postcongreso - ICON-EDU 2025 - CONGRESO INTERNACIONAL","og_description":"En este dossier se recogen los aspectos cient\u00edficos de ICON-edu 2025: Comit\u00e9s Conferenciantes Programa de sesiones Listado de ponencias invitadas I+D+i, simposios invitados, comunicaciones y p\u00f3steres presentados. En este dossier se recoge el programa de mano de ICON-edu 2025 en su modalidad presencial: Distribuci\u00f3n de presentaciones en las diversas salas y horarios: comunicaciones orales, p\u00f3steres, [&hellip;]","og_url":"https:\/\/icon.kiobus.org\/edu\/edicion2025\/postcongreso\/","og_site_name":"ICON-EDU 2025 - CONGRESO INTERNACIONAL","article_publisher":"https:\/\/www.facebook.com\/ICON-Congress-100571919228676","article_modified_time":"2025-06-18T17:16:00+00:00","og_image":[{"width":500,"height":500,"url":"https:\/\/icon.kiobus.org\/edu\/edicion2025\/wp-content\/uploads\/2024\/12\/favicon.png","type":"image\/png"}],"twitter_card":"summary_large_image","twitter_site":"@iconcongress","schema":{"@context":"https:\/\/schema.org","@graph":[{"@type":"WebPage","@id":"https:\/\/icon.kiobus.org\/edu\/edicion2025\/postcongreso\/","url":"https:\/\/icon.kiobus.org\/edu\/edicion2025\/postcongreso\/","name":"Postcongreso - ICON-EDU 2025 - CONGRESO INTERNACIONAL","isPartOf":{"@id":"https:\/\/icon.kiobus.org\/edu\/edicion2025\/#website"},"datePublished":"2025-01-31T11:43:08+00:00","dateModified":"2025-06-18T17:16:00+00:00","breadcrumb":{"@id":"https:\/\/icon.kiobus.org\/edu\/edicion2025\/postcongreso\/#breadcrumb"},"inLanguage":"es","potentialAction":[{"@type":"ReadAction","target":["https:\/\/icon.kiobus.org\/edu\/edicion2025\/postcongreso\/"]}]},{"@type":"BreadcrumbList","@id":"https:\/\/icon.kiobus.org\/edu\/edicion2025\/postcongreso\/#breadcrumb","itemListElement":[{"@type":"ListItem","position":1,"name":"Portada","item":"https:\/\/icon.kiobus.org\/edu\/edicion2025\/"},{"@type":"ListItem","position":2,"name":"Postcongreso"}]},{"@type":"WebSite","@id":"https:\/\/icon.kiobus.org\/edu\/edicion2025\/#website","url":"https:\/\/icon.kiobus.org\/edu\/edicion2025\/","name":"ICON-EDU 2025 - CONGRESO INTERNACIONAL","description":"CONGRESO INTERNACIONAL EDUCACION Y CONOCIMIENTO","publisher":{"@id":"https:\/\/icon.kiobus.org\/edu\/edicion2025\/#organization"},"potentialAction":[{"@type":"SearchAction","target":{"@type":"EntryPoint","urlTemplate":"https:\/\/icon.kiobus.org\/edu\/edicion2025\/?s={search_term_string}"},"query-input":{"@type":"PropertyValueSpecification","valueRequired":true,"valueName":"search_term_string"}}],"inLanguage":"es"},{"@type":"Organization","@id":"https:\/\/icon.kiobus.org\/edu\/edicion2025\/#organization","name":"ICON-EDU 2025 - CONGRESO INTERNACIONAL","url":"https:\/\/icon.kiobus.org\/edu\/edicion2025\/","logo":{"@type":"ImageObject","inLanguage":"es","@id":"https:\/\/icon.kiobus.org\/edu\/edicion2025\/#\/schema\/logo\/image\/","url":"https:\/\/icon.kiobus.org\/edu\/wp-content\/uploads\/2024\/12\/favicon.png","contentUrl":"https:\/\/icon.kiobus.org\/edu\/wp-content\/uploads\/2024\/12\/favicon.png","width":500,"height":500,"caption":"ICON-EDU 2025 - CONGRESO INTERNACIONAL"},"image":{"@id":"https:\/\/icon.kiobus.org\/edu\/edicion2025\/#\/schema\/logo\/image\/"},"sameAs":["https:\/\/www.facebook.com\/ICON-Congress-100571919228676","https:\/\/x.com\/iconcongress"]}]}},"_links":{"self":[{"href":"https:\/\/icon.kiobus.org\/edu\/edicion2025\/wp-json\/wp\/v2\/pages\/8678","targetHints":{"allow":["GET"]}}],"collection":[{"href":"https:\/\/icon.kiobus.org\/edu\/edicion2025\/wp-json\/wp\/v2\/pages"}],"about":[{"href":"https:\/\/icon.kiobus.org\/edu\/edicion2025\/wp-json\/wp\/v2\/types\/page"}],"author":[{"embeddable":true,"href":"https:\/\/icon.kiobus.org\/edu\/edicion2025\/wp-json\/wp\/v2\/users\/1"}],"replies":[{"embeddable":true,"href":"https:\/\/icon.kiobus.org\/edu\/edicion2025\/wp-json\/wp\/v2\/comments?post=8678"}],"version-history":[{"count":30,"href":"https:\/\/icon.kiobus.org\/edu\/edicion2025\/wp-json\/wp\/v2\/pages\/8678\/revisions"}],"predecessor-version":[{"id":9773,"href":"https:\/\/icon.kiobus.org\/edu\/edicion2025\/wp-json\/wp\/v2\/pages\/8678\/revisions\/9773"}],"wp:attachment":[{"href":"https:\/\/icon.kiobus.org\/edu\/edicion2025\/wp-json\/wp\/v2\/media?parent=8678"}],"curies":[{"name":"wp","href":"https:\/\/api.w.org\/{rel}","templated":true}]}}