{"id":1009,"date":"2021-12-28T08:45:49","date_gmt":"2021-12-28T07:45:49","guid":{"rendered":"https:\/\/icon.kiobus.org\/edu\/?page_id=1009"},"modified":"2026-03-13T09:11:03","modified_gmt":"2026-03-13T08:11:03","slug":"inscripcion","status":"publish","type":"page","link":"https:\/\/icon.kiobus.org\/edu\/inscripcion\/","title":{"rendered":"Inscripci\u00f3n"},"content":{"rendered":"<p>[et_pb_section fb_built=\u00bb1&#8243; _builder_version=\u00bb4.16&#8243; custom_margin=\u00bb0px||||false|false\u00bb custom_padding=\u00bb0px||19px||false|false\u00bb global_colors_info=\u00bb{}\u00bb][et_pb_row _builder_version=\u00bb4.16&#8243; custom_margin=\u00bb1px||||false|false\u00bb custom_padding=\u00bb0px||0px||false|false\u00bb global_colors_info=\u00bb{}\u00bb][et_pb_column type=\u00bb4_4&#8243; _builder_version=\u00bb4.16&#8243; global_colors_info=\u00bb{}\u00bb][et_pb_cta button_text=\u00bbClics\u00bb _builder_version=\u00bb4.23.3&#8243; _module_preset=\u00bbdefault\u00bb background_color=\u00bb#CE171A\u00bb background_enable_mask_style=\u00bbon\u00bb background_mask_style=\u00bbchevrons\u00bb background_mask_size=\u00bbcontain\u00bb background_mask_position=\u00bbcenter_left\u00bb custom_padding=\u00bb27px|17px|0px|17px|false|false\u00bb border_radii=\u00bbon|7px|7px|7px|7px\u00bb box_shadow_style=\u00bbpreset3&#8243; global_colors_info=\u00bb{}\u00bb]<\/p>\n<h4>La inscripci\u00f3n al Congreso (pago de matr\u00edcula) es obligatoria para<br \/>todos los\/las autores\/as que presenten cualquier tipo y modalidad de aportaci\u00f3n.<\/h4>\n<p>[\/et_pb_cta][et_pb_button button_url=\u00bb@ET-DC@eyJkeW5hbWljIjp0cnVlLCJjb250ZW50IjoicG9zdF9saW5rX3VybF9wYWdlIiwic2V0dGluZ3MiOnsicG9zdF9pZCI6IjMzNjIifX0=@\u00bb button_text=\u00bbENLACE DE INSCRIPCI\u00d3N\u00bb button_alignment=\u00bbcenter\u00bb _builder_version=\u00bb4.23.3&#8243; _dynamic_attributes=\u00bbbutton_url\u00bb _module_preset=\u00bbdefault\u00bb button_icon=\u00bb&#xf101;||fa||900&#8243; global_colors_info=\u00bb{}\u00bb][\/et_pb_button][et_pb_text _builder_version=\u00bb4.23.3&#8243; inline_fonts=\u00bbAllan\u00bb global_colors_info=\u00bb{}\u00bb]<\/p>\n<p style=\"text-align: left; padding-left: 80px;\"><span><strong>\u00a0IFAS:<\/strong><\/span><\/p>\n<table style=\"height: 553px; border-color: rgba(0, 0, 0, 0.6); width: 963px; margin-left: auto; margin-right: auto;\" width=\"963\" height=\"187\">\n<tbody>\n<tr style=\"height: 47px;\">\n<td style=\"border-color: rgba(0, 0, 0, 0.6); width: 314.844px; height: 47px; text-align: left;\"><strong>Modalidad de participaci\u00f3n<br \/><\/strong><strong style=\"font-family: inherit; font-size: inherit;\">(<a href=\"https:\/\/icon.kiobus.org\/edu\/modalidades\/\">+ info sobre modalidades<\/a>)<\/strong><\/td>\n<td style=\"border-color: rgba(0, 0, 0, 0.6); width: 312.609px; height: 47px;\"><strong>Inscripci\u00f3n reducida hasta el<\/strong> <strong><span>30\/04\/2026<\/span><\/strong><\/td>\n<td style=\"border-color: rgba(0, 0, 0, 0.6); width: 313.547px; height: 47px;\"><strong>Inscripci\u00f3n ordinaria (del 01\/05<span>\/2026 al 11\/05\/2026)<\/span><\/strong><\/td>\n<\/tr>\n<tr>\n<td style=\"border-color: rgba(0, 0, 0, 0.6); width: 314.844px;\">Inscripci\u00f3n A<\/td>\n<td style=\"border-color: rgba(0, 0, 0, 0.6); width: 312.609px;\">70 \u20ac (virtual); 95 \u20ac (presencial)<\/td>\n<td style=\"border-color: rgba(0, 0, 0, 0.6); width: 313.547px;\">110 \u20ac (virtual); 135 \u20ac (presencial)<\/td>\n<\/tr>\n<tr>\n<td style=\"border-color: rgba(0, 0, 0, 0.6); width: 314.844px;\">Inscripci\u00f3n B1<\/td>\n<td style=\"border-color: rgba(0, 0, 0, 0.6); width: 312.609px;\">130 \u20ac (virtual); 160 \u20ac (presencial)<\/td>\n<td style=\"border-color: rgba(0, 0, 0, 0.6); width: 313.547px;\">165 \u20ac (virtual); 200 \u20ac (presencial)<\/td>\n<\/tr>\n<tr>\n<td style=\"border-color: rgba(0, 0, 0, 0.6); width: 314.844px;\">Inscripci\u00f3n B2<\/td>\n<td style=\"border-color: rgba(0, 0, 0, 0.6); width: 312.609px;\">199 \u20ac (virtual); 215 \u20ac (presencial)<\/td>\n<td style=\"border-color: rgba(0, 0, 0, 0.6); width: 313.547px;\">235 \u20ac (virtual); 250 \u20ac (presencial)<\/td>\n<\/tr>\n<tr>\n<td style=\"border-color: rgba(0, 0, 0, 0.6); width: 314.844px;\">Inscripci\u00f3n P<\/td>\n<td style=\"border-color: rgba(0, 0, 0, 0.6); width: 312.609px;\">300 \u20ac<\/td>\n<td style=\"border-color: rgba(0, 0, 0, 0.6); width: 313.547px;\">450 \u20ac<\/td>\n<\/tr>\n<tr>\n<td style=\"border-color: rgba(0, 0, 0, 0.6); width: 314.844px;\">Inscripci\u00f3n E<\/td>\n<td style=\"border-color: rgba(0, 0, 0, 0.6); width: 312.609px;\">450 \u20ac<\/td>\n<td style=\"border-color: rgba(0, 0, 0, 0.6); width: 313.547px;\">600 \u20ac<\/td>\n<\/tr>\n<tr>\n<td style=\"border-color: rgba(0, 0, 0, 0.6); width: 314.844px;\">Inscripci\u00f3n\u00a0 Asistencia<\/td>\n<td style=\"border-color: rgba(0, 0, 0, 0.6); width: 312.609px;\">60 \u20ac (virtual); 85 \u20ac (presencial)<\/td>\n<td style=\"border-color: rgba(0, 0, 0, 0.6); width: 313.547px;\">90 \u20ac (virtual); 115 \u20ac (presencial)<\/td>\n<\/tr>\n<tr>\n<td style=\"border-color: rgba(0, 0, 0, 0.6); width: 314.844px;\">Inscripci\u00f3n Extra (B1)<\/td>\n<td style=\"border-color: rgba(0, 0, 0, 0.6); width: 312.609px;\">120 \u20ac<\/td>\n<td style=\"border-color: rgba(0, 0, 0, 0.6); width: 313.547px;\">130 \u20ac<\/td>\n<\/tr>\n<tr>\n<td style=\"border-color: rgba(0, 0, 0, 0.6); width: 314.844px; height: 24px;\">Inscripci\u00f3n Extra (B2-P-E)<\/td>\n<td style=\"border-color: rgba(0, 0, 0, 0.6); width: 312.609px; height: 24px;\">180 \u20ac<\/td>\n<td style=\"border-color: rgba(0, 0, 0, 0.6); width: 313.547px; height: 24px;\">190 \u20ac<\/td>\n<\/tr>\n<tr style=\"height: 47px;\">\n<td style=\"border-color: rgba(0, 0, 0, 0.6); width: 314.844px; height: 47px;\">Inscripci\u00f3n Estudiantes<\/td>\n<td style=\"border-color: rgba(0, 0, 0, 0.6); width: 312.609px; height: 47px;\">115 \u20ac<\/td>\n<td style=\"border-color: rgba(0, 0, 0, 0.6); width: 313.547px; height: 47px;\">145 \u20ac<\/td>\n<\/tr>\n<tr style=\"height: 23px;\">\n<td style=\"border-color: rgba(0, 0, 0, 0.6); width: 314.844px; height: 23px;\">Inscripciones cr\u00e9ditos ECTS, oposiciones, concursos, certificado oficial UA<\/td>\n<td style=\"border-color: rgba(0, 0, 0, 0.6); width: 312.609px; height: 23px;\">125 \u20ac<\/td>\n<td style=\"border-color: rgba(0, 0, 0, 0.6); width: 313.547px; height: 23px;\">125 \u20ac<\/td>\n<\/tr>\n<tr>\n<td style=\"border-color: rgba(0, 0, 0, 0.6); width: 314.844px; height: 24px;\">Inscripciones acompa\u00f1antes (presencial)<\/td>\n<td style=\"border-color: rgba(0, 0, 0, 0.6); width: 312.609px; height: 24px;\">30 \u20ac<\/td>\n<td style=\"border-color: rgba(0, 0, 0, 0.6); width: 313.547px; height: 24px;\">30 \u20ac<\/td>\n<\/tr>\n<\/tbody>\n<\/table>\n<p>&nbsp;<\/p>\n<p>[\/et_pb_text][\/et_pb_column][\/et_pb_row][et_pb_row _builder_version=\u00bb4.23.3&#8243; _module_preset=\u00bbdefault\u00bb global_colors_info=\u00bb{}\u00bb][et_pb_column type=\u00bb4_4&#8243; _builder_version=\u00bb4.23.3&#8243; _module_preset=\u00bbdefault\u00bb global_colors_info=\u00bb{}\u00bb][et_pb_button button_url=\u00bb@ET-DC@eyJkeW5hbWljIjp0cnVlLCJjb250ZW50IjoicG9zdF9saW5rX3VybF9wYWdlIiwic2V0dGluZ3MiOnsicG9zdF9pZCI6IjEyMzYifX0=@\u00bb button_text=\u00bbACCEDA AQU\u00cd PARA VER LOS DETALLES DE CADA MODALIDAD DE MATR\u00cdCULA\u00bb button_alignment=\u00bbcenter\u00bb _builder_version=\u00bb4.23.3&#8243; _dynamic_attributes=\u00bbbutton_url\u00bb _module_preset=\u00bbdefault\u00bb button_icon=\u00bb&#xf101;||fa||900&#8243; global_colors_info=\u00bb{}\u00bb][\/et_pb_button][et_pb_accordion _builder_version=\u00bb4.23.3&#8243; _module_preset=\u00bbdefault\u00bb global_colors_info=\u00bb{}\u00bb][et_pb_accordion_item title=\u00bb\u00bfQU\u00c9 INCLUYE LA CUOTA DE INSCRIPCI\u00d3N?\u00bb open=\u00bbon\u00bb _builder_version=\u00bb4.23.3&#8243; _module_preset=\u00bbdefault\u00bb global_colors_info=\u00bb{}\u00bb][\/et_pb_accordion_item][\/et_pb_accordion][\/et_pb_column][\/et_pb_row][et_pb_row column_structure=\u00bb1_2,1_2&#8243; _builder_version=\u00bb4.23.3&#8243; _module_preset=\u00bbdefault\u00bb global_colors_info=\u00bb{}\u00bb][et_pb_column type=\u00bb1_2&#8243; _builder_version=\u00bb4.23.3&#8243; _module_preset=\u00bbdefault\u00bb global_colors_info=\u00bb{}\u00bb][et_pb_text _builder_version=\u00bb4.23.3&#8243; _module_preset=\u00bbdefault\u00bb global_colors_info=\u00bb{}\u00bb]<\/p>\n<p><span style=\"color: #800000;\"><strong>Para participantes presenciales:<\/strong><\/span><\/p>\n<ul>\n<li><span>Acceso presencial completo a todas las actividades acad\u00e9micas del congreso.<\/span><\/li>\n<li><span>Acceso a la plataforma virtual con todos los materiales de las presentaciones (presenciales y virtuales).<\/span><\/li>\n<li><span>Participaci\u00f3n (voluntaria) en los foros de la plataforma.<\/span><\/li>\n<li><span>Bolsa del congreso con obsequios.<\/span><\/li>\n<li><span>Coffee-breaks durante todo el congreso.<\/span><\/li>\n<li><span>Cata de vinos y productos t\u00edpicos.<\/span><\/li>\n<li><span>Acceso a las instalaciones universitarias y campus.<\/span><\/li>\n<li><span>WIFI gratuita (previa solicitud).<\/span><\/li>\n<li><span>Exposici\u00f3n presencial en una de las salas.<\/span><\/li>\n<\/ul>\n<p>[\/et_pb_text][\/et_pb_column][et_pb_column type=\u00bb1_2&#8243; _builder_version=\u00bb4.23.3&#8243; _module_preset=\u00bbdefault\u00bb global_colors_info=\u00bb{}\u00bb][et_pb_text _builder_version=\u00bb4.23.3&#8243; _module_preset=\u00bbdefault\u00bb global_colors_info=\u00bb{}\u00bb]<\/p>\n<p><span style=\"color: #800000;\"><strong>Para participantes virtuales:<\/strong><\/span><\/p>\n<ul>\n<li><span>Acceso a todas las sesiones plenarias presenciales del congreso ofrecidas por videostreaming.<\/span><\/li>\n<li><span>Acceso a la plataforma virtual con todos los materiales de las presentaciones (presenciales y virtuales)<\/span><\/li>\n<li><span>Participaci\u00f3n en los foros de la plataforma.<\/span><\/li>\n<\/ul>\n<p>[\/et_pb_text][\/et_pb_column][\/et_pb_row][et_pb_row _builder_version=\u00bb4.23.3&#8243; _module_preset=\u00bbdefault\u00bb global_colors_info=\u00bb{}\u00bb][et_pb_column type=\u00bb4_4&#8243; _builder_version=\u00bb4.23.3&#8243; _module_preset=\u00bbdefault\u00bb global_colors_info=\u00bb{}\u00bb][et_pb_text _builder_version=\u00bb4.23.3&#8243; _module_preset=\u00bbdefault\u00bb global_colors_info=\u00bb{}\u00bb]<\/p>\n<p style=\"text-align: center;\"><span style=\"color: #800000;\"><strong>Para todos los participantes (presenciales y virtuales):<\/strong><\/span><\/p>\n<ul>\n<li><span><strong>Libro de Actas<\/strong> publicado en la Editorial <strong>Octaedro<\/strong>: res\u00famenes aceptados.<\/span><\/li>\n<li><span><strong> Publicaciones de textos completos<\/strong> (elecci\u00f3n seg\u00fan modalidad de inscripci\u00f3n):<\/span>\n<ul>\n<li><span>Cap\u00edtulos de libro en las editoriales: <strong>Aula Magna, Dykinson, IGI Global, Octaedro y Tirant lo Blanch.<\/strong><\/span><\/li>\n<li><span>Art\u00edculos de revistas: <strong>NAER<\/strong>,\u00a0<strong>Apertura, Edmetic, Edutec, P\u00edxel-Bit, Revista Andina de Educaci\u00f3n, Revista Complutense de Educaci\u00f3n, Revista Electronica de Investigacion Educativa, Revista Perspectiva Educacional, Revista Innovaci\u00f3n Educativa y RIDU.<\/strong><\/span><\/li>\n<\/ul>\n<\/li>\n<li>Env\u00edo de hasta dos <strong>aportaciones<\/strong> en fase 1 (seg\u00fan modalidad).<\/li>\n<li><strong>Diplomas<\/strong> acreditativos en ingl\u00e9s y espa\u00f1ol de las <strong>aportaciones<\/strong> aceptadas.<\/li>\n<li><strong>Diplomas<\/strong> acreditativos en ingl\u00e9s y espa\u00f1ol de <strong>asistencia<\/strong>.<\/li>\n<\/ul>\n<p>[\/et_pb_text][\/et_pb_column][\/et_pb_row][et_pb_row _builder_version=\u00bb4.16&#8243; _module_preset=\u00bbdefault\u00bb global_colors_info=\u00bb{}\u00bb][et_pb_column type=\u00bb4_4&#8243; _builder_version=\u00bb4.16&#8243; _module_preset=\u00bbdefault\u00bb global_colors_info=\u00bb{}\u00bb][et_pb_accordion _builder_version=\u00bb4.16&#8243; _module_preset=\u00bbdefault\u00bb global_colors_info=\u00bb{}\u00bb][et_pb_accordion_item title=\u00bbCUESTIONES IMPORTANTES A TENER EN CUENTA A LA HORA DE REALIZAR EL PAGO DE LA MATR\u00cdCULA:\u00bb open=\u00bbon\u00bb _builder_version=\u00bb4.16&#8243; _module_preset=\u00bbdefault\u00bb global_colors_info=\u00bb{}\u00bb]<\/p>\n<ol>\n<li><strong>El proceso de matr\u00edcula se realiza desde el apartado \u00abMi cuenta\u00bb del men\u00fa superior. Cuando entre, acceda a la pesta\u00f1a \u00abMatr\u00edcula\u00bb.<\/strong><\/li>\n<li>Todas las personas que consten como autores\/as deben abonar la matr\u00edcula correspondiente.\u00a0<\/li>\n<li>El\u00a0importe\u00a0transferido de la matr\u00edcula deber\u00e1 ser\u00a0\u00edntegro seg\u00fan tarifas; cualquier comisi\u00f3n bancaria o impuesto ser\u00e1 asumido por el inscrito.<\/li>\n<li>Se pueden realizar transferencias:\n<ul>\n<li>De forma individual todos los coautores\/as, o<\/li>\n<li>Una persona realiza la inscripci\u00f3n con el importe total de varias matr\u00edculas. En este caso, se deber\u00e1 indicar los nombres completos de todas las personas en el proceso del pago (apartado \u00abobservaciones\u00bb del formulario correspondiente).<\/li>\n<\/ul>\n<\/li>\n<li>La matr\u00edcula deber\u00e1 abonarse a trav\u00e9s de los siguientes medios: por transferencia bancaria o por Paypal.<\/li>\n<li>Si desea un presupuesto previo al pago de matr\u00edcula, podr\u00e1 generarlo desde el apartado \u00abMi cuenta\u00bb del men\u00fa superior. Cuando entre, acceda a pesta\u00f1a \u00abCrear presupuestos\u00bb.<\/li>\n<li>En caso de ser un grupo de participantes, con casu\u00edsticas propias, puede dirigirse por email a <a href=\"mailto:icon.congress@ua.es\">icon.congress@ua.es<\/a> para ver su matr\u00edcula especial.<\/li>\n<\/ol>\n<p>[\/et_pb_accordion_item][\/et_pb_accordion][et_pb_toggle title=\u00bbSOBRE FACTURAS&#8230;\u00bb open_toggle_text_color=\u00bb#CE171A\u00bb _builder_version=\u00bb4.23.3&#8243; _module_preset=\u00bbdefault\u00bb title_text_color=\u00bb#CE171A\u00bb title_level=\u00bbh2&#8243; background_color=\u00bb#FFFFFF\u00bb hover_enabled=\u00bb0&#8243; global_colors_info=\u00bb{}\u00bb sticky_enabled=\u00bb0&#8243;]<\/p>\n<h3>Solicitud FACTURA<\/h3>\n<ul>\n<li>Para <strong>solicitar<\/strong> una factura env\u00ede un correo electr\u00f3nico a: contabilidad@icon.kiobus.org\n<ul>\n<li>Debe especificar si la factura va a <strong>nombre de una instituci\u00f3n<\/strong> o en <strong>nombre propio<\/strong>:\n<ul>\n<li><strong>A nombre de instituci\u00f3n<\/strong>: Nombre de la instituci\u00f3n, Direcci\u00f3n Postal completa, CIF de la instituci\u00f3n, <strong>Modalidad de Participaci\u00f3n.<\/strong><\/li>\n<li><strong>En Nombre Propio<\/strong>: Nombre completo, Direcci\u00f3n Postal personal completa, NIF del interesado, <strong>Modalidad de Participaci\u00f3n.<\/strong><\/li>\n<\/ul>\n<\/li>\n<\/ul>\n<\/li>\n<li>Cualquier persona puede solicitar factura de su inscripci\u00f3n.<\/li>\n<\/ul>\n<p>&nbsp;<\/p>\n<h3>Solicitud PRESUPUESTO<\/h3>\n<ul>\n<li><strong>Aseg\u00farese de que antes de la factura no necesita un presupuesto (o proforma) (especialmente para instituciones universitarias)<\/strong>. Esto es importante porque una vez emitida la factura, no podr\u00e1 modificarse. Para ello, se aconseja que haga previamente un presupuesto para mostrar los datos a su instituci\u00f3n y le confirmen los datos. Tambi\u00e9n <strong>puede solicitar el presupuesto enviando un correo electr\u00f3nico a:<\/strong> <a href=\"mailto:contabilidad@icon.kiobus.org?Subject=ICON-EDU%202026:%20Solicitud%20de%20presupuesto.\">contabilidad@icon.kiobus.org<\/a><\/li>\n<li>Debe especificar si el presupuesto (o proforma) va a <strong>nombre de una instituci\u00f3n<\/strong> o en <strong>nombre propio<\/strong>:\n<ul>\n<li><strong>A nombre de instituci\u00f3n<\/strong>: Nombre de la instituci\u00f3n, Direcci\u00f3n Postal completa, CIF de la instituci\u00f3n, <strong>Modalidad de Participaci\u00f3n.<\/strong><\/li>\n<li><strong>En Nombre Propio<\/strong>: Nombre completo, Direcci\u00f3n Postal personal completa, NIF del interesado, <strong>Modalidad de Participaci\u00f3n.<\/strong><\/li>\n<\/ul>\n<\/li>\n<\/ul>\n<p>&nbsp;<\/p>\n<h3><span style=\"color: #cd1719;\">NOTA IMPORTANTE<\/span><\/h3>\n<p>Una vez solicitada una factura, no podr\u00e1 modificarse ninguno de los datos enviados, ni la factura que se haya generado. Es necesario, pues, que se informe correctamente contactando con su Universidad, centro de trabajo, entidad, etc., de los datos que necesita que se incluyen en la factura. <strong>EN CASO DE SOLICITAR CAMBIOS EN UNA FACTURA, SE ABONAR\u00c1N 30 EUROS POR GASTOS DE GESTI\u00d3N.<\/strong><\/p>\n<p>[\/et_pb_toggle][et_pb_toggle title=\u00bbPOL\u00cdTICA DE CANCELACI\u00d3N\u00bb open_toggle_text_color=\u00bb#CE171A\u00bb _builder_version=\u00bb4.23.3&#8243; _module_preset=\u00bbdefault\u00bb title_text_color=\u00bb#CE171A\u00bb title_level=\u00bbh2&#8243; background_color=\u00bb#FFFFFF\u00bb hover_enabled=\u00bb0&#8243; global_colors_info=\u00bb{}\u00bb sticky_enabled=\u00bb0&#8243;]<\/p>\n<ul>\n<li><span>Si usted desea cancelar su inscripci\u00f3n, por favor p\u00f3ngase en contacto con el Comit\u00e9 organizador (icon.congress@ua.es<\/span><span>) antes del d\u00eda 15 de mayo. Despu\u00e9s de esta fecha no podr\u00e1n realizarse devoluciones. <\/span><\/li>\n<li><span>En caso de haber solicitado factura, no se podr\u00e1 solicitar cancelaci\u00f3n, aunque se solicite antes del 15 de mayo.<\/span><\/li>\n<\/ul>\n<p>[\/et_pb_toggle][\/et_pb_column][\/et_pb_row][\/et_pb_section]<\/p>\n","protected":false},"excerpt":{"rendered":"<p>La inscripci\u00f3n al Congreso (pago de matr\u00edcula) es obligatoria paratodos los\/las autores\/as que presenten cualquier tipo y modalidad de aportaci\u00f3n.\u00a0IFAS: Modalidad de participaci\u00f3n(+ info sobre modalidades) Inscripci\u00f3n reducida hasta el 30\/04\/2026 Inscripci\u00f3n ordinaria (del 01\/05\/2026 al 11\/05\/2026) Inscripci\u00f3n A 70 \u20ac (virtual); 95 \u20ac (presencial) 110 \u20ac (virtual); 135 \u20ac (presencial) Inscripci\u00f3n B1 130 \u20ac [&hellip;]<\/p>\n","protected":false},"author":1,"featured_media":0,"parent":0,"menu_order":0,"comment_status":"closed","ping_status":"closed","template":"","meta":{"_et_pb_use_builder":"on","_et_pb_old_content":"","_et_gb_content_width":"","_mc_calendar":[],"footnotes":""},"class_list":["post-1009","page","type-page","status-publish","hentry"],"yoast_head":"<!-- This site is optimized with the Yoast SEO plugin v27.3 - https:\/\/yoast.com\/product\/yoast-seo-wordpress\/ -->\n<title>Inscripci\u00f3n - ICON-EDU 2026 - CONGRESO INTERNACIONAL<\/title>\n<meta name=\"robots\" content=\"index, follow, max-snippet:-1, max-image-preview:large, max-video-preview:-1\" \/>\n<link rel=\"canonical\" href=\"https:\/\/icon.kiobus.org\/edu\/inscripcion\/\" \/>\n<meta property=\"og:locale\" content=\"es_ES\" \/>\n<meta property=\"og:type\" content=\"article\" \/>\n<meta property=\"og:title\" content=\"Inscripci\u00f3n - ICON-EDU 2026 - CONGRESO INTERNACIONAL\" \/>\n<meta property=\"og:description\" content=\"La inscripci\u00f3n al Congreso (pago de matr\u00edcula) es obligatoria paratodos los\/las autores\/as que presenten cualquier tipo y modalidad de aportaci\u00f3n.\u00a0IFAS: Modalidad de participaci\u00f3n(+ info sobre modalidades) Inscripci\u00f3n reducida hasta el 30\/04\/2026 Inscripci\u00f3n ordinaria (del 01\/05\/2026 al 11\/05\/2026) Inscripci\u00f3n A 70 \u20ac (virtual); 95 \u20ac (presencial) 110 \u20ac (virtual); 135 \u20ac (presencial) Inscripci\u00f3n B1 130 \u20ac [&hellip;]\" \/>\n<meta property=\"og:url\" content=\"https:\/\/icon.kiobus.org\/edu\/inscripcion\/\" \/>\n<meta property=\"og:site_name\" content=\"ICON-EDU 2026 - CONGRESO INTERNACIONAL\" \/>\n<meta property=\"article:publisher\" content=\"https:\/\/www.facebook.com\/ICON-Congress-100571919228676\" \/>\n<meta property=\"article:modified_time\" content=\"2026-03-13T08:11:03+00:00\" \/>\n<meta property=\"og:image\" content=\"https:\/\/icon.kiobus.org\/edu\/wp-content\/uploads\/2025\/10\/icon-edu_26.webp\" \/>\n\t<meta property=\"og:image:width\" content=\"500\" \/>\n\t<meta property=\"og:image:height\" content=\"500\" \/>\n\t<meta property=\"og:image:type\" content=\"image\/webp\" \/>\n<meta name=\"twitter:card\" content=\"summary_large_image\" \/>\n<meta name=\"twitter:site\" content=\"@iconcongress\" \/>\n<meta name=\"twitter:label1\" content=\"Tiempo de lectura\" \/>\n\t<meta name=\"twitter:data1\" content=\"7 minutos\" \/>\n<script type=\"application\/ld+json\" class=\"yoast-schema-graph\">{\"@context\":\"https:\\\/\\\/schema.org\",\"@graph\":[{\"@type\":\"WebPage\",\"@id\":\"https:\\\/\\\/icon.kiobus.org\\\/edu\\\/inscripcion\\\/\",\"url\":\"https:\\\/\\\/icon.kiobus.org\\\/edu\\\/inscripcion\\\/\",\"name\":\"Inscripci\u00f3n - ICON-EDU 2026 - CONGRESO INTERNACIONAL\",\"isPartOf\":{\"@id\":\"https:\\\/\\\/icon.kiobus.org\\\/edu\\\/#website\"},\"datePublished\":\"2021-12-28T07:45:49+00:00\",\"dateModified\":\"2026-03-13T08:11:03+00:00\",\"breadcrumb\":{\"@id\":\"https:\\\/\\\/icon.kiobus.org\\\/edu\\\/inscripcion\\\/#breadcrumb\"},\"inLanguage\":\"es\",\"potentialAction\":[{\"@type\":\"ReadAction\",\"target\":[\"https:\\\/\\\/icon.kiobus.org\\\/edu\\\/inscripcion\\\/\"]}]},{\"@type\":\"BreadcrumbList\",\"@id\":\"https:\\\/\\\/icon.kiobus.org\\\/edu\\\/inscripcion\\\/#breadcrumb\",\"itemListElement\":[{\"@type\":\"ListItem\",\"position\":1,\"name\":\"Portada\",\"item\":\"https:\\\/\\\/icon.kiobus.org\\\/edu\\\/\"},{\"@type\":\"ListItem\",\"position\":2,\"name\":\"Inscripci\u00f3n\"}]},{\"@type\":\"WebSite\",\"@id\":\"https:\\\/\\\/icon.kiobus.org\\\/edu\\\/#website\",\"url\":\"https:\\\/\\\/icon.kiobus.org\\\/edu\\\/\",\"name\":\"ICON-EDU 2026 - CONGRESO INTERNACIONAL\",\"description\":\"CONGRESO INTERNACIONAL EDUCACION Y CONOCIMIENTO\",\"publisher\":{\"@id\":\"https:\\\/\\\/icon.kiobus.org\\\/edu\\\/#organization\"},\"potentialAction\":[{\"@type\":\"SearchAction\",\"target\":{\"@type\":\"EntryPoint\",\"urlTemplate\":\"https:\\\/\\\/icon.kiobus.org\\\/edu\\\/?s={search_term_string}\"},\"query-input\":{\"@type\":\"PropertyValueSpecification\",\"valueRequired\":true,\"valueName\":\"search_term_string\"}}],\"inLanguage\":\"es\"},{\"@type\":\"Organization\",\"@id\":\"https:\\\/\\\/icon.kiobus.org\\\/edu\\\/#organization\",\"name\":\"ICON-EDU 2025 - CONGRESO INTERNACIONAL\",\"url\":\"https:\\\/\\\/icon.kiobus.org\\\/edu\\\/\",\"logo\":{\"@type\":\"ImageObject\",\"inLanguage\":\"es\",\"@id\":\"https:\\\/\\\/icon.kiobus.org\\\/edu\\\/#\\\/schema\\\/logo\\\/image\\\/\",\"url\":\"https:\\\/\\\/icon.kiobus.org\\\/edu\\\/wp-content\\\/uploads\\\/2024\\\/12\\\/favicon.png\",\"contentUrl\":\"https:\\\/\\\/icon.kiobus.org\\\/edu\\\/wp-content\\\/uploads\\\/2024\\\/12\\\/favicon.png\",\"width\":500,\"height\":500,\"caption\":\"ICON-EDU 2025 - CONGRESO INTERNACIONAL\"},\"image\":{\"@id\":\"https:\\\/\\\/icon.kiobus.org\\\/edu\\\/#\\\/schema\\\/logo\\\/image\\\/\"},\"sameAs\":[\"https:\\\/\\\/www.facebook.com\\\/ICON-Congress-100571919228676\",\"https:\\\/\\\/x.com\\\/iconcongress\"]}]}<\/script>\n<!-- \/ Yoast SEO plugin. -->","yoast_head_json":{"title":"Inscripci\u00f3n - ICON-EDU 2026 - CONGRESO INTERNACIONAL","robots":{"index":"index","follow":"follow","max-snippet":"max-snippet:-1","max-image-preview":"max-image-preview:large","max-video-preview":"max-video-preview:-1"},"canonical":"https:\/\/icon.kiobus.org\/edu\/inscripcion\/","og_locale":"es_ES","og_type":"article","og_title":"Inscripci\u00f3n - ICON-EDU 2026 - CONGRESO INTERNACIONAL","og_description":"La inscripci\u00f3n al Congreso (pago de matr\u00edcula) es obligatoria paratodos los\/las autores\/as que presenten cualquier tipo y modalidad de aportaci\u00f3n.\u00a0IFAS: Modalidad de participaci\u00f3n(+ info sobre modalidades) Inscripci\u00f3n reducida hasta el 30\/04\/2026 Inscripci\u00f3n ordinaria (del 01\/05\/2026 al 11\/05\/2026) Inscripci\u00f3n A 70 \u20ac (virtual); 95 \u20ac (presencial) 110 \u20ac (virtual); 135 \u20ac (presencial) Inscripci\u00f3n B1 130 \u20ac [&hellip;]","og_url":"https:\/\/icon.kiobus.org\/edu\/inscripcion\/","og_site_name":"ICON-EDU 2026 - CONGRESO INTERNACIONAL","article_publisher":"https:\/\/www.facebook.com\/ICON-Congress-100571919228676","article_modified_time":"2026-03-13T08:11:03+00:00","og_image":[{"width":500,"height":500,"url":"https:\/\/icon.kiobus.org\/edu\/wp-content\/uploads\/2025\/10\/icon-edu_26.webp","type":"image\/webp"}],"twitter_card":"summary_large_image","twitter_site":"@iconcongress","twitter_misc":{"Tiempo de lectura":"7 minutos"},"schema":{"@context":"https:\/\/schema.org","@graph":[{"@type":"WebPage","@id":"https:\/\/icon.kiobus.org\/edu\/inscripcion\/","url":"https:\/\/icon.kiobus.org\/edu\/inscripcion\/","name":"Inscripci\u00f3n - ICON-EDU 2026 - CONGRESO INTERNACIONAL","isPartOf":{"@id":"https:\/\/icon.kiobus.org\/edu\/#website"},"datePublished":"2021-12-28T07:45:49+00:00","dateModified":"2026-03-13T08:11:03+00:00","breadcrumb":{"@id":"https:\/\/icon.kiobus.org\/edu\/inscripcion\/#breadcrumb"},"inLanguage":"es","potentialAction":[{"@type":"ReadAction","target":["https:\/\/icon.kiobus.org\/edu\/inscripcion\/"]}]},{"@type":"BreadcrumbList","@id":"https:\/\/icon.kiobus.org\/edu\/inscripcion\/#breadcrumb","itemListElement":[{"@type":"ListItem","position":1,"name":"Portada","item":"https:\/\/icon.kiobus.org\/edu\/"},{"@type":"ListItem","position":2,"name":"Inscripci\u00f3n"}]},{"@type":"WebSite","@id":"https:\/\/icon.kiobus.org\/edu\/#website","url":"https:\/\/icon.kiobus.org\/edu\/","name":"ICON-EDU 2026 - CONGRESO INTERNACIONAL","description":"CONGRESO INTERNACIONAL EDUCACION Y CONOCIMIENTO","publisher":{"@id":"https:\/\/icon.kiobus.org\/edu\/#organization"},"potentialAction":[{"@type":"SearchAction","target":{"@type":"EntryPoint","urlTemplate":"https:\/\/icon.kiobus.org\/edu\/?s={search_term_string}"},"query-input":{"@type":"PropertyValueSpecification","valueRequired":true,"valueName":"search_term_string"}}],"inLanguage":"es"},{"@type":"Organization","@id":"https:\/\/icon.kiobus.org\/edu\/#organization","name":"ICON-EDU 2025 - CONGRESO INTERNACIONAL","url":"https:\/\/icon.kiobus.org\/edu\/","logo":{"@type":"ImageObject","inLanguage":"es","@id":"https:\/\/icon.kiobus.org\/edu\/#\/schema\/logo\/image\/","url":"https:\/\/icon.kiobus.org\/edu\/wp-content\/uploads\/2024\/12\/favicon.png","contentUrl":"https:\/\/icon.kiobus.org\/edu\/wp-content\/uploads\/2024\/12\/favicon.png","width":500,"height":500,"caption":"ICON-EDU 2025 - CONGRESO INTERNACIONAL"},"image":{"@id":"https:\/\/icon.kiobus.org\/edu\/#\/schema\/logo\/image\/"},"sameAs":["https:\/\/www.facebook.com\/ICON-Congress-100571919228676","https:\/\/x.com\/iconcongress"]}]}},"_links":{"self":[{"href":"https:\/\/icon.kiobus.org\/edu\/wp-json\/wp\/v2\/pages\/1009","targetHints":{"allow":["GET"]}}],"collection":[{"href":"https:\/\/icon.kiobus.org\/edu\/wp-json\/wp\/v2\/pages"}],"about":[{"href":"https:\/\/icon.kiobus.org\/edu\/wp-json\/wp\/v2\/types\/page"}],"author":[{"embeddable":true,"href":"https:\/\/icon.kiobus.org\/edu\/wp-json\/wp\/v2\/users\/1"}],"replies":[{"embeddable":true,"href":"https:\/\/icon.kiobus.org\/edu\/wp-json\/wp\/v2\/comments?post=1009"}],"version-history":[{"count":207,"href":"https:\/\/icon.kiobus.org\/edu\/wp-json\/wp\/v2\/pages\/1009\/revisions"}],"predecessor-version":[{"id":11254,"href":"https:\/\/icon.kiobus.org\/edu\/wp-json\/wp\/v2\/pages\/1009\/revisions\/11254"}],"wp:attachment":[{"href":"https:\/\/icon.kiobus.org\/edu\/wp-json\/wp\/v2\/media?parent=1009"}],"curies":[{"name":"wp","href":"https:\/\/api.w.org\/{rel}","templated":true}]}}