{"id":2742,"date":"2022-01-14T16:49:16","date_gmt":"2022-01-14T15:49:16","guid":{"rendered":"https:\/\/icon.kiobus.org\/edu\/?page_id=2742"},"modified":"2026-04-29T11:33:08","modified_gmt":"2026-04-29T09:33:08","slug":"politica-cookies","status":"publish","type":"page","link":"https:\/\/icon.kiobus.org\/edu\/politica-cookies\/","title":{"rendered":"Pol\u00edtica cookies"},"content":{"rendered":"<p>[et_pb_section fb_built=\u00bb1&#8243; _builder_version=\u00bb4.16&#8243; custom_margin=\u00bb0px||||false|false\u00bb custom_padding=\u00bb0px||||false|false\u00bb collapsed=\u00bbon\u00bb global_colors_info=\u00bb{}\u00bb][et_pb_row _builder_version=\u00bb4.16&#8243; global_colors_info=\u00bb{}\u00bb][et_pb_column type=\u00bb4_4&#8243; _builder_version=\u00bb4.16&#8243; global_colors_info=\u00bb{}\u00bb][et_pb_text _builder_version=\u00bb4.16&#8243; global_colors_info=\u00bb{}\u00bb]<\/p>\n<h1><strong>Pol\u00edtica de cookies<\/strong><\/h1>\n<p><strong><\/strong><\/p>\n<p>Con la finalidad de agilizar el servicio ofrecido, identificando con la m\u00e1xima celeridad a cada usuario, le informamos que este sitio web [ DOMINIO ] utilizar\u00e1 cookies. Las cookies son datos que se almacenan en el disco duro del ordenador y que sirven para agilizar y optimizar el funcionamiento del servidor y del servicio. Todo usuario puede modificar o rechazar una cookie. En este \u00faltimo caso, advertimos que la rapidez y calidad del servicio puede disminuir. En este sentido, todas las notificaciones que realicemos al usuario se considerar\u00e1n v\u00e1lidamente efectuadas, si se han realizado empleando los datos y medios anteriormente se\u00f1alados. A estos efectos, el usuario manifiesta que todos los datos facilitados son ciertos, exactos, correctos y veraces, comprometi\u00e9ndose a comunicarnos todos los cambios, novedades y modificaciones futuras relativos a los datos de notificaci\u00f3n.<br \/>Puedes elegir que tu ordenador te avise cada vez que se env\u00eda una cookie o desactivar todas las cookies. Lo puedes hacer a trav\u00e9s de las configuraciones de tu navegador. Cada navegador es algo diferente, consulta en el men\u00fa Ayuda para aprender la forma correcta de modificar tus cookies.<br \/>Utilizamos cookies de terceros.<br \/>Si desea restringir o desactivar el uso de cookies se puede realizar a trav\u00e9s de su navegador de Internet. A continuaci\u00f3n<br \/>se proporcionan enlaces a consejos sobre c\u00f3mo hacer esto para los navegadores de Internet m\u00e1s populares.<\/p>\n<p style=\"padding-left: 30px;\"><strong>Explorador de Internet:<\/strong> https:\/\/windows.microsoft.com\/en-GB\/windows7\/Block-enable-or-allow-cookies<\/p>\n<p style=\"padding-left: 30px;\"><strong>Google Chrome:<\/strong> https:\/\/support.google.com\/chrome\/bin\/answer.py?hl=en-GB&amp;answer=95647&amp;p=cpn_cookies<\/p>\n<p style=\"padding-left: 30px;\"><strong>Mozilla Firefox:<\/strong> https:\/\/support.mozilla.org\/en-US\/kb\/Blocking%20cookies<\/p>\n<p style=\"padding-left: 30px;\"><strong>Apple Safari:<\/strong> https:\/\/docs.info.apple.com\/article.html?artnum=32467<\/p>\n<p>Para obtener informaci\u00f3n sobre c\u00f3mo hacer esto en el navegador de su dispositivo m\u00f3vil tendr\u00e1 que consultar el manual de su tel\u00e9fono.<br \/>Uso de plugins sociales en el contexto de las redes sociales:<\/p>\n<p><strong>1) Facebook<\/strong><br \/>La p\u00e1gina web de ICON de GRUPO KIOBUS S.L. utiliza Plugins sociales (\u201cPlugins\u201d) de la red social Facebook.com, que es gestionada desde los EE.UU. por Facebook Inc., Palo Alto, EE.UU. (\u201cFacebook\u201d). Los Plugins est\u00e1n identificados con el logotipo de Facebook, o con los s\u00edmbolos \u201cFacebook\u201d, \u201cLike\u201d o \u201cShare\u201d.<br \/>Cuando acceden a alguna de nuestras p\u00e1ginas web que contienen dichos Plugins, estos est\u00e1n inicialmente desactivados.<br \/>Los Plugins solo se activan cuando Vds. hacen clic en el icono correspondiente. Al hacer esta activaci\u00f3n se crea una conexi<br \/>\u00f3n a Facebook y en ese momento Vds. dan su consentimiento para transmitir datos a Facebook. Al iniciar una sesi\u00f3n en Facebook, dicha red social puede gestionar la visita que realizan a su cuenta personal en Facebook. Cuando pulsan el bot\u00f3n correspondiente, la informaci\u00f3n en cuesti\u00f3n se transmite desde el navegador directamente a Facebook y es all\u00ed donde se almacena.<br \/>Por favor, inf\u00f3rmense sobre la pol\u00edtica de privacidad de Facebook para conocer la finalidad y el \u00e1mbito de la recopilaci\u00f3n de datos, su posterior procesamiento, y la utilizaci\u00f3n de dichos datos por parte de Facebook, as\u00ed como sus derechos al respecto y las posibilidades de configuraci\u00f3n para proteger su privacidad.<br \/>Si no desean que Facebook recopile informaci\u00f3n sobre Vds. a trav\u00e9s de nuestra p\u00e1gina web, deben cerrar su sesi\u00f3n en Facebook antes de su visita a nuestra p\u00e1gina web.<\/p>\n<p><strong>2) Instagram<\/strong><br \/>La p\u00e1gina web de ICON de GRUPO KIOBUS S.L. utiliza Plugins sociales (\u201cPlugins\u201d) de la red social Instagram, que es gestionada desde los EE.UU. por Meta Platforms, Inc. (\u201cMeta\u201d). Los Plugins est\u00e1n identificados con el logotipo de Instagram o con los s\u00edmbolos propios de esta red social.<\/p>\n<p>Cuando acceden a alguna de nuestras p\u00e1ginas web que contienen dichos Plugins, estos est\u00e1n inicialmente desactivados.<\/p>\n<p>Los Plugins solo se activan cuando Vds. hacen clic en el icono correspondiente. Al hacer esta activaci\u00f3n se crea una conexi\u00f3n a Instagram y en ese momento Vds. dan su consentimiento para transmitir datos a Meta. Al iniciar una sesi\u00f3n en Instagram, dicha red social puede gestionar la visita que realizan a su cuenta personal en Instagram. Cuando pulsan el bot\u00f3n correspondiente, la informaci\u00f3n en cuesti\u00f3n se transmite desde el navegador directamente a Meta y es all\u00ed donde se almacena.<\/p>\n<p>Por favor, inf\u00f3rmense sobre la pol\u00edtica de privacidad de Instagram para conocer la finalidad y el \u00e1mbito de la recopilaci\u00f3n de datos, su posterior procesamiento y la utilizaci\u00f3n de dichos datos por parte de Meta, as\u00ed como sus derechos al respecto y las posibilidades de configuraci\u00f3n para proteger su privacidad.<\/p>\n<p>Si no desean que Instagram recopile informaci\u00f3n sobre Vds. a trav\u00e9s de nuestra p\u00e1gina web, deben cerrar su sesi\u00f3n en Instagram antes de su visita a nuestra p\u00e1gina web.<\/p>\n<p data-start=\"1337\" data-end=\"1506\" style=\"padding-left: 40px;\">\n<p style=\"padding-left: 30px;\">\n<p style=\"padding-left: 30px;\">\n<p>[\/et_pb_text][\/et_pb_column][\/et_pb_row][\/et_pb_section]<\/p>\n","protected":false},"excerpt":{"rendered":"<p>Pol\u00edtica de cookies Con la finalidad de agilizar el servicio ofrecido, identificando con la m\u00e1xima celeridad a cada usuario, le informamos que este sitio web [ DOMINIO ] utilizar\u00e1 cookies. Las cookies son datos que se almacenan en el disco duro del ordenador y que sirven para agilizar y optimizar el funcionamiento del servidor y [&hellip;]<\/p>\n","protected":false},"author":1,"featured_media":0,"parent":0,"menu_order":0,"comment_status":"closed","ping_status":"closed","template":"","meta":{"_et_pb_use_builder":"on","_et_pb_old_content":"","_et_gb_content_width":"","_mc_calendar":[],"footnotes":""},"class_list":["post-2742","page","type-page","status-publish","hentry"],"yoast_head":"<!-- This site is optimized with the Yoast SEO plugin v27.5 - https:\/\/yoast.com\/product\/yoast-seo-wordpress\/ -->\n<title>Pol\u00edtica cookies - ICON-EDU 2026 - CONGRESO INTERNACIONAL<\/title>\n<meta name=\"robots\" content=\"index, follow, max-snippet:-1, max-image-preview:large, max-video-preview:-1\" \/>\n<link rel=\"canonical\" href=\"https:\/\/icon.kiobus.org\/edu\/politica-cookies\/\" \/>\n<meta property=\"og:locale\" content=\"es_ES\" \/>\n<meta property=\"og:type\" content=\"article\" \/>\n<meta property=\"og:title\" content=\"Pol\u00edtica cookies - ICON-EDU 2026 - CONGRESO INTERNACIONAL\" \/>\n<meta property=\"og:description\" content=\"Pol\u00edtica de cookies Con la finalidad de agilizar el servicio ofrecido, identificando con la m\u00e1xima celeridad a cada usuario, le informamos que este sitio web [ DOMINIO ] utilizar\u00e1 cookies. Las cookies son datos que se almacenan en el disco duro del ordenador y que sirven para agilizar y optimizar el funcionamiento del servidor y [&hellip;]\" \/>\n<meta property=\"og:url\" content=\"https:\/\/icon.kiobus.org\/edu\/politica-cookies\/\" \/>\n<meta property=\"og:site_name\" content=\"ICON-EDU 2026 - CONGRESO INTERNACIONAL\" \/>\n<meta property=\"article:publisher\" content=\"https:\/\/www.facebook.com\/ICON-Congress-100571919228676\" \/>\n<meta property=\"article:modified_time\" content=\"2026-04-29T09:33:08+00:00\" \/>\n<meta property=\"og:image\" content=\"https:\/\/icon.kiobus.org\/edu\/wp-content\/uploads\/2025\/10\/icon-edu_26.webp\" \/>\n\t<meta property=\"og:image:width\" content=\"500\" \/>\n\t<meta property=\"og:image:height\" content=\"500\" \/>\n\t<meta property=\"og:image:type\" content=\"image\/webp\" \/>\n<meta name=\"twitter:card\" content=\"summary_large_image\" \/>\n<meta name=\"twitter:site\" content=\"@iconcongress\" \/>\n<meta name=\"twitter:label1\" content=\"Tiempo de lectura\" \/>\n\t<meta name=\"twitter:data1\" content=\"4 minutos\" \/>\n<script type=\"application\/ld+json\" class=\"yoast-schema-graph\">{\"@context\":\"https:\\\/\\\/schema.org\",\"@graph\":[{\"@type\":\"WebPage\",\"@id\":\"https:\\\/\\\/icon.kiobus.org\\\/edu\\\/politica-cookies\\\/\",\"url\":\"https:\\\/\\\/icon.kiobus.org\\\/edu\\\/politica-cookies\\\/\",\"name\":\"Pol\u00edtica cookies - ICON-EDU 2026 - CONGRESO INTERNACIONAL\",\"isPartOf\":{\"@id\":\"https:\\\/\\\/icon.kiobus.org\\\/edu\\\/#website\"},\"datePublished\":\"2022-01-14T15:49:16+00:00\",\"dateModified\":\"2026-04-29T09:33:08+00:00\",\"breadcrumb\":{\"@id\":\"https:\\\/\\\/icon.kiobus.org\\\/edu\\\/politica-cookies\\\/#breadcrumb\"},\"inLanguage\":\"es\",\"potentialAction\":[{\"@type\":\"ReadAction\",\"target\":[\"https:\\\/\\\/icon.kiobus.org\\\/edu\\\/politica-cookies\\\/\"]}]},{\"@type\":\"BreadcrumbList\",\"@id\":\"https:\\\/\\\/icon.kiobus.org\\\/edu\\\/politica-cookies\\\/#breadcrumb\",\"itemListElement\":[{\"@type\":\"ListItem\",\"position\":1,\"name\":\"Portada\",\"item\":\"https:\\\/\\\/icon.kiobus.org\\\/edu\\\/\"},{\"@type\":\"ListItem\",\"position\":2,\"name\":\"Pol\u00edtica cookies\"}]},{\"@type\":\"WebSite\",\"@id\":\"https:\\\/\\\/icon.kiobus.org\\\/edu\\\/#website\",\"url\":\"https:\\\/\\\/icon.kiobus.org\\\/edu\\\/\",\"name\":\"ICON-EDU 2026 - CONGRESO INTERNACIONAL\",\"description\":\"CONGRESO INTERNACIONAL EDUCACION Y CONOCIMIENTO\",\"publisher\":{\"@id\":\"https:\\\/\\\/icon.kiobus.org\\\/edu\\\/#organization\"},\"potentialAction\":[{\"@type\":\"SearchAction\",\"target\":{\"@type\":\"EntryPoint\",\"urlTemplate\":\"https:\\\/\\\/icon.kiobus.org\\\/edu\\\/?s={search_term_string}\"},\"query-input\":{\"@type\":\"PropertyValueSpecification\",\"valueRequired\":true,\"valueName\":\"search_term_string\"}}],\"inLanguage\":\"es\"},{\"@type\":\"Organization\",\"@id\":\"https:\\\/\\\/icon.kiobus.org\\\/edu\\\/#organization\",\"name\":\"ICON-EDU 2025 - CONGRESO INTERNACIONAL\",\"url\":\"https:\\\/\\\/icon.kiobus.org\\\/edu\\\/\",\"logo\":{\"@type\":\"ImageObject\",\"inLanguage\":\"es\",\"@id\":\"https:\\\/\\\/icon.kiobus.org\\\/edu\\\/#\\\/schema\\\/logo\\\/image\\\/\",\"url\":\"https:\\\/\\\/icon.kiobus.org\\\/edu\\\/wp-content\\\/uploads\\\/2024\\\/12\\\/favicon.png\",\"contentUrl\":\"https:\\\/\\\/icon.kiobus.org\\\/edu\\\/wp-content\\\/uploads\\\/2024\\\/12\\\/favicon.png\",\"width\":500,\"height\":500,\"caption\":\"ICON-EDU 2025 - CONGRESO INTERNACIONAL\"},\"image\":{\"@id\":\"https:\\\/\\\/icon.kiobus.org\\\/edu\\\/#\\\/schema\\\/logo\\\/image\\\/\"},\"sameAs\":[\"https:\\\/\\\/www.facebook.com\\\/ICON-Congress-100571919228676\",\"https:\\\/\\\/x.com\\\/iconcongress\"]}]}<\/script>\n<!-- \/ Yoast SEO plugin. -->","yoast_head_json":{"title":"Pol\u00edtica cookies - ICON-EDU 2026 - CONGRESO INTERNACIONAL","robots":{"index":"index","follow":"follow","max-snippet":"max-snippet:-1","max-image-preview":"max-image-preview:large","max-video-preview":"max-video-preview:-1"},"canonical":"https:\/\/icon.kiobus.org\/edu\/politica-cookies\/","og_locale":"es_ES","og_type":"article","og_title":"Pol\u00edtica cookies - ICON-EDU 2026 - CONGRESO INTERNACIONAL","og_description":"Pol\u00edtica de cookies Con la finalidad de agilizar el servicio ofrecido, identificando con la m\u00e1xima celeridad a cada usuario, le informamos que este sitio web [ DOMINIO ] utilizar\u00e1 cookies. Las cookies son datos que se almacenan en el disco duro del ordenador y que sirven para agilizar y optimizar el funcionamiento del servidor y [&hellip;]","og_url":"https:\/\/icon.kiobus.org\/edu\/politica-cookies\/","og_site_name":"ICON-EDU 2026 - CONGRESO INTERNACIONAL","article_publisher":"https:\/\/www.facebook.com\/ICON-Congress-100571919228676","article_modified_time":"2026-04-29T09:33:08+00:00","og_image":[{"width":500,"height":500,"url":"https:\/\/icon.kiobus.org\/edu\/wp-content\/uploads\/2025\/10\/icon-edu_26.webp","type":"image\/webp"}],"twitter_card":"summary_large_image","twitter_site":"@iconcongress","twitter_misc":{"Tiempo de lectura":"4 minutos"},"schema":{"@context":"https:\/\/schema.org","@graph":[{"@type":"WebPage","@id":"https:\/\/icon.kiobus.org\/edu\/politica-cookies\/","url":"https:\/\/icon.kiobus.org\/edu\/politica-cookies\/","name":"Pol\u00edtica cookies - ICON-EDU 2026 - CONGRESO INTERNACIONAL","isPartOf":{"@id":"https:\/\/icon.kiobus.org\/edu\/#website"},"datePublished":"2022-01-14T15:49:16+00:00","dateModified":"2026-04-29T09:33:08+00:00","breadcrumb":{"@id":"https:\/\/icon.kiobus.org\/edu\/politica-cookies\/#breadcrumb"},"inLanguage":"es","potentialAction":[{"@type":"ReadAction","target":["https:\/\/icon.kiobus.org\/edu\/politica-cookies\/"]}]},{"@type":"BreadcrumbList","@id":"https:\/\/icon.kiobus.org\/edu\/politica-cookies\/#breadcrumb","itemListElement":[{"@type":"ListItem","position":1,"name":"Portada","item":"https:\/\/icon.kiobus.org\/edu\/"},{"@type":"ListItem","position":2,"name":"Pol\u00edtica cookies"}]},{"@type":"WebSite","@id":"https:\/\/icon.kiobus.org\/edu\/#website","url":"https:\/\/icon.kiobus.org\/edu\/","name":"ICON-EDU 2026 - CONGRESO INTERNACIONAL","description":"CONGRESO INTERNACIONAL EDUCACION Y CONOCIMIENTO","publisher":{"@id":"https:\/\/icon.kiobus.org\/edu\/#organization"},"potentialAction":[{"@type":"SearchAction","target":{"@type":"EntryPoint","urlTemplate":"https:\/\/icon.kiobus.org\/edu\/?s={search_term_string}"},"query-input":{"@type":"PropertyValueSpecification","valueRequired":true,"valueName":"search_term_string"}}],"inLanguage":"es"},{"@type":"Organization","@id":"https:\/\/icon.kiobus.org\/edu\/#organization","name":"ICON-EDU 2025 - CONGRESO INTERNACIONAL","url":"https:\/\/icon.kiobus.org\/edu\/","logo":{"@type":"ImageObject","inLanguage":"es","@id":"https:\/\/icon.kiobus.org\/edu\/#\/schema\/logo\/image\/","url":"https:\/\/icon.kiobus.org\/edu\/wp-content\/uploads\/2024\/12\/favicon.png","contentUrl":"https:\/\/icon.kiobus.org\/edu\/wp-content\/uploads\/2024\/12\/favicon.png","width":500,"height":500,"caption":"ICON-EDU 2025 - CONGRESO INTERNACIONAL"},"image":{"@id":"https:\/\/icon.kiobus.org\/edu\/#\/schema\/logo\/image\/"},"sameAs":["https:\/\/www.facebook.com\/ICON-Congress-100571919228676","https:\/\/x.com\/iconcongress"]}]}},"_links":{"self":[{"href":"https:\/\/icon.kiobus.org\/edu\/wp-json\/wp\/v2\/pages\/2742","targetHints":{"allow":["GET"]}}],"collection":[{"href":"https:\/\/icon.kiobus.org\/edu\/wp-json\/wp\/v2\/pages"}],"about":[{"href":"https:\/\/icon.kiobus.org\/edu\/wp-json\/wp\/v2\/types\/page"}],"author":[{"embeddable":true,"href":"https:\/\/icon.kiobus.org\/edu\/wp-json\/wp\/v2\/users\/1"}],"replies":[{"embeddable":true,"href":"https:\/\/icon.kiobus.org\/edu\/wp-json\/wp\/v2\/comments?post=2742"}],"version-history":[{"count":12,"href":"https:\/\/icon.kiobus.org\/edu\/wp-json\/wp\/v2\/pages\/2742\/revisions"}],"predecessor-version":[{"id":11853,"href":"https:\/\/icon.kiobus.org\/edu\/wp-json\/wp\/v2\/pages\/2742\/revisions\/11853"}],"wp:attachment":[{"href":"https:\/\/icon.kiobus.org\/edu\/wp-json\/wp\/v2\/media?parent=2742"}],"curies":[{"name":"wp","href":"https:\/\/api.w.org\/{rel}","templated":true}]}}