{"id":562,"date":"2021-11-04T12:15:40","date_gmt":"2021-11-04T11:15:40","guid":{"rendered":"https:\/\/icon.kiobus.org\/edu\/?page_id=562"},"modified":"2025-12-24T07:59:50","modified_gmt":"2025-12-24T06:59:50","slug":"instrucciones","status":"publish","type":"page","link":"https:\/\/icon.kiobus.org\/edu\/instrucciones\/","title":{"rendered":"Instrucciones"},"content":{"rendered":"<p>[et_pb_section fb_built=\u00bb1&#8243; _builder_version=\u00bb4.16&#8243; custom_padding=\u00bb0px|||||\u00bb collapsed=\u00bboff\u00bb global_colors_info=\u00bb{}\u00bb][et_pb_row _builder_version=\u00bb4.23.3&#8243; global_colors_info=\u00bb{}\u00bb][et_pb_column type=\u00bb4_4&#8243; _builder_version=\u00bb4.16&#8243; global_colors_info=\u00bb{}\u00bb][et_pb_text _builder_version=\u00bb4.23.3&#8243; hover_enabled=\u00bb0&#8243; global_colors_info=\u00bb{}\u00bb sticky_enabled=\u00bb0&#8243;]<\/p>\n<h3 style=\"text-align: justify;\">Instrucciones generales para presentar aportaciones al congreso:<\/h3>\n<ul style=\"text-align: justify;\">\n<li style=\"text-align: justify;\">Se podr\u00e1n presentar trabajos (env\u00edos<strong> fase 1<\/strong>) en espa\u00f1ol, catal\u00e1n, ingl\u00e9s, italiano, portugu\u00e9s, alem\u00e1n y franc\u00e9s.<\/li>\n<li>En el caso de las publicaciones de los trabajos completos (env\u00edos <strong>fase 2<\/strong>), el idioma depender\u00e1 de la revista o editorial. El autor\/autores deber\u00e1n remitir el trabajo en el idioma correspondiente. En las normas de edici\u00f3n de cada revista o editorial se indica el idioma permitido.<\/li>\n<li><span style=\"font-size: 15px;\">Una contribuci\u00f3n puede presentarse hasta por 5 autores.<\/span><\/li>\n<li>Un autor podr\u00e1 aparecer como m\u00e1ximo en:\n<ul>\n<li>Dos aportaciones, en la fase 1, de cualquier modalidad y ya sea de modo individual o en coautor\u00eda. Si aparece en m\u00e1s de dos ser\u00e1 motivo de rechazo de todas las aportaciones.<\/li>\n<li>Una aportaci\u00f3n, en la fase 2, para publicar el trabajo como cap\u00edtulo de libro o art\u00edculo de revista.\u00a0Aparecer en m\u00e1s de una ser\u00e1 motivo de rechazo de todas las aportaciones.<\/li>\n<\/ul>\n<\/li>\n<li><strong>Aspectos \u00e9ticos.<\/strong> ICON-edu tiene como objetivo, en su conjunto, asegurar el cumplimiento de los est\u00e1ndares \u00e9ticos en la investigaci\u00f3n cient\u00edfica en el campo de la educaci\u00f3n. Por ello:<\/li>\n<\/ul>\n<ul>\n<li style=\"list-style-type: none;\">\n<ul>\n<li style=\"text-align: justify;\"><span>ICON-edu mantiene un compromiso \u00e9tico con la comunidad acad\u00e9mica y la sociedad en general, inspirado en los acuerdos internacionales tomados del <\/span><span><a href=\"https:\/\/publicationethics.org\/\" target=\"_blank\" rel=\"noopener noreferrer\">Comit\u00e9 de \u00c9tica de Publicaciones<\/a> (COPE). Los autores deber\u00e1n tener en cuenta las indicaciones de dicho Comit\u00e9.<\/span><\/li>\n<li style=\"text-align: justify;\">Las propuestas de trabajos deben ser originales (tolerancia cero al plagio), de car\u00e1cter cient\u00edfico o profesional. No pueden ser trabajos ya publicados o presentados previamente o simult\u00e1neamente en otro congreso. En el caso de que se detecte alguno de estos casos, los trabajos ser\u00e1n rechazados y no habr\u00e1 derecho de devoluci\u00f3n del pago de la matr\u00edcula.<\/li>\n<\/ul>\n<\/li>\n<\/ul>\n<p>[\/et_pb_text][\/et_pb_column][\/et_pb_row][et_pb_row _builder_version=\u00bb4.16&#8243; global_colors_info=\u00bb{}\u00bb][et_pb_column type=\u00bb4_4&#8243; _builder_version=\u00bb4.16&#8243; global_colors_info=\u00bb{}\u00bb][et_pb_text _builder_version=\u00bb4.23.3&#8243; global_colors_info=\u00bb{}\u00bb]<\/p>\n<h3 style=\"text-align: justify;\">Fases en el env\u00edo de aportaciones:<\/h3>\n<p style=\"text-align: justify;\">El env\u00edo de una aportaci\u00f3n se realizar\u00e1 en dos fases:<\/p>\n<ul>\n<li style=\"text-align: justify;\"><strong>Fase 1<\/strong>. Se remite <strong>obligatoriamente<\/strong> un texto en formato de resumen ampliado (entre 500 y 600 palabras). Los textos que superen el proceso <em>double blind<\/em>\u00a0<em>peer review<\/em> se publicar\u00e1n en el Libro de Actas (editorial Octaedro).<\/li>\n<li style=\"text-align: justify;\"><strong>Fase 2<\/strong>. Se remite, <strong>de forma voluntaria<\/strong>, el texto completo. Los textos que superen el <em>double blind<\/em>\u00a0<em>peer review<\/em> se publicar\u00e1n en un libro de cap\u00edtulos o en una revista, seg\u00fan el caso.<\/li>\n<\/ul>\n<p>[\/et_pb_text][\/et_pb_column][\/et_pb_row][et_pb_row _builder_version=\u00bb4.16&#8243; global_colors_info=\u00bb{}\u00bb][et_pb_column type=\u00bb4_4&#8243; _builder_version=\u00bb4.16&#8243; global_colors_info=\u00bb{}\u00bb][et_pb_text _builder_version=\u00bb4.23.3&#8243; hover_enabled=\u00bb0&#8243; global_colors_info=\u00bb{}\u00bb sticky_enabled=\u00bb0&#8243;]<\/p>\n<h3 style=\"text-align: justify;\">Modalidades de participaci\u00f3n:<\/h3>\n<p style=\"text-align: justify;\">Existen diversas modalidades para participar en ICON-edu (v\u00e9ase \u00ab<a href=\"https:\/\/icon.kiobus.org\/edu\/modalidades\/\">Modalidades de participaci\u00f3n<\/a>\u00ab).<\/p>\n<p style=\"text-align: justify;\"><span style=\"background-color: #ffffff; font-size: 15px;\">En resumen, <\/span><span style=\"font-size: 15px; font-weight: bold;\">un autor tiene dos opciones de env\u00edo<\/span><span style=\"background-color: #ffffff; font-size: 15px;\">:<\/span><\/p>\n<ul style=\"background-color: #ffffff; font-size: 15px;\">\n<li style=\"font-size: 15px; text-align: justify;\"><span style=\"font-size: 15px; font-weight: bold;\">Modalidad de participaci\u00f3n Opci\u00f3n A<\/span>: \u00fanicamente env\u00eda una aportaci\u00f3n inicial y, si pasa el\u00a0<em style=\"font-size: 15px;\">peer review,<\/em>\u00a0se publica en un Libro de res\u00famenes de Octaedro.<\/li>\n<li style=\"font-size: 15px; text-align: justify;\"><span style=\"font-size: 15px; font-weight: bold;\">Modalidad de participaci\u00f3n Opci\u00f3n B<\/span>: adem\u00e1s del env\u00edo y publicaci\u00f3n de la fase 1, env\u00eda el texto completo (env\u00edo fase 2, opcional). Si pasa el\u00a0<em style=\"font-size: 15px;\">peer review<\/em>\u00a0correspondiente, se publica en un libro de cap\u00edtulos o en una revista.<\/li>\n<\/ul>\n<p>[\/et_pb_text][\/et_pb_column][\/et_pb_row][et_pb_row _builder_version=\u00bb4.16&#8243; global_colors_info=\u00bb{}\u00bb][et_pb_column type=\u00bb4_4&#8243; _builder_version=\u00bb4.16&#8243; global_colors_info=\u00bb{}\u00bb][et_pb_text _builder_version=\u00bb4.23.3&#8243; global_colors_info=\u00bb{}\u00bb]<\/p>\n<h3 style=\"text-align: justify;\"><span>Instrucciones espec\u00edficas para el env\u00edo Fase 1:<\/span><\/h3>\n<ol style=\"text-align: justify;\">\n<li><span style=\"font-size: 15px; color: #666666; font-weight: 500;\">La aportaci\u00f3n inicial tiene un formato de resumen ampliado.<\/span><\/li>\n<li>Con esta aportaci\u00f3n inicial ya se puede participar en el congreso y publicar dicho texto en un Libro de res\u00famenes Octaedro.<\/li>\n<li><span>La extensi\u00f3n ser\u00e1 de entre 500 y 600 palabras (este c\u00f3mputo incluye el texto del documento sin contar t\u00edtulo, palabras clave y autores).<\/span><\/li>\n<li>El texto estar\u00e1 escrito a texto en un \u00fanico p\u00e1rrafo:\n<ol>\n<li>Si es un <strong style=\"font-size: 15px;\">trabajo de investigaci\u00f3n, una experiencia o de revisi\u00f3n bibliogr\u00e1fica\/sistem\u00e1tica<\/strong><span style=\"font-size: 15px;\">, el contenido debe estar narrado y contener informaci\u00f3n sobre: introducci\u00f3n, objetivos (con o sin hip\u00f3tesis), m\u00e9todo, resultados y conclusi\u00f3n.<\/span><\/li>\n<li>Si es un <strong style=\"font-size: 15px;\">trabajo de reflexi\u00f3n o revisi\u00f3n te\u00f3rica<\/strong><span style=\"font-size: 15px;\">, el contenido debe estar narrado y contener informaci\u00f3n sobre: introducci\u00f3n, objetivos, desarrollo del tema y conclusiones.<\/span><\/li>\n<\/ol>\n<\/li>\n<li>No podr\u00e1 incluirse un apartado final de bibliograf\u00eda. Por tanto, no podr\u00e1n incluirse referencias en el texto.<\/li>\n<li>No podr\u00e1n incluirse im\u00e1genes ni tablas ni gr\u00e1ficos.<\/li>\n<li>V\u00e9ase \u00ab<a href=\"https:\/\/icon.kiobus.org\/edu\/proceso-de-envio\/\" style=\"font-size: 15px;\">Proceso de env\u00edo<\/a><span style=\"font-size: 15px;\">\u00ab<\/span><\/li>\n<\/ol>\n<p>[\/et_pb_text][\/et_pb_column][\/et_pb_row][et_pb_row _builder_version=\u00bb4.16&#8243; global_colors_info=\u00bb{}\u00bb][et_pb_column type=\u00bb4_4&#8243; _builder_version=\u00bb4.16&#8243; global_colors_info=\u00bb{}\u00bb][et_pb_text _builder_version=\u00bb4.23.3&#8243; global_colors_info=\u00bb{}\u00bb]<\/p>\n<h3 style=\"text-align: justify;\">Instrucciones espec\u00edficas para el env\u00edo Fase 2:<\/h3>\n<ol style=\"text-align: justify;\">\n<li>Una vez aprobada una aportaci\u00f3n en la fase 1, y despu\u00e9s del pago de la matr\u00edcula por parte de todos los autores, se podr\u00e1 presentar el trabajo completo. Esto \u00faltimo es OPCIONAL Y VOLUNTARIO.<\/li>\n<li>Si se desea, pues, se podr\u00e1 remitir el texto completo en las fechas indicadas (ver <a href=\"https:\/\/icon.kiobus.org\/edu\/fechas-clave\/\">fechas clave<\/a>). En este caso, se inicia un nuevo proceso de evaluaci\u00f3n del trabajo.\u00a0El resultado de esta evaluaci\u00f3n no afecta la aceptaci\u00f3n ya realizada de la aportaci\u00f3n en la fase 1.<\/li>\n<li>El t\u00edtulo de la aportaci\u00f3n de la fase 2 debe ser ligeramente diferente respecto al t\u00edtulo de la aportaci\u00f3n de la fase 1.<\/li>\n<li style=\"font-size: 15px;\">En esta fase, un autor solo puede constar <strong>en un solo trabajo completo<\/strong>.\u00a0Por tanto, si consta como autor\/a en DOS aportaciones en la fase 1, deber\u00e1 elegir un \u00fanico texto completo donde constar como autor\/a en la fase 2. Para facilitar esto, se permite que, en caso de coautor\u00edas, la agrupaci\u00f3n de autores de una aportaci\u00f3n de la fase 1 pueda variar respecto a la aportaci\u00f3n de la fase 2. Son aportaciones diferentes, por lo que no hay ning\u00fan problema en ello.<\/li>\n<li>Ser\u00e1 obligatorio cumplir todas las normas de publicaci\u00f3n. V\u00e9ase \u00ab<a href=\"https:\/\/icon.kiobus.org\/edu\/normas-de-publicacion\/\" style=\"font-size: 15px;\">Normas de publicaci\u00f3n<\/a><span style=\"font-size: 15px;\">\u00ab.<\/span><\/li>\n<li>Hay diversas modalidades de participaci\u00f3n respecto al env\u00edo de la fase 2. V\u00e9ase \u00ab<a href=\"https:\/\/icon.kiobus.org\/edu\/modalidades\/\">Modalidades de participaci\u00f3n<\/a>\u00bb para elegir la opci\u00f3n deseada.<\/li>\n<\/ol>\n<ol start=\"5\" style=\"text-align: justify;\"><\/ol>\n<p>[\/et_pb_text][\/et_pb_column][\/et_pb_row][\/et_pb_section]<\/p>\n","protected":false},"excerpt":{"rendered":"<p>Instrucciones generales para presentar aportaciones al congreso: Se podr\u00e1n presentar trabajos (env\u00edos fase 1) en espa\u00f1ol, catal\u00e1n, ingl\u00e9s, italiano, portugu\u00e9s, alem\u00e1n y franc\u00e9s. En el caso de las publicaciones de los trabajos completos (env\u00edos fase 2), el idioma depender\u00e1 de la revista o editorial. El autor\/autores deber\u00e1n remitir el trabajo en el idioma correspondiente. En [&hellip;]<\/p>\n","protected":false},"author":1,"featured_media":0,"parent":0,"menu_order":0,"comment_status":"closed","ping_status":"closed","template":"","meta":{"_et_pb_use_builder":"on","_et_pb_old_content":"","_et_gb_content_width":"","_mc_calendar":[],"footnotes":""},"class_list":["post-562","page","type-page","status-publish","hentry"],"yoast_head":"<!-- This site is optimized with the Yoast SEO plugin v27.4 - https:\/\/yoast.com\/product\/yoast-seo-wordpress\/ -->\n<title>Instrucciones - ICON-EDU 2026 - CONGRESO INTERNACIONAL<\/title>\n<meta name=\"robots\" content=\"index, follow, max-snippet:-1, max-image-preview:large, max-video-preview:-1\" \/>\n<link rel=\"canonical\" href=\"https:\/\/icon.kiobus.org\/edu\/instrucciones\/\" \/>\n<meta property=\"og:locale\" content=\"es_ES\" \/>\n<meta property=\"og:type\" content=\"article\" \/>\n<meta property=\"og:title\" content=\"Instrucciones - ICON-EDU 2026 - CONGRESO INTERNACIONAL\" \/>\n<meta property=\"og:description\" content=\"Instrucciones generales para presentar aportaciones al congreso: Se podr\u00e1n presentar trabajos (env\u00edos fase 1) en espa\u00f1ol, catal\u00e1n, ingl\u00e9s, italiano, portugu\u00e9s, alem\u00e1n y franc\u00e9s. En el caso de las publicaciones de los trabajos completos (env\u00edos fase 2), el idioma depender\u00e1 de la revista o editorial. El autor\/autores deber\u00e1n remitir el trabajo en el idioma correspondiente. En [&hellip;]\" \/>\n<meta property=\"og:url\" content=\"https:\/\/icon.kiobus.org\/edu\/instrucciones\/\" \/>\n<meta property=\"og:site_name\" content=\"ICON-EDU 2026 - CONGRESO INTERNACIONAL\" \/>\n<meta property=\"article:publisher\" content=\"https:\/\/www.facebook.com\/ICON-Congress-100571919228676\" \/>\n<meta property=\"article:modified_time\" content=\"2025-12-24T06:59:50+00:00\" \/>\n<meta property=\"og:image\" content=\"https:\/\/icon.kiobus.org\/edu\/wp-content\/uploads\/2025\/10\/icon-edu_26.webp\" \/>\n\t<meta property=\"og:image:width\" content=\"500\" \/>\n\t<meta property=\"og:image:height\" content=\"500\" \/>\n\t<meta property=\"og:image:type\" content=\"image\/webp\" \/>\n<meta name=\"twitter:card\" content=\"summary_large_image\" \/>\n<meta name=\"twitter:site\" content=\"@iconcongress\" \/>\n<meta name=\"twitter:label1\" content=\"Tiempo de lectura\" \/>\n\t<meta name=\"twitter:data1\" content=\"6 minutos\" \/>\n<script type=\"application\/ld+json\" class=\"yoast-schema-graph\">{\"@context\":\"https:\\\/\\\/schema.org\",\"@graph\":[{\"@type\":\"WebPage\",\"@id\":\"https:\\\/\\\/icon.kiobus.org\\\/edu\\\/instrucciones\\\/\",\"url\":\"https:\\\/\\\/icon.kiobus.org\\\/edu\\\/instrucciones\\\/\",\"name\":\"Instrucciones - ICON-EDU 2026 - CONGRESO INTERNACIONAL\",\"isPartOf\":{\"@id\":\"https:\\\/\\\/icon.kiobus.org\\\/edu\\\/#website\"},\"datePublished\":\"2021-11-04T11:15:40+00:00\",\"dateModified\":\"2025-12-24T06:59:50+00:00\",\"breadcrumb\":{\"@id\":\"https:\\\/\\\/icon.kiobus.org\\\/edu\\\/instrucciones\\\/#breadcrumb\"},\"inLanguage\":\"es\",\"potentialAction\":[{\"@type\":\"ReadAction\",\"target\":[\"https:\\\/\\\/icon.kiobus.org\\\/edu\\\/instrucciones\\\/\"]}]},{\"@type\":\"BreadcrumbList\",\"@id\":\"https:\\\/\\\/icon.kiobus.org\\\/edu\\\/instrucciones\\\/#breadcrumb\",\"itemListElement\":[{\"@type\":\"ListItem\",\"position\":1,\"name\":\"Portada\",\"item\":\"https:\\\/\\\/icon.kiobus.org\\\/edu\\\/\"},{\"@type\":\"ListItem\",\"position\":2,\"name\":\"Instrucciones\"}]},{\"@type\":\"WebSite\",\"@id\":\"https:\\\/\\\/icon.kiobus.org\\\/edu\\\/#website\",\"url\":\"https:\\\/\\\/icon.kiobus.org\\\/edu\\\/\",\"name\":\"ICON-EDU 2026 - CONGRESO INTERNACIONAL\",\"description\":\"CONGRESO INTERNACIONAL EDUCACION Y CONOCIMIENTO\",\"publisher\":{\"@id\":\"https:\\\/\\\/icon.kiobus.org\\\/edu\\\/#organization\"},\"potentialAction\":[{\"@type\":\"SearchAction\",\"target\":{\"@type\":\"EntryPoint\",\"urlTemplate\":\"https:\\\/\\\/icon.kiobus.org\\\/edu\\\/?s={search_term_string}\"},\"query-input\":{\"@type\":\"PropertyValueSpecification\",\"valueRequired\":true,\"valueName\":\"search_term_string\"}}],\"inLanguage\":\"es\"},{\"@type\":\"Organization\",\"@id\":\"https:\\\/\\\/icon.kiobus.org\\\/edu\\\/#organization\",\"name\":\"ICON-EDU 2025 - CONGRESO INTERNACIONAL\",\"url\":\"https:\\\/\\\/icon.kiobus.org\\\/edu\\\/\",\"logo\":{\"@type\":\"ImageObject\",\"inLanguage\":\"es\",\"@id\":\"https:\\\/\\\/icon.kiobus.org\\\/edu\\\/#\\\/schema\\\/logo\\\/image\\\/\",\"url\":\"https:\\\/\\\/icon.kiobus.org\\\/edu\\\/wp-content\\\/uploads\\\/2024\\\/12\\\/favicon.png\",\"contentUrl\":\"https:\\\/\\\/icon.kiobus.org\\\/edu\\\/wp-content\\\/uploads\\\/2024\\\/12\\\/favicon.png\",\"width\":500,\"height\":500,\"caption\":\"ICON-EDU 2025 - CONGRESO INTERNACIONAL\"},\"image\":{\"@id\":\"https:\\\/\\\/icon.kiobus.org\\\/edu\\\/#\\\/schema\\\/logo\\\/image\\\/\"},\"sameAs\":[\"https:\\\/\\\/www.facebook.com\\\/ICON-Congress-100571919228676\",\"https:\\\/\\\/x.com\\\/iconcongress\"]}]}<\/script>\n<!-- \/ Yoast SEO plugin. -->","yoast_head_json":{"title":"Instrucciones - ICON-EDU 2026 - CONGRESO INTERNACIONAL","robots":{"index":"index","follow":"follow","max-snippet":"max-snippet:-1","max-image-preview":"max-image-preview:large","max-video-preview":"max-video-preview:-1"},"canonical":"https:\/\/icon.kiobus.org\/edu\/instrucciones\/","og_locale":"es_ES","og_type":"article","og_title":"Instrucciones - ICON-EDU 2026 - CONGRESO INTERNACIONAL","og_description":"Instrucciones generales para presentar aportaciones al congreso: Se podr\u00e1n presentar trabajos (env\u00edos fase 1) en espa\u00f1ol, catal\u00e1n, ingl\u00e9s, italiano, portugu\u00e9s, alem\u00e1n y franc\u00e9s. En el caso de las publicaciones de los trabajos completos (env\u00edos fase 2), el idioma depender\u00e1 de la revista o editorial. El autor\/autores deber\u00e1n remitir el trabajo en el idioma correspondiente. En [&hellip;]","og_url":"https:\/\/icon.kiobus.org\/edu\/instrucciones\/","og_site_name":"ICON-EDU 2026 - CONGRESO INTERNACIONAL","article_publisher":"https:\/\/www.facebook.com\/ICON-Congress-100571919228676","article_modified_time":"2025-12-24T06:59:50+00:00","og_image":[{"width":500,"height":500,"url":"https:\/\/icon.kiobus.org\/edu\/wp-content\/uploads\/2025\/10\/icon-edu_26.webp","type":"image\/webp"}],"twitter_card":"summary_large_image","twitter_site":"@iconcongress","twitter_misc":{"Tiempo de lectura":"6 minutos"},"schema":{"@context":"https:\/\/schema.org","@graph":[{"@type":"WebPage","@id":"https:\/\/icon.kiobus.org\/edu\/instrucciones\/","url":"https:\/\/icon.kiobus.org\/edu\/instrucciones\/","name":"Instrucciones - ICON-EDU 2026 - CONGRESO INTERNACIONAL","isPartOf":{"@id":"https:\/\/icon.kiobus.org\/edu\/#website"},"datePublished":"2021-11-04T11:15:40+00:00","dateModified":"2025-12-24T06:59:50+00:00","breadcrumb":{"@id":"https:\/\/icon.kiobus.org\/edu\/instrucciones\/#breadcrumb"},"inLanguage":"es","potentialAction":[{"@type":"ReadAction","target":["https:\/\/icon.kiobus.org\/edu\/instrucciones\/"]}]},{"@type":"BreadcrumbList","@id":"https:\/\/icon.kiobus.org\/edu\/instrucciones\/#breadcrumb","itemListElement":[{"@type":"ListItem","position":1,"name":"Portada","item":"https:\/\/icon.kiobus.org\/edu\/"},{"@type":"ListItem","position":2,"name":"Instrucciones"}]},{"@type":"WebSite","@id":"https:\/\/icon.kiobus.org\/edu\/#website","url":"https:\/\/icon.kiobus.org\/edu\/","name":"ICON-EDU 2026 - CONGRESO INTERNACIONAL","description":"CONGRESO INTERNACIONAL EDUCACION Y CONOCIMIENTO","publisher":{"@id":"https:\/\/icon.kiobus.org\/edu\/#organization"},"potentialAction":[{"@type":"SearchAction","target":{"@type":"EntryPoint","urlTemplate":"https:\/\/icon.kiobus.org\/edu\/?s={search_term_string}"},"query-input":{"@type":"PropertyValueSpecification","valueRequired":true,"valueName":"search_term_string"}}],"inLanguage":"es"},{"@type":"Organization","@id":"https:\/\/icon.kiobus.org\/edu\/#organization","name":"ICON-EDU 2025 - CONGRESO INTERNACIONAL","url":"https:\/\/icon.kiobus.org\/edu\/","logo":{"@type":"ImageObject","inLanguage":"es","@id":"https:\/\/icon.kiobus.org\/edu\/#\/schema\/logo\/image\/","url":"https:\/\/icon.kiobus.org\/edu\/wp-content\/uploads\/2024\/12\/favicon.png","contentUrl":"https:\/\/icon.kiobus.org\/edu\/wp-content\/uploads\/2024\/12\/favicon.png","width":500,"height":500,"caption":"ICON-EDU 2025 - CONGRESO INTERNACIONAL"},"image":{"@id":"https:\/\/icon.kiobus.org\/edu\/#\/schema\/logo\/image\/"},"sameAs":["https:\/\/www.facebook.com\/ICON-Congress-100571919228676","https:\/\/x.com\/iconcongress"]}]}},"_links":{"self":[{"href":"https:\/\/icon.kiobus.org\/edu\/wp-json\/wp\/v2\/pages\/562","targetHints":{"allow":["GET"]}}],"collection":[{"href":"https:\/\/icon.kiobus.org\/edu\/wp-json\/wp\/v2\/pages"}],"about":[{"href":"https:\/\/icon.kiobus.org\/edu\/wp-json\/wp\/v2\/types\/page"}],"author":[{"embeddable":true,"href":"https:\/\/icon.kiobus.org\/edu\/wp-json\/wp\/v2\/users\/1"}],"replies":[{"embeddable":true,"href":"https:\/\/icon.kiobus.org\/edu\/wp-json\/wp\/v2\/comments?post=562"}],"version-history":[{"count":82,"href":"https:\/\/icon.kiobus.org\/edu\/wp-json\/wp\/v2\/pages\/562\/revisions"}],"predecessor-version":[{"id":9812,"href":"https:\/\/icon.kiobus.org\/edu\/wp-json\/wp\/v2\/pages\/562\/revisions\/9812"}],"wp:attachment":[{"href":"https:\/\/icon.kiobus.org\/edu\/wp-json\/wp\/v2\/media?parent=562"}],"curies":[{"name":"wp","href":"https:\/\/api.w.org\/{rel}","templated":true}]}}