{"id":586,"date":"2021-11-04T13:06:50","date_gmt":"2021-11-04T12:06:50","guid":{"rendered":"https:\/\/icon.kiobus.org\/edu\/?page_id=586"},"modified":"2026-01-26T12:38:01","modified_gmt":"2026-01-26T11:38:01","slug":"secretaria-y-contacto","status":"publish","type":"page","link":"https:\/\/icon.kiobus.org\/edu\/secretaria-y-contacto\/","title":{"rendered":"Secretar\u00eda y contacto"},"content":{"rendered":"<p>[et_pb_section fb_built=\u00bb1&#8243; _builder_version=\u00bb4.16&#8243; custom_margin=\u00bb0px||||false|false\u00bb custom_padding=\u00bb0px||||false|false\u00bb collapsed=\u00bboff\u00bb global_colors_info=\u00bb{}\u00bb][et_pb_row _builder_version=\u00bb4.16&#8243; global_colors_info=\u00bb{}\u00bb][et_pb_column type=\u00bb4_4&#8243; _builder_version=\u00bb4.16&#8243; global_colors_info=\u00bb{}\u00bb][et_pb_text _builder_version=\u00bb4.23.3&#8243; hover_enabled=\u00bb0&#8243; global_colors_info=\u00bb{}\u00bb sticky_enabled=\u00bb0&#8243;]<\/p>\n<blockquote>\n<p>Si est\u00e1 interesado\/a en recibir informaci\u00f3n sobre el congreso, cumplimente el siguiente formulario:<span>\u00a0<\/span><a href=\"https:\/\/forms.gle\/FibLgePBbU9v2WNr5\">formulario<\/a><\/p>\n<\/blockquote>\n<p><span><\/span><\/p>\n<p><span>Si tiene cualquier duda o consulta visite nuestro espacio de <a href=\"https:\/\/icon.kiobus.org\/edu\/preguntas-frecuentes\/\">PREGUNTAS FRECUENTES (FAQ)<\/a> y, en caso de no resolver su cuesti\u00f3n, p<\/span>uede contactar con nosotros a trav\u00e9s de diversas v\u00edas:<\/p>\n<p>1. Recomendamos la comunicaci\u00f3n trav\u00e9s de:<\/p>\n<ul>\n<li>Correo electr\u00f3nico: <strong>icon.congress@ua.es<\/strong><\/li>\n<\/ul>\n<p>2. O bien a trav\u00e9s de este f<span>ormulario:<\/span><\/p>\n<p>[\/et_pb_text][et_pb_contact_form email=\u00bbicon.congress@gmail.com\u00bb custom_message=\u00bb%%name%% &#8211; %%email%%||et_pb_line_break_holder||||et_pb_line_break_holder||%%message%%\u00bb _builder_version=\u00bb4.16&#8243; _unique_id=\u00bb2ace233f-cc8b-481d-8ba1-a8beb522c28e\u00bb global_colors_info=\u00bb{}\u00bb][et_pb_contact_field field_id=\u00bbName\u00bb field_title=\u00bbNombre\u00bb _builder_version=\u00bb4.16&#8243; global_colors_info=\u00bb{}\u00bb button_text_size__hover_enabled=\u00bboff\u00bb button_one_text_size__hover_enabled=\u00bboff\u00bb button_two_text_size__hover_enabled=\u00bboff\u00bb button_text_color__hover_enabled=\u00bboff\u00bb button_one_text_color__hover_enabled=\u00bboff\u00bb button_two_text_color__hover_enabled=\u00bboff\u00bb button_border_width__hover_enabled=\u00bboff\u00bb button_one_border_width__hover_enabled=\u00bboff\u00bb button_two_border_width__hover_enabled=\u00bboff\u00bb button_border_color__hover_enabled=\u00bboff\u00bb button_one_border_color__hover_enabled=\u00bboff\u00bb button_two_border_color__hover_enabled=\u00bboff\u00bb button_border_radius__hover_enabled=\u00bboff\u00bb button_one_border_radius__hover_enabled=\u00bboff\u00bb button_two_border_radius__hover_enabled=\u00bboff\u00bb button_letter_spacing__hover_enabled=\u00bboff\u00bb button_one_letter_spacing__hover_enabled=\u00bboff\u00bb button_two_letter_spacing__hover_enabled=\u00bboff\u00bb button_bg_color__hover_enabled=\u00bboff\u00bb button_one_bg_color__hover_enabled=\u00bboff\u00bb button_two_bg_color__hover_enabled=\u00bboff\u00bb][\/et_pb_contact_field][et_pb_contact_field field_id=\u00bbEmail\u00bb field_title=\u00bbDirecci\u00f3n de correo electr\u00f3nico\u00bb field_type=\u00bbemail\u00bb _builder_version=\u00bb4.16&#8243; global_colors_info=\u00bb{}\u00bb button_text_size__hover_enabled=\u00bboff\u00bb button_one_text_size__hover_enabled=\u00bboff\u00bb button_two_text_size__hover_enabled=\u00bboff\u00bb button_text_color__hover_enabled=\u00bboff\u00bb button_one_text_color__hover_enabled=\u00bboff\u00bb button_two_text_color__hover_enabled=\u00bboff\u00bb button_border_width__hover_enabled=\u00bboff\u00bb button_one_border_width__hover_enabled=\u00bboff\u00bb button_two_border_width__hover_enabled=\u00bboff\u00bb button_border_color__hover_enabled=\u00bboff\u00bb button_one_border_color__hover_enabled=\u00bboff\u00bb button_two_border_color__hover_enabled=\u00bboff\u00bb button_border_radius__hover_enabled=\u00bboff\u00bb button_one_border_radius__hover_enabled=\u00bboff\u00bb button_two_border_radius__hover_enabled=\u00bboff\u00bb button_letter_spacing__hover_enabled=\u00bboff\u00bb button_one_letter_spacing__hover_enabled=\u00bboff\u00bb button_two_letter_spacing__hover_enabled=\u00bboff\u00bb button_bg_color__hover_enabled=\u00bboff\u00bb button_one_bg_color__hover_enabled=\u00bboff\u00bb button_two_bg_color__hover_enabled=\u00bboff\u00bb][\/et_pb_contact_field][et_pb_contact_field field_id=\u00bbMessage\u00bb field_title=\u00bbMensaje\u00bb field_type=\u00bbtext\u00bb fullwidth_field=\u00bbon\u00bb _builder_version=\u00bb4.16&#8243; global_colors_info=\u00bb{}\u00bb button_text_size__hover_enabled=\u00bboff\u00bb button_one_text_size__hover_enabled=\u00bboff\u00bb button_two_text_size__hover_enabled=\u00bboff\u00bb button_text_color__hover_enabled=\u00bboff\u00bb button_one_text_color__hover_enabled=\u00bboff\u00bb button_two_text_color__hover_enabled=\u00bboff\u00bb button_border_width__hover_enabled=\u00bboff\u00bb button_one_border_width__hover_enabled=\u00bboff\u00bb button_two_border_width__hover_enabled=\u00bboff\u00bb button_border_color__hover_enabled=\u00bboff\u00bb button_one_border_color__hover_enabled=\u00bboff\u00bb button_two_border_color__hover_enabled=\u00bboff\u00bb button_border_radius__hover_enabled=\u00bboff\u00bb button_one_border_radius__hover_enabled=\u00bboff\u00bb button_two_border_radius__hover_enabled=\u00bboff\u00bb button_letter_spacing__hover_enabled=\u00bboff\u00bb button_one_letter_spacing__hover_enabled=\u00bboff\u00bb button_two_letter_spacing__hover_enabled=\u00bboff\u00bb button_bg_color__hover_enabled=\u00bboff\u00bb button_one_bg_color__hover_enabled=\u00bboff\u00bb button_two_bg_color__hover_enabled=\u00bboff\u00bb][\/et_pb_contact_field][\/et_pb_contact_form][et_pb_text _builder_version=\u00bb4.16&#8243; global_colors_info=\u00bb{}\u00bb]<\/p>\n<p style=\"font-size: 10px; line-height: 11px; text-align: justify;\">En base a la Ley Org\u00e1nica de Protecci\u00f3n de Datos Espa\u00f1ola 15\/1999 del 13\/12\/1999 y del Reglamento de Protecci\u00f3n de Datos U.E.2016\/679 le comunicamos que su direcci\u00f3n de correo electr\u00f3nico forma parte de nuestro fichero automatizado al objeto de prestarle los servicios e informaciones solicitadas. Le informamos que el responsable del tratamiento es GRUPO KIOBUS S.L., E16912909, con domicilio en CALLE OLIVER, 37 DESPACHO 6, 03802, ALCOY, ALICANTE, ESPA\u00d1A, U.E. Usted tiene derecho a acceder, rectificar y suprimir los datos, as\u00ed como otros derechos como se explica en la informaci\u00f3n adicional. Puede consultar la informaci\u00f3n adicional y detallada sobre Protecci\u00f3n de Datos en nuestra p\u00e1gina web: KIOBUS.COM. Si no desea en el futuro seguir recibiendo informaci\u00f3n puede darse de baja notificando al siguiente e-mail KIOBUS@KIOBUS.COM o en la direcci\u00f3n postal en CALLE OLIVER, 37 DESPACHO 6, 03802, ALCOY, ALICANTE.<\/p>\n<p style=\"font-size: 10px; line-height: 10px; text-align: justify;\">Este mensaje y sus anexos pueden contener informaci\u00f3n confidencial y\/o con derecho legal. Est\u00e1 dirigido \u00fanicamente a la persona\/s o entidad\/es rese\u00f1adas como \u00fanico destinatario autorizado. Si este mensaje le hubiera llegado por error, no deber\u00e1 copiarlo ni divulgar su contenido. Por favor elim\u00ednelo sin revisarlo ni reenviarlo y notif\u00edquelo inmediatamente al remitente. Gracias por su colaboraci\u00f3n.<\/p>\n<p>[\/et_pb_text][\/et_pb_column][\/et_pb_row][et_pb_row column_structure=\u00bb1_2,1_2&#8243; _builder_version=\u00bb4.16&#8243; global_colors_info=\u00bb{}\u00bb][et_pb_column type=\u00bb1_2&#8243; _builder_version=\u00bb4.16&#8243; global_colors_info=\u00bb{}\u00bb][et_pb_text _builder_version=\u00bb4.16&#8243; global_colors_info=\u00bb{}\u00bb]<\/p>\n<p><span>Durante los d\u00edas del Congreso, la Secretar\u00eda estar\u00e1 ubicada en:<br \/>\u00a0<\/span><\/p>\n<h3 style=\"padding-left: 40px;\"><span>Planta Baja de la Facultad de Educaci\u00f3n<\/span><\/h3>\n<h4 style=\"padding-left: 40px;\"><span>Universidad de Alicante<\/span><\/h4>\n<p style=\"padding-left: 40px;\"><span><\/span><span>Campus Sant Vicent del Raspeig<br \/><\/span><span>C\/ Aeroplano, S\/N<br \/><\/span><span>03690- Sant Vicent del Raspeig<\/span><\/p>\n<p>[\/et_pb_text][\/et_pb_column][et_pb_column type=\u00bb1_2&#8243; _builder_version=\u00bb4.16&#8243; _module_preset=\u00bbdefault\u00bb global_colors_info=\u00bb{}\u00bb][et_pb_image src=\u00bbhttps:\/\/icon.kiobus.org\/edu\/wp-content\/uploads\/2023\/02\/facultad-educacion.png\u00bb title_text=\u00bbfacultad-educacion\u00bb align=\u00bbcenter\u00bb _builder_version=\u00bb4.16&#8243; _module_preset=\u00bbdefault\u00bb custom_margin=\u00bb0px|0px|0px|0px|false|false\u00bb custom_padding=\u00bb0px|0px|0px|0px|false|false\u00bb global_colors_info=\u00bb{}\u00bb][\/et_pb_image][\/et_pb_column][\/et_pb_row][\/et_pb_section]<\/p>\n","protected":false},"excerpt":{"rendered":"<p>Si est\u00e1 interesado\/a en recibir informaci\u00f3n sobre el congreso, cumplimente el siguiente formulario:\u00a0formulario Si tiene cualquier duda o consulta visite nuestro espacio de PREGUNTAS FRECUENTES (FAQ) y, en caso de no resolver su cuesti\u00f3n, puede contactar con nosotros a trav\u00e9s de diversas v\u00edas: 1. Recomendamos la comunicaci\u00f3n trav\u00e9s de: Correo electr\u00f3nico: icon.congress@ua.es 2. O bien [&hellip;]<\/p>\n","protected":false},"author":1,"featured_media":0,"parent":0,"menu_order":0,"comment_status":"closed","ping_status":"closed","template":"","meta":{"_et_pb_use_builder":"on","_et_pb_old_content":"","_et_gb_content_width":"","_mc_calendar":[],"footnotes":""},"class_list":["post-586","page","type-page","status-publish","hentry"],"yoast_head":"<!-- This site is optimized with the Yoast SEO plugin v27.3 - https:\/\/yoast.com\/product\/yoast-seo-wordpress\/ -->\n<title>Secretar\u00eda y contacto - ICON-EDU 2026 - CONGRESO INTERNACIONAL<\/title>\n<meta name=\"robots\" content=\"index, follow, max-snippet:-1, max-image-preview:large, max-video-preview:-1\" \/>\n<link rel=\"canonical\" href=\"https:\/\/icon.kiobus.org\/edu\/secretaria-y-contacto\/\" \/>\n<meta property=\"og:locale\" content=\"es_ES\" \/>\n<meta property=\"og:type\" content=\"article\" \/>\n<meta property=\"og:title\" content=\"Secretar\u00eda y contacto - ICON-EDU 2026 - CONGRESO INTERNACIONAL\" \/>\n<meta property=\"og:description\" content=\"Si est\u00e1 interesado\/a en recibir informaci\u00f3n sobre el congreso, cumplimente el siguiente formulario:\u00a0formulario Si tiene cualquier duda o consulta visite nuestro espacio de PREGUNTAS FRECUENTES (FAQ) y, en caso de no resolver su cuesti\u00f3n, puede contactar con nosotros a trav\u00e9s de diversas v\u00edas: 1. Recomendamos la comunicaci\u00f3n trav\u00e9s de: Correo electr\u00f3nico: icon.congress@ua.es 2. O bien [&hellip;]\" \/>\n<meta property=\"og:url\" content=\"https:\/\/icon.kiobus.org\/edu\/secretaria-y-contacto\/\" \/>\n<meta property=\"og:site_name\" content=\"ICON-EDU 2026 - CONGRESO INTERNACIONAL\" \/>\n<meta property=\"article:publisher\" content=\"https:\/\/www.facebook.com\/ICON-Congress-100571919228676\" \/>\n<meta property=\"article:modified_time\" content=\"2026-01-26T11:38:01+00:00\" \/>\n<meta property=\"og:image\" content=\"https:\/\/icon.kiobus.org\/edu\/wp-content\/uploads\/2025\/10\/icon-edu_26.webp\" \/>\n\t<meta property=\"og:image:width\" content=\"500\" \/>\n\t<meta property=\"og:image:height\" content=\"500\" \/>\n\t<meta property=\"og:image:type\" content=\"image\/webp\" \/>\n<meta name=\"twitter:card\" content=\"summary_large_image\" \/>\n<meta name=\"twitter:site\" content=\"@iconcongress\" \/>\n<meta name=\"twitter:label1\" content=\"Tiempo de lectura\" \/>\n\t<meta name=\"twitter:data1\" content=\"5 minutos\" \/>\n<script type=\"application\/ld+json\" class=\"yoast-schema-graph\">{\"@context\":\"https:\\\/\\\/schema.org\",\"@graph\":[{\"@type\":\"WebPage\",\"@id\":\"https:\\\/\\\/icon.kiobus.org\\\/edu\\\/secretaria-y-contacto\\\/\",\"url\":\"https:\\\/\\\/icon.kiobus.org\\\/edu\\\/secretaria-y-contacto\\\/\",\"name\":\"Secretar\u00eda y contacto - ICON-EDU 2026 - CONGRESO INTERNACIONAL\",\"isPartOf\":{\"@id\":\"https:\\\/\\\/icon.kiobus.org\\\/edu\\\/#website\"},\"datePublished\":\"2021-11-04T12:06:50+00:00\",\"dateModified\":\"2026-01-26T11:38:01+00:00\",\"breadcrumb\":{\"@id\":\"https:\\\/\\\/icon.kiobus.org\\\/edu\\\/secretaria-y-contacto\\\/#breadcrumb\"},\"inLanguage\":\"es\",\"potentialAction\":[{\"@type\":\"ReadAction\",\"target\":[\"https:\\\/\\\/icon.kiobus.org\\\/edu\\\/secretaria-y-contacto\\\/\"]}]},{\"@type\":\"BreadcrumbList\",\"@id\":\"https:\\\/\\\/icon.kiobus.org\\\/edu\\\/secretaria-y-contacto\\\/#breadcrumb\",\"itemListElement\":[{\"@type\":\"ListItem\",\"position\":1,\"name\":\"Portada\",\"item\":\"https:\\\/\\\/icon.kiobus.org\\\/edu\\\/\"},{\"@type\":\"ListItem\",\"position\":2,\"name\":\"Secretar\u00eda y contacto\"}]},{\"@type\":\"WebSite\",\"@id\":\"https:\\\/\\\/icon.kiobus.org\\\/edu\\\/#website\",\"url\":\"https:\\\/\\\/icon.kiobus.org\\\/edu\\\/\",\"name\":\"ICON-EDU 2026 - CONGRESO INTERNACIONAL\",\"description\":\"CONGRESO INTERNACIONAL EDUCACION Y CONOCIMIENTO\",\"publisher\":{\"@id\":\"https:\\\/\\\/icon.kiobus.org\\\/edu\\\/#organization\"},\"potentialAction\":[{\"@type\":\"SearchAction\",\"target\":{\"@type\":\"EntryPoint\",\"urlTemplate\":\"https:\\\/\\\/icon.kiobus.org\\\/edu\\\/?s={search_term_string}\"},\"query-input\":{\"@type\":\"PropertyValueSpecification\",\"valueRequired\":true,\"valueName\":\"search_term_string\"}}],\"inLanguage\":\"es\"},{\"@type\":\"Organization\",\"@id\":\"https:\\\/\\\/icon.kiobus.org\\\/edu\\\/#organization\",\"name\":\"ICON-EDU 2025 - CONGRESO INTERNACIONAL\",\"url\":\"https:\\\/\\\/icon.kiobus.org\\\/edu\\\/\",\"logo\":{\"@type\":\"ImageObject\",\"inLanguage\":\"es\",\"@id\":\"https:\\\/\\\/icon.kiobus.org\\\/edu\\\/#\\\/schema\\\/logo\\\/image\\\/\",\"url\":\"https:\\\/\\\/icon.kiobus.org\\\/edu\\\/wp-content\\\/uploads\\\/2024\\\/12\\\/favicon.png\",\"contentUrl\":\"https:\\\/\\\/icon.kiobus.org\\\/edu\\\/wp-content\\\/uploads\\\/2024\\\/12\\\/favicon.png\",\"width\":500,\"height\":500,\"caption\":\"ICON-EDU 2025 - CONGRESO INTERNACIONAL\"},\"image\":{\"@id\":\"https:\\\/\\\/icon.kiobus.org\\\/edu\\\/#\\\/schema\\\/logo\\\/image\\\/\"},\"sameAs\":[\"https:\\\/\\\/www.facebook.com\\\/ICON-Congress-100571919228676\",\"https:\\\/\\\/x.com\\\/iconcongress\"]}]}<\/script>\n<!-- \/ Yoast SEO plugin. -->","yoast_head_json":{"title":"Secretar\u00eda y contacto - ICON-EDU 2026 - CONGRESO INTERNACIONAL","robots":{"index":"index","follow":"follow","max-snippet":"max-snippet:-1","max-image-preview":"max-image-preview:large","max-video-preview":"max-video-preview:-1"},"canonical":"https:\/\/icon.kiobus.org\/edu\/secretaria-y-contacto\/","og_locale":"es_ES","og_type":"article","og_title":"Secretar\u00eda y contacto - ICON-EDU 2026 - CONGRESO INTERNACIONAL","og_description":"Si est\u00e1 interesado\/a en recibir informaci\u00f3n sobre el congreso, cumplimente el siguiente formulario:\u00a0formulario Si tiene cualquier duda o consulta visite nuestro espacio de PREGUNTAS FRECUENTES (FAQ) y, en caso de no resolver su cuesti\u00f3n, puede contactar con nosotros a trav\u00e9s de diversas v\u00edas: 1. Recomendamos la comunicaci\u00f3n trav\u00e9s de: Correo electr\u00f3nico: icon.congress@ua.es 2. O bien [&hellip;]","og_url":"https:\/\/icon.kiobus.org\/edu\/secretaria-y-contacto\/","og_site_name":"ICON-EDU 2026 - CONGRESO INTERNACIONAL","article_publisher":"https:\/\/www.facebook.com\/ICON-Congress-100571919228676","article_modified_time":"2026-01-26T11:38:01+00:00","og_image":[{"width":500,"height":500,"url":"https:\/\/icon.kiobus.org\/edu\/wp-content\/uploads\/2025\/10\/icon-edu_26.webp","type":"image\/webp"}],"twitter_card":"summary_large_image","twitter_site":"@iconcongress","twitter_misc":{"Tiempo de lectura":"5 minutos"},"schema":{"@context":"https:\/\/schema.org","@graph":[{"@type":"WebPage","@id":"https:\/\/icon.kiobus.org\/edu\/secretaria-y-contacto\/","url":"https:\/\/icon.kiobus.org\/edu\/secretaria-y-contacto\/","name":"Secretar\u00eda y contacto - ICON-EDU 2026 - CONGRESO INTERNACIONAL","isPartOf":{"@id":"https:\/\/icon.kiobus.org\/edu\/#website"},"datePublished":"2021-11-04T12:06:50+00:00","dateModified":"2026-01-26T11:38:01+00:00","breadcrumb":{"@id":"https:\/\/icon.kiobus.org\/edu\/secretaria-y-contacto\/#breadcrumb"},"inLanguage":"es","potentialAction":[{"@type":"ReadAction","target":["https:\/\/icon.kiobus.org\/edu\/secretaria-y-contacto\/"]}]},{"@type":"BreadcrumbList","@id":"https:\/\/icon.kiobus.org\/edu\/secretaria-y-contacto\/#breadcrumb","itemListElement":[{"@type":"ListItem","position":1,"name":"Portada","item":"https:\/\/icon.kiobus.org\/edu\/"},{"@type":"ListItem","position":2,"name":"Secretar\u00eda y contacto"}]},{"@type":"WebSite","@id":"https:\/\/icon.kiobus.org\/edu\/#website","url":"https:\/\/icon.kiobus.org\/edu\/","name":"ICON-EDU 2026 - CONGRESO INTERNACIONAL","description":"CONGRESO INTERNACIONAL EDUCACION Y CONOCIMIENTO","publisher":{"@id":"https:\/\/icon.kiobus.org\/edu\/#organization"},"potentialAction":[{"@type":"SearchAction","target":{"@type":"EntryPoint","urlTemplate":"https:\/\/icon.kiobus.org\/edu\/?s={search_term_string}"},"query-input":{"@type":"PropertyValueSpecification","valueRequired":true,"valueName":"search_term_string"}}],"inLanguage":"es"},{"@type":"Organization","@id":"https:\/\/icon.kiobus.org\/edu\/#organization","name":"ICON-EDU 2025 - CONGRESO INTERNACIONAL","url":"https:\/\/icon.kiobus.org\/edu\/","logo":{"@type":"ImageObject","inLanguage":"es","@id":"https:\/\/icon.kiobus.org\/edu\/#\/schema\/logo\/image\/","url":"https:\/\/icon.kiobus.org\/edu\/wp-content\/uploads\/2024\/12\/favicon.png","contentUrl":"https:\/\/icon.kiobus.org\/edu\/wp-content\/uploads\/2024\/12\/favicon.png","width":500,"height":500,"caption":"ICON-EDU 2025 - CONGRESO INTERNACIONAL"},"image":{"@id":"https:\/\/icon.kiobus.org\/edu\/#\/schema\/logo\/image\/"},"sameAs":["https:\/\/www.facebook.com\/ICON-Congress-100571919228676","https:\/\/x.com\/iconcongress"]}]}},"_links":{"self":[{"href":"https:\/\/icon.kiobus.org\/edu\/wp-json\/wp\/v2\/pages\/586","targetHints":{"allow":["GET"]}}],"collection":[{"href":"https:\/\/icon.kiobus.org\/edu\/wp-json\/wp\/v2\/pages"}],"about":[{"href":"https:\/\/icon.kiobus.org\/edu\/wp-json\/wp\/v2\/types\/page"}],"author":[{"embeddable":true,"href":"https:\/\/icon.kiobus.org\/edu\/wp-json\/wp\/v2\/users\/1"}],"replies":[{"embeddable":true,"href":"https:\/\/icon.kiobus.org\/edu\/wp-json\/wp\/v2\/comments?post=586"}],"version-history":[{"count":43,"href":"https:\/\/icon.kiobus.org\/edu\/wp-json\/wp\/v2\/pages\/586\/revisions"}],"predecessor-version":[{"id":10867,"href":"https:\/\/icon.kiobus.org\/edu\/wp-json\/wp\/v2\/pages\/586\/revisions\/10867"}],"wp:attachment":[{"href":"https:\/\/icon.kiobus.org\/edu\/wp-json\/wp\/v2\/media?parent=586"}],"curies":[{"name":"wp","href":"https:\/\/api.w.org\/{rel}","templated":true}]}}