{"id":545,"date":"2021-11-04T11:48:15","date_gmt":"2021-11-04T10:48:15","guid":{"rendered":"https:\/\/icon.kiobus.org\/huma\/edicion2023\/?page_id=545"},"modified":"2023-10-26T07:06:41","modified_gmt":"2023-10-26T05:06:41","slug":"tematicas","status":"publish","type":"page","link":"https:\/\/icon.kiobus.org\/huma\/edicion2023\/tematicas\/","title":{"rendered":"Tem\u00e1ticas"},"content":{"rendered":"<p>[et_pb_section fb_built=\u00bb1&#8243; fullwidth=\u00bbon\u00bb _builder_version=\u00bb4.14.6&#8243; custom_margin=\u00bb1px||||false|false\u00bb animation_style=\u00bbfade\u00bb global_colors_info=\u00bb{}\u00bb][et_pb_fullwidth_header title=\u00bbCONSIDERACIONES GENERALES\u00bb _builder_version=\u00bb4.14.6&#8243; background_color=\u00bbrgba(79,193,237,0.17)\u00bb background_layout=\u00bblight\u00bb custom_padding=\u00bb33px||33px||false|false\u00bb border_width_top=\u00bb7px\u00bb border_color_top=\u00bb#ed5550&#8243; border_width_bottom=\u00bb2px\u00bb border_color_bottom=\u00bb#ed5550&#8243; global_colors_info=\u00bb{}\u00bb]<\/p>\n<p style=\"text-align: justify;\">Las aportaciones a ICON-huma 2023 versar\u00e1n sobre cualquier tema en torno a las Humanidades que aborde alguno de los siguientes aspectos generales:<\/p>\n<p><\/br><\/p>\n<ol>\n<li><strong>Investigaciones<\/strong> aplicadas a la cultura humana y el conocimiento.<\/li>\n<li><strong>Revisiones<\/strong> bibliogr\u00e1ficas en sus diversas variantes sobre la cultura y el conocimiento.<\/li>\n<li><strong>Textos te\u00f3ricos<\/strong> referidos al estado del arte fundamentado y actualizado cient\u00edficamente en torno a la cultura humana y el conocimiento.<\/li>\n<li><strong>Experiencias<\/strong> educativas innovadoras y buenas pr\u00e1cticas que versen sobre temas vinculados con la cultura humana en general, de cualquier nivel educativo.<\/li>\n<\/ol>\n<p style=\"text-align: justify;\"><strong>No hay un consenso generalizado sobre lo que se considera que son las humanidades.<\/strong> En ICON-huma se identifican las humanidades con el t\u00e9rmino lat\u00edn <strong>Humanitas<\/strong>, que significa \u2018humanidad\u2019, y con el cual se quiere dar a conocer la historia del progreso humano, todo lo que tiene que ver con <strong>el ser humano y el conocimiento<\/strong>.<\/p>\n<p><\/br><\/p>\n<p style=\"text-align: justify;\">As\u00ed pues, las disciplinas vinculadas a ICON-huma no son solo las disciplinas directamente human\u00edsticas como Derecho, Trabajo Social, Letras Hisp\u00e1nicas, Sociolog\u00eda, Comunicaci\u00f3n, Pedagog\u00eda, Filosof\u00eda, Antropolog\u00eda, entre otras, sino cualquier disciplina desde la cual se aborde alg\u00fan aspecto de la cultura humana: tanto desde las Artes y Humanidades, como tambi\u00e9n desde las Ciencias, Ciencias de la Salud, las Ciencias Sociales y Jur\u00eddicas y la Ingenier\u00eda y Arquitectura.<\/p>\n<p style=\"text-align: justify;\">Teniendo en cuenta estas consideraciones, a continuaci\u00f3n se exponen diversas tem\u00e1ticas a abordar (si tiene dudas acerca de alg\u00fan tema, p\u00f3ngase en contacto con el Comit\u00e9 Organizador):<\/p>\n<p>[\/et_pb_fullwidth_header][\/et_pb_section][et_pb_section fb_built=\u00bb1&#8243; _builder_version=\u00bb4.14.6&#8243; custom_margin=\u00bb0px||||false|false\u00bb custom_padding=\u00bb0px||||false|false\u00bb animation_style=\u00bbfade\u00bb collapsed=\u00bbon\u00bb global_colors_info=\u00bb{}\u00bb][et_pb_row _builder_version=\u00bb4.14.6&#8243; _module_preset=\u00bbdefault\u00bb global_colors_info=\u00bb{}\u00bb][et_pb_column type=\u00bb4_4&#8243; _builder_version=\u00bb4.14.6&#8243; _module_preset=\u00bbdefault\u00bb global_colors_info=\u00bb{}\u00bb][et_pb_text _builder_version=\u00bb4.14.6&#8243; _module_preset=\u00bbdefault\u00bb background_color=\u00bbrgba(79,193,237,0.17)\u00bb custom_margin=\u00bb||||false|false\u00bb custom_padding=\u00bb17px|17px|17px|117px|false|false\u00bb hover_enabled=\u00bb0&#8243; border_width_top=\u00bb7px\u00bb border_color_top=\u00bb#ed5550&#8243; border_width_bottom=\u00bb3px\u00bb border_color_bottom=\u00bb#ed5550&#8243; global_colors_info=\u00bb{}\u00bb sticky_enabled=\u00bb0&#8243;]<\/p>\n<h3 style=\"text-align: left; line-height: 38px;\">1. ARTE<br \/>2. CIENCIAS DE LA EDUCACI\u00d3N<br \/>3. CIENCIAS DEL COMPORTAMIENTO<br \/>4. CIENCIAS ECON\u00d3MICAS Y EMPRESARIALES<br \/>5. CIENCIAS SOCIALES<br \/>6. DERECHO<br \/>7. FILOLOG\u00cdA<br \/>8. FILOSOF\u00cdA<br \/>9. FORMACI\u00d3N DEL PROFESORADO<br \/>10. GEOGRAF\u00cdA<br \/>11. HISTORIA<br \/>12. INNOVACI\u00d3N NOVEL<br \/>13. LING\u00dc\u00cdSTICA<br \/>14. PROYECTOS NACIONALES E INTERNACIONALES<br \/>15. TECNOLOG\u00cdA DIGITAL<br \/>16. TEMAS RELACIONADOS CON EL SER HUMANO<\/h3>\n<p>[\/et_pb_text][\/et_pb_column][\/et_pb_row][\/et_pb_section][et_pb_section fb_built=\u00bb1&#8243; admin_label=\u00bbSecci\u00f3n DESTINATARIOS\u00bb _builder_version=\u00bb4.14.6&#8243; background_enable_color=\u00bboff\u00bb custom_margin=\u00bb-54px||-54px\u00bb custom_padding=\u00bb0|0px|50px|0px|false|false\u00bb animation_style=\u00bbfade\u00bb collapsed=\u00bboff\u00bb global_colors_info=\u00bb{}\u00bb][et_pb_row _builder_version=\u00bb3.25&#8243; global_colors_info=\u00bb{}\u00bb][et_pb_column type=\u00bb4_4&#8243; _builder_version=\u00bb3.25&#8243; custom_padding=\u00bb|||\u00bb global_colors_info=\u00bb{}\u00bb custom_padding__hover=\u00bb|||\u00bb][et_pb_cta title=\u00bbDestinatarios\u00bb _builder_version=\u00bb4.14.6&#8243; _module_preset=\u00bbdefault\u00bb header_level=\u00bbh1&#8243; header_font=\u00bb|300|||||||\u00bb header_text_color=\u00bb#4FC1ED\u00bb header_font_size=\u00bb42px\u00bb use_background_color=\u00bboff\u00bb custom_padding=\u00bb27px||0px||false|false\u00bb border_width_top=\u00bb4px\u00bb border_color_top=\u00bb#4FC1ED\u00bb border_width_bottom=\u00bb4px\u00bb border_color_bottom=\u00bb#4FC1ED\u00bb global_colors_info=\u00bb{}\u00bb][\/et_pb_cta][\/et_pb_column][\/et_pb_row][\/et_pb_section][et_pb_section fb_built=\u00bb1&#8243; _builder_version=\u00bb4.14.6&#8243; custom_padding=\u00bb0px||||false|false\u00bb animation_style=\u00bbfade\u00bb collapsed=\u00bboff\u00bb global_colors_info=\u00bb{}\u00bb][et_pb_row _builder_version=\u00bb3.25&#8243; custom_padding=\u00bb24px|0px|25.4667px|0px|false|false\u00bb global_colors_info=\u00bb{}\u00bb][et_pb_column type=\u00bb4_4&#8243; _builder_version=\u00bb3.25&#8243; custom_padding=\u00bb|||\u00bb global_colors_info=\u00bb{}\u00bb custom_padding__hover=\u00bb|||\u00bb][et_pb_text _builder_version=\u00bb4.14.6&#8243; global_colors_info=\u00bb{}\u00bb]<\/p>\n<ul>\n<li><span>Personal acad\u00e9mico de cualquiera de las \u00e1reas de conocimiento: Artes y Humanidades, Ciencias, Ciencias de la Salud, Ciencias Sociales y Jur\u00eddicas, e Ingenier\u00eda y Arquitectura.<\/span><\/li>\n<li>Profesionales de cualquier nivel educativo:<\/li>\n<li>Otros profesionales interesados en alguna de las l\u00edneas tem\u00e1ticas.<\/li>\n<li>Estudiantes universitarios, tanto de grado como de posgrado.<\/li>\n<li>P\u00fablico en general.<\/li>\n<\/ul>\n<p>[\/et_pb_text][\/et_pb_column][\/et_pb_row][\/et_pb_section]<\/p>\n","protected":false},"excerpt":{"rendered":"<p>Las aportaciones a ICON-huma 2023 versar\u00e1n sobre cualquier tema en torno a las Humanidades que aborde alguno de los siguientes aspectos generales: Investigaciones aplicadas a la cultura humana y el conocimiento. Revisiones bibliogr\u00e1ficas en sus diversas variantes sobre la cultura y el conocimiento. Textos te\u00f3ricos referidos al estado del arte fundamentado y actualizado cient\u00edficamente en [&hellip;]<\/p>\n","protected":false},"author":1,"featured_media":0,"parent":0,"menu_order":0,"comment_status":"closed","ping_status":"closed","template":"","meta":{"_et_pb_use_builder":"on","_et_pb_old_content":"","_et_gb_content_width":"","_mc_calendar":[]},"_links":{"self":[{"href":"https:\/\/icon.kiobus.org\/huma\/edicion2023\/wp-json\/wp\/v2\/pages\/545"}],"collection":[{"href":"https:\/\/icon.kiobus.org\/huma\/edicion2023\/wp-json\/wp\/v2\/pages"}],"about":[{"href":"https:\/\/icon.kiobus.org\/huma\/edicion2023\/wp-json\/wp\/v2\/types\/page"}],"author":[{"embeddable":true,"href":"https:\/\/icon.kiobus.org\/huma\/edicion2023\/wp-json\/wp\/v2\/users\/1"}],"replies":[{"embeddable":true,"href":"https:\/\/icon.kiobus.org\/huma\/edicion2023\/wp-json\/wp\/v2\/comments?post=545"}],"version-history":[{"count":82,"href":"https:\/\/icon.kiobus.org\/huma\/edicion2023\/wp-json\/wp\/v2\/pages\/545\/revisions"}],"predecessor-version":[{"id":6927,"href":"https:\/\/icon.kiobus.org\/huma\/edicion2023\/wp-json\/wp\/v2\/pages\/545\/revisions\/6927"}],"wp:attachment":[{"href":"https:\/\/icon.kiobus.org\/huma\/edicion2023\/wp-json\/wp\/v2\/media?parent=545"}],"curies":[{"name":"wp","href":"https:\/\/api.w.org\/{rel}","templated":true}]}}