{"id":912,"date":"2021-11-10T11:10:24","date_gmt":"2021-11-10T10:10:24","guid":{"rendered":"https:\/\/icon.kiobus.org\/huma\/edicion2023\/?page_id=912"},"modified":"2023-11-27T20:58:06","modified_gmt":"2023-11-27T19:58:06","slug":"programa-completo","status":"publish","type":"page","link":"https:\/\/icon.kiobus.org\/huma\/edicion2023\/programa-completo\/","title":{"rendered":"Programa completo"},"content":{"rendered":"<p>[et_pb_section fb_built=\u00bb1&#8243; _builder_version=\u00bb4.14.6&#8243; custom_margin=\u00bb0px||||false|false\u00bb custom_padding=\u00bb0px||||false|false\u00bb animation_style=\u00bbfade\u00bb collapsed=\u00bboff\u00bb global_colors_info=\u00bb{}\u00bb][et_pb_row _builder_version=\u00bb4.14.6&#8243; _module_preset=\u00bbdefault\u00bb custom_margin=\u00bb0px||||false|false\u00bb custom_padding=\u00bb0px||||false|false\u00bb global_colors_info=\u00bb{}\u00bb][et_pb_column type=\u00bb4_4&#8243; _builder_version=\u00bb4.14.6&#8243; _module_preset=\u00bbdefault\u00bb global_colors_info=\u00bb{}\u00bb][et_pb_text _builder_version=\u00bb4.14.6&#8243; _module_preset=\u00bbdefault\u00bb global_colors_info=\u00bb{}\u00bb]<a name=\"programa\"><\/a>[\/et_pb_text][et_pb_cta title=\u00bbPrograma \u00bb button_text=\u00bbClics\u00bb admin_label=\u00bbLlamada a la acci\u00f3n &#8211; Programa (cronograma)\u00bb _builder_version=\u00bb4.14.6&#8243; _module_preset=\u00bbdefault\u00bb header_font=\u00bb|300|||||||\u00bb header_text_color=\u00bb#4FC1ED\u00bb header_font_size=\u00bb42px\u00bb background_enable_color=\u00bboff\u00bb custom_padding=\u00bb27px||0px||false|false\u00bb border_width_top=\u00bb4px\u00bb border_color_top=\u00bb#4FC1ED\u00bb border_width_bottom=\u00bb4px\u00bb border_color_bottom=\u00bb#4FC1ED\u00bb global_colors_info=\u00bb{}\u00bb][\/et_pb_cta][\/et_pb_column][\/et_pb_row][et_pb_row _builder_version=\u00bb4.14.6&#8243; _module_preset=\u00bbdefault\u00bb global_colors_info=\u00bb{}\u00bb][et_pb_column type=\u00bb4_4&#8243; _builder_version=\u00bb4.14.6&#8243; _module_preset=\u00bbdefault\u00bb global_colors_info=\u00bb{}\u00bb][et_pb_tabs _builder_version=\u00bb4.14.6&#8243; _module_preset=\u00bbdefault\u00bb global_colors_info=\u00bb{}\u00bb][et_pb_tab title=\u00bb27 de noviembre\u00bb _builder_version=\u00bb4.14.6&#8243; _module_preset=\u00bbdefault\u00bb global_colors_info=\u00bb{}\u00bb]<\/p>\n<p><span style=\"color: #800000;\"><strong>Desarrollo del Congreso:<\/strong><\/span><\/p>\n<ul>\n<li>ICON-huma 2023 <strong>se celebra de forma<\/strong><span>\u00a0<\/span><strong>virtual<\/strong><span>\u00a0 a trav\u00e9s de una <\/span>plataforma dise\u00f1ada<span>\u00a0<\/span><em>ad hoc<\/em><span>\u00a0<\/span>para el Congreso.<\/li>\n<li>El enlace a la plataforma es: <a href=\"https:\/\/rooms.icon.kiobus.org\/\" target=\"_blank\" rel=\"noopener\">https:\/\/rooms.icon.kiobus.org\/<\/a><\/li>\n<\/ul>\n<ul>\n<li>Todos los participantes pueden acceder a la<span>\u00a0<\/span>plataforma de ICON-huma desde el primer d\u00eda del congreso, siguiendo las instrucciones recibidas por email d\u00edas antes. Se trata de una plataforma muy intuitiva.<\/li>\n<li>Cuando un participante entre en la plataforma, puede acceder a todas las aportaciones (ponencias invitadas I+D+i, simposios invitados, comunicaciones, p\u00f3steres, etc.). Asimismo, las presentaciones de los ponentes se encuentran en formato v\u00eddeo en dicha plataforma.<\/li>\n<li>Adem\u00e1s del congreso virtual, la sesi\u00f3n inaugural y de clausura se desarrollan de forma presencial y por videostreaming (ver programa).<\/li>\n<li>Las presentaciones de las aportaciones (ponencias invitadas I+D+i, simposios invitados, comunicaciones y p\u00f3steres) no tienen un horario fijado, es decir, NO se presentan de forma s\u00edncrona. Est\u00e1n desde el principio del congreso en la plataforma ya que previamente deben ser remitidas por el autor de contacto en las fechas se\u00f1aladas:\n<ul>\n<li>V\u00e9ase toda la explicaci\u00f3n para remitir las presentaciones en \u00ab<a href=\"https:\/\/icon.kiobus.org\/huma\/edicion2023\/proceso-de-envio\/\">Proceso de env\u00edo<\/a>\u00bb (3. Env\u00edo de la presentaci\u00f3n para la exposici\u00f3n en el Congreso del 2 al 13 de noviembre de 2023).<\/li>\n<\/ul>\n<\/li>\n<li>El debate\/preguntas y respuestas se hace a trav\u00e9s de los foros de la plataforma.<\/li>\n<li>Hay diversas sesiones s\u00edncronas voluntarias de debate (ver programa). Los autores podr\u00e1n participar sin previa inscripci\u00f3n desde los enlaces de la Sala General de la plataforma.<\/li>\n<li>Si un participante no puede acceder a la plataforma, debe escribir un email a <a href=\"mailto:icon.congress@ua.es\">icon.huma@ua.es<\/a><\/li>\n<\/ul>\n<p>&nbsp;<\/p>\n<p><span style=\"color: #993300;\"><strong>D\u00cdA 27 DE NOVIEMBRE:<\/strong><\/span><\/p>\n<h4><span style=\"color: #800000;\">&#8211; Desde las 9:00 hs. (CET) inicio del Congreso (virtual)<\/span><\/h4>\n<p>Visita, navegaci\u00f3n por las respectivas Salas para la visualizaci\u00f3n de las aportaciones y participaci\u00f3n en los foros.<\/p>\n<p><a href=\"https:\/\/rooms.icon.kiobus.org\/\" target=\"_blank\" rel=\"noopener\"><img decoding=\"async\" loading=\"lazy\" src=\"https:\/\/icon.kiobus.org\/huma\/edicion2023\/wp-content\/uploads\/2023\/11\/plataforma-300x160.jpg\" width=\"398\" height=\"212\" alt=\"\" class=\"wp-image-7144 alignnone size-medium\" \/><\/a><\/p>\n<h4><span style=\"color: #800000;\">&#8211; De 10:00 hs. a 10:30 hs. Sesi\u00f3n inaugural (presencial y por videostreaming)<\/span><\/h4>\n<ul>\n<li>Profa. Dra. Amparo Navarro Faure, Rectora de la Universidad de Alicante<\/li>\n<li>Prof. Dr. Dr. Vicent Martines P\u00e9rez,\u00a0\u00a0Presidente ICON-huma y Director Seu Universit\u00e0ria La Nucia, Universidad de Alicante<\/li>\n<li>Profa. Dra. Rosabel Roig Vila, Directora C\u00e1tedra UNESCO de Educaci\u00f3n, Investigaci\u00f3n e Inclusi\u00f3n Digital, Presidenta ICON-edu, Universidad de Alicante<\/li>\n<li>Prof. Dr. Jordi Antol\u00ed Mart\u00ednez, Secretario ICON-huma, Universidad de Alicante<\/li>\n<\/ul>\n<p><strong><span style=\"color: #800000;\">Localizaci\u00f3n: Sala Multimedia Universidad de Alicante.\u00a0<\/span><\/strong><\/p>\n<p><strong><span style=\"color: #800000;\">Enlace videostreaming: <a href=\"https:\/\/vertice.cpd.ua.es\/287672\" target=\"_blank\" rel=\"noopener\">https:\/\/vertice.cpd.ua.es\/287672<\/a><\/span><\/strong><\/p>\n<p><span style=\"color: #800000;\"><\/span><\/p>\n<p><strong><span style=\"color: #800000;\">&#8211; Sesi\u00f3n s\u00edncrona de debate (virtual; el enlace est\u00e1 en la Sala General de la plataforma)<\/span><\/strong><\/p>\n<ul>\n<li><strong><span style=\"color: #800000;\">De 16:00 hs. a 16:30 hs. (CET): Sesi\u00f3n 1.<\/span><\/strong><\/li>\n<\/ul>\n<p>[\/et_pb_tab][et_pb_tab title=\u00bb28 de noviembre\u00bb _builder_version=\u00bb4.14.6&#8243; _module_preset=\u00bbdefault\u00bb global_colors_info=\u00bb{}\u00bb]<\/p>\n<p><span style=\"color: #993300;\"><strong><span class=\"KfQeJ\">D\u00cdA 28 DE NOVIEMBRE:<\/span><\/strong><\/span><\/p>\n<p><span style=\"color: #993300;\"><strong><span class=\"KfQeJ\">&#8211; Durante todo el d\u00eda, contin\u00faa el Congreso en la Plataforma virtual.<\/span><\/strong><\/span><\/p>\n<p><a href=\"https:\/\/rooms.icon.kiobus.org\/\" target=\"_blank\" rel=\"noopener\"> <img decoding=\"async\" loading=\"lazy\" src=\"https:\/\/icon.kiobus.org\/huma\/edicion2023\/wp-content\/uploads\/2023\/11\/plataforma-300x160.jpg\" width=\"354\" height=\"189\" alt=\"\" class=\"wp-image-7144 alignnone size-medium\" \/><\/a><\/p>\n<p><span style=\"color: #993300;\"><strong>&#8211; De 13:00 a 13:30 hs. Sesi\u00f3n de clausura (presencial y por videostreaming)<\/strong><\/span><\/p>\n<ul>\n<li>D. Pedro Lloret, Teniente de Alcalde del Ayuntamiento de La Nuc\u00eda<\/li>\n<li>Prof. Dr. Dr. Vicent Martines P\u00e9rez, Presidente ICON-huma 2023, Universidad de Alicante<\/li>\n<li>Profa. Dra. Rosabel Roig Vila, <span>Directora C\u00e1tedra UNESCO de Educaci\u00f3n, Investigaci\u00f3n e Inclusi\u00f3n Digital, Presidenta ICON-edu, Universidad de Alicante<\/span><\/li>\n<li>Prof. Dr. Jordi Antol\u00ed Mart\u00ednez, Secretario ICON-huma, Universidad de Alicante<\/li>\n<\/ul>\n<p><span style=\"color: #993300;\"> <strong>Localizaci\u00f3n: Sede Universitaria de La Nuc\u00eda.\u00a0<\/strong><\/span><\/p>\n<p><span style=\"color: #993300;\"><strong>Enlace videostreaming: <a href=\"https:\/\/www.youtube.com\/watch?v=4ZEWI8Joe-c\" target=\"_blank\" rel=\"noopener\">https:\/\/www.youtube.com\/watch?v=4ZEWI8Joe-c<\/a><\/strong><\/span><\/p>\n<p><span style=\"color: #993300;\"><strong style=\"color: #333333;\"><\/strong><\/span><\/p>\n<p><span style=\"color: #993300;\"><strong id=\"yui_3_17_2_1_1700825046607_807\" style=\"color: #333333;\"><span style=\"color: #993300;\">\u2013 Sesiones s\u00edncronas de debate (virtuales)<\/span>.\u00a0<\/strong><strong><\/strong><\/span><\/p>\n<ul>\n<li><strong><span style=\"color: #800000;\">De 16:30 hs. a 17:00 hs. (CET): Sesi\u00f3n 2.<\/span><\/strong><\/li>\n<li><strong><span style=\"color: #800000;\">De 17:00 hs. a 17:30 hs. (CET): Sesi\u00f3n 3.<\/span><\/strong><\/li>\n<\/ul>\n<p>[\/et_pb_tab][\/et_pb_tabs][\/et_pb_column][\/et_pb_row][et_pb_row _builder_version=\u00bb4.14.6&#8243; _module_preset=\u00bbdefault\u00bb custom_margin=\u00bb0px||||false|false\u00bb custom_padding=\u00bb0px||||false|false\u00bb global_colors_info=\u00bb{}\u00bb][et_pb_column type=\u00bb4_4&#8243; _builder_version=\u00bb4.14.6&#8243; _module_preset=\u00bbdefault\u00bb global_colors_info=\u00bb{}\u00bb][et_pb_text _builder_version=\u00bb4.14.6&#8243; _module_preset=\u00bbdefault\u00bb global_colors_info=\u00bb{}\u00bb]<a name=\"programa\"><\/a>[\/et_pb_text][et_pb_cta title=\u00bbPonentes\u00bb button_text=\u00bbClics\u00bb admin_label=\u00bbLlamada a la acci\u00f3n &#8211; Programa (cronograma)\u00bb _builder_version=\u00bb4.14.6&#8243; _module_preset=\u00bbdefault\u00bb header_font=\u00bb|300|||||||\u00bb header_text_color=\u00bb#4FC1ED\u00bb header_font_size=\u00bb42px\u00bb background_enable_color=\u00bboff\u00bb custom_padding=\u00bb27px||0px||false|false\u00bb border_width_top=\u00bb4px\u00bb border_color_top=\u00bb#4FC1ED\u00bb border_width_bottom=\u00bb4px\u00bb border_color_bottom=\u00bb#4FC1ED\u00bb global_colors_info=\u00bb{}\u00bb][\/et_pb_cta][\/et_pb_column][\/et_pb_row][et_pb_row _builder_version=\u00bb4.14.6&#8243; _module_preset=\u00bbdefault\u00bb global_colors_info=\u00bb{}\u00bb][et_pb_column type=\u00bb4_4&#8243; _builder_version=\u00bb4.14.6&#8243; _module_preset=\u00bbdefault\u00bb global_colors_info=\u00bb{}\u00bb][et_pb_text _builder_version=\u00bb4.14.6&#8243; _module_preset=\u00bbdefault\u00bb global_colors_info=\u00bb{}\u00bb]<\/p>\n<h3><span>Prof. Dr. DELF\u00cdN ORTEGA, UNIVERSIDAD DE BURGOS<\/span><\/h3>\n<p>[\/et_pb_text][\/et_pb_column][\/et_pb_row][et_pb_row column_structure=\u00bb1_2,1_2&#8243; _builder_version=\u00bb4.14.6&#8243; _module_preset=\u00bbdefault\u00bb global_colors_info=\u00bb{}\u00bb][et_pb_column type=\u00bb1_2&#8243; _builder_version=\u00bb4.14.6&#8243; _module_preset=\u00bbdefault\u00bb global_colors_info=\u00bb{}\u00bb][et_pb_text _builder_version=\u00bb4.14.6&#8243; _module_preset=\u00bbdefault\u00bb width=\u00bb70.6%\u00bb global_colors_info=\u00bb{}\u00bb]<\/p>\n<p><img decoding=\"async\" loading=\"lazy\" src=\"https:\/\/icon.kiobus.org\/huma\/edicion2023\/wp-content\/uploads\/2023\/02\/Delfin-Ortega-Sanchez-2022-244x300.jpg\" width=\"244\" height=\"300\" alt=\"\" class=\"wp-image-4520 alignnone size-medium\" \/><\/p>\n<p>[\/et_pb_text][\/et_pb_column][et_pb_column type=\u00bb1_2&#8243; _builder_version=\u00bb4.14.6&#8243; _module_preset=\u00bbdefault\u00bb global_colors_info=\u00bb{}\u00bb][et_pb_text _builder_version=\u00bb4.14.6&#8243; _module_preset=\u00bbdefault\u00bb custom_margin=\u00bb|||-195px||\u00bb global_colors_info=\u00bb{}\u00bb]<\/p>\n<p><span>Doctor en Did\u00e1ctica de la Historia y de las Ciencias Sociales por la Universidad Aut\u00f3noma de Barcelona, Doctor en Educaci\u00f3n por la Universidad de Burgos y Doctor en Historia por la Universidad de Extremadura. Sus intereses investigadores se centran en la tecnolog\u00eda educativa y en la educaci\u00f3n para una ciudadan\u00eda democr\u00e1tica, inclusiva y comprometida con los problemas sociales. Estas l\u00edneas de inter\u00e9s articulan la actividad del Grupo de Investigaci\u00f3n Reconocido DHISO, que dirige:\u00a0<\/span><em>Did\u00e1ctica de la Historia y de las Ciencias Sociales<\/em>.<\/p>\n<p><span>Su trayectoria investigadora ha sido reconocida con su nominaci\u00f3n como uno de los diez (Top 10) mejores investigadores en ciencias sociales del mundo en la s\u00e9ptima edici\u00f3n del Universal Scientific Education and Research Network &#8211; USERN Prize 2022. Actualmente ocupa el cargo de vicerrector de Responsabilidad Social, Cultura y Deporte de la Universidad de Burgos, con competencias en actividades de promoci\u00f3n de la igualdad, la diversidad, la inclusi\u00f3n social y la no discriminaci\u00f3n, y la atenci\u00f3n a la diversidad y a las personas con discapacidad.<\/span><\/p>\n<p>[\/et_pb_text][\/et_pb_column][\/et_pb_row][et_pb_row _builder_version=\u00bb4.14.6&#8243; _module_preset=\u00bbdefault\u00bb global_colors_info=\u00bb{}\u00bb][et_pb_column type=\u00bb4_4&#8243; _builder_version=\u00bb4.14.6&#8243; _module_preset=\u00bbdefault\u00bb global_colors_info=\u00bb{}\u00bb][et_pb_text _builder_version=\u00bb4.14.6&#8243; _module_preset=\u00bbdefault\u00bb global_colors_info=\u00bb{}\u00bb]<\/p>\n<h3><span>Prof. Dr. JUAN MANUEL TRUJILLO TORRES, UNIVERSIDAD DE GRANADA<\/span><\/h3>\n<p>[\/et_pb_text][\/et_pb_column][\/et_pb_row][et_pb_row column_structure=\u00bb1_2,1_2&#8243; _builder_version=\u00bb4.14.6&#8243; _module_preset=\u00bbdefault\u00bb global_colors_info=\u00bb{}\u00bb][et_pb_column type=\u00bb1_2&#8243; _builder_version=\u00bb4.14.6&#8243; _module_preset=\u00bbdefault\u00bb global_colors_info=\u00bb{}\u00bb][et_pb_text _builder_version=\u00bb4.14.6&#8243; _module_preset=\u00bbdefault\u00bb width=\u00bb70.6%\u00bb global_colors_info=\u00bb{}\u00bb]<\/p>\n<p><img decoding=\"async\" loading=\"lazy\" src=\"https:\/\/icon.kiobus.org\/huma\/edicion2023\/wp-content\/uploads\/2023\/07\/jmtrujillo.jpg\" width=\"276\" height=\"331\" alt=\"\" class=\"wp-image-6735 alignnone size-full\" \/><\/p>\n<p>[\/et_pb_text][\/et_pb_column][et_pb_column type=\u00bb1_2&#8243; _builder_version=\u00bb4.14.6&#8243; _module_preset=\u00bbdefault\u00bb global_colors_info=\u00bb{}\u00bb][et_pb_text _builder_version=\u00bb4.14.6&#8243; _module_preset=\u00bbdefault\u00bb custom_margin=\u00bb|||-195px||\u00bb global_colors_info=\u00bb{}\u00bb]<\/p>\n<p><span>Doctor en Ciencias de la Educaci\u00f3n por la Universidad de Granada y M\u00e1ster universitario en Nuevas Tecnolog\u00edas Aplicadas a la Educaci\u00f3n por la Universidad de M\u00e1laga. Las TIC a trav\u00e9s del trabajo colaborativo en red y el desarrollo de competencias, tanto en el profesorado, como el alumnado, ha derivado en una de las l\u00edneas de investigaci\u00f3n de mayor relevancia en su trayectoria profesional, adem\u00e1s del estudio del liderazgo, la direcci\u00f3n y la micropol\u00edtica institucional. En la actualidad desarrolla su labor docente e investigadora, como profesor titular en el Dpto. de Did\u00e1ctica y Organizaci\u00f3n Escolar de la Universidad de Granada.<\/span><br \/><span>Presenta m\u00e1s de 60 art\u00edculos publicados en revistas de impacto internacionales, 62 cap\u00edtulos de libro publicados en editoriales de impacto, participaci\u00f3n y asistencia en m\u00e1s de 150 Congresos Internacionales sobre Educaci\u00f3n, 120 ponencias y\/o comunicaciones presentadas en Congresos Internacionales, valoraci\u00f3n positiva de un sexenio de investigaci\u00f3n CNEAI, 32 participaciones en tribunales de oposici\u00f3n de Primaria y tribunales de tesis doctorales, impartici\u00f3n de clases diversas universidades internacionales; es miembro de comit\u00e9s cient\u00edficos de revistas de Educaci\u00f3n, participaci\u00f3n en proyectos de I+D+I a nivel internacional y 8 tesis doctorales dirigidas.<\/span><\/p>\n<p>[\/et_pb_text][\/et_pb_column][\/et_pb_row][et_pb_row _builder_version=\u00bb4.14.6&#8243; _module_preset=\u00bbdefault\u00bb global_colors_info=\u00bb{}\u00bb][et_pb_column type=\u00bb4_4&#8243; _builder_version=\u00bb4.14.6&#8243; _module_preset=\u00bbdefault\u00bb global_colors_info=\u00bb{}\u00bb][et_pb_text _builder_version=\u00bb4.14.6&#8243; _module_preset=\u00bbdefault\u00bb global_colors_info=\u00bb{}\u00bb]<\/p>\n<p>(En beve se ampliar\u00e1 este apartado)<\/p>\n<p>[\/et_pb_text][\/et_pb_column][\/et_pb_row][et_pb_row _builder_version=\u00bb4.14.6&#8243; _module_preset=\u00bbdefault\u00bb global_colors_info=\u00bb{}\u00bb][et_pb_column type=\u00bb4_4&#8243; _builder_version=\u00bb4.14.6&#8243; _module_preset=\u00bbdefault\u00bb global_colors_info=\u00bb{}\u00bb][et_pb_text _builder_version=\u00bb4.14.6&#8243; _module_preset=\u00bbdefault\u00bb global_colors_info=\u00bb{}\u00bb]<a name=\"conferenciantes\"><\/a>[\/et_pb_text][et_pb_cta title=\u00bbPonencias I+D+i invitadas\u00bb button_text=\u00bbClics\u00bb admin_label=\u00bbLlamada a la acci\u00f3n &#8211; CONFERENCIANTES\/AS DEL CONGRESO\u00bb _builder_version=\u00bb4.14.6&#8243; _module_preset=\u00bbdefault\u00bb header_font=\u00bb|300|||||||\u00bb header_text_color=\u00bb#4FC1ED\u00bb header_font_size=\u00bb42px\u00bb background_enable_color=\u00bboff\u00bb custom_padding=\u00bb27px||0px||false|false\u00bb border_width_top=\u00bb4px\u00bb border_color_top=\u00bb#4FC1ED\u00bb border_width_bottom=\u00bb4px\u00bb border_color_bottom=\u00bb#4FC1ED\u00bb global_colors_info=\u00bb{}\u00bb][\/et_pb_cta][\/et_pb_column][\/et_pb_row][et_pb_row _builder_version=\u00bb4.14.6&#8243; _module_preset=\u00bbdefault\u00bb global_colors_info=\u00bb{}\u00bb][et_pb_column type=\u00bb4_4&#8243; _builder_version=\u00bb4.14.6&#8243; _module_preset=\u00bbdefault\u00bb global_colors_info=\u00bb{}\u00bb][et_pb_text _builder_version=\u00bb4.14.6&#8243; _module_preset=\u00bbdefault\u00bb global_colors_info=\u00bb{}\u00bb]<a name=\"conferenciantes\"><\/a>[\/et_pb_text][et_pb_text _builder_version=\u00bb4.14.6&#8243; _module_preset=\u00bbdefault\u00bb global_colors_info=\u00bb{}\u00bb]<\/p>\n<h3>El paisaje sonoro como contexto de aprendizaje interdisciplinar en la formaci\u00f3n de maestros y maestras<\/h3>\n<p>Botella Nicol\u00e1s, Ana Mar\u00eda; Hurtado Soler, Amparo<\/p>\n<h3>El poder de la escritura y la lectura como biblioter\u00e0pia<\/h3>\n<p>Martines, Vicent<\/p>\n<h3>Mujeres, empleo e inteligencia artificial en Ecuador y la regi\u00f3n: impacto en el a\u00f1o 2023 y prospectiva para los a\u00f1os 2024-2030<\/h3>\n<p>Orellana Villarreal, Mar\u00eda Fernanda<\/p>\n<h3>Tecnolog\u00eda y Metodolog\u00eda \u201cinteligentes\u201d en el aula universitaria: una propuesta interdisciplinar<\/h3>\n<p>Roig Vila, Rosabel; Cazorla Quevedo, Miguel; Esteve Faubel Jos\u00e9 Mar\u00eda<\/p>\n<h3>Lo que no se nombra no existe. An\u00e1lisis de los estereotipos sexistas y de las diferencias de habla de alumnas y alumnos de ESO y Bachillerato<\/h3>\n<p>Torres Alonso, Elia<\/p>\n<h3>\u00a0La inclusi\u00f3n social a trav\u00e9s de la Educaci\u00f3n F\u00edsica y el Deporte: responsabilidad y\u00a0sostenibilidad mediante el aprendizaje activo<\/h3>\n<p>Valverde Esteve, Teresa<\/p>\n<p>[\/et_pb_text][et_pb_text _builder_version=\u00bb4.14.6&#8243; _module_preset=\u00bbdefault\u00bb global_colors_info=\u00bb{}\u00bb][\/et_pb_text][et_pb_cta title=\u00bbSimposios invitados\u00bb button_text=\u00bbClics\u00bb admin_label=\u00bbLlamada a la acci\u00f3n &#8211; CONFERENCIANTES\/AS DEL CONGRESO\u00bb _builder_version=\u00bb4.14.6&#8243; _module_preset=\u00bbdefault\u00bb header_font=\u00bb|300|||||||\u00bb header_text_color=\u00bb#4FC1ED\u00bb header_font_size=\u00bb42px\u00bb background_enable_color=\u00bboff\u00bb custom_padding=\u00bb27px||0px||false|false\u00bb border_width_top=\u00bb4px\u00bb border_color_top=\u00bb#4FC1ED\u00bb border_width_bottom=\u00bb4px\u00bb border_color_bottom=\u00bb#4FC1ED\u00bb global_colors_info=\u00bb{}\u00bb][\/et_pb_cta][\/et_pb_column][\/et_pb_row][et_pb_row _builder_version=\u00bb4.14.6&#8243; _module_preset=\u00bbdefault\u00bb global_colors_info=\u00bb{}\u00bb][et_pb_column type=\u00bb4_4&#8243; _builder_version=\u00bb4.14.6&#8243; _module_preset=\u00bbdefault\u00bb global_colors_info=\u00bb{}\u00bb][et_pb_text _builder_version=\u00bb4.14.6&#8243; _module_preset=\u00bbdefault\u00bb global_colors_info=\u00bb{}\u00bb]<\/p>\n<ul>\n<li>\n<h3>Inteligencia Artificial. Innovaci\u00f3n e investigaci\u00f3n al servicio de la interdisciplinariedad<\/h3>\n<ul>\n<li>Coord.: Miguel Cazorla y Rosabel Roig, Universidad de Alicante<\/li>\n<\/ul>\n<\/li>\n<li>\n<h3>\u00a0Dise\u00f1o de estrategias pedag\u00f3gicas para el aprendizaje del alumnado universitario de la competencia de Liderazgo<\/h3>\n<ul>\n<li>Coord.: Sara Cebri\u00e1n, Universidad Cat\u00f3lica de Valencia<\/li>\n<\/ul>\n<\/li>\n<\/ul>\n<ul>\n<li>\n<h3>Retos y oportunidades de la Inteligencia Artificial en la Ense\u00f1anza Superior<\/h3>\n<ul>\n<li>Coord.: Rosabel Mart\u00ednez, Universidad de Alicante<\/li>\n<\/ul>\n<\/li>\n<\/ul>\n<ul>\n<li>\n<h3>Exploraci\u00f3n de narrativas y lenguaje biom\u00e9dico en la salud de la mujer. Retos para el siglo XXI<\/h3>\n<ul>\n<li>Coord.: Chelo Vargas, Universidad de Alicante<\/li>\n<\/ul>\n<\/li>\n<\/ul>\n<ul>\n<li>\n<h3>Funci\u00f3n tutorial para la mejora del aprendizaje discente y la calidad en entornos universitarios. Agenda 2030<\/h3>\n<ul>\n<li>Coord.: Marisol Villarrubia, Universidad de Alicante<\/li>\n<\/ul>\n<\/li>\n<\/ul>\n<p>[\/et_pb_text][\/et_pb_column][\/et_pb_row][\/et_pb_section]<\/p>\n","protected":false},"excerpt":{"rendered":"<p>Desarrollo del Congreso: ICON-huma 2023 se celebra de forma\u00a0virtual\u00a0 a trav\u00e9s de una plataforma dise\u00f1ada\u00a0ad hoc\u00a0para el Congreso. El enlace a la plataforma es: https:\/\/rooms.icon.kiobus.org\/ Todos los participantes pueden acceder a la\u00a0plataforma de ICON-huma desde el primer d\u00eda del congreso, siguiendo las instrucciones recibidas por email d\u00edas antes. Se trata de una plataforma muy intuitiva. [&hellip;]<\/p>\n","protected":false},"author":1,"featured_media":0,"parent":0,"menu_order":0,"comment_status":"closed","ping_status":"closed","template":"","meta":{"_et_pb_use_builder":"on","_et_pb_old_content":"","_et_gb_content_width":"","_mc_calendar":[]},"_links":{"self":[{"href":"https:\/\/icon.kiobus.org\/huma\/edicion2023\/wp-json\/wp\/v2\/pages\/912"}],"collection":[{"href":"https:\/\/icon.kiobus.org\/huma\/edicion2023\/wp-json\/wp\/v2\/pages"}],"about":[{"href":"https:\/\/icon.kiobus.org\/huma\/edicion2023\/wp-json\/wp\/v2\/types\/page"}],"author":[{"embeddable":true,"href":"https:\/\/icon.kiobus.org\/huma\/edicion2023\/wp-json\/wp\/v2\/users\/1"}],"replies":[{"embeddable":true,"href":"https:\/\/icon.kiobus.org\/huma\/edicion2023\/wp-json\/wp\/v2\/comments?post=912"}],"version-history":[{"count":211,"href":"https:\/\/icon.kiobus.org\/huma\/edicion2023\/wp-json\/wp\/v2\/pages\/912\/revisions"}],"predecessor-version":[{"id":7164,"href":"https:\/\/icon.kiobus.org\/huma\/edicion2023\/wp-json\/wp\/v2\/pages\/912\/revisions\/7164"}],"wp:attachment":[{"href":"https:\/\/icon.kiobus.org\/huma\/edicion2023\/wp-json\/wp\/v2\/media?parent=912"}],"curies":[{"name":"wp","href":"https:\/\/api.w.org\/{rel}","templated":true}]}}