{"id":4077,"date":"2022-12-22T08:31:45","date_gmt":"2022-12-22T07:31:45","guid":{"rendered":"https:\/\/icon.kiobus.org\/huma\/edicion2024\/?page_id=4077"},"modified":"2024-11-29T11:48:48","modified_gmt":"2024-11-29T10:48:48","slug":"normas-de-publicacion-2","status":"publish","type":"page","link":"https:\/\/icon.kiobus.org\/huma\/edicion2024\/normas-de-publicacion-2\/","title":{"rendered":"Normas de publicaci\u00f3n 2"},"content":{"rendered":"<p>[et_pb_section fb_built=\u00bb1&#8243; _builder_version=\u00bb4.14.6&#8243; custom_margin=\u00bb1px||||false|false\u00bb custom_padding=\u00bb0px||||false|false\u00bb collapsed=\u00bboff\u00bb global_colors_info=\u00bb{}\u00bb][et_pb_row _builder_version=\u00bb4.14.6&#8243; _module_preset=\u00bbdefault\u00bb global_colors_info=\u00bb{}\u00bb][et_pb_column type=\u00bb4_4&#8243; _builder_version=\u00bb4.14.6&#8243; _module_preset=\u00bbdefault\u00bb global_colors_info=\u00bb{}\u00bb][et_pb_text _builder_version=\u00bb4.14.6&#8243; _module_preset=\u00bbdefault\u00bb global_colors_info=\u00bb{}\u00bb]<\/p>\n<h3><span>NORMAS GENERALES:<\/span><\/h3>\n<ul>\n<li style=\"text-align: justify;\"><span>Los <strong>trabajos completos<\/strong> (env\u00edos de la fase 2) <strong>se env\u00edan de forma<\/strong> <strong>voluntaria<\/strong> por parte de los participantes.<br \/><\/span><span>\u00a0<\/span><\/li>\n<li style=\"text-align: justify;\"><strong>En esta fase 2, un autor solo puede constar en un solo trabajo completo<\/strong>. Por tanto, si consta como autor\/a en 2 aportaciones en la fase 1, deber\u00e1 elegir un \u00fanico texto completo donde constar como autor\/a en la fase 2. Para facilitar esto, se permite que, en caso de coautor\u00edas, la agrupaci\u00f3n de autores de una aportaci\u00f3n de la fase 1 pueda variar respecto a la aportaci\u00f3n de la fase 2. Son aportaciones diferentes, por lo que no hay ning\u00fan problema en ello.<\/li>\n<li>Un autor\/a puede puede pagar <strong>matr\u00edculas extra<\/strong> para poder publicar m\u00e1s de un texto completo. Por cada matr\u00edcula extra se podr\u00e1 publicar un texto completo extra. La matr\u00edcula extra se abona por persona.<br \/><span>\u00a0<\/span><\/li>\n<li style=\"text-align: justify;\">El t\u00edtulo de la aportaci\u00f3n de la fase 2 debe ser ligeramente diferente respecto al t\u00edtulo de la aportaci\u00f3n de la fase 1.<\/li>\n<li style=\"text-align: justify;\">Para remitir una aportaci\u00f3n para la fase 2 es necesario haber abonado el importe de la matr\u00edcula previamente.<\/li>\n<\/ul>\n<p>[\/et_pb_text][\/et_pb_column][\/et_pb_row][et_pb_row column_structure=\u00bb1_2,1_2&#8243; _builder_version=\u00bb4.14.6&#8243; _module_preset=\u00bbdefault\u00bb global_colors_info=\u00bb{}\u00bb][et_pb_column type=\u00bb1_2&#8243; _builder_version=\u00bb4.14.6&#8243; _module_preset=\u00bbdefault\u00bb global_colors_info=\u00bb{}\u00bb][et_pb_button button_url=\u00bb#normas-revistas\u00bb button_text=\u00bbNormas para revistas\u00bb button_alignment=\u00bbright\u00bb _builder_version=\u00bb4.14.6&#8243; _module_preset=\u00bbdefault\u00bb custom_button=\u00bbon\u00bb button_text_color=\u00bb#FFFFFF\u00bb button_bg_color=\u00bb#4FC1ED\u00bb button_border_color=\u00bb#4FC1ED\u00bb button_border_radius=\u00bb10px\u00bb button_font=\u00bb|600|||||||\u00bb button_icon_color=\u00bb#FFFFFF\u00bb global_colors_info=\u00bb{}\u00bb][\/et_pb_button][\/et_pb_column][et_pb_column type=\u00bb1_2&#8243; _builder_version=\u00bb4.14.6&#8243; _module_preset=\u00bbdefault\u00bb global_colors_info=\u00bb{}\u00bb][et_pb_button button_url=\u00bb#normas-capitulos\u00bb button_text=\u00bbNormas para libros de cap\u00edtulos\u00bb button_alignment=\u00bbleft\u00bb _builder_version=\u00bb4.14.6&#8243; _module_preset=\u00bbdefault\u00bb custom_button=\u00bbon\u00bb button_text_color=\u00bb#FFFFFF\u00bb button_bg_color=\u00bb#4FC1ED\u00bb button_border_color=\u00bb#4FC1ED\u00bb button_border_radius=\u00bb10px\u00bb button_font=\u00bb|600|||||||\u00bb button_icon_color=\u00bb#FFFFFF\u00bb global_colors_info=\u00bb{}\u00bb][\/et_pb_button][\/et_pb_column][\/et_pb_row][et_pb_row _builder_version=\u00bb4.14.6&#8243; _module_preset=\u00bbdefault\u00bb background_color=\u00bb#FFFFFF\u00bb custom_padding=\u00bb0px||0px||false|false\u00bb border_width_top=\u00bb2px\u00bb border_color_top=\u00bb#4FC1ED\u00bb border_width_bottom=\u00bb2px\u00bb border_color_bottom=\u00bb#4FC1ED\u00bb global_colors_info=\u00bb{}\u00bb][et_pb_column type=\u00bb4_4&#8243; _builder_version=\u00bb4.14.6&#8243; _module_preset=\u00bbdefault\u00bb global_colors_info=\u00bb{}\u00bb][et_pb_code _builder_version=\u00bb4.14.6&#8243; _module_preset=\u00bbdefault\u00bb global_colors_info=\u00bb{}\u00bb]<a name=\"normas-revistas\"><\/a>[\/et_pb_code][et_pb_cta title=\u00bbNormas para revistas:\u00bb button_text=\u00bbClics\u00bb _builder_version=\u00bb4.14.6&#8243; _module_preset=\u00bbdefault\u00bb header_level=\u00bbh1&#8243; header_text_color=\u00bb#4FC1ED\u00bb background_color=\u00bb#FFFFFF\u00bb min_height=\u00bb24px\u00bb custom_margin=\u00bb0px||0px||false|false\u00bb custom_padding=\u00bb0px||0px||false|false\u00bb global_colors_info=\u00bb{}\u00bb][\/et_pb_cta][\/et_pb_column][\/et_pb_row][et_pb_row _builder_version=\u00bb4.14.6&#8243; _module_preset=\u00bbdefault\u00bb global_colors_info=\u00bb{}\u00bb][et_pb_column type=\u00bb4_4&#8243; _builder_version=\u00bb4.14.6&#8243; _module_preset=\u00bbdefault\u00bb global_colors_info=\u00bb{}\u00bb][et_pb_text _builder_version=\u00bb4.14.6&#8243; _module_preset=\u00bbdefault\u00bb global_colors_info=\u00bb{}\u00bb]<\/p>\n<p>Si desea remitir su texto completo a una revista, el\/la autor\/a (o un coautor\/a) debe seguir los siguientes pasos:<\/p>\n<ol>\n<li>Asegurarse de que todos los autores han abonado el importe de la matr\u00edcula de ICON.<\/li>\n<li>Elegir la revista a la que quiere enviar su manuscrito y seguir las normas de edici\u00f3n de\u00a0 la revista para preparar el manuscrito, as\u00ed como enviar el manuscrito a la revista en el plazo indicado seg\u00fan el apartado \u00abFechas clave\u00bb.<\/li>\n<li>Notificar al Comit\u00e9 Organizador de ICON que usted va a enviar el manuscrito a una revista. Debe notificarlo desde \u00abMi cuenta\u00bb (apartado men\u00fa superior): formulario \u00abfase 2. Revistas\u00bb.<\/li>\n<\/ol>\n<p>\u00a0<span><strong>Notas importantes<\/strong>:<\/span><\/p>\n<ul>\n<li>Es importante hacer constar que es responsabilidad del autor\/autores que el art\u00edculo tenga la calidad suficiente como para ser remitido a las revistas en cuesti\u00f3n. El Comit\u00e9 Organizador no se hace responsable de env\u00edos de manuscritos que no tengan dicha calidad (o no sean del focus de la revista) y, por tanto, sean rechazados de inmediato.<\/li>\n<li><span>Existe la posibilidad de que un trabajo completo se remita a una revista y, en caso de que se rechace el manuscrito, este pueda enviarse como cap\u00edtulo para uno de los libros en formato digital a publicar desde el Congreso. La \u00fanica condici\u00f3n es que se cumpla la fecha l\u00edmite para el env\u00edo en esta fase 2. Para ello, es necesario que el manuscrito se remita a la revista con suficiente antelaci\u00f3n con el fin de que haya tiempo para todo el proceso de evaluaci\u00f3n. No se aceptar\u00e1 nin\u00fan env\u00edo despu\u00e9s de la fecha l\u00edmite para env\u00edos de la fase 2, aunque sea de un manuscrito no aceptado para una revista.<\/span><\/li>\n<\/ul>\n<p>[\/et_pb_text][\/et_pb_column][\/et_pb_row][et_pb_row column_structure=\u00bb1_2,1_2&#8243; _builder_version=\u00bb4.14.6&#8243; _module_preset=\u00bbdefault\u00bb global_colors_info=\u00bb{}\u00bb][et_pb_column type=\u00bb1_2&#8243; _builder_version=\u00bb4.14.6&#8243; _module_preset=\u00bbdefault\u00bb global_colors_info=\u00bb{}\u00bb][et_pb_text _builder_version=\u00bb4.14.6&#8243; _module_preset=\u00bbdefault\u00bb custom_margin=\u00bb|-535px||||\u00bb global_colors_info=\u00bb{}\u00bb]<\/p>\n<p><strong>Journal of New Approaches in Educational Research:\u00a0<\/strong><\/p>\n<ul>\n<li>NOTA: publicaci\u00f3n restringida a<span>\u00a0<\/span><em>selected papers<\/em>. No ser\u00e1n, pues, los autores quienes decidan seleccionar esta revista.<span>\u00a0<\/span><em>S<\/em>er\u00e1 el Comit\u00e9 Cient\u00edfico y Comit\u00e9 Organizador quienes indiquen a los respectivos autores de los cap\u00edtulos de libros que se consideren, por su calidad, adecuados para ello, si quieren optar a remitir sus trabajos a esta revista. Para ello, el Comit\u00e9 Organizador se pondr\u00e1 en contacto con dichos autores durante el proceso de evaluaci\u00f3n de los trabajos enviados en la fase 2.<\/li>\n<\/ul>\n<p>[\/et_pb_text][\/et_pb_column][et_pb_column type=\u00bb1_2&#8243; _builder_version=\u00bb4.14.6&#8243; _module_preset=\u00bbdefault\u00bb global_colors_info=\u00bb{}\u00bb][\/et_pb_column][\/et_pb_row][et_pb_row column_structure=\u00bb1_2,1_2&#8243; _builder_version=\u00bb4.14.6&#8243; _module_preset=\u00bbdefault\u00bb module_alignment=\u00bbcenter\u00bb global_colors_info=\u00bb{}\u00bb][et_pb_column type=\u00bb1_2&#8243; _builder_version=\u00bb4.14.6&#8243; _module_preset=\u00bbdefault\u00bb global_colors_info=\u00bb{}\u00bb][et_pb_image src=\u00bbhttps:\/\/icon.kiobus.org\/huma\/edicion2024\/wp-content\/uploads\/2024\/07\/ie.jpg\u00bb title_text=\u00bbie\u00bb url=\u00bbhttps:\/\/revistas.usc.gal\/index.php\/ie\u00bb url_new_window=\u00bbon\u00bb show_bottom_space=\u00bboff\u00bb align=\u00bbcenter\u00bb _builder_version=\u00bb4.14.6&#8243; _module_preset=\u00bbdefault\u00bb global_colors_info=\u00bb{}\u00bb][\/et_pb_image][et_pb_divider show_divider=\u00bboff\u00bb _builder_version=\u00bb4.14.6&#8243; _module_preset=\u00bbdefault\u00bb custom_padding=\u00bb47px||||false|false\u00bb global_colors_info=\u00bb{}\u00bb][\/et_pb_divider][\/et_pb_column][et_pb_column type=\u00bb1_2&#8243; _builder_version=\u00bb4.14.6&#8243; _module_preset=\u00bbdefault\u00bb global_colors_info=\u00bb{}\u00bb][et_pb_image src=\u00bbhttps:\/\/icon.kiobus.org\/huma\/edicion2024\/wp-content\/uploads\/2022\/01\/0008_naer-300&#215;300-1.jpg\u00bb title_text=\u00bb0008_naer-300&#215;300&#8243; url=\u00bbhttps:\/\/naerjournal.ua.es\/\u00bb url_new_window=\u00bbon\u00bb align=\u00bbcenter\u00bb _builder_version=\u00bb4.14.6&#8243; _module_preset=\u00bbdefault\u00bb width=\u00bb50%\u00bb module_alignment=\u00bbcenter\u00bb global_colors_info=\u00bb{}\u00bb][\/et_pb_image][\/et_pb_column][\/et_pb_row][et_pb_row _builder_version=\u00bb4.14.6&#8243; _module_preset=\u00bbdefault\u00bb background_color=\u00bb#FFFFFF\u00bb custom_margin=\u00bb27px||||false|false\u00bb custom_padding=\u00bb0px||0px||false|false\u00bb border_width_top=\u00bb2px\u00bb border_color_top=\u00bb#4FC1ED\u00bb border_width_bottom=\u00bb2px\u00bb border_color_bottom=\u00bb#4FC1ED\u00bb global_colors_info=\u00bb{}\u00bb][et_pb_column type=\u00bb4_4&#8243; _builder_version=\u00bb4.14.6&#8243; _module_preset=\u00bbdefault\u00bb global_colors_info=\u00bb{}\u00bb][et_pb_code _builder_version=\u00bb4.14.6&#8243; _module_preset=\u00bbdefault\u00bb global_colors_info=\u00bb{}\u00bb]<a name=\"normas-revistas\"><\/a>[\/et_pb_code][et_pb_cta title=\u00bbNormas para libros de cap\u00edtulos:\u00bb button_text=\u00bbClics\u00bb _builder_version=\u00bb4.14.6&#8243; _module_preset=\u00bbdefault\u00bb header_level=\u00bbh1&#8243; header_text_color=\u00bb#4FC1ED\u00bb background_color=\u00bb#FFFFFF\u00bb min_height=\u00bb24px\u00bb custom_margin=\u00bb0px||0px||false|false\u00bb custom_padding=\u00bb0px||0px||false|false\u00bb global_colors_info=\u00bb{}\u00bb][\/et_pb_cta][\/et_pb_column][\/et_pb_row][et_pb_row _builder_version=\u00bb4.14.6&#8243; custom_margin=\u00bb0px||||false|false\u00bb custom_padding=\u00bb0px||||false|false\u00bb global_colors_info=\u00bb{}\u00bb][et_pb_column type=\u00bb4_4&#8243; _builder_version=\u00bb4.0.11&#8243; global_colors_info=\u00bb{}\u00bb][et_pb_code _builder_version=\u00bb4.14.6&#8243; _module_preset=\u00bbdefault\u00bb global_colors_info=\u00bb{}\u00bb]<a name=\"normas-capitulos\"><\/a>[\/et_pb_code][et_pb_text _builder_version=\u00bb4.14.6&#8243; global_colors_info=\u00bb{}\u00bb]<\/p>\n<p><span>Todos los manuscritos deben cumplir las siguientes normas generales, independientemente de la editorial elegida:<\/span><\/p>\n<ol>\n<li style=\"text-align: justify;\"><strong>Extensi\u00f3n<\/strong>: el trabajo tendr\u00e1 una extensi\u00f3n entre 4.000 y 6.000 palabras (este c\u00f3mputo incluye todo el texto del documento)<span style=\"font-size: 16px;\">.<\/span><\/li>\n<li style=\"text-align: justify;\"><strong>Plantilla<\/strong>: el manuscrito deber\u00e1 seguir OBLIGATORIAMENTE la plantilla correspondiente a cada editorial.<\/li>\n<li style=\"text-align: justify;\"><strong>Idioma<\/strong>: el idioma depender\u00e1 de la editorial:\n<ol>\n<li>Aranzadi, Aula Magna-McGrawHill, Dykinson, Octaedro, Tirant Lo Blanch y Kiobus\/C\u00e1tedra UNESCO: en espa\u00f1ol o catal\u00e1n.<\/li>\n<li>IGI Global: en ingl\u00e9s.<\/li>\n<li>Observaci\u00f3n:\n<ul>\n<li>Es posible escribir en ingl\u00e9s en todas las editoriales, pero se deber\u00e1 escribir un email a <a href=\"mailto:icon.congress@ua.es\">icon.congress@ua.es<\/a> informando de ello previamente. De hecho, si se detectan errores ling\u00fc\u00edsticos, el manuscrito ser\u00e1 rechazado. Esta cuesti\u00f3n se indica especialmente para aquellos autores que presentan manuscritos en una lengua diferente a la nativa.<\/li>\n<li>Es posible escribir en italiano, portugu\u00e9s, alem\u00e1n o franc\u00e9s, pero antes debe escribir un e-mail a <a href=\"mailto:icon.congress@ua.es\">icon.congress@ua.es<\/a> para informarle de las condiciones.<\/li>\n<\/ul>\n<\/li>\n<\/ol>\n<\/li>\n<li><strong>Tipolog\u00eda<\/strong>: seg\u00fan la editorial se aceptar\u00e1 un tipo u otro de trabajo (en las normas de cada editorial se especifica):<\/li>\n<\/ol>\n<blockquote style=\"margin: 0 0 0 40px; border: none; padding: 0px;\">\n<ul>\n<li>Trabajo de investigaci\u00f3n emp\u00edrica.<\/li>\n<li>Trabajo sobre una experiencia educativa implementada<\/li>\n<li>Trabajo de revisi\u00f3n sistem\u00e1tica.<\/li>\n<li>Trabajo de reflexi\u00f3n te\u00f3rica.<\/li>\n<\/ul>\n<p>A continuaci\u00f3n puede descargarse las plantillas y normas de publicaci\u00f3n de cada editorial.<\/p>\n<\/blockquote>\n<p>[\/et_pb_text][\/et_pb_column][\/et_pb_row][et_pb_row column_structure=\u00bb1_2,1_2&#8243; _builder_version=\u00bb4.14.6&#8243; _module_preset=\u00bbdefault\u00bb global_colors_info=\u00bb{}\u00bb][et_pb_column type=\u00bb1_2&#8243; _builder_version=\u00bb4.14.6&#8243; _module_preset=\u00bbdefault\u00bb global_colors_info=\u00bb{}\u00bb][et_pb_testimonial author=\u00bbAula Magna-McGrawHill\u00bb portrait_url=\u00bbhttps:\/\/icon.kiobus.org\/huma\/edicion2024\/wp-content\/uploads\/2021\/11\/0002_aulamagna.jpg\u00bb _builder_version=\u00bb4.14.6&#8243; _module_preset=\u00bbdefault\u00bb hover_enabled=\u00bb0&#8243; global_colors_info=\u00bb{}\u00bb sticky_enabled=\u00bb0&#8243;]<\/p>\n<p><a href=\"https:\/\/icon.kiobus.org\/huma\/edicion2024\/wp-content\/uploads\/2024\/11\/Plantilla-Aranzadi-AulaMagna-Tirant-1.docx\" rel=\"attachment noopener wp-att-7262\" target=\"_blank\">Plantilla y Normas de edici\u00f3n<\/a><\/p>\n<p>[\/et_pb_testimonial][\/et_pb_column][et_pb_column type=\u00bb1_2&#8243; _builder_version=\u00bb4.14.6&#8243; _module_preset=\u00bbdefault\u00bb global_colors_info=\u00bb{}\u00bb][et_pb_testimonial author=\u00bbIGI Global\u00bb portrait_url=\u00bbhttps:\/\/icon.kiobus.org\/huma\/edicion2024\/wp-content\/uploads\/2021\/11\/0000_igiglobal.jpg\u00bb _builder_version=\u00bb4.14.6&#8243; _module_preset=\u00bbdefault\u00bb global_colors_info=\u00bb{}\u00bb]<\/p>\n<p><a href=\"https:\/\/icon.kiobus.org\/huma\/edicion2024\/wp-content\/uploads\/2024\/06\/Plantilla-IGI-Global.docx\" rel=\"attachment wp-att-7264\">Plantilla y Normas de edici\u00f3n<\/a><\/p>\n<p>[\/et_pb_testimonial][\/et_pb_column][\/et_pb_row][et_pb_row column_structure=\u00bb1_2,1_2&#8243; _builder_version=\u00bb4.14.6&#8243; _module_preset=\u00bbdefault\u00bb global_colors_info=\u00bb{}\u00bb][et_pb_column type=\u00bb1_2&#8243; _builder_version=\u00bb4.14.6&#8243; _module_preset=\u00bbdefault\u00bb global_colors_info=\u00bb{}\u00bb][et_pb_testimonial author=\u00bbOctaedro\u00bb portrait_url=\u00bbhttps:\/\/icon.kiobus.org\/huma\/edicion2024\/wp-content\/uploads\/2021\/11\/0007_octaedro.jpg\u00bb _builder_version=\u00bb4.14.6&#8243; _module_preset=\u00bbdefault\u00bb global_colors_info=\u00bb{}\u00bb]<\/p>\n<p><a href=\"https:\/\/icon.kiobus.org\/huma\/edicion2024\/wp-content\/uploads\/2024\/10\/Plantilla-Dykinson-Octaedro.docx\" rel=\"attachment noopener wp-att-7263\" target=\"_blank\">Plantilla y Normas de edici\u00f3n<\/a><\/p>\n<p>[\/et_pb_testimonial][\/et_pb_column][et_pb_column type=\u00bb1_2&#8243; _builder_version=\u00bb4.14.6&#8243; _module_preset=\u00bbdefault\u00bb global_colors_info=\u00bb{}\u00bb][et_pb_testimonial author=\u00bbAranzadi\u00bb portrait_url=\u00bbhttps:\/\/icon.kiobus.org\/huma\/edicion2024\/wp-content\/uploads\/2023\/06\/aranzadi.png\u00bb _builder_version=\u00bb4.14.6&#8243; _module_preset=\u00bbdefault\u00bb width=\u00bb100%\u00bb hover_enabled=\u00bb0&#8243; global_colors_info=\u00bb{}\u00bb sticky_enabled=\u00bb0&#8243;]<\/p>\n<p><a href=\"https:\/\/icon.kiobus.org\/huma\/edicion2024\/wp-content\/uploads\/2024\/11\/Plantilla-Aranzadi-AulaMagna-Tirant-1.docx\" rel=\"attachment noopener wp-att-7262\" target=\"_blank\">Plantilla y Normas de edici\u00f3n\u00a0<\/a><\/p>\n<p>[\/et_pb_testimonial][\/et_pb_column][\/et_pb_row][et_pb_row column_structure=\u00bb1_2,1_2&#8243; _builder_version=\u00bb4.14.6&#8243; _module_preset=\u00bbdefault\u00bb global_colors_info=\u00bb{}\u00bb][et_pb_column type=\u00bb1_2&#8243; _builder_version=\u00bb4.14.6&#8243; _module_preset=\u00bbdefault\u00bb global_colors_info=\u00bb{}\u00bb][et_pb_testimonial author=\u00bbTirant Lo Blanch\u00bb portrait_url=\u00bbhttps:\/\/icon.kiobus.org\/huma\/edicion2024\/wp-content\/uploads\/2021\/11\/0004_tirantloblanc.jpg\u00bb _builder_version=\u00bb4.14.6&#8243; _module_preset=\u00bbdefault\u00bb hover_enabled=\u00bb0&#8243; global_colors_info=\u00bb{}\u00bb sticky_enabled=\u00bb0&#8243;]<\/p>\n<p><a href=\"https:\/\/icon.kiobus.org\/huma\/edicion2024\/wp-content\/uploads\/2024\/11\/Plantilla-Aranzadi-AulaMagna-Tirant-1.docx\" rel=\"attachment noopener wp-att-7262\" target=\"_blank\">Plantilla y Normas de edici\u00f3n\u00a0<\/a><\/p>\n<p>[\/et_pb_testimonial][\/et_pb_column][et_pb_column type=\u00bb1_2&#8243; _builder_version=\u00bb4.14.6&#8243; _module_preset=\u00bbdefault\u00bb global_colors_info=\u00bb{}\u00bb][et_pb_testimonial author=\u00bbDykinson\u00bb portrait_url=\u00bbhttps:\/\/icon.kiobus.org\/huma\/edicion2024\/wp-content\/uploads\/2021\/11\/0001_dykinson.jpg\u00bb _builder_version=\u00bb4.14.6&#8243; _module_preset=\u00bbdefault\u00bb global_colors_info=\u00bb{}\u00bb]<\/p>\n<p><a href=\"https:\/\/icon.kiobus.org\/huma\/edicion2024\/wp-content\/uploads\/2024\/10\/Plantilla-Dykinson-Octaedro.docx\" rel=\"attachment noopener wp-att-7262\" target=\"_blank\">Plantilla y Normas de edici\u00f3n<\/a><\/p>\n<p>[\/et_pb_testimonial][\/et_pb_column][\/et_pb_row][et_pb_row _builder_version=\u00bb4.14.6&#8243; _module_preset=\u00bbdefault\u00bb global_colors_info=\u00bb{}\u00bb][et_pb_column type=\u00bb4_4&#8243; _builder_version=\u00bb4.14.6&#8243; _module_preset=\u00bbdefault\u00bb global_colors_info=\u00bb{}\u00bb][et_pb_testimonial author=\u00bbKiobus &#038; C\u00e1tedra UNESCO de Educaci\u00f3n, Investigaci\u00f3n e Inclusi\u00f3n Digital\u00bb portrait_url=\u00bbhttps:\/\/icon.kiobus.org\/huma\/edicion2024\/wp-content\/uploads\/2024\/09\/kiobus-y-Catedra.png\u00bb _builder_version=\u00bb4.14.6&#8243; _module_preset=\u00bbdefault\u00bb global_colors_info=\u00bb{}\u00bb]<\/p>\n<p><a href=\"https:\/\/icon.kiobus.org\/huma\/edicion2024\/wp-content\/uploads\/2024\/11\/Plantilla-Kiobus-UNESCO.docx\" rel=\"attachment wp-att-7262\">Plantilla y Normas de edici\u00f3n<\/a><\/p>\n<p>[\/et_pb_testimonial][\/et_pb_column][\/et_pb_row][et_pb_row _builder_version=\u00bb4.0.11&#8243; global_colors_info=\u00bb{}\u00bb][et_pb_column type=\u00bb4_4&#8243; _builder_version=\u00bb4.0.11&#8243; global_colors_info=\u00bb{}\u00bb][et_pb_text _builder_version=\u00bb4.14.6&#8243; global_colors_info=\u00bb{}\u00bb]<\/p>\n<p><strong>NOTAS IMPORTANTES:<\/strong><span>\u00a0<\/span><\/p>\n<ol>\n<li>Los trabajos son evaluados por un<span>\u00a0<\/span><em><strong>double blind peer process<\/strong>.\u00a0<\/em>Esto significa que la selecci\u00f3n de la editorial no asegura<span>\u00a0<\/span><em>per se<\/em><span>\u00a0<\/span>la publicaci\u00f3n en dicho libro. Se deber\u00e1n cuidar todas las normas de edici\u00f3n y calidad, as\u00ed como las indicaciones para subsanar aspectos editoriales. El autor se compromete a realizar los cambios solicitados, en su caso, como resultado del<span>\u00a0<\/span><em>double blind peer process,<\/em>\u00a0para poder ser publicado.<\/li>\n<li>Ni la organizaci\u00f3n del Congreso y ni el Comit\u00e9 Cient\u00edfico se hacen responsables de los contenidos incluidos en los textos, tanto res\u00famenes ampliados como trabajos completos; ni garantizan la veracidad, originalidad y fiabilidad de los trabajos presentados. La responsabilidad del contenido es exclusiva de sus autores, que deber\u00e1n responder ante acusaciones de plagio o cualquier problema derivado de sus trabajos.<\/li>\n<li>Los autores\/as, al remitir sus trabajos, ceden todos los derechos sobre el texto de dichos trabajos a este Congreso, que podr\u00e1 publicarlos a trav\u00e9s de las ediciones derivadas del Congreso. As\u00ed pues, los autores otorgan autorizaci\u00f3n al Comit\u00e9 Organizador para publicar, reproducir, distribuir, mostrar, as\u00ed como tambi\u00e9n almacenar sus textos en l\u00ednea o formato impreso y en dispositivos electr\u00f3nicos.<\/li>\n<li><strong>Aspectos \u00e9ticos.<\/strong><span>\u00a0<\/span>ICON tiene como objetivo, en su conjunto, asegurar el cumplimiento de los est\u00e1ndares \u00e9ticos en la investigaci\u00f3n cient\u00edfica en el campo de la educaci\u00f3n. Por ello:\n<ul>\n<li>Mantiene un compromiso \u00e9tico con la comunidad acad\u00e9mica y la sociedad en general, inspirado en los acuerdos internacionales tomados del<span>\u00a0<\/span><a href=\"https:\/\/publicationethics.org\/\" target=\"_blank\" rel=\"noopener\">Comit\u00e9 de \u00c9tica de Publicaciones<\/a><span>\u00a0<\/span>(COPE). Los autores deber\u00e1n tener en cuenta las indicaciones de dicho Comit\u00e9.<\/li>\n<li>Las propuestas de trabajos deben ser originales (tolerancia cero al plagio), de car\u00e1cter cient\u00edfico o profesional. No pueden ser trabajos ya publicados o presentados previamente o simult\u00e1neamente en otro congreso. En el caso de que se detecte alguno de estos casos, los trabajos ser\u00e1n rechazados y no habr\u00e1 derecho de devoluci\u00f3n del pago de la matr\u00edcula.<\/li>\n<\/ul>\n<\/li>\n<\/ol>\n<p>[\/et_pb_text][\/et_pb_column][\/et_pb_row][\/et_pb_section]<\/p>\n","protected":false},"excerpt":{"rendered":"<p>NORMAS GENERALES: Los trabajos completos (env\u00edos de la fase 2) se env\u00edan de forma voluntaria por parte de los participantes.\u00a0 En esta fase 2, un autor solo puede constar en un solo trabajo completo. Por tanto, si consta como autor\/a en 2 aportaciones en la fase 1, deber\u00e1 elegir un \u00fanico texto completo donde constar [&hellip;]<\/p>\n","protected":false},"author":1,"featured_media":0,"parent":0,"menu_order":0,"comment_status":"closed","ping_status":"closed","template":"","meta":{"_et_pb_use_builder":"on","_et_pb_old_content":"","_et_gb_content_width":"","_mc_calendar":[],"footnotes":""},"_links":{"self":[{"href":"https:\/\/icon.kiobus.org\/huma\/edicion2024\/wp-json\/wp\/v2\/pages\/4077"}],"collection":[{"href":"https:\/\/icon.kiobus.org\/huma\/edicion2024\/wp-json\/wp\/v2\/pages"}],"about":[{"href":"https:\/\/icon.kiobus.org\/huma\/edicion2024\/wp-json\/wp\/v2\/types\/page"}],"author":[{"embeddable":true,"href":"https:\/\/icon.kiobus.org\/huma\/edicion2024\/wp-json\/wp\/v2\/users\/1"}],"replies":[{"embeddable":true,"href":"https:\/\/icon.kiobus.org\/huma\/edicion2024\/wp-json\/wp\/v2\/comments?post=4077"}],"version-history":[{"count":98,"href":"https:\/\/icon.kiobus.org\/huma\/edicion2024\/wp-json\/wp\/v2\/pages\/4077\/revisions"}],"predecessor-version":[{"id":7911,"href":"https:\/\/icon.kiobus.org\/huma\/edicion2024\/wp-json\/wp\/v2\/pages\/4077\/revisions\/7911"}],"wp:attachment":[{"href":"https:\/\/icon.kiobus.org\/huma\/edicion2024\/wp-json\/wp\/v2\/media?parent=4077"}],"curies":[{"name":"wp","href":"https:\/\/api.w.org\/{rel}","templated":true}]}}