{"id":907,"date":"2021-11-10T11:07:55","date_gmt":"2021-11-10T10:07:55","guid":{"rendered":"https:\/\/icon.kiobus.org\/huma\/edicion2024\/?page_id=907"},"modified":"2024-07-11T09:40:17","modified_gmt":"2024-07-11T07:40:17","slug":"certificacion","status":"publish","type":"page","link":"https:\/\/icon.kiobus.org\/huma\/edicion2024\/certificacion\/","title":{"rendered":"Certificaci\u00f3n"},"content":{"rendered":"<p>[et_pb_section fb_built=\u00bb1&#8243; _builder_version=\u00bb4.14.6&#8243; custom_margin=\u00bb0px||0px||false|false\u00bb custom_padding=\u00bb0px||0px||false|false\u00bb animation_style=\u00bbfade\u00bb collapsed=\u00bboff\u00bb global_colors_info=\u00bb{}\u00bb][et_pb_row _builder_version=\u00bb4.0.11&#8243; global_colors_info=\u00bb{}\u00bb][et_pb_column type=\u00bb4_4&#8243; _builder_version=\u00bb4.0.11&#8243; global_colors_info=\u00bb{}\u00bb][et_pb_text _builder_version=\u00bb4.14.6&#8243; hover_enabled=\u00bb0&#8243; global_colors_info=\u00bb{}\u00bb sticky_enabled=\u00bb0&#8243;]<\/p>\n<h4>CARACTER\u00cdSTICAS DE LAS CERTIFICACIONES:<strong><\/strong><\/h4>\n<ol>\n<li style=\"list-style-type: none;\">\n<ol>\n<li>El t\u00edtulo del Congreso que constar\u00e1 en el certificado es<strong> \u00abIII International Congress: Humanities and Knowledge\u00bb<\/strong>.<\/li>\n<li>Se emitir\u00e1n los certificados en espa\u00f1ol e ingl\u00e9s. Se podr\u00e1 solictar que se emita en catal\u00e1n.<\/li>\n<\/ol>\n<\/li>\n<\/ol>\n<h4><strong><\/strong><\/h4>\n<h4><strong><\/strong><\/h4>\n<h4><strong>TIPOS DE CERTIFICACIONES:<\/strong><\/h4>\n<p>Desde ICON-huma<span>\u00a0<\/span><strong>se podr\u00e1n obtener los siguientes tipos de certificaciones<\/strong>, las cuales ser\u00e1n emitidas por el Comit\u00e9 Organizador, siempre que la persona est\u00e9 inscrita y haya pagado la matr\u00edcula:<\/p>\n<p><strong>1. Certificado de asistencia<\/strong>:<\/p>\n<p>Se expedir\u00e1 certificaci\u00f3n de asistencia de 30 horas para cada participante<em>.<\/em><\/p>\n<p>Este certificado se otorgar\u00e1 a todos los participantes, siempre que se cumpla el siguiente <strong>requisito<\/strong>: haber pagado el importe de la matr\u00edcula en tiempo y forma.<\/p>\n<p>&nbsp;<\/p>\n<p class=\"aviso\"><strong>2. Certificado de presentaci\u00f3n de comunicaci\u00f3n oral, p\u00f3ster, simposio invitado o ponencia invitada I+D+i<\/strong>:<\/p>\n<p>Se expedir\u00e1 certificaci\u00f3n de forma individual a cada uno de los autores.<\/p>\n<p><span>En el caso de <strong>simposio invitado<\/strong>, la certificaci\u00f3n que se emitir\u00e1 ser\u00e1 de \u00abautor de la ponencia X dentro del simposio invitado X\u00bb o de \u00abcoordinador en el simposio invitado X\u00bb, seg\u00fan el caso.<\/span><\/p>\n<p><span>En el caso de<strong> ponencia invitada I+D+i<\/strong>, la certificaci\u00f3n que se emitir\u00e1 ser\u00e1 de \u00abautor de la ponencia invitada I+D+i titulada X\u00bb. Se expedir\u00e1 certificado individual a cada coautor\/a.<\/span><\/p>\n<p>Estos certificados se otorgar\u00e1n siempre que se cumplan los siguientes <strong>requisitos<\/strong>:<\/p>\n<ol>\n<li style=\"list-style-type: none;\">\n<ol>\n<li>Haber pagado\u00a0todos los autores\/as el importe de la matr\u00edcula en tiempo y forma.<\/li>\n<li>Haber cumplido todos los pasos del <a href=\"https:\/\/icon.kiobus.org\/huma\/edicion2024\/proceso-de-envio\/\">proceso de env\u00edo<\/a> en tiempo y forma.<\/li>\n<li>Haber respondido en el foro de la plataforma del congreso a las preguntas e intervenciones del resto de participantes a la aportaci\u00f3n presentada.<\/li>\n<\/ol>\n<\/li>\n<\/ol>\n<p><strong>3. Otros certificados:<\/strong><\/p>\n<p>Si se requiere, se podr\u00e1 emitir por parte del Comit\u00e9 Organizador certificado de aceptaci\u00f3n de comunicaci\u00f3n oral\/p\u00f3ster\/simposio invitado\/ponencia invitada I+D+i y de aceptaci\u00f3n de cap\u00edtulo de libro.<\/p>\n<p>&nbsp;<\/p>\n<h4><strong>CU\u00c1NDO Y D\u00d3NDE OBTENER LAS CERTIFICACIONES:<\/strong><\/h4>\n<ol>\n<li style=\"list-style-type: none;\">\n<ol>\n<li>El acceso a las certificaciones de ICON se encontrar\u00e1 disponible al finalizar el congreso y revisados los requisitos de los participantes. En el momento que est\u00e9 activo este acceso, se avisar\u00e1 por e-mail a los participantes y podr\u00e1n descargarse los certificados correspondientes desde la plataforma del congreso.<\/li>\n<li>Es responsabilidad de todos los participantes que se cumplan todos los requisitos. En caso de no cumplirse todos los requisitos, no se tendr\u00e1 derecho a obtener certificados y estos no se expedir\u00e1n.<\/li>\n<li>Los datos que cada participante incluya en el formulario de inscripci\u00f3n ser\u00e1n los que figuren en los certificados.\u00a0No se realizar\u00e1n cambios que impliquen modificaciones en el nombre, t\u00edtulo de la aportaci\u00f3n o n\u00famero y orden de autores.<\/li>\n<li>Habr\u00e1 un plazo m\u00e1ximo de quince d\u00edas desde la\u00a0 comunicaci\u00f3n por e-mail de la obtenci\u00f3n de los certificados. A partir de esa fecha ya no podr\u00e1 obtenerse ning\u00fan certificado.<\/li>\n<\/ol>\n<\/li>\n<\/ol>\n<p>[\/et_pb_text][\/et_pb_column][\/et_pb_row][\/et_pb_section]<\/p>\n","protected":false},"excerpt":{"rendered":"<p>CARACTER\u00cdSTICAS DE LAS CERTIFICACIONES: El t\u00edtulo del Congreso que constar\u00e1 en el certificado es \u00abIII International Congress: Humanities and Knowledge\u00bb. Se emitir\u00e1n los certificados en espa\u00f1ol e ingl\u00e9s. Se podr\u00e1 solictar que se emita en catal\u00e1n. TIPOS DE CERTIFICACIONES: Desde ICON-huma\u00a0se podr\u00e1n obtener los siguientes tipos de certificaciones, las cuales ser\u00e1n emitidas por el Comit\u00e9 [&hellip;]<\/p>\n","protected":false},"author":1,"featured_media":0,"parent":0,"menu_order":0,"comment_status":"closed","ping_status":"closed","template":"","meta":{"_et_pb_use_builder":"on","_et_pb_old_content":"","_et_gb_content_width":"","_mc_calendar":[],"footnotes":""},"_links":{"self":[{"href":"https:\/\/icon.kiobus.org\/huma\/edicion2024\/wp-json\/wp\/v2\/pages\/907"}],"collection":[{"href":"https:\/\/icon.kiobus.org\/huma\/edicion2024\/wp-json\/wp\/v2\/pages"}],"about":[{"href":"https:\/\/icon.kiobus.org\/huma\/edicion2024\/wp-json\/wp\/v2\/types\/page"}],"author":[{"embeddable":true,"href":"https:\/\/icon.kiobus.org\/huma\/edicion2024\/wp-json\/wp\/v2\/users\/1"}],"replies":[{"embeddable":true,"href":"https:\/\/icon.kiobus.org\/huma\/edicion2024\/wp-json\/wp\/v2\/comments?post=907"}],"version-history":[{"count":63,"href":"https:\/\/icon.kiobus.org\/huma\/edicion2024\/wp-json\/wp\/v2\/pages\/907\/revisions"}],"predecessor-version":[{"id":7310,"href":"https:\/\/icon.kiobus.org\/huma\/edicion2024\/wp-json\/wp\/v2\/pages\/907\/revisions\/7310"}],"wp:attachment":[{"href":"https:\/\/icon.kiobus.org\/huma\/edicion2024\/wp-json\/wp\/v2\/media?parent=907"}],"curies":[{"name":"wp","href":"https:\/\/api.w.org\/{rel}","templated":true}]}}