{"id":582,"date":"2021-11-04T13:05:53","date_gmt":"2021-11-04T12:05:53","guid":{"rendered":"https:\/\/icon.kiobus.org\/huma\/edicion2025\/?page_id=582"},"modified":"2025-11-12T05:30:52","modified_gmt":"2025-11-12T04:30:52","slug":"comites","status":"publish","type":"page","link":"https:\/\/icon.kiobus.org\/huma\/edicion2025\/comites\/","title":{"rendered":"Comit\u00e9s"},"content":{"rendered":"<p>[et_pb_section fb_built=\u00bb1&#8243; _builder_version=\u00bb4.14.6&#8243; custom_margin=\u00bb0px||||false|false\u00bb custom_padding=\u00bb0px||||false|false\u00bb animation_style=\u00bbfade\u00bb collapsed=\u00bboff\u00bb global_colors_info=\u00bb{}\u00bb][et_pb_row _builder_version=\u00bb4.0.11&#8243; global_colors_info=\u00bb{}\u00bb][et_pb_column type=\u00bb4_4&#8243; _builder_version=\u00bb4.0.11&#8243; global_colors_info=\u00bb{}\u00bb][et_pb_tabs _builder_version=\u00bb4.14.6&#8243; _module_preset=\u00bbdefault\u00bb tab_font_size=\u00bb18px\u00bb global_colors_info=\u00bb{}\u00bb][et_pb_tab title=\u00bbComit\u00e9 Internacional de Direcci\u00f3n y Organizaci\u00f3n\u00bb _builder_version=\u00bb4.14.6&#8243; _module_preset=\u00bbdefault\u00bb global_colors_info=\u00bb{}\u00bb]<\/p>\n<p>Prof. Dr. Dr. Vicent Martines P\u00e9rez,\u00a0 Universidad de Alicante (Presidente)<\/p>\n<p>Profa. Dra. Rosabel Roig Vila, \u00a0Universidad de Alicante (Coordinadora)<\/p>\n<p>Prof. Dr. Jordi M. Antol\u00ed Mart\u00ednez, Universidad de Alicante (Secretario)<\/p>\n<p>Prof. Dr. Antonio Cortijo, University of California at Santa Barbara<\/p>\n<p>Profa. Dra. Carolina Flores Lueg, Universidad del B\u00edo-B\u00edo<\/p>\n<p><span>Prof. Dr. Alexander L\u00f3pez Padr\u00f3n, Universidad T\u00e9cnica de Manab\u00ed<\/span><\/p>\n<p>Prof. Dr. Santiago Mengual Andr\u00e9s, Universitat de Val\u00e8ncia<\/p>\n<p>Prof. Dr. Fabrizio Manuel Sirignano, Universit\u00e0 degli Studi Suor Orsola Benincasa<\/p>\n<p><span>Profa. Dra. Chelo Vargas-Sierra, IULMA, Universidad de Alicante<\/span><\/p>\n<p>[\/et_pb_tab][\/et_pb_tabs][et_pb_tabs _builder_version=\u00bb4.14.6&#8243; _module_preset=\u00bbdefault\u00bb tab_font_size=\u00bb18px\u00bb global_colors_info=\u00bb{}\u00bb][et_pb_tab title=\u00bbComit\u00e9 Internacional de Honor\u00bb _builder_version=\u00bb4.14.6&#8243; _module_preset=\u00bbdefault\u00bb global_colors_info=\u00bb{}\u00bb]<\/p>\n<p>Profa. Dra. Amparo Navarro Faure, Rectora de la Universidad de Alicante<\/p>\n<p>Prof. Dr. Antonio Bascones Mart\u00ednez, Presidente de la Real Academia de Doctores de Espa\u00f1a<\/p>\n<p><span>Prof. Dr. Santiago Quiroz Fern\u00e1ndez<\/span>, Rector de la Universidad T\u00e9cnica de Manab\u00ed<\/p>\n<p>Prof. Dr. L\u00e1szl\u00f3 Borhy, Rector de la E\u00f6tv\u00f6s Lor\u00e1nd University<\/p>\n<p>Prof. Dr. Lucio d\u2019Alessandro, Rector de la Universit\u00e0 degli Studi Suor Orsola Benincasa<\/p>\n<p>Prof. Dr. Massimiliano Fiorucci, Rector de la Universit\u00e0 degli Studi Roma Tre<\/p>\n<p>Prof. Dr. Matteo Lorito, Rector de la Universit\u00e0 degli Studi di Napoli Federico II<\/p>\n<p>Prof. Dr. Benito Uma\u00f1a Hermosilla, Rector de la Universidad del B\u00edo-B\u00edo<\/p>\n<p>Prof. Dr. Nelson Z\u00e1rate S\u00e1nchez, Rector de la Universidad Tecnol\u00f3gica de El Salvador<\/p>\n<p>[\/et_pb_tab][\/et_pb_tabs][et_pb_tabs _builder_version=\u00bb4.14.6&#8243; _module_preset=\u00bbdefault\u00bb tab_font_size=\u00bb18px\u00bb global_colors_info=\u00bb{}\u00bb][et_pb_tab title=\u00bbComit\u00e9 Internacional Cient\u00edfico\u00bb _builder_version=\u00bb4.14.6&#8243; _module_preset=\u00bbdefault\u00bb global_colors_info=\u00bb{}\u00bb]<\/p>\n<div><\/div>\n<div><\/div>\n<div><\/div>\n<div>\n<div><\/div>\n<\/div>\n<div><span><\/span><\/div>\n<p>Profa. Dra. Mar\u00eda Aragon\u00e9s Gonz\u00e1lez, Universidad de Alicante<\/p>\n<p>Profa. Dra. Inmaculada Aznar D\u00edaz, Universidad de Granada<\/p>\n<p>Profa. Dra.\u00a0 Oana-Dana Bala\u0219, Universitatea din Bucure\u0219ti<\/p>\n<p>Prof. Dr. Enric Bou, Universit\u00e0 Ca\u2019Foscari Venezia<\/p>\n<p><span>Dra. Ruth Castillo, Centro di Ricerca e Studi Universitari Armando Curcio<\/span><\/p>\n<p>Prof. Dr. Bal\u00e1zs D\u00e9ri, E\u00f6tv\u00f6s Lor\u00e1nd University<\/p>\n<p>Prof. Dr. Nicolau Dols, Universitat de les Illes Balears, IEC-SF<\/p>\n<p>Prof. Dr. K\u00e1lm\u00e1n Faluba, E\u00f6tv\u00f6s Lor\u00e1nd University, IEC-SF<\/p>\n<p><span>Prof. Dr. Aniello Fratta, Universidad Federico II de N\u00e1poles<\/span><\/p>\n<p>Profa. Dra. Mar\u00eda Rosa Garc\u00eda Ruiz, Universidad de Cantabria<\/p>\n<p>Profa. Dra. Mariana Gonz\u00e1lez, Reading University<\/p>\n<p>Prof. Dr. Juan Francisco Jim\u00e9nez Alcaraz, Presidente SEEM,\u00a0 Universidad de Murcia<\/p>\n<p><span>Dr. Xristos Lalos, Universidad de Alicante; Atenas<\/span><\/p>\n<p><span>Profa. Dra. Luisa A. Messina Fajardo, Universidad de Roma III<\/span><\/p>\n<p>Prof. Dr. Marian Preda, Universitatea din Bucure\u0219ti<\/p>\n<p>Prof. Dr. Hans-Ingo Radatz, Otto-Friedrich-Universit\u00e4t Bamberg<\/p>\n<p>Prof. Dr. Flocel Sabat\u00e9, President HISCOAR, Universitat de Lleida<\/p>\n<p>Profa. Dra. Rozalya Sasor, Jagiellonian University in Kr\u00e1kow<\/p>\n<p>Profa. Dra. Mar\u00eda Stefanie V\u00e1squez Pe\u00f1afiel, Universidad Internacional del Ecuador<\/p>\n<div><\/div>\n<div><\/div>\n<p>&nbsp;<\/p>\n<p>&nbsp;<\/p>\n<p>[\/et_pb_tab][\/et_pb_tabs][et_pb_tabs _builder_version=\u00bb4.14.6&#8243; _module_preset=\u00bbdefault\u00bb tab_font_size=\u00bb18px\u00bb hover_enabled=\u00bb0&#8243; global_colors_info=\u00bb{}\u00bb sticky_enabled=\u00bb0&#8243;][et_pb_tab title=\u00bbComit\u00e9 Organizador Internacional\u00bb _builder_version=\u00bb4.14.6&#8243; _module_preset=\u00bbdefault\u00bb hover_enabled=\u00bb0&#8243; global_colors_info=\u00bb{}\u00bb sticky_enabled=\u00bb0&#8243;]<\/p>\n<p>Prof. Dr. Juan Francisco \u00c1lvarez Herrero, Universidad de Alicante<\/p>\n<p>Profa. Dra. <span>Chinenye Blessing Amaonye, Nnamdi AZIKIWE University<\/span><\/p>\n<p>Profa. Dra. Mar\u00eda Pilar Aparicio Flores,\u00a0Universidad de Alicante<\/p>\n<p>Prof. Dr. Ignacio Ballester Pardo, Universidad de Alicante<\/p>\n<p>Profa. Dra. Esther Chiner Sanz, Universidad de Alicante<\/p>\n<p>Profa. Ver\u00f3nica Chust P\u00e9rez, Universidad de Alicante<\/p>\n<p>Profa. Dra. Mar\u00eda Teresa del Olmo Ib\u00e1\u00f1ez, Universidad de Alicante<\/p>\n<p>Profa. Dra.\u00a0Rosa Pilar Esteve Faubel,\u00a0Universidad de Alicante<\/p>\n<p>Profa. Dra. Aitana Fern\u00e1ndez Sogorb, Universidad de Alicante<\/p>\n<p>Prof. Dr. Josep Vicent Garcia Sebasti\u00e0, Universidad de Alicante<\/p>\n<p>Prof. Dr. Diego Gavil\u00e1n Mart\u00edn, Universidad de Alicante<\/p>\n<p>Prof. Dr. Marcos G\u00f3mez Puerta, Universidad de Alicante<\/p>\n<p>Dra. Carolina Lorenzo \u00c1lvarez, Universidad de Alicante<\/p>\n<p>Profa. Dra. N\u00faria Mallorqu\u00ed Ruscalleda, Universitat Aut\u00f2noma de Barcelona<\/p>\n<p>Profa. Dra. Caterina Mart\u00ednez Mart\u00ednez, Universidad de Alicante<\/p>\n<p>Profa. Dra. Rosabel Mart\u00ednez Roig, Universidad de Alicante<\/p>\n<p>Profa. Dra. Copelia Mateo Guill\u00e9n, Universidad de Alicante<\/p>\n<p>Profa. Dra. Gladys Merma Molina, Universidad de Alicante<\/p>\n<p>D\u00aa. Ver\u00f3nica Onrubia Mart\u00ednez, Universidad de Alicante<\/p>\n<p>Profa. Dra. M\u00aa Luisa Rico G\u00f3mez, Universidad de Alicante<\/p>\n<p>Profa. Dra. Elena S\u00e1nchez L\u00f3pez, Universidad de Alicante<\/p>\n<p>Prof. Dra. Mayra Urrea Solano,\u00a0Universidad de Alicante<\/p>\n<p>Prof. Dr. Davis Velarde Camaqui, Tecnol\u00f3gico de Monterrey<\/p>\n<p>Profa. Dra. Marisol Villarrubia Z\u00fa\u00f1iga, Universidad de Alicante<\/p>\n<p>&nbsp;<\/p>\n<p>[\/et_pb_tab][\/et_pb_tabs][\/et_pb_column][\/et_pb_row][\/et_pb_section]<\/p>\n","protected":false},"excerpt":{"rendered":"<p>Prof. Dr. Dr. Vicent Martines P\u00e9rez,\u00a0 Universidad de Alicante (Presidente) Profa. Dra. Rosabel Roig Vila, \u00a0Universidad de Alicante (Coordinadora) Prof. Dr. Jordi M. Antol\u00ed Mart\u00ednez, Universidad de Alicante (Secretario) Prof. Dr. Antonio Cortijo, University of California at Santa Barbara Profa. Dra. Carolina Flores Lueg, Universidad del B\u00edo-B\u00edo Prof. Dr. Alexander L\u00f3pez Padr\u00f3n, Universidad T\u00e9cnica de [&hellip;]<\/p>\n","protected":false},"author":1,"featured_media":0,"parent":0,"menu_order":0,"comment_status":"closed","ping_status":"closed","template":"","meta":{"_et_pb_use_builder":"on","_et_pb_old_content":"","_et_gb_content_width":"","_mc_calendar":[],"footnotes":""},"class_list":["post-582","page","type-page","status-publish","hentry"],"_links":{"self":[{"href":"https:\/\/icon.kiobus.org\/huma\/edicion2025\/wp-json\/wp\/v2\/pages\/582","targetHints":{"allow":["GET"]}}],"collection":[{"href":"https:\/\/icon.kiobus.org\/huma\/edicion2025\/wp-json\/wp\/v2\/pages"}],"about":[{"href":"https:\/\/icon.kiobus.org\/huma\/edicion2025\/wp-json\/wp\/v2\/types\/page"}],"author":[{"embeddable":true,"href":"https:\/\/icon.kiobus.org\/huma\/edicion2025\/wp-json\/wp\/v2\/users\/1"}],"replies":[{"embeddable":true,"href":"https:\/\/icon.kiobus.org\/huma\/edicion2025\/wp-json\/wp\/v2\/comments?post=582"}],"version-history":[{"count":93,"href":"https:\/\/icon.kiobus.org\/huma\/edicion2025\/wp-json\/wp\/v2\/pages\/582\/revisions"}],"predecessor-version":[{"id":8306,"href":"https:\/\/icon.kiobus.org\/huma\/edicion2025\/wp-json\/wp\/v2\/pages\/582\/revisions\/8306"}],"wp:attachment":[{"href":"https:\/\/icon.kiobus.org\/huma\/edicion2025\/wp-json\/wp\/v2\/media?parent=582"}],"curies":[{"name":"wp","href":"https:\/\/api.w.org\/{rel}","templated":true}]}}