{"id":586,"date":"2021-11-04T13:06:50","date_gmt":"2021-11-04T12:06:50","guid":{"rendered":"https:\/\/icon.kiobus.org\/huma\/edicion2025\/?page_id=586"},"modified":"2025-11-10T09:43:09","modified_gmt":"2025-11-10T08:43:09","slug":"secretaria-y-contacto","status":"publish","type":"page","link":"https:\/\/icon.kiobus.org\/huma\/edicion2025\/secretaria-y-contacto\/","title":{"rendered":"Secretar\u00eda y contacto"},"content":{"rendered":"<p>[et_pb_section fb_built=\u00bb1&#8243; _builder_version=\u00bb4.14.6&#8243; custom_margin=\u00bb0px||||false|false\u00bb custom_padding=\u00bb0px||||false|false\u00bb animation_style=\u00bbfade\u00bb collapsed=\u00bboff\u00bb global_colors_info=\u00bb{}\u00bb][et_pb_row _builder_version=\u00bb4.0.11&#8243; global_colors_info=\u00bb{}\u00bb][et_pb_column type=\u00bb4_4&#8243; _builder_version=\u00bb4.0.11&#8243; global_colors_info=\u00bb{}\u00bb][et_pb_text _builder_version=\u00bb4.14.6&#8243; hover_enabled=\u00bb0&#8243; global_colors_info=\u00bb{}\u00bb sticky_enabled=\u00bb0&#8243;]<\/p>\n<p><span>Si tiene cualquier duda o consulta visite nuestro espacio de <a href=\"https:\/\/icon.kiobus.org\/huma\/edicion2025\/preguntas-frecuentes\/\">PREGUNTAS FRECUENTES (FAQ)<\/a> y, en caso de no resolver su cuesti\u00f3n, p<\/span>uede contactar con nosotros a trav\u00e9s de:<\/p>\n<p>Correo electr\u00f3nico: <a href=\"mailto:icon.congress@gmail.com\">icon.huma@ua.es<\/a><\/p>\n<blockquote>\n<p>Si est\u00e1 interesado\/a en recibir informaci\u00f3n sobre el congreso, cumplimente el siguiente formulario: <a href=\"https:\/\/forms.gle\/FibLgePBbU9v2WNr5\">formulario<\/a><\/p>\n<\/blockquote>\n<p>&nbsp;<\/p>\n<p>[\/et_pb_text][\/et_pb_column][\/et_pb_row][et_pb_row column_structure=\u00bb1_2,1_2&#8243; _builder_version=\u00bb4.14.6&#8243; global_colors_info=\u00bb{}\u00bb][et_pb_column type=\u00bb1_2&#8243; _builder_version=\u00bb4.14.6&#8243; global_colors_info=\u00bb{}\u00bb][et_pb_text _builder_version=\u00bb4.14.6&#8243; global_colors_info=\u00bb{}\u00bb]<\/p>\n<p><span>\u00a0<\/span><\/p>\n<h3 style=\"padding-left: 40px;\"><span>Grupo de investigaci\u00f3n GIDU-EDUTIC\/IN<\/span><\/h3>\n<h3 style=\"padding-left: 40px;\"><span>Facultad de Educaci\u00f3n<\/span><\/h3>\n<h3 style=\"padding-left: 40px;\"><span>Universidad de Alicante<\/span><\/h3>\n<p style=\"padding-left: 40px;\"><span><\/span><span>Campus Sant Vicent del Raspeig<br \/><\/span><span>C\/ Aeroplano, S\/N<br \/><\/span><span>03690- Sant Vicent del Raspeig (Alicante)<\/span><\/p>\n<p style=\"padding-left: 40px;\"><span>Espa\u00f1a<\/span><\/p>\n<p>[\/et_pb_text][\/et_pb_column][et_pb_column type=\u00bb1_2&#8243; _builder_version=\u00bb4.14.6&#8243; _module_preset=\u00bbdefault\u00bb global_colors_info=\u00bb{}\u00bb][et_pb_image src=\u00bbhttps:\/\/icon.kiobus.org\/huma\/edicion2025\/wp-content\/uploads\/2023\/02\/facultad-educacion.png\u00bb title_text=\u00bbfacultad-educacion\u00bb align=\u00bbcenter\u00bb _builder_version=\u00bb4.14.6&#8243; _module_preset=\u00bbdefault\u00bb custom_margin=\u00bb0px|0px|0px|0px|false|false\u00bb custom_padding=\u00bb0px|0px|0px|0px|false|false\u00bb global_colors_info=\u00bb{}\u00bb][\/et_pb_image][\/et_pb_column][\/et_pb_row][\/et_pb_section]<\/p>\n","protected":false},"excerpt":{"rendered":"<p>Si tiene cualquier duda o consulta visite nuestro espacio de PREGUNTAS FRECUENTES (FAQ) y, en caso de no resolver su cuesti\u00f3n, puede contactar con nosotros a trav\u00e9s de: Correo electr\u00f3nico: icon.huma@ua.es Si est\u00e1 interesado\/a en recibir informaci\u00f3n sobre el congreso, cumplimente el siguiente formulario: formulario &nbsp;\u00a0 Grupo de investigaci\u00f3n GIDU-EDUTIC\/IN Facultad de Educaci\u00f3n Universidad de [&hellip;]<\/p>\n","protected":false},"author":1,"featured_media":0,"parent":0,"menu_order":0,"comment_status":"closed","ping_status":"closed","template":"","meta":{"_et_pb_use_builder":"on","_et_pb_old_content":"","_et_gb_content_width":"","_mc_calendar":[],"footnotes":""},"class_list":["post-586","page","type-page","status-publish","hentry"],"_links":{"self":[{"href":"https:\/\/icon.kiobus.org\/huma\/edicion2025\/wp-json\/wp\/v2\/pages\/586","targetHints":{"allow":["GET"]}}],"collection":[{"href":"https:\/\/icon.kiobus.org\/huma\/edicion2025\/wp-json\/wp\/v2\/pages"}],"about":[{"href":"https:\/\/icon.kiobus.org\/huma\/edicion2025\/wp-json\/wp\/v2\/types\/page"}],"author":[{"embeddable":true,"href":"https:\/\/icon.kiobus.org\/huma\/edicion2025\/wp-json\/wp\/v2\/users\/1"}],"replies":[{"embeddable":true,"href":"https:\/\/icon.kiobus.org\/huma\/edicion2025\/wp-json\/wp\/v2\/comments?post=586"}],"version-history":[{"count":41,"href":"https:\/\/icon.kiobus.org\/huma\/edicion2025\/wp-json\/wp\/v2\/pages\/586\/revisions"}],"predecessor-version":[{"id":8295,"href":"https:\/\/icon.kiobus.org\/huma\/edicion2025\/wp-json\/wp\/v2\/pages\/586\/revisions\/8295"}],"wp:attachment":[{"href":"https:\/\/icon.kiobus.org\/huma\/edicion2025\/wp-json\/wp\/v2\/media?parent=586"}],"curies":[{"name":"wp","href":"https:\/\/api.w.org\/{rel}","templated":true}]}}