{"id":704,"date":"2021-11-07T10:29:56","date_gmt":"2021-11-07T09:29:56","guid":{"rendered":"https:\/\/icon.kiobus.org\/huma\/edicion2025\/?page_id=704"},"modified":"2024-07-21T19:58:15","modified_gmt":"2024-07-21T17:58:15","slug":"presentaciones","status":"publish","type":"page","link":"https:\/\/icon.kiobus.org\/huma\/edicion2025\/presentaciones\/","title":{"rendered":"Presentaciones"},"content":{"rendered":"<p>[et_pb_section fb_built=\u00bb1&#8243; _builder_version=\u00bb4.14.6&#8243; _module_preset=\u00bbdefault\u00bb custom_margin=\u00bb0px||||false|false\u00bb custom_padding=\u00bb0px||0px|||\u00bb global_colors_info=\u00bb{}\u00bb][et_pb_row _builder_version=\u00bb4.14.6&#8243; _module_preset=\u00bbdefault\u00bb custom_margin=\u00bb0px||||false|false\u00bb global_colors_info=\u00bb{}\u00bb][et_pb_column type=\u00bb4_4&#8243; _builder_version=\u00bb4.14.6&#8243; _module_preset=\u00bbdefault\u00bb global_colors_info=\u00bb{}\u00bb][et_pb_cta title=\u00bbPRESENTACI\u00d3N EN EL CONGRESO\u00bb _builder_version=\u00bb4.14.6&#8243; _module_preset=\u00bbdefault\u00bb header_font=\u00bb|300|||||||\u00bb header_text_color=\u00bb#4FC1ED\u00bb header_font_size=\u00bb42px\u00bb background_enable_color=\u00bboff\u00bb custom_padding=\u00bb27px||0px||false|false\u00bb border_width_top=\u00bb4px\u00bb border_color_top=\u00bb#4FC1ED\u00bb border_width_bottom=\u00bb4px\u00bb border_color_bottom=\u00bb#4FC1ED\u00bb global_colors_info=\u00bb{}\u00bb][\/et_pb_cta][et_pb_text _builder_version=\u00bb4.14.6&#8243; global_colors_info=\u00bb{}\u00bb]<\/p>\n<ul>\n<li>El autor de contacto debe remitir el archivo de la presentaci\u00f3n <strong>con anterioridad a la celebraci\u00f3n del congreso <\/strong>y en las <a href=\"https:\/\/icon.kiobus.org\/huma\/edicion2025\/fechas-clave\/\" target=\"_blank\" rel=\"noopener\">fechas clave<\/a> indicadas.<\/li>\n<li>Esto debe hacerse para cualquier aportaci\u00f3n (ponencia invitada I+D+i, simposio invitado, comunicaci\u00f3n o p\u00f3ster).<\/li>\n<li>Ser\u00e1 la Organizaci\u00f3n del congreso quien, una vez recibido el archivo, lo insertar\u00e1 en la plataforma del Congreso.<\/li>\n<\/ul>\n<p>[\/et_pb_text][\/et_pb_column][\/et_pb_row][\/et_pb_section][et_pb_section fb_built=\u00bb1&#8243; _builder_version=\u00bb3.22&#8243; custom_padding=\u00bb30px|||||\u00bb collapsed=\u00bboff\u00bb global_colors_info=\u00bb{}\u00bb][et_pb_row _builder_version=\u00bb4.0.11&#8243; global_colors_info=\u00bb{}\u00bb][et_pb_column type=\u00bb4_4&#8243; _builder_version=\u00bb4.0.11&#8243; global_colors_info=\u00bb{}\u00bb][et_pb_cta button_text=\u00bbClics\u00bb _builder_version=\u00bb4.14.6&#8243; header_level=\u00bbh1&#8243; header_font=\u00bb|300|||||||\u00bb header_text_color=\u00bb#000000&#8243; header_font_size=\u00bb42px\u00bb body_text_color=\u00bb#4FC1ED\u00bb background_enable_color=\u00bboff\u00bb custom_padding=\u00bb27px||0px||false|false\u00bb border_width_top=\u00bb4px\u00bb border_color_top=\u00bb#4FC1ED\u00bb border_width_bottom=\u00bb4px\u00bb border_color_bottom=\u00bb#4FC1ED\u00bb global_colors_info=\u00bb{}\u00bb]<\/p>\n<h4><span style=\"color: #000000;\">A continuaci\u00f3n se indican los detalles para los participantes seg\u00fan los tipos de aportaciones que tengan:<\/span><\/h4>\n<p>[\/et_pb_cta][et_pb_tabs _builder_version=\u00bb4.14.6&#8243; hover_enabled=\u00bb0&#8243; global_colors_info=\u00bb{}\u00bb sticky_enabled=\u00bb0&#8243;][et_pb_tab title=\u00bbCOMUNICACI\u00d3N, SIMPOSIO INVITADO, PONENCIA INVITADA I+D+i\u00bb _builder_version=\u00bb4.14.6&#8243; hover_enabled=\u00bb0&#8243; global_colors_info=\u00bb{}\u00bb sticky_enabled=\u00bb0&#8243;]<\/p>\n<h3 style=\"text-align: center;\">En todos los casos:<\/h3>\n<hr \/>\n<p style=\"text-align: justify;\">1.<a href=\"https:\/\/icon.kiobus.org\/huma\/edicion2025\/wp-content\/uploads\/2024\/07\/Presentacion-ICON-huma.pptx\" target=\"_blank\" rel=\"noopener\"><strong> Haga clic aqu\u00ed para descargar la plantilla<\/strong>\u00a0<\/a>si va a usar una presentaci\u00f3n de diapositivas<\/p>\n<p style=\"text-align: justify;\"><span style=\"font-size: 16px;\">2. P<strong>ara enviar su material<\/strong> de presentaci\u00f3n debe acceder a <strong><a href=\"https:\/\/icon.kiobus.org\/huma\/edicion2025\/mi-cuenta\/\" target=\"_blank\" rel=\"noopener\">\u00abMi cuenta\u00bb <\/a><\/strong>en el men\u00fa superior y cumplimentar el formulario \u00abEnv\u00edo Material\u00bb.<\/span><\/p>\n<hr \/>\n<p><span style=\"font-size: 16px;\">\u00a0<\/span><\/p>\n<p><span style=\"font-size: 16px;\">Hay <\/span><strong style=\"font-size: 16px;\">3 opciones<\/strong><span style=\"font-size: 16px;\"> posibles respecto al formato del material a enviar:\u00a0\u00a0<\/span><\/p>\n<p><span><strong><span style=\"font-size: 16px;\">OPCI\u00d3N 1: <\/span><strong style=\"font-size: 16px;\">Presentaci\u00f3n a trav\u00e9s de una \u00abpresentaci\u00f3n de diapositivas\u00bb en formato pdf<\/strong><span style=\"font-size: 16px;\">.<\/span><\/strong><\/span><\/p>\n<ul>\n<li><span style=\"font-size: 16px;\">Debe utilizar la plantilla indicada y remitir en formato pdf. Debe haber <strong>como m\u00e1ximo 15 diapositivas.<\/strong><\/span><\/li>\n<\/ul>\n<p><span><strong>OPCI\u00d3N 2: Presentaci\u00f3n a trav\u00e9s de un v\u00eddeo previamente grabado<\/strong> <\/span><\/p>\n<ul>\n<li><span>El v\u00eddeo puede contar con apoyo o no de una presentaci\u00f3n de diapositivas (en caso de presentaci\u00f3n de diapositivas, puede verse el rostro del ponente o solo la voz). <\/span><\/li>\n<li>La duraci\u00f3n del v\u00eddeo <strong>no debe sobrepasar los 7 minutos<\/strong> (para ponencias invitadas I+D+i y comunicaciones orales).<\/li>\n<li>Por ejemplo, puede utilizarse la opci\u00f3n que tiene PowerPoint para grabar una presentaci\u00f3n de diapositivas.<\/li>\n<li><strong>En caso de simposio<\/strong>, la duraci\u00f3n total del v\u00eddeo no debe superar los 30 minutos. Debe ser un \u00fanico v\u00eddeo donde se expongan todas las intervenciones del simposio. As\u00ed pues, todas las intervenciones de un simposio se enviar\u00e1n en un \u00fanico archivo de v\u00eddeo.<\/li>\n<li>Es <strong>IMPORTANTE<\/strong> que vea los requisitos que debe tener el v\u00eddeo antes de grabarlo. En la parte inferior de esta p\u00e1gina web puede ver los detalles (tambi\u00e9n podr\u00e1 ver orientaciones para la grabaci\u00f3n).<\/li>\n<\/ul>\n<p><strong>OPCI\u00d3N 3: Presentaci\u00f3n de la comunicaci\u00f3n con el trabajo completo (texto de la fase 2)<\/strong><span>.<\/span><br \/><strong style=\"font-size: 16px;\"><\/strong><\/p>\n<ul>\n<li>Esta forma de presentaci\u00f3n est\u00e1 restringida a aquellos casos en los que se opta por enviar texto en la fase 2 y, adem\u00e1s, los autores del texto enviado en la fase 1 coinciden con los autores del texto enviado en la fase 2.<\/li>\n<li>Este texto completo se enviar\u00e1 dos veces y por dos v\u00edas: a) como material para su presentaci\u00f3n en el congreso y b) tambi\u00e9n se enviar\u00e1 como se indica en \u00abProceso de env\u00edo\u00bb\/fase 2 para ser publicado (v\u00e9anse las <strong><a href=\"https:\/\/icon.kiobus.org\/huma\/edicion2025\/normas-de-publicacion-2\/\" target=\"_blank\" rel=\"noopener\">normas de publicaci\u00f3n de la fase 2<\/a><\/strong>) .<\/li>\n<\/ul>\n<p><span><\/span><\/p>\n<p>[\/et_pb_tab][et_pb_tab title=\u00bbP\u00d3STER\u00bb _builder_version=\u00bb4.14.6&#8243; global_colors_info=\u00bb{}\u00bb]<\/p>\n<h3 style=\"text-align: center;\">En todos los casos:<\/h3>\n<hr \/>\n<p style=\"text-align: justify;\">1.<strong><a href=\"https:\/\/icon.kiobus.org\/huma\/edicion2025\/wp-content\/uploads\/2024\/07\/poster-ICON-huma.pptx\" target=\"_blank\" rel=\"noopener\"> Haga clic aqu\u00ed para descargar la plantilla<\/a><\/strong>\u00a0si va a usar una presentaci\u00f3n de diapositivas<\/p>\n<p style=\"text-align: justify;\"><span style=\"font-size: 16px;\">2. P<strong>ara enviar su material<\/strong> de presentaci\u00f3n debe acceder a <a href=\"https:\/\/icon.kiobus.org\/huma\/edicion2025\/mi-cuenta\/\" target=\"_blank\" rel=\"noopener\"><strong>\u00abMi cuenta\u00bb<\/strong> <\/a>en el men\u00fa superior y cumplimentar el formulario \u00abEnv\u00edo Material\u00bb.<\/span><\/p>\n<hr \/>\n<ul><\/ul>\n<ul>\n<li>Se remitir\u00e1 el p\u00f3ster con un archivo en pdf.<\/li>\n<li>De forma excepcional puede utilizarse otra plantilla, pero, obligatoriamente, en la parte superior dcha. deber\u00e1 aparecer citado el texto: \u00abICON-huma 2024, <strong>\u00a0<em>International Congress: Humanities and Knowledge\u00bb.<\/em><\/strong><\/li>\n<\/ul>\n<p>[\/et_pb_tab][\/et_pb_tabs][\/et_pb_column][\/et_pb_row][et_pb_row _builder_version=\u00bb4.0.11&#8243; global_colors_info=\u00bb{}\u00bb][et_pb_column type=\u00bb4_4&#8243; _builder_version=\u00bb4.0.11&#8243; global_colors_info=\u00bb{}\u00bb][et_pb_cta button_text=\u00bbClics\u00bb _builder_version=\u00bb4.14.6&#8243; header_level=\u00bbh1&#8243; header_font=\u00bb|300|||||||\u00bb header_text_color=\u00bb#000000&#8243; header_font_size=\u00bb42px\u00bb body_text_color=\u00bb#4FC1ED\u00bb background_enable_color=\u00bboff\u00bb custom_padding=\u00bb27px||0px||false|false\u00bb border_width_top=\u00bb4px\u00bb border_color_top=\u00bb#4FC1ED\u00bb border_width_bottom=\u00bb4px\u00bb border_color_bottom=\u00bb#4FC1ED\u00bb global_colors_info=\u00bb{}\u00bb]<\/p>\n<h4 style=\"text-align: center;\"><span style=\"color: #000000;\">Si va a enviar un v\u00eddeo, le orientamos en este proceso:<\/span><\/h4>\n<p>[\/et_pb_cta][et_pb_tabs _builder_version=\u00bb4.14.6&#8243; global_colors_info=\u00bb{}\u00bb][et_pb_tab title=\u00bb1. Preparar la presentaci\u00f3n \u00bb _builder_version=\u00bb4.14.6&#8243; global_colors_info=\u00bb{}\u00bb]<\/p>\n<p>Una opci\u00f3n sencilla es preparar una presentaci\u00f3n de diapositivas (con PowerPoint, Googledrive, Prezi, etc.) con la plantilla. Podr\u00e1 apoyarse en ella para su narraci\u00f3n.<\/p>\n<p>Tambi\u00e9n puede optar por no usar presentaci\u00f3n de diapositivas. En ese caso, deber\u00e1 preparar su narraci\u00f3n para exponerla ante la c\u00e1mara.<\/p>\n<p><span>Sea cual sea la opci\u00f3n, la presentaci\u00f3n deber\u00e1 estructurarse de forma clara.\u00a0<\/span><\/p>\n<p>[\/et_pb_tab][et_pb_tab title=\u00bb2. Grabar el v\u00eddeo\u00bb _builder_version=\u00bb4.14.6&#8243; global_colors_info=\u00bb{}\u00bb]<\/p>\n<p><b>Condiciones t\u00e9cnicas\u00a0<\/b>a tener en cuenta:<span><\/span><\/p>\n<ul>\n<li>Tiempo total del v\u00eddeo: si es comunicaci\u00f3n, entre 5\u2032 y 7\u2032 (de 5 a 7 minutos); si es simposio, hasta 30 minutos.<\/li>\n<li>En el v\u00eddeo puede aparecer el rostro del autor\/es o solo la voz en off.\u00a0<span>Se recomienda que s\u00ed se vea el rostro ya que es m\u00e1s motivadora la explicaci\u00f3n.<\/span><\/li>\n<li>Formato del v\u00eddeo: MP4 (MPEG-4); en el caso de comunicaciones, el archivo no debe \u00abpesar\u00bb m\u00e1s de 200 Mb.<\/li>\n<\/ul>\n<p>Para grabar el v\u00eddeo se recomiendan las siguientes<span>\u00a0<\/span><strong>opciones<\/strong>:<\/p>\n<p><span>a) Usar GoogleMeet para grabar el v\u00eddeo\u00a0con una cuenta de gmail (la persona que graba debe tener cuenta gmail de Google\u00a0Workspace o de instituci\u00f3n educativa). Solo tendr\u00e1 que compartir pantalla para que se vea la presentaci\u00f3n de diapositivas que ha preparado y grabar la sesi\u00f3n.\u00a0 Cuando acabe la narraci\u00f3n,\u00a0 pare de grabar\u00a0y autom\u00e1ticamente se subir\u00e1 el archivo a GoogleDrive pasados unos minutos.\u00a0<\/span><\/p>\n<p><span>b) Usar la opci\u00f3n que tiene PowerPoint de \u00abgrabar v\u00eddeo\u00bb. Una vez grabado el archivo, lo guardaremos en nuestro ordenador y pasaremos al siguiente paso.<\/span><\/p>\n<p>c)\u00a0<span>Tambi\u00e9n puede\u00a0<\/span><span>grabarse el v\u00eddeo con otra aplicaci\u00f3n web como ODS, Screencast, etc. Lo que importa es que, teniendo en cuenta las condiciones t\u00e9cnicas indicadas para el v\u00eddeo, al final debe estar subido y compartido en GoogleDrive.<\/span><\/p>\n<p>[\/et_pb_tab][et_pb_tab title=\u00bb3. Subir el v\u00eddeo a GoogleDrive\u00bb _builder_version=\u00bb4.14.6&#8243; global_colors_info=\u00bb{}\u00bb]<\/p>\n<p><span>Finalmente el v\u00eddeo debe subirse a GoogleDrive desde una cuenta de gmail y marcar \u00abcompartir para cualquiera que tenga el enlace\u00bb.\u00a0<\/span><\/p>\n<p>[\/et_pb_tab][et_pb_tab title=\u00bb4. Enviar el enlace\u00bb _builder_version=\u00bb4.14.6&#8243; global_colors_info=\u00bb{}\u00bb]<\/p>\n<p>Enviar el enlace a trav\u00e9s del formulario en \u00abMi cuenta\u00bb que hemos habilitado para ello (formulario \u00abenv\u00edo material\u00bb).<span><\/span><\/p>\n<p>[\/et_pb_tab][\/et_pb_tabs][\/et_pb_column][\/et_pb_row][et_pb_row _builder_version=\u00bb4.0.11&#8243; global_colors_info=\u00bb{}\u00bb][et_pb_column type=\u00bb4_4&#8243; _builder_version=\u00bb4.0.11&#8243; global_colors_info=\u00bb{}\u00bb][et_pb_cta button_text=\u00bbClics\u00bb _builder_version=\u00bb4.14.6&#8243; header_level=\u00bbh1&#8243; header_font=\u00bb|300|||||||\u00bb header_text_color=\u00bb#000000&#8243; header_font_size=\u00bb42px\u00bb body_text_color=\u00bb#4FC1ED\u00bb background_enable_color=\u00bboff\u00bb custom_padding=\u00bb27px||0px||false|false\u00bb border_width_top=\u00bb4px\u00bb border_color_top=\u00bb#4FC1ED\u00bb border_width_bottom=\u00bb4px\u00bb border_color_bottom=\u00bb#4FC1ED\u00bb global_colors_info=\u00bb{}\u00bb]<\/p>\n<p><span style=\"color: #000000;\">Los autores\/as, al remitir sus presentaciones en cualquier modalidad, ceden los derechos sobre los mismos a este Congreso, que podr\u00e1 publicarlas y reproducirlas a trav\u00e9s de la plataforma del Congreso o en las salas presenciales. As\u00ed pues, los autores otorgan permiso a los organizadores del Congreso para publicar, reproducir, distribuir, mostrar y almacenar sus materiales de forma virtual o presencial.<\/span><\/p>\n<p>[\/et_pb_cta][\/et_pb_column][\/et_pb_row][\/et_pb_section]<\/p>\n","protected":false},"excerpt":{"rendered":"<p>El autor de contacto debe remitir el archivo de la presentaci\u00f3n con anterioridad a la celebraci\u00f3n del congreso y en las fechas clave indicadas. Esto debe hacerse para cualquier aportaci\u00f3n (ponencia invitada I+D+i, simposio invitado, comunicaci\u00f3n o p\u00f3ster). Ser\u00e1 la Organizaci\u00f3n del congreso quien, una vez recibido el archivo, lo insertar\u00e1 en la plataforma del [&hellip;]<\/p>\n","protected":false},"author":1,"featured_media":0,"parent":0,"menu_order":0,"comment_status":"closed","ping_status":"closed","template":"","meta":{"_et_pb_use_builder":"on","_et_pb_old_content":"","_et_gb_content_width":"","_mc_calendar":[],"footnotes":""},"class_list":["post-704","page","type-page","status-publish","hentry"],"_links":{"self":[{"href":"https:\/\/icon.kiobus.org\/huma\/edicion2025\/wp-json\/wp\/v2\/pages\/704","targetHints":{"allow":["GET"]}}],"collection":[{"href":"https:\/\/icon.kiobus.org\/huma\/edicion2025\/wp-json\/wp\/v2\/pages"}],"about":[{"href":"https:\/\/icon.kiobus.org\/huma\/edicion2025\/wp-json\/wp\/v2\/types\/page"}],"author":[{"embeddable":true,"href":"https:\/\/icon.kiobus.org\/huma\/edicion2025\/wp-json\/wp\/v2\/users\/1"}],"replies":[{"embeddable":true,"href":"https:\/\/icon.kiobus.org\/huma\/edicion2025\/wp-json\/wp\/v2\/comments?post=704"}],"version-history":[{"count":157,"href":"https:\/\/icon.kiobus.org\/huma\/edicion2025\/wp-json\/wp\/v2\/pages\/704\/revisions"}],"predecessor-version":[{"id":7398,"href":"https:\/\/icon.kiobus.org\/huma\/edicion2025\/wp-json\/wp\/v2\/pages\/704\/revisions\/7398"}],"wp:attachment":[{"href":"https:\/\/icon.kiobus.org\/huma\/edicion2025\/wp-json\/wp\/v2\/media?parent=704"}],"curies":[{"name":"wp","href":"https:\/\/api.w.org\/{rel}","templated":true}]}}