{"id":712,"date":"2021-11-08T11:44:30","date_gmt":"2021-11-08T10:44:30","guid":{"rendered":"https:\/\/icon.kiobus.org\/huma\/edicion2025\/?page_id=712"},"modified":"2025-08-06T09:08:42","modified_gmt":"2025-08-06T07:08:42","slug":"proceso-de-envio","status":"publish","type":"page","link":"https:\/\/icon.kiobus.org\/huma\/edicion2025\/proceso-de-envio\/","title":{"rendered":"Proceso de env\u00edo"},"content":{"rendered":"<p>[et_pb_section fb_built=\u00bb1&#8243; _builder_version=\u00bb4.14.6&#8243; custom_margin=\u00bb0px||0px||false|false\u00bb custom_padding=\u00bb0px||0px||false|false\u00bb animation_style=\u00bbfade\u00bb collapsed=\u00bboff\u00bb global_colors_info=\u00bb{}\u00bb][et_pb_row _builder_version=\u00bb4.14.6&#8243; _module_preset=\u00bbdefault\u00bb global_colors_info=\u00bb{}\u00bb][et_pb_column type=\u00bb4_4&#8243; _builder_version=\u00bb4.14.6&#8243; _module_preset=\u00bbdefault\u00bb global_colors_info=\u00bb{}\u00bb][et_pb_text _builder_version=\u00bb4.14.6&#8243; _module_preset=\u00bbdefault\u00bb background_color=\u00bb#FFFFFF\u00bb global_colors_info=\u00bb{}\u00bb]<\/p>\n<h3><strong>En esta secci\u00f3n se detallan los 4 pasos para enviar su aportaci\u00f3n (comunicaci\u00f3n oral, p\u00f3ster, simposio invitado y ponencia invitada I+D+i):<\/strong><\/h3>\n<p>[\/et_pb_text][\/et_pb_column][\/et_pb_row][et_pb_row _builder_version=\u00bb4.14.6&#8243; _module_preset=\u00bbdefault\u00bb global_colors_info=\u00bb{}\u00bb][et_pb_column type=\u00bb4_4&#8243; _builder_version=\u00bb4.14.6&#8243; _module_preset=\u00bbdefault\u00bb global_colors_info=\u00bb{}\u00bb][et_pb_accordion _builder_version=\u00bb4.14.6&#8243; _module_preset=\u00bbdefault\u00bb hover_enabled=\u00bb0&#8243; global_colors_info=\u00bb{}\u00bb sticky_enabled=\u00bb0&#8243;][et_pb_accordion_item title=\u00bbANTES DE ENVIAR UNA APORTACI\u00d3N&#8230;\u00bb open=\u00bbon\u00bb _builder_version=\u00bb4.14.6&#8243; _module_preset=\u00bbdefault\u00bb global_colors_info=\u00bb{}\u00bb]<\/p>\n<h3 class=\"textoTituloPagina\"><span style=\"font-size: 15px;\"><strong><span style=\"color: #666666;\">Compruebe:<\/span><\/strong><\/span><\/h3>\n<ul>\n<li>Que tiene claro qu\u00e9 tipo de aportaci\u00f3n quiere realizar: <strong>simposio invitado, ponencia invitada I+D+i, comunicaci\u00f3n o p\u00f3ster.<\/strong><\/li>\n<li>\n<p>Que opta por enviar la aportaci\u00f3n de forma individual o en coautor\u00eda. En este \u00faltimo caso, ser\u00e1 solo el autor o autora de contacto quien deber\u00e1 seguir el siguiente proceso de env\u00edo y ser\u00e1 quien se comunicar\u00e1 con la Organizaci\u00f3n y viceversa.<\/p>\n<\/li>\n<li>\n<p>Que tiene en cuenta el<a href=\"https:\/\/icon.kiobus.org\/huma\/edicion2025\/inscripcion\/\" target=\"_blank\" rel=\"noopener\"> importe de la inscripci\u00f3n<\/a> correspondiente seg\u00fan la modalidad que elija de participaci\u00f3n y cu\u00e1ndo proceder a su pago.<\/p>\n<\/li>\n<\/ul>\n<p>[\/et_pb_accordion_item][et_pb_accordion_item title=\u00bb0. Si va a presentar un Simposio Invitado&#8230;\u00bb _builder_version=\u00bb4.14.6&#8243; _module_preset=\u00bbdefault\u00bb global_colors_info=\u00bb{}\u00bb open=\u00bboff\u00bb]<\/p>\n<p>Cualquier participante, junto a otros\/as colegas, puede presentar un Simposio Invitado.<\/p>\n<h3><a href=\"https:\/\/icon.kiobus.org\/huma\/edicion2025\/simposios-invitado\/\">Normas a seguir<\/a><\/h3>\n<p>[\/et_pb_accordion_item][et_pb_accordion_item title=\u00bb1. ENV\u00cdO DE APORTACIONES (FASE 1): RESUMEN AMPLIADO (500-600 palabras) hasta el 3 de noviembre\u00bb _builder_version=\u00bb4.14.6&#8243; _module_preset=\u00bbdefault\u00bb global_colors_info=\u00bb{}\u00bb open=\u00bboff\u00bb]<\/p>\n<table border=\"1\" style=\"border-collapse: collapse; width: 100%;\">\n<tbody>\n<tr>\n<td style=\"width: 70%;\">En esta fase 1 debe redactar un <strong>texto<\/strong> (resumen ampliado) que tenga entre <strong>500-600 palabras<\/strong>. Este texto debe cumplir las siguientes normas:<\/p>\n<h3 style=\"text-align: left;\"><a style=\"text-decoration: none;\" href=\"https:\/\/icon.kiobus.org\/huma\/edicion2025\/normas-de-publicacion\" target=\"_blank\" rel=\"noopener\" title=\"normas\"><strong>1. Acceda desde aqu\u00ed a las normas generales para presentar<\/strong><\/a><a href=\"https:\/\/icon.kiobus.org\/huma\/edicion2025\/normas-de-publicacion\" target=\"_blank\" rel=\"noopener\" title=\"normas\"><strong> aportacion<\/strong><\/a><a href=\"https:\/\/icon.kiobus.org\/huma\/edicion2025\/normas-de-publicacion\" target=\"_blank\" rel=\"noopener\" title=\"normas\"><strong>es<\/strong><\/a><a style=\"text-decoration: none;\" href=\"https:\/\/icon.kiobus.org\/huma\/edicion2025\/normas-de-publicacion\" target=\"_blank\" rel=\"noopener\" title=\"normas\"><strong> en la fase 1<\/strong><\/a><\/h3>\n<h3 style=\"text-align: left;\"><a href=\"https:\/\/icon.kiobus.org\/huma\/edicion2025\/mi-cuenta\/\" target=\"_blank\" rel=\"noopener\">2. Env\u00edo de la aportaci\u00f3n (fase 1)<\/a><\/h3>\n<\/td>\n<td style=\"width: 30%;\"><a target=\"_blank\" class=\"et_pb_button\" href=\"https:\/\/icon.kiobus.org\/huma\/edicion2025\/normas-de-publicacion\" rel=\"noopener\">Normas Fase 1<\/a><\/p>\n<p><a target=\"_blank\" class=\"et_pb_button\" href=\"https:\/\/icon.kiobus.org\/huma\/edicion2025\/mi-cuenta\/\" rel=\"noopener\">Env\u00edo Aportaci\u00f3n<\/a><\/td>\n<\/tr>\n<\/tbody>\n<\/table>\n<p>[\/et_pb_accordion_item][et_pb_accordion_item title=\u00bb2. PAGO DE LA MATR\u00cdCULA POR PARTE DE TODOS LOS AUTORES\/AS hasta el 1 de noviembre al menos un autor; el resto, hasta el 3 (reducido) o 10 de noviembre\u00bb _builder_version=\u00bb4.14.6&#8243; _module_preset=\u00bbdefault\u00bb global_colors_info=\u00bb{}\u00bb open=\u00bboff\u00bb]<\/p>\n<h3><a style=\"text-decoration: none;\" href=\"https:\/\/icon.kiobus.org\/huma\/edicion2025\/mi-cuenta\/\" target=\"_blank\" rel=\"noopener\">Acceda a \u00abmi cuenta\u00bb para abonar la matr\u00edcula (pagar la inscripci\u00f3n)<\/a><\/h3>\n<p>[\/et_pb_accordion_item][et_pb_accordion_item title=\u00bb3. ENV\u00cdO DE LA PRESENTACI\u00d3N PARA LA EXPOSICI\u00d3N EN EL CONGRESO del 4 al 14 de noviembre\u00bb _builder_version=\u00bb4.14.6&#8243; _module_preset=\u00bbdefault\u00bb global_colors_info=\u00bb{}\u00bb open=\u00bboff\u00bb]<\/p>\n<h3><a style=\"text-decoration: none;\" href=\"https:\/\/icon.kiobus.org\/huma\/edicion2025\/presentaciones\/\" target=\"_blank\" rel=\"noopener\" title=\"normas\"><strong>1. Acceda desde aqu\u00ed a las normas generales para preparar su presentaci\u00f3n en el congreso<\/strong><\/a><\/h3>\n<h3><a style=\"text-decoration: none;\" href=\"https:\/\/icon.kiobus.org\/huma\/edicion2025\/mi-cuenta\/\" target=\"_blank\" rel=\"noopener\">2. Env\u00edo del material para su presentaci\u00f3n<\/a><\/h3>\n<p>[\/et_pb_accordion_item][et_pb_accordion_item title=\u00bb4. ENV\u00cdO (VOLUNTARIO) DE UN TEXTO COMPLETO (FASE 2) hasta el 8 de enero de 2026&#8243; _builder_version=\u00bb4.14.6&#8243; _module_preset=\u00bbdefault\u00bb hover_enabled=\u00bb0&#8243; global_colors_info=\u00bb{}\u00bb open=\u00bboff\u00bb sticky_enabled=\u00bb0&#8243;]<\/p>\n<ul>\n<li><strong>Recuerde que no es obligatorio el env\u00edo del trabajo completo en esta fase 2.<\/strong><\/li>\n<li>Un participante podr\u00e1 constar en una \u00fanica publicaci\u00f3n. Por tanto, <strong>si ha presentado dos aportaciones en la fase 1, deber\u00e1 elegir una para ello.<\/strong><\/li>\n<li>Si se quiere publicar m\u00e1s de un texto completo en esta fase 2, se deber\u00e1 realizar tantas matr\u00edculas extra como trabajos extra se quieran publicar (tanto art\u00edculos como cap\u00edtulos).<\/li>\n<\/ul>\n<h3 style=\"text-align: left;\"><a style=\"text-decoration: none;\" href=\"https:\/\/icon.kiobus.org\/huma\/edicion2025\/normas-de-publicacion-2\" title=\"normas fase 2\" target=\"_blank\" rel=\"noopener\">1. Acceda desde aqu\u00ed a las normas generales para presentar aportaciones en la fase 2 (tanto para cap\u00edtulos de libro como art\u00edculos de revista)<\/a><\/h3>\n<h3 style=\"text-align: left;\"><a style=\"text-decoration: none;\" href=\"https:\/\/icon.kiobus.org\/huma\/edicion2025\/mi-cuenta\/\" target=\"_blank\" rel=\"noopener\">2. Env\u00edo del texto completo para cap\u00edtulo de libro o e<\/a><a href=\"https:\/\/icon.kiobus.org\/huma\/edicion2025\/login\/\" target=\"_blank\" rel=\"noopener\">nv\u00edo del formulario sobre el art\u00edculo de revista<\/a><\/h3>\n<p>[\/et_pb_accordion_item][\/et_pb_accordion][\/et_pb_column][\/et_pb_row][\/et_pb_section]<\/p>\n","protected":false},"excerpt":{"rendered":"<p>En esta secci\u00f3n se detallan los 4 pasos para enviar su aportaci\u00f3n (comunicaci\u00f3n oral, p\u00f3ster, simposio invitado y ponencia invitada I+D+i):Compruebe: Que tiene claro qu\u00e9 tipo de aportaci\u00f3n quiere realizar: simposio invitado, ponencia invitada I+D+i, comunicaci\u00f3n o p\u00f3ster. Que opta por enviar la aportaci\u00f3n de forma individual o en coautor\u00eda. En este \u00faltimo caso, ser\u00e1 [&hellip;]<\/p>\n","protected":false},"author":1,"featured_media":0,"parent":0,"menu_order":0,"comment_status":"closed","ping_status":"closed","template":"","meta":{"_et_pb_use_builder":"on","_et_pb_old_content":"","_et_gb_content_width":"","_mc_calendar":[],"footnotes":""},"class_list":["post-712","page","type-page","status-publish","hentry"],"_links":{"self":[{"href":"https:\/\/icon.kiobus.org\/huma\/edicion2025\/wp-json\/wp\/v2\/pages\/712","targetHints":{"allow":["GET"]}}],"collection":[{"href":"https:\/\/icon.kiobus.org\/huma\/edicion2025\/wp-json\/wp\/v2\/pages"}],"about":[{"href":"https:\/\/icon.kiobus.org\/huma\/edicion2025\/wp-json\/wp\/v2\/types\/page"}],"author":[{"embeddable":true,"href":"https:\/\/icon.kiobus.org\/huma\/edicion2025\/wp-json\/wp\/v2\/users\/1"}],"replies":[{"embeddable":true,"href":"https:\/\/icon.kiobus.org\/huma\/edicion2025\/wp-json\/wp\/v2\/comments?post=712"}],"version-history":[{"count":207,"href":"https:\/\/icon.kiobus.org\/huma\/edicion2025\/wp-json\/wp\/v2\/pages\/712\/revisions"}],"predecessor-version":[{"id":7996,"href":"https:\/\/icon.kiobus.org\/huma\/edicion2025\/wp-json\/wp\/v2\/pages\/712\/revisions\/7996"}],"wp:attachment":[{"href":"https:\/\/icon.kiobus.org\/huma\/edicion2025\/wp-json\/wp\/v2\/media?parent=712"}],"curies":[{"name":"wp","href":"https:\/\/api.w.org\/{rel}","templated":true}]}}