{"id":1009,"date":"2021-12-28T08:45:49","date_gmt":"2021-12-28T07:45:49","guid":{"rendered":"https:\/\/icon.kiobus.org\/social-huma\/?page_id=1009"},"modified":"2026-04-16T06:21:00","modified_gmt":"2026-04-16T04:21:00","slug":"inscripcion","status":"publish","type":"page","link":"https:\/\/icon.kiobus.org\/social-huma\/inscripcion\/","title":{"rendered":"Inscripci\u00f3n"},"content":{"rendered":"<p>[et_pb_section fb_built=\u00bb1&#8243; _builder_version=\u00bb4.16&#8243; custom_margin=\u00bb0px||||false|false\u00bb custom_padding=\u00bb0px||19px||false|false\u00bb global_colors_info=\u00bb{}\u00bb][et_pb_row _builder_version=\u00bb4.16&#8243; custom_margin=\u00bb1px||||false|false\u00bb custom_padding=\u00bb0px||0px||false|false\u00bb global_colors_info=\u00bb{}\u00bb][et_pb_column type=\u00bb4_4&#8243; _builder_version=\u00bb4.16&#8243; global_colors_info=\u00bb{}\u00bb][et_pb_cta button_text=\u00bbClics\u00bb _builder_version=\u00bb4.23.3&#8243; _module_preset=\u00bbdefault\u00bb background_color=\u00bb#0198A3&#8243; custom_padding=\u00bb27px|17px|0px|17px|false|false\u00bb border_radii=\u00bbon|7px|7px|7px|7px\u00bb box_shadow_style=\u00bbpreset3&#8243; global_colors_info=\u00bb{}\u00bb]<\/p>\n<h4>La inscripci\u00f3n al Congreso (pago de matr\u00edcula) es obligatoria para<br \/>todos los\/las autores\/as que presenten cualquier tipo y modalidad de aportaci\u00f3n.<\/h4>\n<p>[\/et_pb_cta][et_pb_button button_url=\u00bbhttps:\/\/icon.kiobus.org\/social-huma\/instrucciones-y-envio\/pago-matricula\/\u00bb button_text=\u00bbHAGA CLIC AQU\u00cd PARA INSCRIBIRSE \u00bb button_alignment=\u00bbcenter\u00bb _builder_version=\u00bb4.23.3&#8243; _module_preset=\u00bbdefault\u00bb custom_button=\u00bbon\u00bb button_text_color=\u00bb#FFFFFF\u00bb button_bg_color=\u00bb#0198A3&#8243; button_icon=\u00bb&#xf101;||fa||900&#8243; global_colors_info=\u00bb{}\u00bb][\/et_pb_button][et_pb_text _builder_version=\u00bb4.23.3&#8243; inline_fonts=\u00bbAllan\u00bb global_colors_info=\u00bb{}\u00bb]<\/p>\n<p style=\"text-align: left; padding-left: 80px;\"><span><strong>\u00a0IFAS:<\/strong><\/span><\/p>\n<table style=\"height: 553px; border-color: rgba(0, 0, 0, 0.6); width: 963px; margin-left: auto; margin-right: auto;\" width=\"963\" height=\"187\">\n<tbody>\n<tr style=\"height: 47px;\">\n<td style=\"border-color: rgba(0, 0, 0, 0.6); width: 314.844px; height: 47px; text-align: left;\"><strong>Modalidad de participaci\u00f3n<br \/><\/strong><strong style=\"font-family: inherit; font-size: inherit;\">(<a href=\"https:\/\/icon.kiobus.org\/social-huma\/modalidades\/\">+ info sobre modalidades<\/a>)<\/strong><\/td>\n<td style=\"border-color: rgba(0, 0, 0, 0.6); width: 312.609px; height: 47px;\"><strong>Inscripci\u00f3n reducida hasta el<\/strong> <strong><span>2\/11\/2026<\/span><\/strong><\/td>\n<td style=\"border-color: rgba(0, 0, 0, 0.6); width: 313.547px; height: 47px;\"><strong>Inscripci\u00f3n ordinaria (del 3\/11<span>\/2026 al 9\/11\/2026)<\/span><\/strong><\/td>\n<\/tr>\n<tr>\n<td style=\"border-color: rgba(0, 0, 0, 0.6); width: 314.844px;\">Inscripci\u00f3n A<\/td>\n<td style=\"border-color: rgba(0, 0, 0, 0.6); width: 312.609px;\">85 \u20ac (virtual); 95 \u20ac (presencial)<\/td>\n<td style=\"border-color: rgba(0, 0, 0, 0.6); width: 313.547px;\">110 \u20ac (virtual); 135 \u20ac (presencial)<\/td>\n<\/tr>\n<tr>\n<td style=\"border-color: rgba(0, 0, 0, 0.6); width: 314.844px;\">Inscripci\u00f3n B1<\/td>\n<td style=\"border-color: rgba(0, 0, 0, 0.6); width: 312.609px;\">130 \u20ac (virtual); 160 \u20ac (presencial)<\/td>\n<td style=\"border-color: rgba(0, 0, 0, 0.6); width: 313.547px;\">165 \u20ac (virtual); 200 \u20ac (presencial)<\/td>\n<\/tr>\n<tr>\n<td style=\"border-color: rgba(0, 0, 0, 0.6); width: 314.844px;\">Inscripci\u00f3n B2<\/td>\n<td style=\"border-color: rgba(0, 0, 0, 0.6); width: 312.609px;\">199 \u20ac (virtual); 215 \u20ac (presencial)<\/td>\n<td style=\"border-color: rgba(0, 0, 0, 0.6); width: 313.547px;\">235 \u20ac (virtual); 250 \u20ac (presencial)<\/td>\n<\/tr>\n<tr>\n<td style=\"border-color: rgba(0, 0, 0, 0.6); width: 314.844px;\">Inscripci\u00f3n P<\/td>\n<td style=\"border-color: rgba(0, 0, 0, 0.6); width: 312.609px;\">300 \u20ac<\/td>\n<td style=\"border-color: rgba(0, 0, 0, 0.6); width: 313.547px;\">450 \u20ac<\/td>\n<\/tr>\n<tr>\n<td style=\"border-color: rgba(0, 0, 0, 0.6); width: 314.844px;\">Inscripci\u00f3n E<\/td>\n<td style=\"border-color: rgba(0, 0, 0, 0.6); width: 312.609px;\">450 \u20ac<\/td>\n<td style=\"border-color: rgba(0, 0, 0, 0.6); width: 313.547px;\">600 \u20ac<\/td>\n<\/tr>\n<tr>\n<td style=\"border-color: rgba(0, 0, 0, 0.6); width: 314.844px;\">Inscripci\u00f3n\u00a0 Asistencia<\/td>\n<td style=\"border-color: rgba(0, 0, 0, 0.6); width: 312.609px;\">60 \u20ac (virtual); 85 \u20ac (presencial)<\/td>\n<td style=\"border-color: rgba(0, 0, 0, 0.6); width: 313.547px;\">90 \u20ac (virtual); 115 \u20ac (presencial)<\/td>\n<\/tr>\n<tr>\n<td style=\"border-color: rgba(0, 0, 0, 0.6); width: 314.844px;\">Inscripci\u00f3n Extra (B1)<\/td>\n<td style=\"border-color: rgba(0, 0, 0, 0.6); width: 312.609px;\">120 \u20ac<\/td>\n<td style=\"border-color: rgba(0, 0, 0, 0.6); width: 313.547px;\">130 \u20ac<\/td>\n<\/tr>\n<tr>\n<td style=\"border-color: rgba(0, 0, 0, 0.6); width: 314.844px; height: 24px;\">Inscripci\u00f3n Extra (B2-P-E)<\/td>\n<td style=\"border-color: rgba(0, 0, 0, 0.6); width: 312.609px; height: 24px;\">180 \u20ac<\/td>\n<td style=\"border-color: rgba(0, 0, 0, 0.6); width: 313.547px; height: 24px;\">190 \u20ac<\/td>\n<\/tr>\n<tr style=\"height: 47px;\">\n<td style=\"border-color: rgba(0, 0, 0, 0.6); width: 314.844px; height: 47px;\">Inscripci\u00f3n Estudiantes<\/td>\n<td style=\"border-color: rgba(0, 0, 0, 0.6); width: 312.609px; height: 47px;\">115 \u20ac<\/td>\n<td style=\"border-color: rgba(0, 0, 0, 0.6); width: 313.547px; height: 47px;\">145 \u20ac<\/td>\n<\/tr>\n<tr style=\"height: 23px;\">\n<td style=\"border-color: rgba(0, 0, 0, 0.6); width: 314.844px; height: 23px;\">Inscripciones cr\u00e9ditos ECTS, oposiciones, concursos, certificado oficial UA<\/td>\n<td style=\"border-color: rgba(0, 0, 0, 0.6); width: 312.609px; height: 23px;\">125 \u20ac<\/td>\n<td style=\"border-color: rgba(0, 0, 0, 0.6); width: 313.547px; height: 23px;\">125 \u20ac<\/td>\n<\/tr>\n<tr>\n<td style=\"border-color: rgba(0, 0, 0, 0.6); width: 314.844px; height: 24px;\">Inscripciones acompa\u00f1antes (presencial)<\/td>\n<td style=\"border-color: rgba(0, 0, 0, 0.6); width: 312.609px; height: 24px;\">30 \u20ac<\/td>\n<td style=\"border-color: rgba(0, 0, 0, 0.6); width: 313.547px; height: 24px;\">30 \u20ac<\/td>\n<\/tr>\n<\/tbody>\n<\/table>\n<p>&nbsp;<\/p>\n<p>[\/et_pb_text][\/et_pb_column][\/et_pb_row][et_pb_row _builder_version=\u00bb4.23.3&#8243; _module_preset=\u00bbdefault\u00bb global_colors_info=\u00bb{}\u00bb][et_pb_column type=\u00bb4_4&#8243; _builder_version=\u00bb4.23.3&#8243; _module_preset=\u00bbdefault\u00bb global_colors_info=\u00bb{}\u00bb][et_pb_button button_url=\u00bb@ET-DC@eyJkeW5hbWljIjp0cnVlLCJjb250ZW50IjoicG9zdF9saW5rX3VybF9wYWdlIiwic2V0dGluZ3MiOnsicG9zdF9pZCI6IjEyMzYifX0=@\u00bb button_text=\u00bbHAGA CLIC AQU\u00cd PARA VER LOS DETALLES DE LAS MODALIDADES DE LA TABLA\u00bb button_alignment=\u00bbcenter\u00bb _builder_version=\u00bb4.23.3&#8243; _dynamic_attributes=\u00bbbutton_url\u00bb _module_preset=\u00bbdefault\u00bb custom_button=\u00bbon\u00bb button_text_color=\u00bb#FFFFFF\u00bb button_bg_color=\u00bb#0198A3&#8243; button_icon=\u00bb&#xf101;||fa||900&#8243; hover_enabled=\u00bb0&#8243; global_colors_info=\u00bb{}\u00bb sticky_enabled=\u00bb0&#8243;][\/et_pb_button][\/et_pb_column][\/et_pb_row][et_pb_row _builder_version=\u00bb4.23.3&#8243; _module_preset=\u00bbdefault\u00bb global_colors_info=\u00bb{}\u00bb][et_pb_column type=\u00bb4_4&#8243; _builder_version=\u00bb4.23.3&#8243; _module_preset=\u00bbdefault\u00bb global_colors_info=\u00bb{}\u00bb][et_pb_divider _builder_version=\u00bb4.23.3&#8243; _module_preset=\u00bbdefault\u00bb global_colors_info=\u00bb{}\u00bb][\/et_pb_divider][\/et_pb_column][\/et_pb_row][et_pb_row _builder_version=\u00bb4.23.3&#8243; _module_preset=\u00bbdefault\u00bb global_colors_info=\u00bb{}\u00bb][et_pb_column type=\u00bb4_4&#8243; _builder_version=\u00bb4.23.3&#8243; _module_preset=\u00bbdefault\u00bb global_colors_info=\u00bb{}\u00bb][et_pb_accordion _builder_version=\u00bb4.23.3&#8243; _module_preset=\u00bbdefault\u00bb toggle_text_align=\u00bbcenter\u00bb hover_enabled=\u00bb0&#8243; global_colors_info=\u00bb{}\u00bb open_toggle_text_color=\u00bb#0198A3&#8243; toggle_text_color=\u00bb#0198A3&#8243; sticky_enabled=\u00bb0&#8243;][et_pb_accordion_item title=\u00bb\u00bfQU\u00c9 INCLUYE LA CUOTA DE INSCRIPCI\u00d3N?\u00bb open=\u00bbon\u00bb _builder_version=\u00bb4.23.3&#8243; _module_preset=\u00bbdefault\u00bb global_colors_info=\u00bb{}\u00bb][\/et_pb_accordion_item][\/et_pb_accordion][\/et_pb_column][\/et_pb_row][et_pb_row column_structure=\u00bb1_2,1_2&#8243; _builder_version=\u00bb4.23.3&#8243; _module_preset=\u00bbdefault\u00bb global_colors_info=\u00bb{}\u00bb][et_pb_column type=\u00bb1_2&#8243; _builder_version=\u00bb4.23.3&#8243; _module_preset=\u00bbdefault\u00bb global_colors_info=\u00bb{}\u00bb][et_pb_text _builder_version=\u00bb4.23.3&#8243; _module_preset=\u00bbdefault\u00bb global_colors_info=\u00bb{}\u00bb]<\/p>\n<p><strong>Para participantes presenciales:<\/strong><\/p>\n<ul>\n<li><span>Bolsa del congreso<\/span><\/li>\n<li><span>Acceso completo a todas las actividades acad\u00e9micas del congreso <\/span><\/li>\n<li><span>Acceso a la plataforma virtual del congreso en esta modalidad<\/span><\/li>\n<li><span>Acceso a las instalaciones universitarias y campus<\/span><\/li>\n<li><span>Publicaci\u00f3n del Libro de Actas<\/span><\/li>\n<li><span>Publicaciones de textos completos en libros o revistas (seg\u00fan el caso)<\/span><\/li>\n<li><span>Certificado de asistencia<\/span><\/li>\n<li><span>Certificado, seg\u00fan el caso, de: comunicaci\u00f3n oral, p\u00f3ster, simposio invitado, ponencia invitada I+D+i, panel invitado de expertos\/as.\u00a0<\/span><\/li>\n<\/ul>\n<p>[\/et_pb_text][\/et_pb_column][et_pb_column type=\u00bb1_2&#8243; _builder_version=\u00bb4.23.3&#8243; _module_preset=\u00bbdefault\u00bb global_colors_info=\u00bb{}\u00bb][et_pb_text _builder_version=\u00bb4.23.3&#8243; _module_preset=\u00bbdefault\u00bb global_colors_info=\u00bb{}\u00bb]<\/p>\n<p><strong>Para los inscritos en modalidad virtual:<\/strong><\/p>\n<ul>\n<li><span>Acceso completo a todas las sesiones plenarias presenciales del congreso ofrecidas por videostreaming<\/span><\/li>\n<li><span>Acceso a la plataforma virtual con todos los materiales de las presentaciones (presenciales y virtuales)<\/span><\/li>\n<li><span>Publicaci\u00f3n del Libro de Actas<\/span><\/li>\n<li><span>Publicaciones de textos completos en libros o revistas (seg\u00fan el caso)<\/span><\/li>\n<li><span>Certificado de asistencia<\/span><\/li>\n<li><span>Certificado, seg\u00fan el caso, de: comunicaci\u00f3n oral, p\u00f3ster, simposio invitado, ponencia invitada I+D+i, panel invitado de expertos\/as.\u00a0<\/span><\/li>\n<\/ul>\n<p>[\/et_pb_text][\/et_pb_column][\/et_pb_row][et_pb_row _builder_version=\u00bb4.23.3&#8243; _module_preset=\u00bbdefault\u00bb global_colors_info=\u00bb{}\u00bb][et_pb_column type=\u00bb4_4&#8243; _builder_version=\u00bb4.23.3&#8243; _module_preset=\u00bbdefault\u00bb global_colors_info=\u00bb{}\u00bb][et_pb_text _builder_version=\u00bb4.23.3&#8243; _module_preset=\u00bbdefault\u00bb global_colors_info=\u00bb{}\u00bb]<\/p>\n<p style=\"text-align: center;\"><strong>Las publicaciones, para asistentes presenciales y virtuales:<\/strong><\/p>\n<ul>\n<li><span>Libro de Actas con los res\u00famenes (fase 1) en la <strong>Editorial Octaedro<\/strong> (Q1 en SPI).<\/span><\/li>\n<li><span>Cap\u00edtulos de libro de los textos completos en las editoriales: <strong>Aula Magna, Dykinson, IGI Global, Octaedro, Tirant lo Blanch y Kiobus&amp;C\u00e1tedra UNESCO.<\/strong><\/span><\/li>\n<li>Art\u00edculos de revistas de los textos completos: <strong>NAER<\/strong> y<strong> Revista Innovaci\u00f3n Educativa.<\/strong><\/li>\n<li>Certificaciones en ingl\u00e9s y espa\u00f1ol de sus aportaciones y asistencia.<\/li>\n<\/ul>\n<p>[\/et_pb_text][\/et_pb_column][\/et_pb_row][\/et_pb_section]<\/p>\n","protected":false},"excerpt":{"rendered":"<p>La inscripci\u00f3n al Congreso (pago de matr\u00edcula) es obligatoria paratodos los\/las autores\/as que presenten cualquier tipo y modalidad de aportaci\u00f3n.\u00a0IFAS: Modalidad de participaci\u00f3n(+ info sobre modalidades) Inscripci\u00f3n reducida hasta el 2\/11\/2026 Inscripci\u00f3n ordinaria (del 3\/11\/2026 al 9\/11\/2026) Inscripci\u00f3n A 85 \u20ac (virtual); 95 \u20ac (presencial) 110 \u20ac (virtual); 135 \u20ac (presencial) Inscripci\u00f3n B1 130 \u20ac [&hellip;]<\/p>\n","protected":false},"author":1,"featured_media":0,"parent":0,"menu_order":0,"comment_status":"closed","ping_status":"closed","template":"","meta":{"_et_pb_use_builder":"on","_et_pb_old_content":"","_et_gb_content_width":"","_mc_calendar":[],"footnotes":""},"class_list":["post-1009","page","type-page","status-publish","hentry"],"yoast_head":"<!-- This site is optimized with the Yoast SEO plugin v27.4 - https:\/\/yoast.com\/product\/yoast-seo-wordpress\/ -->\n<title>Inscripci\u00f3n - ICON social\u00b7huma 2026<\/title>\n<meta name=\"robots\" content=\"index, follow, max-snippet:-1, max-image-preview:large, max-video-preview:-1\" \/>\n<link rel=\"canonical\" href=\"https:\/\/icon.kiobus.org\/social-huma\/inscripcion\/\" \/>\n<meta property=\"og:locale\" content=\"es_ES\" \/>\n<meta property=\"og:type\" content=\"article\" \/>\n<meta property=\"og:title\" content=\"Inscripci\u00f3n - ICON social\u00b7huma 2026\" \/>\n<meta property=\"og:description\" content=\"La inscripci\u00f3n al Congreso (pago de matr\u00edcula) es obligatoria paratodos los\/las autores\/as que presenten cualquier tipo y modalidad de aportaci\u00f3n.\u00a0IFAS: Modalidad de participaci\u00f3n(+ info sobre modalidades) Inscripci\u00f3n reducida hasta el 2\/11\/2026 Inscripci\u00f3n ordinaria (del 3\/11\/2026 al 9\/11\/2026) Inscripci\u00f3n A 85 \u20ac (virtual); 95 \u20ac (presencial) 110 \u20ac (virtual); 135 \u20ac (presencial) Inscripci\u00f3n B1 130 \u20ac [&hellip;]\" \/>\n<meta property=\"og:url\" content=\"https:\/\/icon.kiobus.org\/social-huma\/inscripcion\/\" \/>\n<meta property=\"og:site_name\" content=\"ICON social\u00b7huma 2026\" \/>\n<meta property=\"article:publisher\" content=\"https:\/\/www.facebook.com\/ICON-Congress-100571919228676\" \/>\n<meta property=\"article:modified_time\" content=\"2026-04-16T04:21:00+00:00\" \/>\n<meta property=\"og:image\" content=\"https:\/\/icon.kiobus.org\/social-huma\/wp-content\/uploads\/2025\/10\/icon-edu_26.webp\" \/>\n\t<meta property=\"og:image:width\" content=\"500\" \/>\n\t<meta property=\"og:image:height\" content=\"500\" \/>\n\t<meta property=\"og:image:type\" content=\"image\/webp\" \/>\n<meta name=\"twitter:card\" content=\"summary_large_image\" \/>\n<meta name=\"twitter:site\" content=\"@iconcongress\" \/>\n<meta name=\"twitter:label1\" content=\"Tiempo de lectura\" \/>\n\t<meta name=\"twitter:data1\" content=\"4 minutos\" \/>\n<script type=\"application\/ld+json\" class=\"yoast-schema-graph\">{\"@context\":\"https:\\\/\\\/schema.org\",\"@graph\":[{\"@type\":\"WebPage\",\"@id\":\"https:\\\/\\\/icon.kiobus.org\\\/social-huma\\\/inscripcion\\\/\",\"url\":\"https:\\\/\\\/icon.kiobus.org\\\/social-huma\\\/inscripcion\\\/\",\"name\":\"Inscripci\u00f3n - ICON social\u00b7huma 2026\",\"isPartOf\":{\"@id\":\"https:\\\/\\\/icon.kiobus.org\\\/social-huma\\\/#website\"},\"datePublished\":\"2021-12-28T07:45:49+00:00\",\"dateModified\":\"2026-04-16T04:21:00+00:00\",\"breadcrumb\":{\"@id\":\"https:\\\/\\\/icon.kiobus.org\\\/social-huma\\\/inscripcion\\\/#breadcrumb\"},\"inLanguage\":\"es\",\"potentialAction\":[{\"@type\":\"ReadAction\",\"target\":[\"https:\\\/\\\/icon.kiobus.org\\\/social-huma\\\/inscripcion\\\/\"]}]},{\"@type\":\"BreadcrumbList\",\"@id\":\"https:\\\/\\\/icon.kiobus.org\\\/social-huma\\\/inscripcion\\\/#breadcrumb\",\"itemListElement\":[{\"@type\":\"ListItem\",\"position\":1,\"name\":\"Portada\",\"item\":\"https:\\\/\\\/icon.kiobus.org\\\/social-huma\\\/\"},{\"@type\":\"ListItem\",\"position\":2,\"name\":\"Inscripci\u00f3n\"}]},{\"@type\":\"WebSite\",\"@id\":\"https:\\\/\\\/icon.kiobus.org\\\/social-huma\\\/#website\",\"url\":\"https:\\\/\\\/icon.kiobus.org\\\/social-huma\\\/\",\"name\":\"ICON-EDU 2026 - CONGRESO INTERNACIONAL\",\"description\":\"CONGRESO INTERNACIONAL CIENCIAS SOCIALES, HUMANIDADES Y CONOCIMIENTO\",\"publisher\":{\"@id\":\"https:\\\/\\\/icon.kiobus.org\\\/social-huma\\\/#organization\"},\"potentialAction\":[{\"@type\":\"SearchAction\",\"target\":{\"@type\":\"EntryPoint\",\"urlTemplate\":\"https:\\\/\\\/icon.kiobus.org\\\/social-huma\\\/?s={search_term_string}\"},\"query-input\":{\"@type\":\"PropertyValueSpecification\",\"valueRequired\":true,\"valueName\":\"search_term_string\"}}],\"inLanguage\":\"es\"},{\"@type\":\"Organization\",\"@id\":\"https:\\\/\\\/icon.kiobus.org\\\/social-huma\\\/#organization\",\"name\":\"ICON-EDU 2025 - CONGRESO INTERNACIONAL\",\"url\":\"https:\\\/\\\/icon.kiobus.org\\\/social-huma\\\/\",\"logo\":{\"@type\":\"ImageObject\",\"inLanguage\":\"es\",\"@id\":\"https:\\\/\\\/icon.kiobus.org\\\/social-huma\\\/#\\\/schema\\\/logo\\\/image\\\/\",\"url\":\"https:\\\/\\\/icon.kiobus.org\\\/edu\\\/wp-content\\\/uploads\\\/2024\\\/12\\\/favicon.png\",\"contentUrl\":\"https:\\\/\\\/icon.kiobus.org\\\/edu\\\/wp-content\\\/uploads\\\/2024\\\/12\\\/favicon.png\",\"width\":500,\"height\":500,\"caption\":\"ICON-EDU 2025 - CONGRESO INTERNACIONAL\"},\"image\":{\"@id\":\"https:\\\/\\\/icon.kiobus.org\\\/social-huma\\\/#\\\/schema\\\/logo\\\/image\\\/\"},\"sameAs\":[\"https:\\\/\\\/www.facebook.com\\\/ICON-Congress-100571919228676\",\"https:\\\/\\\/x.com\\\/iconcongress\"]}]}<\/script>\n<!-- \/ Yoast SEO plugin. -->","yoast_head_json":{"title":"Inscripci\u00f3n - ICON social\u00b7huma 2026","robots":{"index":"index","follow":"follow","max-snippet":"max-snippet:-1","max-image-preview":"max-image-preview:large","max-video-preview":"max-video-preview:-1"},"canonical":"https:\/\/icon.kiobus.org\/social-huma\/inscripcion\/","og_locale":"es_ES","og_type":"article","og_title":"Inscripci\u00f3n - ICON social\u00b7huma 2026","og_description":"La inscripci\u00f3n al Congreso (pago de matr\u00edcula) es obligatoria paratodos los\/las autores\/as que presenten cualquier tipo y modalidad de aportaci\u00f3n.\u00a0IFAS: Modalidad de participaci\u00f3n(+ info sobre modalidades) Inscripci\u00f3n reducida hasta el 2\/11\/2026 Inscripci\u00f3n ordinaria (del 3\/11\/2026 al 9\/11\/2026) Inscripci\u00f3n A 85 \u20ac (virtual); 95 \u20ac (presencial) 110 \u20ac (virtual); 135 \u20ac (presencial) Inscripci\u00f3n B1 130 \u20ac [&hellip;]","og_url":"https:\/\/icon.kiobus.org\/social-huma\/inscripcion\/","og_site_name":"ICON social\u00b7huma 2026","article_publisher":"https:\/\/www.facebook.com\/ICON-Congress-100571919228676","article_modified_time":"2026-04-16T04:21:00+00:00","og_image":[{"width":500,"height":500,"url":"https:\/\/icon.kiobus.org\/social-huma\/wp-content\/uploads\/2025\/10\/icon-edu_26.webp","type":"image\/webp"}],"twitter_card":"summary_large_image","twitter_site":"@iconcongress","twitter_misc":{"Tiempo de lectura":"4 minutos"},"schema":{"@context":"https:\/\/schema.org","@graph":[{"@type":"WebPage","@id":"https:\/\/icon.kiobus.org\/social-huma\/inscripcion\/","url":"https:\/\/icon.kiobus.org\/social-huma\/inscripcion\/","name":"Inscripci\u00f3n - ICON social\u00b7huma 2026","isPartOf":{"@id":"https:\/\/icon.kiobus.org\/social-huma\/#website"},"datePublished":"2021-12-28T07:45:49+00:00","dateModified":"2026-04-16T04:21:00+00:00","breadcrumb":{"@id":"https:\/\/icon.kiobus.org\/social-huma\/inscripcion\/#breadcrumb"},"inLanguage":"es","potentialAction":[{"@type":"ReadAction","target":["https:\/\/icon.kiobus.org\/social-huma\/inscripcion\/"]}]},{"@type":"BreadcrumbList","@id":"https:\/\/icon.kiobus.org\/social-huma\/inscripcion\/#breadcrumb","itemListElement":[{"@type":"ListItem","position":1,"name":"Portada","item":"https:\/\/icon.kiobus.org\/social-huma\/"},{"@type":"ListItem","position":2,"name":"Inscripci\u00f3n"}]},{"@type":"WebSite","@id":"https:\/\/icon.kiobus.org\/social-huma\/#website","url":"https:\/\/icon.kiobus.org\/social-huma\/","name":"ICON-EDU 2026 - CONGRESO INTERNACIONAL","description":"CONGRESO INTERNACIONAL CIENCIAS SOCIALES, HUMANIDADES Y CONOCIMIENTO","publisher":{"@id":"https:\/\/icon.kiobus.org\/social-huma\/#organization"},"potentialAction":[{"@type":"SearchAction","target":{"@type":"EntryPoint","urlTemplate":"https:\/\/icon.kiobus.org\/social-huma\/?s={search_term_string}"},"query-input":{"@type":"PropertyValueSpecification","valueRequired":true,"valueName":"search_term_string"}}],"inLanguage":"es"},{"@type":"Organization","@id":"https:\/\/icon.kiobus.org\/social-huma\/#organization","name":"ICON-EDU 2025 - CONGRESO INTERNACIONAL","url":"https:\/\/icon.kiobus.org\/social-huma\/","logo":{"@type":"ImageObject","inLanguage":"es","@id":"https:\/\/icon.kiobus.org\/social-huma\/#\/schema\/logo\/image\/","url":"https:\/\/icon.kiobus.org\/edu\/wp-content\/uploads\/2024\/12\/favicon.png","contentUrl":"https:\/\/icon.kiobus.org\/edu\/wp-content\/uploads\/2024\/12\/favicon.png","width":500,"height":500,"caption":"ICON-EDU 2025 - CONGRESO INTERNACIONAL"},"image":{"@id":"https:\/\/icon.kiobus.org\/social-huma\/#\/schema\/logo\/image\/"},"sameAs":["https:\/\/www.facebook.com\/ICON-Congress-100571919228676","https:\/\/x.com\/iconcongress"]}]}},"_links":{"self":[{"href":"https:\/\/icon.kiobus.org\/social-huma\/wp-json\/wp\/v2\/pages\/1009","targetHints":{"allow":["GET"]}}],"collection":[{"href":"https:\/\/icon.kiobus.org\/social-huma\/wp-json\/wp\/v2\/pages"}],"about":[{"href":"https:\/\/icon.kiobus.org\/social-huma\/wp-json\/wp\/v2\/types\/page"}],"author":[{"embeddable":true,"href":"https:\/\/icon.kiobus.org\/social-huma\/wp-json\/wp\/v2\/users\/1"}],"replies":[{"embeddable":true,"href":"https:\/\/icon.kiobus.org\/social-huma\/wp-json\/wp\/v2\/comments?post=1009"}],"version-history":[{"count":215,"href":"https:\/\/icon.kiobus.org\/social-huma\/wp-json\/wp\/v2\/pages\/1009\/revisions"}],"predecessor-version":[{"id":11288,"href":"https:\/\/icon.kiobus.org\/social-huma\/wp-json\/wp\/v2\/pages\/1009\/revisions\/11288"}],"wp:attachment":[{"href":"https:\/\/icon.kiobus.org\/social-huma\/wp-json\/wp\/v2\/media?parent=1009"}],"curies":[{"name":"wp","href":"https:\/\/api.w.org\/{rel}","templated":true}]}}