{"id":10174,"date":"2026-01-08T11:35:23","date_gmt":"2026-01-08T10:35:23","guid":{"rendered":"https:\/\/icon.kiobus.org\/social-huma\/?page_id=10174"},"modified":"2026-04-16T06:03:34","modified_gmt":"2026-04-16T04:03:34","slug":"pago-matricula","status":"publish","type":"page","link":"https:\/\/icon.kiobus.org\/social-huma\/instrucciones-y-envio\/pago-matricula\/","title":{"rendered":"Pago Matr\u00edcula"},"content":{"rendered":"<p>[et_pb_section fb_built=\u00bb1&#8243; _builder_version=\u00bb4.16&#8243; custom_margin=\u00bb0px||0px||false|false\u00bb custom_padding=\u00bb0px||0px||false|false\u00bb collapsed=\u00bboff\u00bb global_colors_info=\u00bb{}\u00bb][et_pb_row column_structure=\u00bb1_4,1_4,1_4,1_4&#8243; _builder_version=\u00bb4.23.3&#8243; _module_preset=\u00bbdefault\u00bb module_alignment=\u00bbcenter\u00bb custom_margin=\u00bb||27px||false|false\u00bb custom_padding=\u00bb17px|17px|17px|17px|true|true\u00bb border_radii=\u00bbon|17px|17px|17px|17px\u00bb border_color_all=\u00bb#E02B20&#8243; global_colors_info=\u00bb{}\u00bb][et_pb_column type=\u00bb1_4&#8243; _builder_version=\u00bb4.23.3&#8243; _module_preset=\u00bbdefault\u00bb global_colors_info=\u00bb{}\u00bb][et_pb_blurb title=\u00bb1. \u00bb image_icon_width=\u00bb36px\u00bb icon_alignment=\u00bbleft\u00bb content_max_width=\u00bb1064px\u00bb module_class=\u00bbtransparencia_boton\u00bb _builder_version=\u00bb4.23.3&#8243; _dynamic_attributes=\u00bblink_option_url\u00bb _module_preset=\u00bbdefault\u00bb header_level=\u00bbh1&#8243; header_text_color=\u00bb#0198A3&#8243; header_font_size=\u00bb50px\u00bb body_font_size=\u00bb10px\u00bb custom_padding=\u00bb17px|17px|17px|17px|true|true\u00bb link_option_url=\u00bb@ET-DC@eyJkeW5hbWljIjp0cnVlLCJjb250ZW50IjoicG9zdF9saW5rX3VybF9wYWdlIiwic2V0dGluZ3MiOnsicG9zdF9pZCI6IjEwMTY1In19@\u00bb custom_css_free_form=\u00bbselector div:hover {||  cursor: pointer; \/* Cambia a mano *\/||}\u00bb border_radii=\u00bbon|17px|17px|17px|17px\u00bb border_width_all=\u00bb2px\u00bb border_color_all=\u00bb#0198A3&#8243; box_shadow_style=\u00bbpreset2&#8243; global_colors_info=\u00bb{}\u00bb]<\/p>\n<h4><span style=\"color: #000000;\">FASE 1: env\u00edo de aportaciones (resumen de 500-600 palabras)<\/span><\/h4>\n<h4 style=\"color: #0198a3;\">+info<\/h4>\n<p>Hasta el <strong>28\/04\/2026<\/strong>[\/et_pb_blurb][\/et_pb_column][et_pb_column type=\u00bb1_4&#8243; _builder_version=\u00bb4.23.3&#8243; _module_preset=\u00bbdefault\u00bb global_colors_info=\u00bb{}\u00bb][et_pb_blurb title=\u00bb2. \u00bb image_icon_width=\u00bb36px\u00bb icon_alignment=\u00bbleft\u00bb content_max_width=\u00bb1064px\u00bb _builder_version=\u00bb4.23.3&#8243; _module_preset=\u00bbdefault\u00bb header_level=\u00bbh1&#8243; header_text_color=\u00bb#FFFFFF\u00bb header_font_size=\u00bb50px\u00bb body_text_color=\u00bb#FFFFFF\u00bb body_font_size=\u00bb10px\u00bb background_color=\u00bb#0198A3&#8243; custom_padding=\u00bb17px|17px|17px|17px|true|true\u00bb custom_css_free_form=\u00bbselector div:hover {||  cursor: pointer; \/* Cambia a mano *\/||}\u00bb border_radii=\u00bbon|17px|17px|17px|17px\u00bb border_width_all=\u00bb2px\u00bb border_color_all=\u00bb#0198A3&#8243; box_shadow_style=\u00bbpreset2&#8243; global_colors_info=\u00bb{}\u00bb]<\/p>\n<h4><span style=\"color: #ffffff;\">Pago de la matr\u00edcula por parte de todos los autores\/as<\/span><\/h4>\n<h4 style=\"color: #ffffff;\">+info<\/h4>\n<p>Hasta el <strong>30\/04\/2026 (reducida)<\/strong><\/p>\n<p><strong><\/strong><\/p>\n<p><strong><\/strong>[\/et_pb_blurb][\/et_pb_column][et_pb_column type=\u00bb1_4&#8243; _builder_version=\u00bb4.23.3&#8243; _module_preset=\u00bbdefault\u00bb global_colors_info=\u00bb{}\u00bb][et_pb_blurb title=\u00bb3. \u00bb image_icon_width=\u00bb36px\u00bb icon_alignment=\u00bbleft\u00bb content_max_width=\u00bb1064px\u00bb module_class=\u00bbtransparencia_boton\u00bb _builder_version=\u00bb4.23.3&#8243; _dynamic_attributes=\u00bblink_option_url\u00bb _module_preset=\u00bbdefault\u00bb header_level=\u00bbh1&#8243; header_text_color=\u00bb#0198A3&#8243; header_font_size=\u00bb50px\u00bb body_font_size=\u00bb10px\u00bb custom_padding=\u00bb17px|17px|17px|17px|true|true\u00bb link_option_url=\u00bb@ET-DC@eyJkeW5hbWljIjp0cnVlLCJjb250ZW50IjoicG9zdF9saW5rX3VybF9wYWdlIiwic2V0dGluZ3MiOnsicG9zdF9pZCI6IjEwMTc2In19@\u00bb custom_css_free_form=\u00bbselector div:hover {||  cursor: pointer; \/* Cambia a mano *\/||}\u00bb border_radii=\u00bbon|17px|17px|17px|17px\u00bb border_width_all=\u00bb2px\u00bb border_color_all=\u00bb#0198A3&#8243; box_shadow_style=\u00bbpreset2&#8243; global_colors_info=\u00bb{}\u00bb]<\/p>\n<h4>Env\u00edo de la presentaci\u00f3n para la exposici\u00f3n en el congreso<\/h4>\n<h4 style=\"color: #0198a3;\">+info<\/h4>\n<p>Del 1 al <strong>21\/05\/2026<\/strong>[\/et_pb_blurb][\/et_pb_column][et_pb_column type=\u00bb1_4&#8243; _builder_version=\u00bb4.23.3&#8243; _module_preset=\u00bbdefault\u00bb global_colors_info=\u00bb{}\u00bb][et_pb_blurb title=\u00bb4.\u00bb image_icon_width=\u00bb36px\u00bb icon_alignment=\u00bbleft\u00bb content_max_width=\u00bb1064px\u00bb module_class=\u00bbtransparencia_boton\u00bb _builder_version=\u00bb4.23.3&#8243; _dynamic_attributes=\u00bblink_option_url\u00bb _module_preset=\u00bbdefault\u00bb header_level=\u00bbh1&#8243; header_text_color=\u00bb#0198A3&#8243; header_font_size=\u00bb50px\u00bb body_font_size=\u00bb10px\u00bb custom_padding=\u00bb17px|17px|17px|17px|true|true\u00bb link_option_url=\u00bb@ET-DC@eyJkeW5hbWljIjp0cnVlLCJjb250ZW50IjoicG9zdF9saW5rX3VybF9wYWdlIiwic2V0dGluZ3MiOnsicG9zdF9pZCI6IjEwMTc4In19@\u00bb custom_css_free_form=\u00bbselector div:hover {||  cursor: pointer; \/* Cambia a mano *\/||}\u00bb border_radii=\u00bbon|17px|17px|17px|17px\u00bb border_width_all=\u00bb2px\u00bb border_color_all=\u00bb#0198A3&#8243; box_shadow_style=\u00bbpreset2&#8243; global_colors_info=\u00bb{}\u00bb]<\/p>\n<h4>FASE 2: env\u00edo (voluntario) de un texto completo para libro o revista<\/h4>\n<h4 style=\"color: #0198a3;\">+info<\/h4>\n<p>Hasta el <strong>30\/06\/2026<\/strong>[\/et_pb_blurb][\/et_pb_column][\/et_pb_row][et_pb_row _builder_version=\u00bb4.23.3&#8243; _module_preset=\u00bbdefault\u00bb global_colors_info=\u00bb{}\u00bb][et_pb_column type=\u00bb4_4&#8243; _builder_version=\u00bb4.23.3&#8243; _module_preset=\u00bbdefault\u00bb global_colors_info=\u00bb{}\u00bb][et_pb_text _builder_version=\u00bb4.23.3&#8243; _module_preset=\u00bbdefault\u00bb global_colors_info=\u00bb{}\u00bb]<\/p>\n<p>En este paso,<strong> todos los coautores\/as<\/strong> deben abonar la matr\u00edcula seg\u00fan la <strong><a href=\"https:\/\/icon.kiobus.org\/social-huma\/modalidades\/\">modalidad<\/a><\/strong> y <strong><a href=\"https:\/\/icon.kiobus.org\/social-huma\/inscripcion\/\">tarifas de inscripci\u00f3n<\/a><\/strong>.<\/p>\n<p>[\/et_pb_text][\/et_pb_column][\/et_pb_row][et_pb_row admin_label=\u00bbCuadro 2&#8243; _builder_version=\u00bb4.23.3&#8243; _module_preset=\u00bbdefault\u00bb custom_margin=\u00bb||27px||false|false\u00bb custom_padding=\u00bb27px|27px|27px|27px|false|false\u00bb border_radii=\u00bbon|17px|17px|17px|17px\u00bb border_color_all=\u00bb#E02B20&#8243; global_colors_info=\u00bb{}\u00bb][et_pb_column type=\u00bb4_4&#8243; _builder_version=\u00bb4.23.3&#8243; _module_preset=\u00bbdefault\u00bb global_colors_info=\u00bb{}\u00bb][et_pb_button button_url=\u00bbhttps:\/\/icon.kiobus.org\/social-huma\/modalidades-de-participacion\/\u00bb button_text=\u00bb\u00a1INSCRIPCI\u00d3N ABIERTA! ACCEDA DESDE AQU\u00cd\u00bb button_alignment=\u00bbcenter\u00bb _builder_version=\u00bb4.23.3&#8243; _module_preset=\u00bbdefault\u00bb custom_button=\u00bbon\u00bb button_text_color=\u00bb#FFFFFF\u00bb button_bg_color=\u00bb#0198A3&#8243; global_colors_info=\u00bb{}\u00bb][\/et_pb_button][et_pb_text _builder_version=\u00bb4.23.3&#8243; _module_preset=\u00bbdefault\u00bb global_colors_info=\u00bb{}\u00bb]<\/p>\n<div class=\"et_pb_toggle_content clearfix\">\n<h4 class=\"et_pb_toggle_title\" style=\"text-align: center;\"><strong>Proceso<\/strong> de inscripci\u00f3n (pago matr\u00edcula):<\/h4>\n<p>1. Al acceder a \u00ab<a href=\"https:\/\/icon.kiobus.org\/social-huma\/iniciar-sesion\/\" target=\"_blank\" rel=\"noopener\">Mi cuenta<\/a>\u00bb, haga clic en la pesta\u00f1a \u00abMatr\u00edcula\u00bb. Marque la opci\u00f3n correspondiente y \u00aba\u00f1adir a carrito\u00bb. Ver\u00e1 que el s\u00edmbolo de carrito de la parte derecha de la pantalla se activa.<\/p>\n<ul>\n<li>Si no se ha registrado previamente, debe hacerlo (importante: para cada edici\u00f3n de ICON debe registrarse con un usuario nuevo, pero puede utilizar el mismo e-mail de ediciones anteriores).<\/li>\n<li>Una persona puede gestionar el pago de diversos autores.\u00a0\u00a0Puede volver a hacer clic en \u00abMatr\u00edcula\u00bb y a\u00f1adir otras matr\u00edculas diferentes o bien marcar 1, 2, 3, etc. cuando aparece \u00aba\u00f1adir al carrito\u00bb<\/li>\n<\/ul>\n<p>3. Haga clic en \u00abVer carrito\u00bb o clic en el s\u00edmbolo del carrito de la derecha. Aparece un men\u00fa: \u00abContinuar\u00bb, \u00abVer carrito\u00bb o \u00abFinalizar inscripci\u00f3n\u00bb.<\/p>\n<p>4. Al hacer clic en \u00abFinalizar inscripci\u00f3n\u00bb, aparece una pantalla donde debe cumplimentar los datos de facturaci\u00f3n. Tambi\u00e9n debe marcar \u00abtransferencia\u00bb o PayPal, seg\u00fan desee una opci\u00f3n u otra. Haga clic en \u00abRealizar el pedido\u00bb.<\/p>\n<ul>\n<li>Si ha elegido <strong>transferencia<\/strong> bancaria, le aparecer\u00e1 una pantalla con todos los datos. Debe hacer la transferencia desde su banca online. No es necesario enviar copia del justificante. Desde la organizaci\u00f3n, en unos d\u00edas, le enviaremos un email indicando que hemos recibido su transferencia y est\u00e1 matriculado correctamente. Si pasaran unos 4 d\u00edas y no ha recibido un email nuestro, escr\u00edbanos un email a icon.congress@ua.es<\/li>\n<li>Si ha elegido <strong>PayPal<\/strong>, se abrir\u00e1 un desplegable en pantalla: debe hacer clic en el bot\u00f3n amarillo de PayPal. No debe enviarnos ning\u00fan justificante. Desde la organizaci\u00f3n, en unos d\u00edas, le enviaremos un email indicando que hemos recibido su transferencia y est\u00e1 matriculado correctamente. Si pasaran unos 4 d\u00edas y no ha recibido un email nuestro, escr\u00edbanos un email a icon.congress@ua.es<\/li>\n<\/ul>\n<\/div>\n<h2 class=\"et_pb_module_header\"><\/h2>\n<p>[\/et_pb_text][\/et_pb_column][\/et_pb_row][et_pb_row _builder_version=\u00bb4.23.3&#8243; _module_preset=\u00bbdefault\u00bb][et_pb_column _builder_version=\u00bb4.23.3&#8243; _module_preset=\u00bbdefault\u00bb type=\u00bb4_4&#8243;][et_pb_toggle title=\u00bbCUESTIONES IMPORTANTES A TENER EN CUENTA\u00bb _builder_version=\u00bb4.23.3&#8243; _module_preset=\u00bbdefault\u00bb hover_enabled=\u00bb0&#8243; sticky_enabled=\u00bb0&#8243; open_toggle_text_color=\u00bb#0198A3&#8243; title_text_color=\u00bb#0198A3&#8243;]<\/p>\n<div class=\"et_pb_toggle_content clearfix\">\n<ol>\n<li>Todas las personas que consten como autores\/as deben abonar su propia matr\u00edcula.<\/li>\n<li>El\u00a0importe\u00a0transferido de la matr\u00edcula deber\u00e1 ser\u00a0\u00edntegro seg\u00fan tarifas; cualquier comisi\u00f3n bancaria o impuesto ser\u00e1 asumido por el inscrito.<\/li>\n<li>Se pueden realizar transferencias:\n<ul>\n<li>De forma individual todos los coautores\/as, o<\/li>\n<li>Una persona realiza la inscripci\u00f3n con el importe total de varias matr\u00edculas. En este caso, se deber\u00e1 indicar los nombres completos de todas las personas en el proceso del pago (apartado \u00abobservaciones\u00bb del formulario correspondiente).<\/li>\n<\/ul>\n<\/li>\n<li>La matr\u00edcula deber\u00e1 abonarse a trav\u00e9s de los siguientes medios: por transferencia bancaria o por Paypal.<\/li>\n<li>En caso de ser un grupo de participantes, con casu\u00edsticas propias, puede dirigirse por email a<span>\u00a0<\/span><a href=\"mailto:icon.congress@ua.es\">icon.huma@ua.es<\/a><span>\u00a0<\/span>para ver su matr\u00edcula especial.<\/li>\n<\/ol>\n<\/div>\n<p>[\/et_pb_toggle][\/et_pb_column][\/et_pb_row][et_pb_row _builder_version=\u00bb4.23.3&#8243; _module_preset=\u00bbdefault\u00bb hover_enabled=\u00bb0&#8243; sticky_enabled=\u00bb0&#8243;][et_pb_column _builder_version=\u00bb4.23.3&#8243; _module_preset=\u00bbdefault\u00bb type=\u00bb4_4&#8243;][et_pb_toggle title=\u00bbSOBRE FACTURAS Y PRESUPUESTOS\u00bb _builder_version=\u00bb4.23.3&#8243; _module_preset=\u00bbdefault\u00bb hover_enabled=\u00bb0&#8243; sticky_enabled=\u00bb0&#8243; open_toggle_text_color=\u00bb#0198A3&#8243; title_text_color=\u00bb#0198A3&#8243;]<\/p>\n<h3><span style=\"color: #008080;\">Solicitud FACTURA<\/span><\/h3>\n<ul>\n<li>Para<span>\u00a0<\/span><strong>solicitar<\/strong><span>\u00a0<\/span>una factura env\u00ede un correo electr\u00f3nico a: contabilidad@icon.kiobus.org\n<ul>\n<li>Debe especificar si la factura va a<span>\u00a0<\/span><strong>nombre de una instituci\u00f3n<\/strong><span>\u00a0<\/span>o en<span>\u00a0<\/span><strong>nombre propio<\/strong>:\n<ul>\n<li><strong>A nombre de instituci\u00f3n<\/strong>: Nombre de la instituci\u00f3n, Direcci\u00f3n Postal completa, CIF de la instituci\u00f3n,<span>\u00a0<\/span><strong>Modalidad de Participaci\u00f3n.<\/strong><\/li>\n<li><strong>En Nombre Propio<\/strong>: Nombre completo, Direcci\u00f3n Postal personal completa, NIF del interesado,<span>\u00a0<\/span><strong>Modalidad de Participaci\u00f3n.<\/strong><\/li>\n<\/ul>\n<\/li>\n<\/ul>\n<\/li>\n<li>Cualquier persona puede solicitar factura de su inscripci\u00f3n.<\/li>\n<\/ul>\n<p>&nbsp;<\/p>\n<h3><span style=\"color: #008080;\">Solicitud PRESUPUESTO<\/span><\/h3>\n<ul>\n<li><strong>Aseg\u00farese de que antes de la factura no necesita un presupuesto (o proforma) (especialmente para instituciones universitarias)<\/strong>. Esto es importante porque una vez emitida la factura, no podr\u00e1 modificarse. Para ello, se aconseja que haga previamente un presupuesto para mostrar los datos a su instituci\u00f3n y le confirmen los datos. Tambi\u00e9n<span>\u00a0<\/span><strong>puede solicitar el presupuesto enviando un correo electr\u00f3nico a:<\/strong><span>\u00a0<\/span><a href=\"mailto:contabilidad@icon.kiobus.org?Subject=ICON-EDU%202026:%20Solicitud%20de%20presupuesto.\">contabilidad@icon.kiobus.org<\/a><\/li>\n<li>Debe especificar si el presupuesto (o proforma) va a<span>\u00a0<\/span><strong>nombre de una instituci\u00f3n<\/strong><span>\u00a0<\/span>o en<span>\u00a0<\/span><strong>nombre propio<\/strong>:\n<ul>\n<li><strong>A nombre de instituci\u00f3n<\/strong>: Nombre de la instituci\u00f3n, Direcci\u00f3n Postal completa, CIF de la instituci\u00f3n,<span>\u00a0<\/span><strong>Modalidad de Participaci\u00f3n.<\/strong><\/li>\n<li><strong>En Nombre Propio<\/strong>: Nombre completo, Direcci\u00f3n Postal personal completa, NIF del interesado,<span>\u00a0<\/span><strong>Modalidad de Participaci\u00f3n.<\/strong><\/li>\n<\/ul>\n<\/li>\n<\/ul>\n<p>&nbsp;<\/p>\n<p><span style=\"color: #008080;\"><strong>NOTA IMPORTANTE:<\/strong> <\/span>Una vez solicitada una factura, no podr\u00e1 modificarse ninguno de los datos enviados, ni la factura que se haya generado. Es necesario, pues, que se informe correctamente contactando con su Universidad, centro de trabajo, entidad, etc., de los datos que necesita que se incluyen en la factura.\u00a0EN CASO DE SOLICITAR CAMBIOS EN UNA FACTURA, SE ABONAR\u00c1N 30 EUROS POR GASTOS DE GESTI\u00d3N.<\/p>\n<p>[\/et_pb_toggle][\/et_pb_column][\/et_pb_row][et_pb_row _builder_version=\u00bb4.23.3&#8243; _module_preset=\u00bbdefault\u00bb hover_enabled=\u00bb0&#8243; sticky_enabled=\u00bb0&#8243;][et_pb_column _builder_version=\u00bb4.23.3&#8243; _module_preset=\u00bbdefault\u00bb type=\u00bb4_4&#8243;][et_pb_toggle title=\u00bbPOL\u00cdTICA DE CANCELACI\u00d3N\u00bb _builder_version=\u00bb4.23.3&#8243; _module_preset=\u00bbdefault\u00bb hover_enabled=\u00bb0&#8243; sticky_enabled=\u00bb0&#8243; open_toggle_text_color=\u00bb#0198A3&#8243; title_text_color=\u00bb#0198A3&#8243;]<\/p>\n<ul>\n<li><span>Si usted desea cancelar su inscripci\u00f3n, por favor p\u00f3ngase en contacto con el Comit\u00e9 organizador (icon.huma@ua.es<\/span><span>) antes del d\u00eda 20 de octubre del a\u00f1o en curso. Despu\u00e9s de esta fecha no podr\u00e1n realizarse devoluciones.<\/span><\/li>\n<li><span>En caso de haber solicitado factura, no se podr\u00e1 solicitar cancelaci\u00f3n, aunque se solicite antes del 20 de octubre del a\u00f1o en curso.<\/span><\/li>\n<\/ul>\n<p>[\/et_pb_toggle][\/et_pb_column][\/et_pb_row][\/et_pb_section]<\/p>\n","protected":false},"excerpt":{"rendered":"<p>FASE 1: env\u00edo de aportaciones (resumen de 500-600 palabras) +info Hasta el 28\/04\/2026Pago de la matr\u00edcula por parte de todos los autores\/as +info Hasta el 30\/04\/2026 (reducida) Env\u00edo de la presentaci\u00f3n para la exposici\u00f3n en el congreso +info Del 1 al 21\/05\/2026FASE 2: env\u00edo (voluntario) de un texto completo para libro o revista +info Hasta [&hellip;]<\/p>\n","protected":false},"author":1,"featured_media":0,"parent":712,"menu_order":0,"comment_status":"closed","ping_status":"closed","template":"","meta":{"_et_pb_use_builder":"on","_et_pb_old_content":"","_et_gb_content_width":"","_mc_calendar":[],"footnotes":""},"class_list":["post-10174","page","type-page","status-publish","hentry"],"yoast_head":"<!-- This site is optimized with the Yoast SEO plugin v27.4 - https:\/\/yoast.com\/product\/yoast-seo-wordpress\/ -->\n<title>Pago Matr\u00edcula - ICON social\u00b7huma 2026<\/title>\n<meta name=\"robots\" content=\"index, follow, max-snippet:-1, max-image-preview:large, max-video-preview:-1\" \/>\n<link rel=\"canonical\" href=\"https:\/\/icon.kiobus.org\/social-huma\/instrucciones-y-envio\/pago-matricula\/\" \/>\n<meta property=\"og:locale\" content=\"es_ES\" \/>\n<meta property=\"og:type\" content=\"article\" \/>\n<meta property=\"og:title\" content=\"Pago Matr\u00edcula - ICON social\u00b7huma 2026\" \/>\n<meta property=\"og:description\" content=\"FASE 1: env\u00edo de aportaciones (resumen de 500-600 palabras) +info Hasta el 28\/04\/2026Pago de la matr\u00edcula por parte de todos los autores\/as +info Hasta el 30\/04\/2026 (reducida) Env\u00edo de la presentaci\u00f3n para la exposici\u00f3n en el congreso +info Del 1 al 21\/05\/2026FASE 2: env\u00edo (voluntario) de un texto completo para libro o revista +info Hasta [&hellip;]\" \/>\n<meta property=\"og:url\" content=\"https:\/\/icon.kiobus.org\/social-huma\/instrucciones-y-envio\/pago-matricula\/\" \/>\n<meta property=\"og:site_name\" content=\"ICON social\u00b7huma 2026\" \/>\n<meta property=\"article:publisher\" content=\"https:\/\/www.facebook.com\/ICON-Congress-100571919228676\" \/>\n<meta property=\"article:modified_time\" content=\"2026-04-16T04:03:34+00:00\" \/>\n<meta property=\"og:image\" content=\"https:\/\/icon.kiobus.org\/social-huma\/wp-content\/uploads\/2025\/10\/icon-edu_26.webp\" \/>\n\t<meta property=\"og:image:width\" content=\"500\" \/>\n\t<meta property=\"og:image:height\" content=\"500\" \/>\n\t<meta property=\"og:image:type\" content=\"image\/webp\" \/>\n<meta name=\"twitter:card\" content=\"summary_large_image\" \/>\n<meta name=\"twitter:site\" content=\"@iconcongress\" \/>\n<meta name=\"twitter:label1\" content=\"Tiempo de lectura\" \/>\n\t<meta name=\"twitter:data1\" content=\"9 minutos\" \/>\n<script type=\"application\/ld+json\" class=\"yoast-schema-graph\">{\"@context\":\"https:\\\/\\\/schema.org\",\"@graph\":[{\"@type\":\"WebPage\",\"@id\":\"https:\\\/\\\/icon.kiobus.org\\\/social-huma\\\/instrucciones-y-envio\\\/pago-matricula\\\/\",\"url\":\"https:\\\/\\\/icon.kiobus.org\\\/social-huma\\\/instrucciones-y-envio\\\/pago-matricula\\\/\",\"name\":\"Pago Matr\u00edcula - ICON social\u00b7huma 2026\",\"isPartOf\":{\"@id\":\"https:\\\/\\\/icon.kiobus.org\\\/social-huma\\\/#website\"},\"datePublished\":\"2026-01-08T10:35:23+00:00\",\"dateModified\":\"2026-04-16T04:03:34+00:00\",\"breadcrumb\":{\"@id\":\"https:\\\/\\\/icon.kiobus.org\\\/social-huma\\\/instrucciones-y-envio\\\/pago-matricula\\\/#breadcrumb\"},\"inLanguage\":\"es\",\"potentialAction\":[{\"@type\":\"ReadAction\",\"target\":[\"https:\\\/\\\/icon.kiobus.org\\\/social-huma\\\/instrucciones-y-envio\\\/pago-matricula\\\/\"]}]},{\"@type\":\"BreadcrumbList\",\"@id\":\"https:\\\/\\\/icon.kiobus.org\\\/social-huma\\\/instrucciones-y-envio\\\/pago-matricula\\\/#breadcrumb\",\"itemListElement\":[{\"@type\":\"ListItem\",\"position\":1,\"name\":\"Portada\",\"item\":\"https:\\\/\\\/icon.kiobus.org\\\/social-huma\\\/\"},{\"@type\":\"ListItem\",\"position\":2,\"name\":\"Instrucciones y env\u00edo\",\"item\":\"https:\\\/\\\/icon.kiobus.org\\\/social-huma\\\/instrucciones-y-envio\\\/\"},{\"@type\":\"ListItem\",\"position\":3,\"name\":\"Pago Matr\u00edcula\"}]},{\"@type\":\"WebSite\",\"@id\":\"https:\\\/\\\/icon.kiobus.org\\\/social-huma\\\/#website\",\"url\":\"https:\\\/\\\/icon.kiobus.org\\\/social-huma\\\/\",\"name\":\"ICON-EDU 2026 - CONGRESO INTERNACIONAL\",\"description\":\"CONGRESO INTERNACIONAL CIENCIAS SOCIALES, HUMANIDADES Y CONOCIMIENTO\",\"publisher\":{\"@id\":\"https:\\\/\\\/icon.kiobus.org\\\/social-huma\\\/#organization\"},\"potentialAction\":[{\"@type\":\"SearchAction\",\"target\":{\"@type\":\"EntryPoint\",\"urlTemplate\":\"https:\\\/\\\/icon.kiobus.org\\\/social-huma\\\/?s={search_term_string}\"},\"query-input\":{\"@type\":\"PropertyValueSpecification\",\"valueRequired\":true,\"valueName\":\"search_term_string\"}}],\"inLanguage\":\"es\"},{\"@type\":\"Organization\",\"@id\":\"https:\\\/\\\/icon.kiobus.org\\\/social-huma\\\/#organization\",\"name\":\"ICON-EDU 2025 - CONGRESO INTERNACIONAL\",\"url\":\"https:\\\/\\\/icon.kiobus.org\\\/social-huma\\\/\",\"logo\":{\"@type\":\"ImageObject\",\"inLanguage\":\"es\",\"@id\":\"https:\\\/\\\/icon.kiobus.org\\\/social-huma\\\/#\\\/schema\\\/logo\\\/image\\\/\",\"url\":\"https:\\\/\\\/icon.kiobus.org\\\/edu\\\/wp-content\\\/uploads\\\/2024\\\/12\\\/favicon.png\",\"contentUrl\":\"https:\\\/\\\/icon.kiobus.org\\\/edu\\\/wp-content\\\/uploads\\\/2024\\\/12\\\/favicon.png\",\"width\":500,\"height\":500,\"caption\":\"ICON-EDU 2025 - CONGRESO INTERNACIONAL\"},\"image\":{\"@id\":\"https:\\\/\\\/icon.kiobus.org\\\/social-huma\\\/#\\\/schema\\\/logo\\\/image\\\/\"},\"sameAs\":[\"https:\\\/\\\/www.facebook.com\\\/ICON-Congress-100571919228676\",\"https:\\\/\\\/x.com\\\/iconcongress\"]}]}<\/script>\n<!-- \/ Yoast SEO plugin. -->","yoast_head_json":{"title":"Pago Matr\u00edcula - ICON social\u00b7huma 2026","robots":{"index":"index","follow":"follow","max-snippet":"max-snippet:-1","max-image-preview":"max-image-preview:large","max-video-preview":"max-video-preview:-1"},"canonical":"https:\/\/icon.kiobus.org\/social-huma\/instrucciones-y-envio\/pago-matricula\/","og_locale":"es_ES","og_type":"article","og_title":"Pago Matr\u00edcula - ICON social\u00b7huma 2026","og_description":"FASE 1: env\u00edo de aportaciones (resumen de 500-600 palabras) +info Hasta el 28\/04\/2026Pago de la matr\u00edcula por parte de todos los autores\/as +info Hasta el 30\/04\/2026 (reducida) Env\u00edo de la presentaci\u00f3n para la exposici\u00f3n en el congreso +info Del 1 al 21\/05\/2026FASE 2: env\u00edo (voluntario) de un texto completo para libro o revista +info Hasta [&hellip;]","og_url":"https:\/\/icon.kiobus.org\/social-huma\/instrucciones-y-envio\/pago-matricula\/","og_site_name":"ICON social\u00b7huma 2026","article_publisher":"https:\/\/www.facebook.com\/ICON-Congress-100571919228676","article_modified_time":"2026-04-16T04:03:34+00:00","og_image":[{"width":500,"height":500,"url":"https:\/\/icon.kiobus.org\/social-huma\/wp-content\/uploads\/2025\/10\/icon-edu_26.webp","type":"image\/webp"}],"twitter_card":"summary_large_image","twitter_site":"@iconcongress","twitter_misc":{"Tiempo de lectura":"9 minutos"},"schema":{"@context":"https:\/\/schema.org","@graph":[{"@type":"WebPage","@id":"https:\/\/icon.kiobus.org\/social-huma\/instrucciones-y-envio\/pago-matricula\/","url":"https:\/\/icon.kiobus.org\/social-huma\/instrucciones-y-envio\/pago-matricula\/","name":"Pago Matr\u00edcula - ICON social\u00b7huma 2026","isPartOf":{"@id":"https:\/\/icon.kiobus.org\/social-huma\/#website"},"datePublished":"2026-01-08T10:35:23+00:00","dateModified":"2026-04-16T04:03:34+00:00","breadcrumb":{"@id":"https:\/\/icon.kiobus.org\/social-huma\/instrucciones-y-envio\/pago-matricula\/#breadcrumb"},"inLanguage":"es","potentialAction":[{"@type":"ReadAction","target":["https:\/\/icon.kiobus.org\/social-huma\/instrucciones-y-envio\/pago-matricula\/"]}]},{"@type":"BreadcrumbList","@id":"https:\/\/icon.kiobus.org\/social-huma\/instrucciones-y-envio\/pago-matricula\/#breadcrumb","itemListElement":[{"@type":"ListItem","position":1,"name":"Portada","item":"https:\/\/icon.kiobus.org\/social-huma\/"},{"@type":"ListItem","position":2,"name":"Instrucciones y env\u00edo","item":"https:\/\/icon.kiobus.org\/social-huma\/instrucciones-y-envio\/"},{"@type":"ListItem","position":3,"name":"Pago Matr\u00edcula"}]},{"@type":"WebSite","@id":"https:\/\/icon.kiobus.org\/social-huma\/#website","url":"https:\/\/icon.kiobus.org\/social-huma\/","name":"ICON-EDU 2026 - CONGRESO INTERNACIONAL","description":"CONGRESO INTERNACIONAL CIENCIAS SOCIALES, HUMANIDADES Y CONOCIMIENTO","publisher":{"@id":"https:\/\/icon.kiobus.org\/social-huma\/#organization"},"potentialAction":[{"@type":"SearchAction","target":{"@type":"EntryPoint","urlTemplate":"https:\/\/icon.kiobus.org\/social-huma\/?s={search_term_string}"},"query-input":{"@type":"PropertyValueSpecification","valueRequired":true,"valueName":"search_term_string"}}],"inLanguage":"es"},{"@type":"Organization","@id":"https:\/\/icon.kiobus.org\/social-huma\/#organization","name":"ICON-EDU 2025 - CONGRESO INTERNACIONAL","url":"https:\/\/icon.kiobus.org\/social-huma\/","logo":{"@type":"ImageObject","inLanguage":"es","@id":"https:\/\/icon.kiobus.org\/social-huma\/#\/schema\/logo\/image\/","url":"https:\/\/icon.kiobus.org\/edu\/wp-content\/uploads\/2024\/12\/favicon.png","contentUrl":"https:\/\/icon.kiobus.org\/edu\/wp-content\/uploads\/2024\/12\/favicon.png","width":500,"height":500,"caption":"ICON-EDU 2025 - CONGRESO INTERNACIONAL"},"image":{"@id":"https:\/\/icon.kiobus.org\/social-huma\/#\/schema\/logo\/image\/"},"sameAs":["https:\/\/www.facebook.com\/ICON-Congress-100571919228676","https:\/\/x.com\/iconcongress"]}]}},"_links":{"self":[{"href":"https:\/\/icon.kiobus.org\/social-huma\/wp-json\/wp\/v2\/pages\/10174","targetHints":{"allow":["GET"]}}],"collection":[{"href":"https:\/\/icon.kiobus.org\/social-huma\/wp-json\/wp\/v2\/pages"}],"about":[{"href":"https:\/\/icon.kiobus.org\/social-huma\/wp-json\/wp\/v2\/types\/page"}],"author":[{"embeddable":true,"href":"https:\/\/icon.kiobus.org\/social-huma\/wp-json\/wp\/v2\/users\/1"}],"replies":[{"embeddable":true,"href":"https:\/\/icon.kiobus.org\/social-huma\/wp-json\/wp\/v2\/comments?post=10174"}],"version-history":[{"count":19,"href":"https:\/\/icon.kiobus.org\/social-huma\/wp-json\/wp\/v2\/pages\/10174\/revisions"}],"predecessor-version":[{"id":11278,"href":"https:\/\/icon.kiobus.org\/social-huma\/wp-json\/wp\/v2\/pages\/10174\/revisions\/11278"}],"up":[{"embeddable":true,"href":"https:\/\/icon.kiobus.org\/social-huma\/wp-json\/wp\/v2\/pages\/712"}],"wp:attachment":[{"href":"https:\/\/icon.kiobus.org\/social-huma\/wp-json\/wp\/v2\/media?parent=10174"}],"curies":[{"name":"wp","href":"https:\/\/api.w.org\/{rel}","templated":true}]}}