{"id":545,"date":"2021-11-04T11:48:15","date_gmt":"2021-11-04T10:48:15","guid":{"rendered":"https:\/\/icon.kiobus.org\/social-huma\/?page_id=545"},"modified":"2026-03-20T14:36:49","modified_gmt":"2026-03-20T13:36:49","slug":"tematicas","status":"publish","type":"page","link":"https:\/\/icon.kiobus.org\/social-huma\/tematicas\/","title":{"rendered":"Tem\u00e1ticas"},"content":{"rendered":"<p>[et_pb_section fb_built=\u00bb1&#8243; fullwidth=\u00bbon\u00bb _builder_version=\u00bb4.16&#8243; custom_margin=\u00bb1px||||false|false\u00bb global_colors_info=\u00bb{}\u00bb][et_pb_fullwidth_header title=\u00bbCONSIDERACIONES GENERALES\u00bb _builder_version=\u00bb4.23.3&#8243; background_color=\u00bbrgba(1,152,163,0.17)\u00bb background_layout=\u00bblight\u00bb custom_padding=\u00bb33px||33px||false|false\u00bb hover_enabled=\u00bb0&#8243; border_color_all=\u00bb#0198A3&#8243; border_width_top=\u00bb7px\u00bb border_width_bottom=\u00bb2px\u00bb global_colors_info=\u00bb{}\u00bb sticky_enabled=\u00bb0&#8243;]<\/p>\n<p>Las aportaciones a ICON-social\u00b7huma versar\u00e1n sobre cualquier tema en torno a las Humanidades que aborde alguno de los siguientes aspectos generales:<\/p>\n<ol>\n<li><strong>Investigaciones<\/strong><span>\u00a0<\/span>aplicadas a la cultura humana y el conocimiento.<\/li>\n<li><strong>Revisiones<\/strong><span>\u00a0<\/span>bibliogr\u00e1ficas en sus diversas variantes sobre la cultura y el conocimiento.<\/li>\n<li><strong>Textos te\u00f3ricos<\/strong><span>\u00a0<\/span>referidos al estado del arte fundamentado y actualizado cient\u00edficamente en torno a la cultura humana y el conocimiento.<\/li>\n<li><strong>Experiencias<\/strong><span>\u00a0<\/span>educativas innovadoras y buenas pr\u00e1cticas que versen sobre temas vinculados con la cultura humana en general, de cualquier nivel educativo.<\/li>\n<\/ol>\n<p><strong>No hay un consenso generalizado sobre lo que se considera que son las humanidades.<\/strong><span>\u00a0<\/span>En ICON-social\u00b7huma se identifican las humanidades con el t\u00e9rmino lat\u00edn<span>\u00a0<\/span><strong>Humanitas<\/strong>, que significa \u2018humanidad\u2019, y con el cual se quiere dar a conocer la historia del progreso humano, todo lo que tiene que ver con<span>\u00a0<\/span><strong>el ser humano y el conocimiento<\/strong>.<\/p>\n<p>As\u00ed pues, las disciplinas vinculadas a ICON-social\u00b7huma no son solo las disciplinas directamente human\u00edsticas como Derecho, Trabajo Social, Letras Hisp\u00e1nicas, Sociolog\u00eda, Comunicaci\u00f3n, Pedagog\u00eda, Filosof\u00eda, Antropolog\u00eda, entre otras, sino cualquier disciplina desde la cual se aborde alg\u00fan aspecto de la cultura humana: tanto desde las Artes y Humanidades, como tambi\u00e9n desde las Ciencias, Ciencias de la Salud, las Ciencias Sociales y Jur\u00eddicas y la Ingenier\u00eda y Arquitectura.<\/p>\n<p>Teniendo en cuenta estas consideraciones, a continuaci\u00f3n se exponen diversas tem\u00e1ticas a abordar (si tiene dudas acerca de alg\u00fan tema, p\u00f3ngase en contacto con el Comit\u00e9 Organizador):<\/p>\n<p>[\/et_pb_fullwidth_header][\/et_pb_section][et_pb_section fb_built=\u00bb1&#8243; _builder_version=\u00bb4.16&#8243; custom_margin=\u00bb0px||||false|false\u00bb custom_padding=\u00bb0px||||false|false\u00bb collapsed=\u00bboff\u00bb global_colors_info=\u00bb{}\u00bb][et_pb_row _builder_version=\u00bb4.23.3&#8243; _module_preset=\u00bbdefault\u00bb global_colors_info=\u00bb{}\u00bb][et_pb_column type=\u00bb4_4&#8243; _builder_version=\u00bb4.23.3&#8243; _module_preset=\u00bbdefault\u00bb global_colors_info=\u00bb{}\u00bb][et_pb_text _builder_version=\u00bb4.23.3&#8243; _module_preset=\u00bbdefault\u00bb global_colors_info=\u00bb{}\u00bb]<\/p>\n<p>1. ARTE<br \/>2. CIENCIAS DE LA EDUCACI\u00d3N<br \/>3. CIENCIAS DEL COMPORTAMIENTO<br \/>4. CIENCIAS ECON\u00d3MICAS Y EMPRESARIALES<br \/>5. CIENCIAS SOCIALES<br \/>6. DERECHO<br \/>7. FILOLOG\u00cdA<br \/>8. FILOSOF\u00cdA<br \/>9. FORMACI\u00d3N DEL PROFESORADO<br \/>10. GEOGRAF\u00cdA<br \/>11. HISTORIA<br \/>12. INNOVACI\u00d3N NOVEL<br \/>13. LING\u00dc\u00cdSTICA<br \/>14. PROYECTOS NACIONALES E INTERNACIONALES<br \/>15. TECNOLOG\u00cdA DIGITAL<br \/>16. TEMAS RELACIONADOS CON EL SER HUMANO<\/p>\n<p>[\/et_pb_text][\/et_pb_column][\/et_pb_row][\/et_pb_section][et_pb_section fb_built=\u00bb1&#8243; admin_label=\u00bbSecci\u00f3n DESTINATARIOS\u00bb _builder_version=\u00bb4.23.3&#8243; background_enable_color=\u00bboff\u00bb custom_margin=\u00bb-54px||-54px\u00bb custom_padding=\u00bb0|0px|50px|0px|false|false\u00bb collapsed=\u00bboff\u00bb global_colors_info=\u00bb{}\u00bb][et_pb_row _builder_version=\u00bb4.16&#8243; global_colors_info=\u00bb{}\u00bb][et_pb_column type=\u00bb4_4&#8243; _builder_version=\u00bb4.16&#8243; custom_padding=\u00bb|||\u00bb global_colors_info=\u00bb{}\u00bb custom_padding__hover=\u00bb|||\u00bb][et_pb_cta title=\u00bbDESTINATARIOS\u00bb _builder_version=\u00bb4.23.3&#8243; _module_preset=\u00bbdefault\u00bb background_color=\u00bb#0198A3&#8243; custom_padding=\u00bb27px|17px|0px|17px|false|false\u00bb border_radii=\u00bbon|7px|7px|7px|7px\u00bb box_shadow_style=\u00bbpreset3&#8243; global_colors_info=\u00bb{}\u00bb][\/et_pb_cta][\/et_pb_column][\/et_pb_row][\/et_pb_section][et_pb_section fb_built=\u00bb1&#8243; _builder_version=\u00bb4.16&#8243; collapsed=\u00bbon\u00bb global_colors_info=\u00bb{}\u00bb][et_pb_row _builder_version=\u00bb4.16&#8243; custom_padding=\u00bb24px|0px|25.4667px|0px|false|false\u00bb global_colors_info=\u00bb{}\u00bb][et_pb_column type=\u00bb4_4&#8243; _builder_version=\u00bb4.16&#8243; custom_padding=\u00bb|||\u00bb global_colors_info=\u00bb{}\u00bb custom_padding__hover=\u00bb|||\u00bb][et_pb_text _builder_version=\u00bb4.23.3&#8243; global_colors_info=\u00bb{}\u00bb]<\/p>\n<ul>\n<li><span>Personal acad\u00e9mico de cualquiera de las \u00e1reas de conocimiento: <\/span>\n<ul>\n<li><span>Artes y Humanidades<\/span><\/li>\n<li><span>Ciencias<\/span><\/li>\n<li><span>Ciencias de la Salud<\/span><\/li>\n<li><span>Ciencias Sociales y Jur\u00eddicas<\/span><\/li>\n<li><span>Ingenier\u00eda y Arquitectura.<\/span><\/li>\n<\/ul>\n<\/li>\n<li>Profesionales de cualquier nivel educativo:\n<ul>\n<li>Ense\u00f1anza Superior<\/li>\n<li>Ciclos formativos<\/li>\n<li>Educaci\u00f3n Secundaria y Bachiller<\/li>\n<li>Educaci\u00f3n Primaria<\/li>\n<li>Educaci\u00f3n Infantil, etc.<\/li>\n<\/ul>\n<\/li>\n<li>Otros profesionales interesados en alguna de las l\u00edneas tem\u00e1ticas.<\/li>\n<li>Estudiantes universitarios, tanto de grado como de posgrado.<\/li>\n<li>P\u00fablico en general.<\/li>\n<\/ul>\n<p>[\/et_pb_text][\/et_pb_column][\/et_pb_row][\/et_pb_section]<\/p>\n","protected":false},"excerpt":{"rendered":"<p>Las aportaciones a ICON-social\u00b7huma versar\u00e1n sobre cualquier tema en torno a las Humanidades que aborde alguno de los siguientes aspectos generales: Investigaciones\u00a0aplicadas a la cultura humana y el conocimiento. Revisiones\u00a0bibliogr\u00e1ficas en sus diversas variantes sobre la cultura y el conocimiento. Textos te\u00f3ricos\u00a0referidos al estado del arte fundamentado y actualizado cient\u00edficamente en torno a la cultura [&hellip;]<\/p>\n","protected":false},"author":1,"featured_media":0,"parent":0,"menu_order":0,"comment_status":"closed","ping_status":"closed","template":"","meta":{"_et_pb_use_builder":"on","_et_pb_old_content":"","_et_gb_content_width":"","_mc_calendar":[],"footnotes":""},"class_list":["post-545","page","type-page","status-publish","hentry"],"yoast_head":"<!-- This site is optimized with the Yoast SEO plugin v27.4 - https:\/\/yoast.com\/product\/yoast-seo-wordpress\/ -->\n<title>Tem\u00e1ticas - ICON social\u00b7huma 2026<\/title>\n<meta name=\"robots\" content=\"index, follow, max-snippet:-1, max-image-preview:large, max-video-preview:-1\" \/>\n<link rel=\"canonical\" href=\"https:\/\/icon.kiobus.org\/social-huma\/tematicas\/\" \/>\n<meta property=\"og:locale\" content=\"es_ES\" \/>\n<meta property=\"og:type\" content=\"article\" \/>\n<meta property=\"og:title\" content=\"Tem\u00e1ticas - ICON social\u00b7huma 2026\" \/>\n<meta property=\"og:description\" content=\"Las aportaciones a ICON-social\u00b7huma versar\u00e1n sobre cualquier tema en torno a las Humanidades que aborde alguno de los siguientes aspectos generales: Investigaciones\u00a0aplicadas a la cultura humana y el conocimiento. Revisiones\u00a0bibliogr\u00e1ficas en sus diversas variantes sobre la cultura y el conocimiento. Textos te\u00f3ricos\u00a0referidos al estado del arte fundamentado y actualizado cient\u00edficamente en torno a la cultura [&hellip;]\" \/>\n<meta property=\"og:url\" content=\"https:\/\/icon.kiobus.org\/social-huma\/tematicas\/\" \/>\n<meta property=\"og:site_name\" content=\"ICON social\u00b7huma 2026\" \/>\n<meta property=\"article:publisher\" content=\"https:\/\/www.facebook.com\/ICON-Congress-100571919228676\" \/>\n<meta property=\"article:modified_time\" content=\"2026-03-20T13:36:49+00:00\" \/>\n<meta property=\"og:image\" content=\"https:\/\/icon.kiobus.org\/social-huma\/wp-content\/uploads\/2025\/10\/icon-edu_26.webp\" \/>\n\t<meta property=\"og:image:width\" content=\"500\" \/>\n\t<meta property=\"og:image:height\" content=\"500\" \/>\n\t<meta property=\"og:image:type\" content=\"image\/webp\" \/>\n<meta name=\"twitter:card\" content=\"summary_large_image\" \/>\n<meta name=\"twitter:site\" content=\"@iconcongress\" \/>\n<meta name=\"twitter:label1\" content=\"Tiempo de lectura\" \/>\n\t<meta name=\"twitter:data1\" content=\"3 minutos\" \/>\n<script type=\"application\/ld+json\" class=\"yoast-schema-graph\">{\"@context\":\"https:\\\/\\\/schema.org\",\"@graph\":[{\"@type\":\"WebPage\",\"@id\":\"https:\\\/\\\/icon.kiobus.org\\\/social-huma\\\/tematicas\\\/\",\"url\":\"https:\\\/\\\/icon.kiobus.org\\\/social-huma\\\/tematicas\\\/\",\"name\":\"Tem\u00e1ticas - ICON social\u00b7huma 2026\",\"isPartOf\":{\"@id\":\"https:\\\/\\\/icon.kiobus.org\\\/social-huma\\\/#website\"},\"datePublished\":\"2021-11-04T10:48:15+00:00\",\"dateModified\":\"2026-03-20T13:36:49+00:00\",\"breadcrumb\":{\"@id\":\"https:\\\/\\\/icon.kiobus.org\\\/social-huma\\\/tematicas\\\/#breadcrumb\"},\"inLanguage\":\"es\",\"potentialAction\":[{\"@type\":\"ReadAction\",\"target\":[\"https:\\\/\\\/icon.kiobus.org\\\/social-huma\\\/tematicas\\\/\"]}]},{\"@type\":\"BreadcrumbList\",\"@id\":\"https:\\\/\\\/icon.kiobus.org\\\/social-huma\\\/tematicas\\\/#breadcrumb\",\"itemListElement\":[{\"@type\":\"ListItem\",\"position\":1,\"name\":\"Portada\",\"item\":\"https:\\\/\\\/icon.kiobus.org\\\/social-huma\\\/\"},{\"@type\":\"ListItem\",\"position\":2,\"name\":\"Tem\u00e1ticas\"}]},{\"@type\":\"WebSite\",\"@id\":\"https:\\\/\\\/icon.kiobus.org\\\/social-huma\\\/#website\",\"url\":\"https:\\\/\\\/icon.kiobus.org\\\/social-huma\\\/\",\"name\":\"ICON-EDU 2026 - CONGRESO INTERNACIONAL\",\"description\":\"CONGRESO INTERNACIONAL CIENCIAS SOCIALES, HUMANIDADES Y CONOCIMIENTO\",\"publisher\":{\"@id\":\"https:\\\/\\\/icon.kiobus.org\\\/social-huma\\\/#organization\"},\"potentialAction\":[{\"@type\":\"SearchAction\",\"target\":{\"@type\":\"EntryPoint\",\"urlTemplate\":\"https:\\\/\\\/icon.kiobus.org\\\/social-huma\\\/?s={search_term_string}\"},\"query-input\":{\"@type\":\"PropertyValueSpecification\",\"valueRequired\":true,\"valueName\":\"search_term_string\"}}],\"inLanguage\":\"es\"},{\"@type\":\"Organization\",\"@id\":\"https:\\\/\\\/icon.kiobus.org\\\/social-huma\\\/#organization\",\"name\":\"ICON-EDU 2025 - CONGRESO INTERNACIONAL\",\"url\":\"https:\\\/\\\/icon.kiobus.org\\\/social-huma\\\/\",\"logo\":{\"@type\":\"ImageObject\",\"inLanguage\":\"es\",\"@id\":\"https:\\\/\\\/icon.kiobus.org\\\/social-huma\\\/#\\\/schema\\\/logo\\\/image\\\/\",\"url\":\"https:\\\/\\\/icon.kiobus.org\\\/edu\\\/wp-content\\\/uploads\\\/2024\\\/12\\\/favicon.png\",\"contentUrl\":\"https:\\\/\\\/icon.kiobus.org\\\/edu\\\/wp-content\\\/uploads\\\/2024\\\/12\\\/favicon.png\",\"width\":500,\"height\":500,\"caption\":\"ICON-EDU 2025 - CONGRESO INTERNACIONAL\"},\"image\":{\"@id\":\"https:\\\/\\\/icon.kiobus.org\\\/social-huma\\\/#\\\/schema\\\/logo\\\/image\\\/\"},\"sameAs\":[\"https:\\\/\\\/www.facebook.com\\\/ICON-Congress-100571919228676\",\"https:\\\/\\\/x.com\\\/iconcongress\"]}]}<\/script>\n<!-- \/ Yoast SEO plugin. -->","yoast_head_json":{"title":"Tem\u00e1ticas - ICON social\u00b7huma 2026","robots":{"index":"index","follow":"follow","max-snippet":"max-snippet:-1","max-image-preview":"max-image-preview:large","max-video-preview":"max-video-preview:-1"},"canonical":"https:\/\/icon.kiobus.org\/social-huma\/tematicas\/","og_locale":"es_ES","og_type":"article","og_title":"Tem\u00e1ticas - ICON social\u00b7huma 2026","og_description":"Las aportaciones a ICON-social\u00b7huma versar\u00e1n sobre cualquier tema en torno a las Humanidades que aborde alguno de los siguientes aspectos generales: Investigaciones\u00a0aplicadas a la cultura humana y el conocimiento. Revisiones\u00a0bibliogr\u00e1ficas en sus diversas variantes sobre la cultura y el conocimiento. Textos te\u00f3ricos\u00a0referidos al estado del arte fundamentado y actualizado cient\u00edficamente en torno a la cultura [&hellip;]","og_url":"https:\/\/icon.kiobus.org\/social-huma\/tematicas\/","og_site_name":"ICON social\u00b7huma 2026","article_publisher":"https:\/\/www.facebook.com\/ICON-Congress-100571919228676","article_modified_time":"2026-03-20T13:36:49+00:00","og_image":[{"width":500,"height":500,"url":"https:\/\/icon.kiobus.org\/social-huma\/wp-content\/uploads\/2025\/10\/icon-edu_26.webp","type":"image\/webp"}],"twitter_card":"summary_large_image","twitter_site":"@iconcongress","twitter_misc":{"Tiempo de lectura":"3 minutos"},"schema":{"@context":"https:\/\/schema.org","@graph":[{"@type":"WebPage","@id":"https:\/\/icon.kiobus.org\/social-huma\/tematicas\/","url":"https:\/\/icon.kiobus.org\/social-huma\/tematicas\/","name":"Tem\u00e1ticas - ICON social\u00b7huma 2026","isPartOf":{"@id":"https:\/\/icon.kiobus.org\/social-huma\/#website"},"datePublished":"2021-11-04T10:48:15+00:00","dateModified":"2026-03-20T13:36:49+00:00","breadcrumb":{"@id":"https:\/\/icon.kiobus.org\/social-huma\/tematicas\/#breadcrumb"},"inLanguage":"es","potentialAction":[{"@type":"ReadAction","target":["https:\/\/icon.kiobus.org\/social-huma\/tematicas\/"]}]},{"@type":"BreadcrumbList","@id":"https:\/\/icon.kiobus.org\/social-huma\/tematicas\/#breadcrumb","itemListElement":[{"@type":"ListItem","position":1,"name":"Portada","item":"https:\/\/icon.kiobus.org\/social-huma\/"},{"@type":"ListItem","position":2,"name":"Tem\u00e1ticas"}]},{"@type":"WebSite","@id":"https:\/\/icon.kiobus.org\/social-huma\/#website","url":"https:\/\/icon.kiobus.org\/social-huma\/","name":"ICON-EDU 2026 - CONGRESO INTERNACIONAL","description":"CONGRESO INTERNACIONAL CIENCIAS SOCIALES, HUMANIDADES Y CONOCIMIENTO","publisher":{"@id":"https:\/\/icon.kiobus.org\/social-huma\/#organization"},"potentialAction":[{"@type":"SearchAction","target":{"@type":"EntryPoint","urlTemplate":"https:\/\/icon.kiobus.org\/social-huma\/?s={search_term_string}"},"query-input":{"@type":"PropertyValueSpecification","valueRequired":true,"valueName":"search_term_string"}}],"inLanguage":"es"},{"@type":"Organization","@id":"https:\/\/icon.kiobus.org\/social-huma\/#organization","name":"ICON-EDU 2025 - CONGRESO INTERNACIONAL","url":"https:\/\/icon.kiobus.org\/social-huma\/","logo":{"@type":"ImageObject","inLanguage":"es","@id":"https:\/\/icon.kiobus.org\/social-huma\/#\/schema\/logo\/image\/","url":"https:\/\/icon.kiobus.org\/edu\/wp-content\/uploads\/2024\/12\/favicon.png","contentUrl":"https:\/\/icon.kiobus.org\/edu\/wp-content\/uploads\/2024\/12\/favicon.png","width":500,"height":500,"caption":"ICON-EDU 2025 - CONGRESO INTERNACIONAL"},"image":{"@id":"https:\/\/icon.kiobus.org\/social-huma\/#\/schema\/logo\/image\/"},"sameAs":["https:\/\/www.facebook.com\/ICON-Congress-100571919228676","https:\/\/x.com\/iconcongress"]}]}},"_links":{"self":[{"href":"https:\/\/icon.kiobus.org\/social-huma\/wp-json\/wp\/v2\/pages\/545","targetHints":{"allow":["GET"]}}],"collection":[{"href":"https:\/\/icon.kiobus.org\/social-huma\/wp-json\/wp\/v2\/pages"}],"about":[{"href":"https:\/\/icon.kiobus.org\/social-huma\/wp-json\/wp\/v2\/types\/page"}],"author":[{"embeddable":true,"href":"https:\/\/icon.kiobus.org\/social-huma\/wp-json\/wp\/v2\/users\/1"}],"replies":[{"embeddable":true,"href":"https:\/\/icon.kiobus.org\/social-huma\/wp-json\/wp\/v2\/comments?post=545"}],"version-history":[{"count":89,"href":"https:\/\/icon.kiobus.org\/social-huma\/wp-json\/wp\/v2\/pages\/545\/revisions"}],"predecessor-version":[{"id":11253,"href":"https:\/\/icon.kiobus.org\/social-huma\/wp-json\/wp\/v2\/pages\/545\/revisions\/11253"}],"wp:attachment":[{"href":"https:\/\/icon.kiobus.org\/social-huma\/wp-json\/wp\/v2\/media?parent=545"}],"curies":[{"name":"wp","href":"https:\/\/api.w.org\/{rel}","templated":true}]}}