{"id":582,"date":"2021-11-04T13:05:53","date_gmt":"2021-11-04T12:05:53","guid":{"rendered":"https:\/\/icon.kiobus.org\/social-huma\/?page_id=582"},"modified":"2026-03-20T13:26:42","modified_gmt":"2026-03-20T12:26:42","slug":"comites","status":"publish","type":"page","link":"https:\/\/icon.kiobus.org\/social-huma\/comites\/","title":{"rendered":"Comit\u00e9s"},"content":{"rendered":"<p>[et_pb_section fb_built=\u00bb1&#8243; _builder_version=\u00bb4.16&#8243; custom_margin=\u00bb0px||||false|false\u00bb custom_padding=\u00bb0px||||false|false\u00bb collapsed=\u00bboff\u00bb global_colors_info=\u00bb{}\u00bb][et_pb_row _builder_version=\u00bb4.16&#8243; global_colors_info=\u00bb{}\u00bb][et_pb_column type=\u00bb4_4&#8243; _builder_version=\u00bb4.16&#8243; global_colors_info=\u00bb{}\u00bb][et_pb_tabs _builder_version=\u00bb4.23.3&#8243; _module_preset=\u00bbdefault\u00bb tab_font_size=\u00bb18px\u00bb background_enable_color=\u00bboff\u00bb hover_enabled=\u00bb0&#8243; global_colors_info=\u00bb{}\u00bb sticky_enabled=\u00bb0&#8243;][et_pb_tab title=\u00bbComit\u00e9 Internacional de Direcci\u00f3n y Organizaci\u00f3n\u00bb _builder_version=\u00bb4.23.3&#8243; _module_preset=\u00bbdefault\u00bb tab_text_color=\u00bb#0198A3&#8243; hover_enabled=\u00bb0&#8243; global_colors_info=\u00bb{}\u00bb sticky_enabled=\u00bb0&#8243;]<\/p>\n<p>Prof. Dr. Dr. Vicent Martines P\u00e9rez, Universidad de Alicante (Presidente)<\/p>\n<p>Profa. Dra. Rosabel Roig Vila, Universidad de Alicante (Coordinadora)<\/p>\n<p>Prof. Dr. Jordi M. Antol\u00ed Mart\u00ednez, Universidad de Alicante (Secretario)<\/p>\n<p>Prof. Dr. Miguel Cazorla Quevedo, Universidad de Alicante<\/p>\n<p>Prof. Dr. Antonio Cortijo, University of California at Santa Barbara<\/p>\n<p>Profa. Dra. Carolina Flores Lueg, Universidad del B\u00edo-B\u00edo<\/p>\n<p><span>Prof. Dr. Alexander L\u00f3pez Padr\u00f3n, Universidad T\u00e9cnica de Manab\u00ed<\/span><\/p>\n<p>Prof. Dr. Santiago Mengual Andr\u00e9s, Universitat de Val\u00e8ncia<\/p>\n<p>Prof. Dr. Fabrizio Manuel Sirignano, Universit\u00e0 degli Studi Suor Orsola Benincasa<\/p>\n<p><span>Profa. Dra. Chelo Vargas-Sierra, IULMA, Universidad de Alicante<\/span><\/p>\n<p>[\/et_pb_tab][\/et_pb_tabs][et_pb_tabs _builder_version=\u00bb4.23.3&#8243; _module_preset=\u00bbdefault\u00bb tab_font_size=\u00bb18px\u00bb background_enable_color=\u00bboff\u00bb hover_enabled=\u00bb0&#8243; global_colors_info=\u00bb{}\u00bb sticky_enabled=\u00bb0&#8243;][et_pb_tab title=\u00bbComit\u00e9 Internacional de Honor\u00bb _builder_version=\u00bb4.23.3&#8243; _module_preset=\u00bbdefault\u00bb tab_text_color=\u00bb#0198A3&#8243; global_colors_info=\u00bb{}\u00bb]<\/p>\n<p>Profa. Dra. Amparo Navarro Faure, Rectora de la Universidad de Alicante<\/p>\n<p>Prof. Dr. Antonio Bascones Mart\u00ednez, Presidente de la Real Academia de Doctores de Espa\u00f1a<\/p>\n<p>Prof. Dr. Antonio Garofalo, Rettore, Universit\u00e0 degli Studi di Napoli<\/p>\n<p>Profa. Dra. Catia Giaconi, Pro-Rettore Vicario dell&#8217;Universit\u00e0 degli Studi di Macerata<\/p>\n<p><span>Prof. Dr. Santiago Quiroz Fern\u00e1ndez<\/span>, Rector de la Universidad T\u00e9cnica de Manab\u00ed<\/p>\n<p>Prof. Dr. L\u00e1szl\u00f3 Borhy, Rector de la E\u00f6tv\u00f6s Lor\u00e1nd University<\/p>\n<p>Prof. Dr. Lucio d\u2019Alessandro, Rettore, Universit\u00e0 degli Studi Suor Orsola Benincasa<\/p>\n<p>Prof. Dr. Massimiliano Fiorucci, Rettore de la Universit\u00e0 degli Studi Roma Tre<\/p>\n<p>Profa. Dra. Tiziana Laureti, Rettrice, Universit\u00e0 degli Studi della Tuscia<\/p>\n<p>Prof. Dr. Matteo Lorito, Rector de la Universit\u00e0 degli Studi di Napoli Federico II<\/p>\n<p>Prof. Dr. Benito Uma\u00f1a Hermosilla, Rector de la Universidad del B\u00edo-B\u00edo<\/p>\n<p><span>Profa. Dra. Elide Valarini Oliver, Chair Dept. of Spanish and Portuguese, University of California at Santa Barbara<\/span><\/p>\n<p>Prof. Dr. Nelson Z\u00e1rate S\u00e1nchez, Rector de la Universidad Tecnol\u00f3gica de El Salvador<\/p>\n<p>&nbsp;<\/p>\n<p>[\/et_pb_tab][\/et_pb_tabs][et_pb_tabs _builder_version=\u00bb4.23.3&#8243; _module_preset=\u00bbdefault\u00bb tab_font_size=\u00bb18px\u00bb background_enable_color=\u00bboff\u00bb hover_enabled=\u00bb0&#8243; global_colors_info=\u00bb{}\u00bb sticky_enabled=\u00bb0&#8243;][et_pb_tab title=\u00bbComit\u00e9 Internacional Cient\u00edfico\u00bb _builder_version=\u00bb4.23.3&#8243; _module_preset=\u00bbdefault\u00bb tab_text_color=\u00bb#0198A3&#8243; hover_enabled=\u00bb0&#8243; global_colors_info=\u00bb{}\u00bb sticky_enabled=\u00bb0&#8243;]<\/p>\n<p>Profa. Dra. Mar\u00eda Aragon\u00e9s Gonz\u00e1lez, Universidad de Alicante<\/p>\n<p>Profa. Dra. Inmaculada Aznar D\u00edaz, Universidad de Granada<\/p>\n<p>Profa. Dra.\u00a0 Oana-Dana Bala\u0219, Universitatea din Bucure\u0219ti<\/p>\n<p>Prof. Dr. Enric Bou, Universit\u00e0 Ca\u2019Foscari Venezia<\/p>\n<p><span>Dra. Ruth Castillo, Centro di Ricerca e Studi Universitari Armando Curcio<\/span><\/p>\n<p>Prof. Dr. Bal\u00e1zs D\u00e9ri, E\u00f6tv\u00f6s Lor\u00e1nd University<\/p>\n<p>Prof. Dr. Nicolau Dols, Universitat de les Illes Balears, IEC-SF<\/p>\n<p>Prof. Dr. K\u00e1lm\u00e1n Faluba, E\u00f6tv\u00f6s Lor\u00e1nd University, IEC-SF<\/p>\n<p><span>Prof. Dr. Aniello Fratta, Universidad Federico II de N\u00e1poles<\/span><\/p>\n<p>Profa. Dra. Mar\u00eda Rosa Garc\u00eda Ruiz, Universidad de Cantabria<\/p>\n<p>Profa. Dra. Mariana Gonz\u00e1lez, Reading University<\/p>\n<p>Prof. Dr. Juan Francisco Jim\u00e9nez Alcaraz, Presidente SEEM,\u00a0 Universidad de Murcia<\/p>\n<p><span>Dr. Xristos Lalos, Universidad de Alicante; Atenas<\/span><\/p>\n<p><span>Profa. Dra. Luisa A. Messina Fajardo, Universidad de Roma III<\/span><\/p>\n<p>Prof. Dr. Marian Preda, Universitatea din Bucure\u0219ti<\/p>\n<p>Prof. Dr. Hans-Ingo Radatz, Otto-Friedrich-Universit\u00e4t Bamberg<\/p>\n<p>Prof. Dr. Flocel Sabat\u00e9, President HISCOAR, Universitat de Lleida<\/p>\n<p>Profa. Dra. Rozalya Sasor, Jagiellonian University in Kr\u00e1kow<\/p>\n<p>Profa. Dra. Mar\u00eda Stefanie V\u00e1squez Pe\u00f1afiel, Universidad Internacional del Ecuador<\/p>\n<p>[\/et_pb_tab][\/et_pb_tabs][et_pb_tabs _builder_version=\u00bb4.23.3&#8243; _module_preset=\u00bbdefault\u00bb tab_font_size=\u00bb18px\u00bb background_enable_color=\u00bboff\u00bb hover_enabled=\u00bb0&#8243; global_colors_info=\u00bb{}\u00bb sticky_enabled=\u00bb0&#8243;][et_pb_tab title=\u00bbComit\u00e9 Organizador Internacional\u00bb _builder_version=\u00bb4.23.3&#8243; _module_preset=\u00bbdefault\u00bb tab_text_color=\u00bb#0198A3&#8243; hover_enabled=\u00bb0&#8243; global_colors_info=\u00bb{}\u00bb sticky_enabled=\u00bb0&#8243;]<\/p>\n<p>Prof. Dr. Juan Francisco \u00c1lvarez Herrero,\u00a0Universidad de Alicante<\/p>\n<p>Profa. Dra. Mar\u00eda Pilar Aparicio Flores,\u00a0Universidad de Alicante<\/p>\n<p>Profa. Dra. Esther Chiner Sanz, Universidad de Alicante<\/p>\n<p>Profa. Ver\u00f3nica Chust P\u00e9rez, Universidad de Alicante<\/p>\n<p>Profa. Dra. Carmen D\u00edez, Universidad CEU Cardenal Herrera<\/p>\n<p>Profa. Dra. Mar\u00eda Teresa del Olmo Ib\u00e1\u00f1ez, Universidad de Alicante<\/p>\n<p>Profa. Dra.\u00a0Rosa Pilar Esteve Faubel,\u00a0Universidad de Alicante<\/p>\n<p>Profa. Dra. Aitana Fern\u00e1ndez Sogorb, Universidad de Alicante<\/p>\n<p>Prof. Dr. Diego Gavil\u00e1n Mart\u00edn,\u00a0Universidad de Alicante<\/p>\n<p>Prof. Dr. Marcos G\u00f3mez Puerta, Universidad de Alicante<\/p>\n<p>Prof. Marco Leggieri, Universit\u00e0 della Tuscia<\/p>\n<p><span>Profa. Dra. Rosabel Mart\u00ednez Roig, Universidad de Alicante<\/span><\/p>\n<p><span>Profa. Dra. Copelia Mateo Guill\u00e9n, Universidad de Alicante<\/span><\/p>\n<p><span>Profa. Dra. M\u00aa Luisa Rico G\u00f3mez, Universidad de Alicante<\/span><\/p>\n<p><span>Profa. Dra. Elena S\u00e1nchez L\u00f3pez, Universidad de Alicante<\/span><\/p>\n<p>Prof. Dra. Mayra Urrea Solano,\u00a0Universidad de Alicante<\/p>\n<p>Profa. Dra. Marisol Villarrubia Z\u00fa\u00f1iga, Universidad de Alicante<\/p>\n<p><strong>Coordinaci\u00f3n t\u00e9cnica:<\/strong><\/p>\n<p>Ver\u00f3nica Onrubia Mart\u00ednez, Universidad de Alicante<\/p>\n<p>Carmen Cutillas Cuartero, Universidad de Alicante<\/p>\n<p>[\/et_pb_tab][\/et_pb_tabs][\/et_pb_column][\/et_pb_row][\/et_pb_section]<\/p>\n","protected":false},"excerpt":{"rendered":"<p>Prof. Dr. Dr. Vicent Martines P\u00e9rez, Universidad de Alicante (Presidente) Profa. Dra. Rosabel Roig Vila, Universidad de Alicante (Coordinadora) Prof. Dr. Jordi M. Antol\u00ed Mart\u00ednez, Universidad de Alicante (Secretario) Prof. Dr. Miguel Cazorla Quevedo, Universidad de Alicante Prof. Dr. Antonio Cortijo, University of California at Santa Barbara Profa. Dra. Carolina Flores Lueg, Universidad del B\u00edo-B\u00edo [&hellip;]<\/p>\n","protected":false},"author":1,"featured_media":0,"parent":0,"menu_order":0,"comment_status":"closed","ping_status":"closed","template":"","meta":{"_et_pb_use_builder":"on","_et_pb_old_content":"","_et_gb_content_width":"","_mc_calendar":[],"footnotes":""},"class_list":["post-582","page","type-page","status-publish","hentry"],"yoast_head":"<!-- This site is optimized with the Yoast SEO plugin v27.4 - https:\/\/yoast.com\/product\/yoast-seo-wordpress\/ -->\n<title>Comit\u00e9s - ICON social\u00b7huma 2026<\/title>\n<meta name=\"robots\" content=\"index, follow, max-snippet:-1, max-image-preview:large, max-video-preview:-1\" \/>\n<link rel=\"canonical\" href=\"https:\/\/icon.kiobus.org\/social-huma\/comites\/\" \/>\n<meta property=\"og:locale\" content=\"es_ES\" \/>\n<meta property=\"og:type\" content=\"article\" \/>\n<meta property=\"og:title\" content=\"Comit\u00e9s - ICON social\u00b7huma 2026\" \/>\n<meta property=\"og:description\" content=\"Prof. Dr. Dr. Vicent Martines P\u00e9rez, Universidad de Alicante (Presidente) Profa. Dra. Rosabel Roig Vila, Universidad de Alicante (Coordinadora) Prof. Dr. Jordi M. Antol\u00ed Mart\u00ednez, Universidad de Alicante (Secretario) Prof. Dr. Miguel Cazorla Quevedo, Universidad de Alicante Prof. Dr. Antonio Cortijo, University of California at Santa Barbara Profa. Dra. Carolina Flores Lueg, Universidad del B\u00edo-B\u00edo [&hellip;]\" \/>\n<meta property=\"og:url\" content=\"https:\/\/icon.kiobus.org\/social-huma\/comites\/\" \/>\n<meta property=\"og:site_name\" content=\"ICON social\u00b7huma 2026\" \/>\n<meta property=\"article:publisher\" content=\"https:\/\/www.facebook.com\/ICON-Congress-100571919228676\" \/>\n<meta property=\"article:modified_time\" content=\"2026-03-20T12:26:42+00:00\" \/>\n<meta property=\"og:image\" content=\"https:\/\/icon.kiobus.org\/social-huma\/wp-content\/uploads\/2025\/10\/icon-edu_26.webp\" \/>\n\t<meta property=\"og:image:width\" content=\"500\" \/>\n\t<meta property=\"og:image:height\" content=\"500\" \/>\n\t<meta property=\"og:image:type\" content=\"image\/webp\" \/>\n<meta name=\"twitter:card\" content=\"summary_large_image\" \/>\n<meta name=\"twitter:site\" content=\"@iconcongress\" \/>\n<meta name=\"twitter:label1\" content=\"Tiempo de lectura\" \/>\n\t<meta name=\"twitter:data1\" content=\"4 minutos\" \/>\n<script type=\"application\/ld+json\" class=\"yoast-schema-graph\">{\"@context\":\"https:\\\/\\\/schema.org\",\"@graph\":[{\"@type\":\"WebPage\",\"@id\":\"https:\\\/\\\/icon.kiobus.org\\\/social-huma\\\/comites\\\/\",\"url\":\"https:\\\/\\\/icon.kiobus.org\\\/social-huma\\\/comites\\\/\",\"name\":\"Comit\u00e9s - ICON social\u00b7huma 2026\",\"isPartOf\":{\"@id\":\"https:\\\/\\\/icon.kiobus.org\\\/social-huma\\\/#website\"},\"datePublished\":\"2021-11-04T12:05:53+00:00\",\"dateModified\":\"2026-03-20T12:26:42+00:00\",\"breadcrumb\":{\"@id\":\"https:\\\/\\\/icon.kiobus.org\\\/social-huma\\\/comites\\\/#breadcrumb\"},\"inLanguage\":\"es\",\"potentialAction\":[{\"@type\":\"ReadAction\",\"target\":[\"https:\\\/\\\/icon.kiobus.org\\\/social-huma\\\/comites\\\/\"]}]},{\"@type\":\"BreadcrumbList\",\"@id\":\"https:\\\/\\\/icon.kiobus.org\\\/social-huma\\\/comites\\\/#breadcrumb\",\"itemListElement\":[{\"@type\":\"ListItem\",\"position\":1,\"name\":\"Portada\",\"item\":\"https:\\\/\\\/icon.kiobus.org\\\/social-huma\\\/\"},{\"@type\":\"ListItem\",\"position\":2,\"name\":\"Comit\u00e9s\"}]},{\"@type\":\"WebSite\",\"@id\":\"https:\\\/\\\/icon.kiobus.org\\\/social-huma\\\/#website\",\"url\":\"https:\\\/\\\/icon.kiobus.org\\\/social-huma\\\/\",\"name\":\"ICON-EDU 2026 - CONGRESO INTERNACIONAL\",\"description\":\"CONGRESO INTERNACIONAL CIENCIAS SOCIALES, HUMANIDADES Y CONOCIMIENTO\",\"publisher\":{\"@id\":\"https:\\\/\\\/icon.kiobus.org\\\/social-huma\\\/#organization\"},\"potentialAction\":[{\"@type\":\"SearchAction\",\"target\":{\"@type\":\"EntryPoint\",\"urlTemplate\":\"https:\\\/\\\/icon.kiobus.org\\\/social-huma\\\/?s={search_term_string}\"},\"query-input\":{\"@type\":\"PropertyValueSpecification\",\"valueRequired\":true,\"valueName\":\"search_term_string\"}}],\"inLanguage\":\"es\"},{\"@type\":\"Organization\",\"@id\":\"https:\\\/\\\/icon.kiobus.org\\\/social-huma\\\/#organization\",\"name\":\"ICON-EDU 2025 - CONGRESO INTERNACIONAL\",\"url\":\"https:\\\/\\\/icon.kiobus.org\\\/social-huma\\\/\",\"logo\":{\"@type\":\"ImageObject\",\"inLanguage\":\"es\",\"@id\":\"https:\\\/\\\/icon.kiobus.org\\\/social-huma\\\/#\\\/schema\\\/logo\\\/image\\\/\",\"url\":\"https:\\\/\\\/icon.kiobus.org\\\/edu\\\/wp-content\\\/uploads\\\/2024\\\/12\\\/favicon.png\",\"contentUrl\":\"https:\\\/\\\/icon.kiobus.org\\\/edu\\\/wp-content\\\/uploads\\\/2024\\\/12\\\/favicon.png\",\"width\":500,\"height\":500,\"caption\":\"ICON-EDU 2025 - CONGRESO INTERNACIONAL\"},\"image\":{\"@id\":\"https:\\\/\\\/icon.kiobus.org\\\/social-huma\\\/#\\\/schema\\\/logo\\\/image\\\/\"},\"sameAs\":[\"https:\\\/\\\/www.facebook.com\\\/ICON-Congress-100571919228676\",\"https:\\\/\\\/x.com\\\/iconcongress\"]}]}<\/script>\n<!-- \/ Yoast SEO plugin. -->","yoast_head_json":{"title":"Comit\u00e9s - ICON social\u00b7huma 2026","robots":{"index":"index","follow":"follow","max-snippet":"max-snippet:-1","max-image-preview":"max-image-preview:large","max-video-preview":"max-video-preview:-1"},"canonical":"https:\/\/icon.kiobus.org\/social-huma\/comites\/","og_locale":"es_ES","og_type":"article","og_title":"Comit\u00e9s - ICON social\u00b7huma 2026","og_description":"Prof. Dr. Dr. Vicent Martines P\u00e9rez, Universidad de Alicante (Presidente) Profa. Dra. Rosabel Roig Vila, Universidad de Alicante (Coordinadora) Prof. Dr. Jordi M. Antol\u00ed Mart\u00ednez, Universidad de Alicante (Secretario) Prof. Dr. Miguel Cazorla Quevedo, Universidad de Alicante Prof. Dr. Antonio Cortijo, University of California at Santa Barbara Profa. Dra. Carolina Flores Lueg, Universidad del B\u00edo-B\u00edo [&hellip;]","og_url":"https:\/\/icon.kiobus.org\/social-huma\/comites\/","og_site_name":"ICON social\u00b7huma 2026","article_publisher":"https:\/\/www.facebook.com\/ICON-Congress-100571919228676","article_modified_time":"2026-03-20T12:26:42+00:00","og_image":[{"width":500,"height":500,"url":"https:\/\/icon.kiobus.org\/social-huma\/wp-content\/uploads\/2025\/10\/icon-edu_26.webp","type":"image\/webp"}],"twitter_card":"summary_large_image","twitter_site":"@iconcongress","twitter_misc":{"Tiempo de lectura":"4 minutos"},"schema":{"@context":"https:\/\/schema.org","@graph":[{"@type":"WebPage","@id":"https:\/\/icon.kiobus.org\/social-huma\/comites\/","url":"https:\/\/icon.kiobus.org\/social-huma\/comites\/","name":"Comit\u00e9s - ICON social\u00b7huma 2026","isPartOf":{"@id":"https:\/\/icon.kiobus.org\/social-huma\/#website"},"datePublished":"2021-11-04T12:05:53+00:00","dateModified":"2026-03-20T12:26:42+00:00","breadcrumb":{"@id":"https:\/\/icon.kiobus.org\/social-huma\/comites\/#breadcrumb"},"inLanguage":"es","potentialAction":[{"@type":"ReadAction","target":["https:\/\/icon.kiobus.org\/social-huma\/comites\/"]}]},{"@type":"BreadcrumbList","@id":"https:\/\/icon.kiobus.org\/social-huma\/comites\/#breadcrumb","itemListElement":[{"@type":"ListItem","position":1,"name":"Portada","item":"https:\/\/icon.kiobus.org\/social-huma\/"},{"@type":"ListItem","position":2,"name":"Comit\u00e9s"}]},{"@type":"WebSite","@id":"https:\/\/icon.kiobus.org\/social-huma\/#website","url":"https:\/\/icon.kiobus.org\/social-huma\/","name":"ICON-EDU 2026 - CONGRESO INTERNACIONAL","description":"CONGRESO INTERNACIONAL CIENCIAS SOCIALES, HUMANIDADES Y CONOCIMIENTO","publisher":{"@id":"https:\/\/icon.kiobus.org\/social-huma\/#organization"},"potentialAction":[{"@type":"SearchAction","target":{"@type":"EntryPoint","urlTemplate":"https:\/\/icon.kiobus.org\/social-huma\/?s={search_term_string}"},"query-input":{"@type":"PropertyValueSpecification","valueRequired":true,"valueName":"search_term_string"}}],"inLanguage":"es"},{"@type":"Organization","@id":"https:\/\/icon.kiobus.org\/social-huma\/#organization","name":"ICON-EDU 2025 - CONGRESO INTERNACIONAL","url":"https:\/\/icon.kiobus.org\/social-huma\/","logo":{"@type":"ImageObject","inLanguage":"es","@id":"https:\/\/icon.kiobus.org\/social-huma\/#\/schema\/logo\/image\/","url":"https:\/\/icon.kiobus.org\/edu\/wp-content\/uploads\/2024\/12\/favicon.png","contentUrl":"https:\/\/icon.kiobus.org\/edu\/wp-content\/uploads\/2024\/12\/favicon.png","width":500,"height":500,"caption":"ICON-EDU 2025 - CONGRESO INTERNACIONAL"},"image":{"@id":"https:\/\/icon.kiobus.org\/social-huma\/#\/schema\/logo\/image\/"},"sameAs":["https:\/\/www.facebook.com\/ICON-Congress-100571919228676","https:\/\/x.com\/iconcongress"]}]}},"_links":{"self":[{"href":"https:\/\/icon.kiobus.org\/social-huma\/wp-json\/wp\/v2\/pages\/582","targetHints":{"allow":["GET"]}}],"collection":[{"href":"https:\/\/icon.kiobus.org\/social-huma\/wp-json\/wp\/v2\/pages"}],"about":[{"href":"https:\/\/icon.kiobus.org\/social-huma\/wp-json\/wp\/v2\/types\/page"}],"author":[{"embeddable":true,"href":"https:\/\/icon.kiobus.org\/social-huma\/wp-json\/wp\/v2\/users\/1"}],"replies":[{"embeddable":true,"href":"https:\/\/icon.kiobus.org\/social-huma\/wp-json\/wp\/v2\/comments?post=582"}],"version-history":[{"count":110,"href":"https:\/\/icon.kiobus.org\/social-huma\/wp-json\/wp\/v2\/pages\/582\/revisions"}],"predecessor-version":[{"id":11236,"href":"https:\/\/icon.kiobus.org\/social-huma\/wp-json\/wp\/v2\/pages\/582\/revisions\/11236"}],"wp:attachment":[{"href":"https:\/\/icon.kiobus.org\/social-huma\/wp-json\/wp\/v2\/media?parent=582"}],"curies":[{"name":"wp","href":"https:\/\/api.w.org\/{rel}","templated":true}]}}