{"id":638,"date":"2021-11-04T13:58:09","date_gmt":"2021-11-04T12:58:09","guid":{"rendered":"https:\/\/icon.kiobus.org\/social-huma\/?page_id=638"},"modified":"2026-03-19T23:20:20","modified_gmt":"2026-03-19T22:20:20","slug":"preguntas-frecuentes","status":"publish","type":"page","link":"https:\/\/icon.kiobus.org\/social-huma\/preguntas-frecuentes\/","title":{"rendered":"Preguntas frecuentes"},"content":{"rendered":"<p>[et_pb_section fb_built=\u00bb1&#8243; _builder_version=\u00bb4.16&#8243; custom_padding=\u00bb26px|||||\u00bb collapsed=\u00bboff\u00bb global_colors_info=\u00bb{}\u00bb][et_pb_row _builder_version=\u00bb4.16&#8243; custom_padding=\u00bb24px|0px|25.4667px|0px|false|false\u00bb global_colors_info=\u00bb{}\u00bb][et_pb_column type=\u00bb4_4&#8243; _builder_version=\u00bb4.16&#8243; custom_padding=\u00bb|||\u00bb global_colors_info=\u00bb{}\u00bb custom_padding__hover=\u00bb|||\u00bb][et_pb_accordion open_toggle_text_color=\u00bb#0198A3&#8243; closed_toggle_text_color=\u00bb#ffffff\u00bb closed_toggle_background_color=\u00bb#0198A3&#8243; icon_color=\u00bb#ffffff\u00bb use_icon_font_size=\u00bbon\u00bb icon_font_size=\u00bb18px\u00bb _builder_version=\u00bb4.23.3&#8243; toggle_level=\u00bbh4&#8243; hover_transition_duration=\u00bb100ms\u00bb hover_transition_speed_curve=\u00bblinear\u00bb hover_enabled=\u00bb0&#8243; border_color_all=\u00bb#0198A3&#8243; global_colors_info=\u00bb{}\u00bb sticky_enabled=\u00bb0&#8243;][et_pb_accordion_item title=\u00bb\u00bfQu\u00e9 modalidad de congreso es ICON-social\u00b7huma?\u00bb open=\u00bbon\u00bb _builder_version=\u00bb4.23.3&#8243; _module_preset=\u00bbdefault\u00bb hover_enabled=\u00bb0&#8243; global_colors_info=\u00bb{}\u00bb sticky_enabled=\u00bb0&#8243;]<\/p>\n<p>ICON-social\u00b7huma se celebra de forma virtual a trav\u00e9s de una plataforma muy intuitiva y f\u00e1cil de usar.<\/p>\n<p>Las presentaciones son as\u00edncronas, es decir, no hay fecha y hora para presentar. Se env\u00edan previamente (ver fechas clave) las presentaciones y desde la Organizaci\u00f3n se suben a la plataforma.<\/p>\n<p>S\u00ed hay sesiones presenciales de conferenciantes invitados con asistencia voluntaria del p\u00fablico. Estas sesiones se retransmiten por streaming.<\/p>\n<p><strong>As\u00ed pues, puede decirse que ICON-social\u00b7huma tiene formato virtual para las aportaciones.<\/strong><\/p>\n<p>ICON-edu, en cambio, tiene formato presencial y virtual para las aportaciones.<\/p>\n<p>[\/et_pb_accordion_item][et_pb_accordion_item title=\u00bb\u00bfTodos los autores de una aportaci\u00f3n deben inscribirse como matriculados en el congreso?\u00bb open=\u00bboff\u00bb _builder_version=\u00bb4.23.3&#8243; _module_preset=\u00bbdefault\u00bb global_colors_info=\u00bb{}\u00bb]<\/p>\n<p><span>S\u00ed, todos deber\u00e1n estar inscritos. Los importes de las matr\u00edculas est\u00e1n muy ajustados.<\/span><\/p>\n<p><span>Por tanto, en caso de autor\u00eda m\u00faltiple, deber\u00e1n formalizar la matr\u00edcula todos las autoras o los autores y abonar la cuant\u00eda correspondiente seg\u00fan cada caso.<\/span><\/p>\n<p>[\/et_pb_accordion_item][et_pb_accordion_item title=\u00bb\u00bfCu\u00e1ntas aportaciones se pueden enviar?\u00bb open=\u00bboff\u00bb _builder_version=\u00bb4.23.3&#8243; _module_preset=\u00bbdefault\u00bb global_colors_info=\u00bb{}\u00bb]<\/p>\n<p>Un autor puede enviar hasta<span>\u00a0<\/span><strong>dos<\/strong><span>\u00a0<\/span>aportaciones en la<span>\u00a0<\/span><strong>fase 1<\/strong>. Puede tener, pues, dos aportaciones en el Libro de Actas y dos certificados de presentaci\u00f3n de comunicaci\u00f3n oral\/p\u00f3ster\/ponencia en simposio invitado\/ponencia invitada.<\/p>\n<p>Si, adem\u00e1s, quiere remitir texto completo (env\u00edos<span>\u00a0<\/span><strong>fase 2<\/strong>), solo se podr\u00e1 enviar<span>\u00a0<\/span><strong>una<\/strong><span>\u00a0<\/span>aportaci\u00f3n en esta fase 2. Con ello, podr\u00e1 tener un cap\u00edtulo de libro o un art\u00edculo de revista (deber\u00e1 cambiar ligeramente el t\u00edtulo para que no sea el mismo que la aportaci\u00f3n de la fase 1 de la cual presenta texto completo).<\/p>\n<p>Para remitir<span>\u00a0<\/span><strong>m\u00e1s de un texto completo en la fase 2<\/strong><span>\u00a0<\/span>deber\u00e1 abonar la<span>\u00a0<\/span><strong>matr\u00edcula extra<\/strong>. Si abona, pues, una matr\u00edcula extra, podr\u00e1 tener dos cap\u00edtulos de libro\/art\u00edculos.<\/p>\n<p>[\/et_pb_accordion_item][et_pb_accordion_item title=\u00bb\u00bfEn cu\u00e1ntos cap\u00edtulos de libro que superen la revisi\u00f3n puede aparecer cada autor o autora?\u00bb open=\u00bboff\u00bb _builder_version=\u00bb4.23.3&#8243; _module_preset=\u00bbdefault\u00bb global_colors_info=\u00bb{}\u00bb]<\/p>\n<p><span>Un autor o autora s\u00f3lo puede aparecer en un cap\u00edtulo de libro.\u00a0<\/span><\/p>\n<p><span>Ahora bien, un participante puede a\u00f1adir inscripciones extra para poder remitir de forma extra otros cap\u00edtulos de libro o art\u00edculos de revista.<\/span><\/p>\n<p>[\/et_pb_accordion_item][et_pb_accordion_item title=\u00bbSi una revista rechaza un trabajo completo de la fase 2, \u00bfpodr\u00eda enviarse este manuscrito como cap\u00edtulo de libro a una editorial?\u00bb open=\u00bboff\u00bb _builder_version=\u00bb4.23.3&#8243; _module_preset=\u00bbdefault\u00bb global_colors_info=\u00bb{}\u00bb]<\/p>\n<p><span>Existe la posibilidad de que un trabajo completo se remita a una revista y, en caso de que se rechace el manuscrito, este pueda enviarse como cap\u00edtulo para uno de los libros a publicar.<\/span><\/p>\n<p><span>La \u00fanica condici\u00f3n es que se cumpla la fecha l\u00edmite para el env\u00edo en esta fase 2. Para ello, ser\u00e1 necesario que el manuscrito se remita a la revista antes del d\u00eda 3 de noviembre, con el fin de que haya suficiente tiempo para todo el proceso indicado (las revistas en un mes informan del resultado final de evaluaci\u00f3n) y, como se ha indicado, si se rechaza el manuscrito, que haya tiempo suficiente para cumplir la fecha l\u00edmite y enviar el texto como cap\u00edtulo.<\/span><\/p>\n<p><span>Ser\u00e1 necesario, por supuesto, que el manuscrito cumpla las normas de edici\u00f3n de la editorial del libro y se utilice la plantilla correspondiente.<\/span><\/p>\n<p>[\/et_pb_accordion_item][et_pb_accordion_item title=\u00bb\u00bfSe puede enviar la propuesta inicial, y en caso de ser aceptada, apuntarse posteriormente al congreso, o es necesario estar apuntado primero para poder presentar la propuesta inicial?\u00bb open=\u00bboff\u00bb _builder_version=\u00bb4.23.3&#8243; _module_preset=\u00bbdefault\u00bb global_colors_info=\u00bb{}\u00bb]<\/p>\n<p><span>Se puede enviar la propuesta inicial y, en caso de ser aceptada, apuntarse posteriormente, pero siempre respetando las fechas clave.<\/span><\/p>\n<p>[\/et_pb_accordion_item][et_pb_accordion_item title=\u00bbTras enviar una aportaci\u00f3n inicial en la fase 1, \u00bfcu\u00e1ndo se recibir\u00e1 la respuesta sobre la aceptaci\u00f3n o no de la aportaci\u00f3n?\u00bb open=\u00bboff\u00bb _builder_version=\u00bb4.23.3&#8243; _module_preset=\u00bbdefault\u00bb global_colors_info=\u00bb{}\u00bb]<\/p>\n<p><span>En las siguientes 72 horas despu\u00e9s del env\u00edo de la aportaci\u00f3n.<\/span><\/p>\n<p>[\/et_pb_accordion_item][et_pb_accordion_item title=\u00bb\u00bfC\u00f3mo puedo comunicar alguna incidencia durante la celebraci\u00f3n del congreso?\u00bb open=\u00bboff\u00bb _builder_version=\u00bb4.23.3&#8243; _module_preset=\u00bbdefault\u00bb global_colors_info=\u00bb{}\u00bb]<\/p>\n<p><span>Si quiere contactar con nosotros antes, durante y despu\u00e9s de la celebraci\u00f3n del congreso, utilice los datos del apartado\u00a0<\/span><a href=\"https:\/\/icon.kiobus.org\/social-huma\/secretaria-y-contacto\/\">Contacto<\/a><span>.<\/span><\/p>\n<p>[\/et_pb_accordion_item][et_pb_accordion_item title=\u00bbSi solo quiero participar con una comunicaci\u00f3n, p\u00f3ster, simposio completo o ponencia invitada, \u00bfdebo enviar un trabajo completo?\u00bb open=\u00bboff\u00bb _builder_version=\u00bb4.23.3&#8243; _module_preset=\u00bbdefault\u00bb global_colors_info=\u00bb{}\u00bb]<\/p>\n<p>Para participar con una aportaci\u00f3n, solo debe enviar un texto que tenga entre 500 y 600 palabras. Puede enviar en total dos aportaciones. Todas las aportaciones aceptadas (env\u00edos fase 1) se publican en el Libro de Actas editado por la Editorial Octaedro (Q1 y n\u00ba 1 en el r\u00e1nking SPI 2022).<\/p>\n<p>No es obligatorio enviar texto completo (env\u00edos fase 2). Enviar un texto completo (entre 4.500 y 6000 palabras), pues, es voluntario.<\/p>\n<p>[\/et_pb_accordion_item][et_pb_accordion_item title=\u00bb\u00bfEn el v\u00eddeo que se graba como opci\u00f3n debe aparecer el rostro del autor\/es?\u00bb open=\u00bboff\u00bb _builder_version=\u00bb4.23.3&#8243; _module_preset=\u00bbdefault\u00bb global_colors_info=\u00bb{}\u00bb]<\/p>\n<p><span>No es obligatorio. Puede enviar un v\u00eddeo donde solo se escuche su voz en off y se vea la presentaci\u00f3n de diapositivas que haya preparado.<\/span><\/p>\n<p>[\/et_pb_accordion_item][et_pb_accordion_item title=\u00bb\u00bfEn qu\u00e9 idiomas puedo enviar una aportaci\u00f3n?\u00bb open=\u00bboff\u00bb _builder_version=\u00bb4.23.3&#8243; _module_preset=\u00bbdefault\u00bb global_colors_info=\u00bb{}\u00bb]<\/p>\n<ul>\n<li>Se podr\u00e1n presentar trabajos (env\u00edos<span>\u00a0fase 1<\/span>) en espa\u00f1ol, catal\u00e1n, ingl\u00e9s, italiano, portugu\u00e9s, alem\u00e1n y franc\u00e9s.<\/li>\n<li>En el caso de las publicaciones de los trabajos completos (env\u00edos voluntarios en la fase 2), el idioma depender\u00e1 de la editorial.\n<ul>\n<li>En las normas de edici\u00f3n de cada editorial aparece este dato (<a href=\"https:\/\/icon.kiobus.org\/huma\/edicion2025\/proceso-de-envio\/\">acceda<\/a><span>\u00a0<\/span>desde \u00ab4. ENV\u00cdO (VOLUNTARIO) DE UN TEXTO COMPLETO (FASE 2)\u00bb.<\/li>\n<li>Observaci\u00f3n:\n<ul>\n<li>Es posible escribir en ingl\u00e9s en todas las editoriales, pero se deber\u00e1 solicitar previamente por email a<span>\u00a0<\/span><a href=\"mailto:icon.congress@ua.es\">icon.huma@ua.es<\/a>. Esta cuesti\u00f3n se indica especialmente para aquellos autores que presentan manuscritos en una lengua diferente a la nativa.<\/li>\n<li>Es posible escribir en italiano, portugu\u00e9s, alem\u00e1n o franc\u00e9s, pero antes debe escribir un e-mail a<span>\u00a0<\/span><a href=\"mailto:icon.congress@ua.es\">icon.huma@ua.es<\/a><span>\u00a0<\/span>para informarle de las condiciones.<\/li>\n<\/ul>\n<\/li>\n<\/ul>\n<\/li>\n<li>El autor\/autores deber\u00e1n remitir el texto en el idioma correspondiente y asegurarse de que el texto haya sido traducido\/revisado correctamente. De hecho, si se detectan errores ling\u00fc\u00edsticos, el manuscrito ser\u00e1 rechazado.\u00a0<\/li>\n<\/ul>\n<p>[\/et_pb_accordion_item][et_pb_accordion_item title=\u00bbSi quiero enviar un cap\u00edtulo o art\u00edculo de revista extra, \u00bfpreviamente debo haber presentado un resumen (fase 1)?\u00bb open=\u00bboff\u00bb _builder_version=\u00bb4.23.3&#8243; _module_preset=\u00bbdefault\u00bb global_colors_info=\u00bb{}\u00bb]<\/p>\n<p><span>Cuando env\u00eda una aportaci\u00f3n como cap\u00edtulo extra no es necesario remitir previamente un resumen en la fase 1. Debe enviar directamente el\u00a0<\/span><span>texto completo y realizar el pago de matr\u00edcula en esta modalidad en la fecha l\u00edmite de inscripci\u00f3n (v\u00e9ase fechas clave).<\/span><\/p>\n<p>[\/et_pb_accordion_item][et_pb_accordion_item title=\u00bbSobre Facturas&#8230;\u00bb open=\u00bboff\u00bb _builder_version=\u00bb4.23.3&#8243; _module_preset=\u00bbdefault\u00bb global_colors_info=\u00bb{}\u00bb]<\/p>\n<h3>Solicitud FACTURA<\/h3>\n<ul>\n<li><strong>Para solicitar una factura envie un correo electr\u00f3nico a<\/strong>:<span>\u00a0<\/span><a href=\"mailto:contabilidad@icon.kiobus.org?Subject=ICON-HUMA%202025:%20Solicitud%20de%20factura.\">contabilidad@icon.kiobus.org<\/a>\n<ul>\n<li>Debe especificar si la factura va a<span>\u00a0<\/span><strong>nombre de una instituci\u00f3n<\/strong><span>\u00a0<\/span>o en<span>\u00a0<\/span><strong>nombre propio<\/strong>:\n<ul>\n<li><strong>A nombre de instituci\u00f3n<\/strong>: Nombre de la instituci\u00f3n, Direcci\u00f3n Postal completa, CIF de la instituci\u00f3n,<span>\u00a0<\/span><strong>Modalidad de Participaci\u00f3n.<\/strong><\/li>\n<li><strong>En Nombre Propio<\/strong>: Nombre completo, Direcci\u00f3n Postal personal completa, NIF del interesado,<span>\u00a0<\/span><strong>Modalidad de Participaci\u00f3n.<\/strong><\/li>\n<\/ul>\n<\/li>\n<\/ul>\n<\/li>\n<li>Cualquier persona puede socilitar factura de su inscripci\u00f3n.<\/li>\n<\/ul>\n<p>&nbsp;<\/p>\n<h3>Solicitud PRESUPUESTO<\/h3>\n<ul>\n<li><strong>Aseg\u00farese de que antes de la factura no necesita un presupuesto (especialmente para instituciones universitarias)<\/strong>. Tambi\u00e9n se aconseja que haga previamente un presupuesto para mostrar los datos a su instituci\u00f3n y le confirmen los datos. Tambi\u00e9n<span>\u00a0<\/span><strong>puede solicitar el presupuesto enviando un correo electr\u00f3nico a:<\/strong><span>\u00a0<\/span><a href=\"mailto:contabilidad@icon.kiobus.org?Subject=ICON-HUMA%202025:%20Solicitud%20de%20presupuesto.\">contabilidad@icon.kiobus.org<\/a><\/li>\n<li>Debe especificar si el presupuesto va a<span>\u00a0<\/span><strong>nombre de una instituci\u00f3n<\/strong><span>\u00a0<\/span>o en<span>\u00a0<\/span><strong>nombre propio<\/strong>:\n<ul>\n<li><strong>A nombre de instituci\u00f3n<\/strong>: Nombre de la instituci\u00f3n, Direcci\u00f3n Postal completa, CIF de la instituci\u00f3n,<span>\u00a0<\/span><strong>Modalidad de Participaci\u00f3n.<\/strong><\/li>\n<li><strong>En Nombre Propio<\/strong>: Nombre completo, Direcci\u00f3n Postal personal completa, NIF del interesado,<span>\u00a0<\/span><strong>Modalidad de Participaci\u00f3n.<\/strong><\/li>\n<\/ul>\n<\/li>\n<\/ul>\n<p>&nbsp;<\/p>\n<h3><span>NOTA IMPORTANTE<\/span><\/h3>\n<p>Una vez solicitada una factura, no podr\u00e1 modificarse ninguno de los datos enviados, ni la factura que se haya generado. Es necesario, pues, que se informe correctamente contactando con su Universidad, centro de trabajo, entidad, etc., de los datos que necesita que se incluyen en la factura.<span>\u00a0<\/span><strong>EN CASO DE SOLICITAR CAMBIOS EN UNA FACTURA, SE ABONAR\u00c1N 30 EUROS POR GASTOS DE GESTI\u00d3N.<\/strong><\/p>\n<p>[\/et_pb_accordion_item][\/et_pb_accordion][\/et_pb_column][\/et_pb_row][\/et_pb_section]<\/p>\n","protected":false},"excerpt":{"rendered":"<p>ICON-social\u00b7huma se celebra de forma virtual a trav\u00e9s de una plataforma muy intuitiva y f\u00e1cil de usar. Las presentaciones son as\u00edncronas, es decir, no hay fecha y hora para presentar. Se env\u00edan previamente (ver fechas clave) las presentaciones y desde la Organizaci\u00f3n se suben a la plataforma. S\u00ed hay sesiones presenciales de conferenciantes invitados con [&hellip;]<\/p>\n","protected":false},"author":1,"featured_media":0,"parent":0,"menu_order":0,"comment_status":"closed","ping_status":"closed","template":"","meta":{"_et_pb_use_builder":"on","_et_pb_old_content":"","_et_gb_content_width":"","_mc_calendar":[],"footnotes":""},"class_list":["post-638","page","type-page","status-publish","hentry"],"yoast_head":"<!-- This site is optimized with the Yoast SEO plugin v27.4 - https:\/\/yoast.com\/product\/yoast-seo-wordpress\/ -->\n<title>Preguntas frecuentes - ICON social\u00b7huma 2026<\/title>\n<meta name=\"robots\" content=\"index, follow, max-snippet:-1, max-image-preview:large, max-video-preview:-1\" \/>\n<link rel=\"canonical\" href=\"https:\/\/icon.kiobus.org\/social-huma\/preguntas-frecuentes\/\" \/>\n<meta property=\"og:locale\" content=\"es_ES\" \/>\n<meta property=\"og:type\" content=\"article\" \/>\n<meta property=\"og:title\" content=\"Preguntas frecuentes - ICON social\u00b7huma 2026\" \/>\n<meta property=\"og:description\" content=\"ICON-social\u00b7huma se celebra de forma virtual a trav\u00e9s de una plataforma muy intuitiva y f\u00e1cil de usar. Las presentaciones son as\u00edncronas, es decir, no hay fecha y hora para presentar. Se env\u00edan previamente (ver fechas clave) las presentaciones y desde la Organizaci\u00f3n se suben a la plataforma. S\u00ed hay sesiones presenciales de conferenciantes invitados con [&hellip;]\" \/>\n<meta property=\"og:url\" content=\"https:\/\/icon.kiobus.org\/social-huma\/preguntas-frecuentes\/\" \/>\n<meta property=\"og:site_name\" content=\"ICON social\u00b7huma 2026\" \/>\n<meta property=\"article:publisher\" content=\"https:\/\/www.facebook.com\/ICON-Congress-100571919228676\" \/>\n<meta property=\"article:modified_time\" content=\"2026-03-19T22:20:20+00:00\" \/>\n<meta property=\"og:image\" content=\"https:\/\/icon.kiobus.org\/social-huma\/wp-content\/uploads\/2025\/10\/icon-edu_26.webp\" \/>\n\t<meta property=\"og:image:width\" content=\"500\" \/>\n\t<meta property=\"og:image:height\" content=\"500\" \/>\n\t<meta property=\"og:image:type\" content=\"image\/webp\" \/>\n<meta name=\"twitter:card\" content=\"summary_large_image\" \/>\n<meta name=\"twitter:site\" content=\"@iconcongress\" \/>\n<meta name=\"twitter:label1\" content=\"Tiempo de lectura\" \/>\n\t<meta name=\"twitter:data1\" content=\"8 minutos\" \/>\n<script type=\"application\/ld+json\" class=\"yoast-schema-graph\">{\"@context\":\"https:\\\/\\\/schema.org\",\"@graph\":[{\"@type\":\"WebPage\",\"@id\":\"https:\\\/\\\/icon.kiobus.org\\\/social-huma\\\/preguntas-frecuentes\\\/\",\"url\":\"https:\\\/\\\/icon.kiobus.org\\\/social-huma\\\/preguntas-frecuentes\\\/\",\"name\":\"Preguntas frecuentes - ICON social\u00b7huma 2026\",\"isPartOf\":{\"@id\":\"https:\\\/\\\/icon.kiobus.org\\\/social-huma\\\/#website\"},\"datePublished\":\"2021-11-04T12:58:09+00:00\",\"dateModified\":\"2026-03-19T22:20:20+00:00\",\"breadcrumb\":{\"@id\":\"https:\\\/\\\/icon.kiobus.org\\\/social-huma\\\/preguntas-frecuentes\\\/#breadcrumb\"},\"inLanguage\":\"es\",\"potentialAction\":[{\"@type\":\"ReadAction\",\"target\":[\"https:\\\/\\\/icon.kiobus.org\\\/social-huma\\\/preguntas-frecuentes\\\/\"]}]},{\"@type\":\"BreadcrumbList\",\"@id\":\"https:\\\/\\\/icon.kiobus.org\\\/social-huma\\\/preguntas-frecuentes\\\/#breadcrumb\",\"itemListElement\":[{\"@type\":\"ListItem\",\"position\":1,\"name\":\"Portada\",\"item\":\"https:\\\/\\\/icon.kiobus.org\\\/social-huma\\\/\"},{\"@type\":\"ListItem\",\"position\":2,\"name\":\"Preguntas frecuentes\"}]},{\"@type\":\"WebSite\",\"@id\":\"https:\\\/\\\/icon.kiobus.org\\\/social-huma\\\/#website\",\"url\":\"https:\\\/\\\/icon.kiobus.org\\\/social-huma\\\/\",\"name\":\"ICON-EDU 2026 - CONGRESO INTERNACIONAL\",\"description\":\"CONGRESO INTERNACIONAL CIENCIAS SOCIALES, HUMANIDADES Y CONOCIMIENTO\",\"publisher\":{\"@id\":\"https:\\\/\\\/icon.kiobus.org\\\/social-huma\\\/#organization\"},\"potentialAction\":[{\"@type\":\"SearchAction\",\"target\":{\"@type\":\"EntryPoint\",\"urlTemplate\":\"https:\\\/\\\/icon.kiobus.org\\\/social-huma\\\/?s={search_term_string}\"},\"query-input\":{\"@type\":\"PropertyValueSpecification\",\"valueRequired\":true,\"valueName\":\"search_term_string\"}}],\"inLanguage\":\"es\"},{\"@type\":\"Organization\",\"@id\":\"https:\\\/\\\/icon.kiobus.org\\\/social-huma\\\/#organization\",\"name\":\"ICON-EDU 2025 - CONGRESO INTERNACIONAL\",\"url\":\"https:\\\/\\\/icon.kiobus.org\\\/social-huma\\\/\",\"logo\":{\"@type\":\"ImageObject\",\"inLanguage\":\"es\",\"@id\":\"https:\\\/\\\/icon.kiobus.org\\\/social-huma\\\/#\\\/schema\\\/logo\\\/image\\\/\",\"url\":\"https:\\\/\\\/icon.kiobus.org\\\/edu\\\/wp-content\\\/uploads\\\/2024\\\/12\\\/favicon.png\",\"contentUrl\":\"https:\\\/\\\/icon.kiobus.org\\\/edu\\\/wp-content\\\/uploads\\\/2024\\\/12\\\/favicon.png\",\"width\":500,\"height\":500,\"caption\":\"ICON-EDU 2025 - CONGRESO INTERNACIONAL\"},\"image\":{\"@id\":\"https:\\\/\\\/icon.kiobus.org\\\/social-huma\\\/#\\\/schema\\\/logo\\\/image\\\/\"},\"sameAs\":[\"https:\\\/\\\/www.facebook.com\\\/ICON-Congress-100571919228676\",\"https:\\\/\\\/x.com\\\/iconcongress\"]}]}<\/script>\n<!-- \/ Yoast SEO plugin. -->","yoast_head_json":{"title":"Preguntas frecuentes - ICON social\u00b7huma 2026","robots":{"index":"index","follow":"follow","max-snippet":"max-snippet:-1","max-image-preview":"max-image-preview:large","max-video-preview":"max-video-preview:-1"},"canonical":"https:\/\/icon.kiobus.org\/social-huma\/preguntas-frecuentes\/","og_locale":"es_ES","og_type":"article","og_title":"Preguntas frecuentes - ICON social\u00b7huma 2026","og_description":"ICON-social\u00b7huma se celebra de forma virtual a trav\u00e9s de una plataforma muy intuitiva y f\u00e1cil de usar. Las presentaciones son as\u00edncronas, es decir, no hay fecha y hora para presentar. Se env\u00edan previamente (ver fechas clave) las presentaciones y desde la Organizaci\u00f3n se suben a la plataforma. S\u00ed hay sesiones presenciales de conferenciantes invitados con [&hellip;]","og_url":"https:\/\/icon.kiobus.org\/social-huma\/preguntas-frecuentes\/","og_site_name":"ICON social\u00b7huma 2026","article_publisher":"https:\/\/www.facebook.com\/ICON-Congress-100571919228676","article_modified_time":"2026-03-19T22:20:20+00:00","og_image":[{"width":500,"height":500,"url":"https:\/\/icon.kiobus.org\/social-huma\/wp-content\/uploads\/2025\/10\/icon-edu_26.webp","type":"image\/webp"}],"twitter_card":"summary_large_image","twitter_site":"@iconcongress","twitter_misc":{"Tiempo de lectura":"8 minutos"},"schema":{"@context":"https:\/\/schema.org","@graph":[{"@type":"WebPage","@id":"https:\/\/icon.kiobus.org\/social-huma\/preguntas-frecuentes\/","url":"https:\/\/icon.kiobus.org\/social-huma\/preguntas-frecuentes\/","name":"Preguntas frecuentes - ICON social\u00b7huma 2026","isPartOf":{"@id":"https:\/\/icon.kiobus.org\/social-huma\/#website"},"datePublished":"2021-11-04T12:58:09+00:00","dateModified":"2026-03-19T22:20:20+00:00","breadcrumb":{"@id":"https:\/\/icon.kiobus.org\/social-huma\/preguntas-frecuentes\/#breadcrumb"},"inLanguage":"es","potentialAction":[{"@type":"ReadAction","target":["https:\/\/icon.kiobus.org\/social-huma\/preguntas-frecuentes\/"]}]},{"@type":"BreadcrumbList","@id":"https:\/\/icon.kiobus.org\/social-huma\/preguntas-frecuentes\/#breadcrumb","itemListElement":[{"@type":"ListItem","position":1,"name":"Portada","item":"https:\/\/icon.kiobus.org\/social-huma\/"},{"@type":"ListItem","position":2,"name":"Preguntas frecuentes"}]},{"@type":"WebSite","@id":"https:\/\/icon.kiobus.org\/social-huma\/#website","url":"https:\/\/icon.kiobus.org\/social-huma\/","name":"ICON-EDU 2026 - CONGRESO INTERNACIONAL","description":"CONGRESO INTERNACIONAL CIENCIAS SOCIALES, HUMANIDADES Y CONOCIMIENTO","publisher":{"@id":"https:\/\/icon.kiobus.org\/social-huma\/#organization"},"potentialAction":[{"@type":"SearchAction","target":{"@type":"EntryPoint","urlTemplate":"https:\/\/icon.kiobus.org\/social-huma\/?s={search_term_string}"},"query-input":{"@type":"PropertyValueSpecification","valueRequired":true,"valueName":"search_term_string"}}],"inLanguage":"es"},{"@type":"Organization","@id":"https:\/\/icon.kiobus.org\/social-huma\/#organization","name":"ICON-EDU 2025 - CONGRESO INTERNACIONAL","url":"https:\/\/icon.kiobus.org\/social-huma\/","logo":{"@type":"ImageObject","inLanguage":"es","@id":"https:\/\/icon.kiobus.org\/social-huma\/#\/schema\/logo\/image\/","url":"https:\/\/icon.kiobus.org\/edu\/wp-content\/uploads\/2024\/12\/favicon.png","contentUrl":"https:\/\/icon.kiobus.org\/edu\/wp-content\/uploads\/2024\/12\/favicon.png","width":500,"height":500,"caption":"ICON-EDU 2025 - CONGRESO INTERNACIONAL"},"image":{"@id":"https:\/\/icon.kiobus.org\/social-huma\/#\/schema\/logo\/image\/"},"sameAs":["https:\/\/www.facebook.com\/ICON-Congress-100571919228676","https:\/\/x.com\/iconcongress"]}]}},"_links":{"self":[{"href":"https:\/\/icon.kiobus.org\/social-huma\/wp-json\/wp\/v2\/pages\/638","targetHints":{"allow":["GET"]}}],"collection":[{"href":"https:\/\/icon.kiobus.org\/social-huma\/wp-json\/wp\/v2\/pages"}],"about":[{"href":"https:\/\/icon.kiobus.org\/social-huma\/wp-json\/wp\/v2\/types\/page"}],"author":[{"embeddable":true,"href":"https:\/\/icon.kiobus.org\/social-huma\/wp-json\/wp\/v2\/users\/1"}],"replies":[{"embeddable":true,"href":"https:\/\/icon.kiobus.org\/social-huma\/wp-json\/wp\/v2\/comments?post=638"}],"version-history":[{"count":60,"href":"https:\/\/icon.kiobus.org\/social-huma\/wp-json\/wp\/v2\/pages\/638\/revisions"}],"predecessor-version":[{"id":11225,"href":"https:\/\/icon.kiobus.org\/social-huma\/wp-json\/wp\/v2\/pages\/638\/revisions\/11225"}],"wp:attachment":[{"href":"https:\/\/icon.kiobus.org\/social-huma\/wp-json\/wp\/v2\/media?parent=638"}],"curies":[{"name":"wp","href":"https:\/\/api.w.org\/{rel}","templated":true}]}}